{"id":3431,"date":"2025-11-19T17:03:33","date_gmt":"2025-11-19T09:03:33","guid":{"rendered":"https:\/\/minghanggroup.com\/?post_type=product&#038;p=3431"},"modified":"2026-01-20T14:00:34","modified_gmt":"2026-01-20T06:00:34","slug":"bulk-airtight-clear-glass-jar-for-pickle-with-clamp-lid","status":"publish","type":"product","link":"https:\/\/minghanggroup.com\/fr\/produit\/bulk-airtight-clear-glass-jar-for-pickle-with-clamp-lid\/","title":{"rendered":"Bocal en verre transparent herm\u00e9tique pour cornichons, avec couvercle \u00e0 pince, 100 oz (environ 3 litres)."},"content":{"rendered":"<p>Arr\u00eatez de gaspiller de l&#039;argent dans des contenants fragiles qui alt\u00e8rent la fra\u00eecheur de vos l\u00e9gumes marin\u00e9s. Nous fabriquons des bocaux en verre haut de gamme sp\u00e9cialement con\u00e7us pour les cornichons, transformant ainsi votre syst\u00e8me de conservation en une solution \u00e9l\u00e9gante et fonctionnelle, tout en pr\u00e9servant la saveur de vos aliments. Bien plus que de simples bocaux, ils constituent le nouvel atout majeur de votre marque en mati\u00e8re d&#039;emballage alimentaire.<\/p>\n<h2>Caract\u00e9ristiques du produit<\/h2>\n<ol>\n<li><strong>Clart\u00e9 du cristal :<\/strong>Le verre transparent vous permet de voir imm\u00e9diatement les couleurs vives de vos l\u00e9gumes marin\u00e9s \u2013 plus besoin de deviner quand il est temps de remplir vos bocaux en verre pour les conserves.<\/li>\n<li><strong>Capacit\u00e9 \u00e9norme :<\/strong>D&#039;une capacit\u00e9 de 3\u00a0000\u00a0ml, ce r\u00e9cipient r\u00e9pond \u00e0 tous vos besoins en conserves et en marinades, que ce soit pour une production familiale ou en gros. Id\u00e9al pour la conservation des cornichons, des concombres et autres l\u00e9gumes.<\/li>\n<li><strong>Joint de serrage s\u00e9curis\u00e9\u00a0:<\/strong>Le couvercle m\u00e9tallique \u00e0 fermeture herm\u00e9tique pr\u00e9serve la saveur et la fra\u00eecheur essentielles \u00e0 vos conserves et marinades. Le filetage continu assure une compatibilit\u00e9 optimale avec vos besoins de conservation des aliments.<\/li>\n<\/ol>\n<h2>Caract\u00e9ristiques principales<\/h2>\n<table style=\"border-collapse: collapse; width: 80%; margin-left: auto; margin-right: auto;\" border=\"0\" width=\"144\" cellspacing=\"0\" cellpadding=\"0\">\n<tbody>\n<tr style=\"height: 13.50pt;\">\n<td style=\"height: 13.5pt; width: 54pt; text-align: center;\" width=\"72\" height=\"18\">Fonctionnalit\u00e9<\/td>\n<td style=\"width: 54pt; text-align: center;\" width=\"72\">D\u00e9tails<\/td>\n<\/tr>\n<tr style=\"height: 13.50pt;\">\n<td style=\"height: 13.5pt; text-align: center;\" height=\"18\">Capacit\u00e9<\/td>\n<td style=\"text-align: center;\">3000 ml (personnalisable)<\/td>\n<\/tr>\n<tr style=\"height: 13.50pt;\">\n<td style=\"height: 13.5pt; text-align: center;\" height=\"18\">Mat\u00e9riel<\/td>\n<td style=\"text-align: center;\">Construction en verre de qualit\u00e9 sup\u00e9rieure<\/td>\n<\/tr>\n<tr style=\"height: 13.50pt;\">\n<td style=\"height: 13.5pt; text-align: center;\" height=\"18\">Type de couvercle<\/td>\n<td style=\"text-align: center;\">Couvercles herm\u00e9tiques \u00e0 pince<\/td>\n<\/tr>\n<tr style=\"height: 13.50pt;\">\n<td style=\"height: 13.5pt; text-align: center;\" height=\"18\">Options de forme<\/td>\n<td style=\"text-align: center;\">Rond, carr\u00e9, personnalis\u00e9<\/td>\n<\/tr>\n<tr style=\"height: 13.50pt;\">\n<td style=\"height: 13.5pt; text-align: center;\" height=\"18\">Traitements de surface<\/td>\n<td style=\"text-align: center;\">Marquage \u00e0 chaud, finition mate, gravure, d\u00e9polissage, d\u00e9calcomanie, pulv\u00e9risation, polissage, galvanoplastie<\/td>\n<\/tr>\n<\/tbody>\n<\/table>\n<h2>Cas de r\u00e9ussite<\/h2>\n<p>Un producteur canadien de taille moyenne d&#039;aliments ferment\u00e9s a enrichi sa gamme de produits gr\u00e2ce \u00e0 nos bocaux \u00e0 cornichons. Personnalis\u00e9s avec des parois plus robustes, des couvercles m\u00e9talliques \u00e0 fermeture sous vide et le logo de la marque en relief sur les c\u00f4t\u00e9s, ces bocaux ont permis \u00e0 leurs produits de se d\u00e9marquer davantage dans les vitrines r\u00e9frig\u00e9r\u00e9es des points de vente. Les plaintes concernant les fuites ont disparu et leurs distributeurs ont autoris\u00e9 la commercialisation de deux nouvelles r\u00e9f\u00e9rences gr\u00e2ce \u00e0 cette am\u00e9lioration de l&#039;emballage.<\/p>\n<h2>Vos conseils de personnalisation<\/h2>\n<p>Si vous personnalisez ce bocal en verre pour cornichons afin de r\u00e9pondre aux besoins de votre marque, quelques options suppl\u00e9mentaires peuvent \u00eatre envisag\u00e9es\u00a0: (a) choisir un verre plus \u00e9pais pour une meilleure stabilit\u00e9 lors du saumurage, (b) remplacer le fermoir m\u00e9tallique standard par un mod\u00e8le en acier inoxydable r\u00e9sistant \u00e0 la rouille, ou (c) ajouter un logo en relief pour une meilleure visibilit\u00e9 en rayon. Ces \u00e9l\u00e9ments contribuent \u00e0 renforcer votre image de marque et \u00e0 am\u00e9liorer la fonctionnalit\u00e9 du produit. Diff\u00e9rentes contenances sont disponibles, des petits bocaux de d\u00e9gustation aux grands bocaux pour cornichons. Vous pouvez \u00e9galement opter pour des joints en silicone aux couleurs personnalis\u00e9es, assorties \u00e0 votre palette de couleurs, pour un produit fini plus haut de gamme et une image de marque coh\u00e9rente.<\/p>","protected":false},"excerpt":{"rendered":"<p>Bocal en verre robuste pour cornichons, ces bocaux en verre pour la conservation des aliments sont id\u00e9aux pour les commandes en gros et l&#039;approvisionnement direct d&#039;usine pour les marques alimentaires \u00e0 la recherche d&#039;un emballage fiable.<\/p>","protected":false},"featured_media":3432,"template":"","meta":{"postBodyCss":"","postBodyMargin":[],"postBodyPadding":[],"postBodyBackground":{"backgroundType":"classic","gradient":""}},"product_brand":[],"product_cat":[15,17,59],"product_tag":[69],"class_list":{"0":"post-3431","1":"product","2":"type-product","3":"status-publish","4":"has-post-thumbnail","6":"product_cat-glass-containers","7":"product_cat-glass-jars","8":"product_cat-glass-storage-jars","9":"product_tag-storage-jars","11":"first","12":"instock","13":"shipping-taxable","14":"product-type-simple"},"jetpack_sharing_enabled":true,"_links":{"self":[{"href":"https:\/\/minghanggroup.com\/fr\/wp-json\/wp\/v2\/product\/3431","targetHints":{"allow":["GET"]}}],"collection":[{"href":"https:\/\/minghanggroup.com\/fr\/wp-json\/wp\/v2\/product"}],"about":[{"href":"https:\/\/minghanggroup.com\/fr\/wp-json\/wp\/v2\/types\/product"}],"wp:featuredmedia":[{"embeddable":true,"href":"https:\/\/minghanggroup.com\/fr\/wp-json\/wp\/v2\/media\/3432"}],"wp:attachment":[{"href":"https:\/\/minghanggroup.com\/fr\/wp-json\/wp\/v2\/media?parent=3431"}],"wp:term":[{"taxonomy":"product_brand","embeddable":true,"href":"https:\/\/minghanggroup.com\/fr\/wp-json\/wp\/v2\/product_brand?post=3431"},{"taxonomy":"product_cat","embeddable":true,"href":"https:\/\/minghanggroup.com\/fr\/wp-json\/wp\/v2\/product_cat?post=3431"},{"taxonomy":"product_tag","embeddable":true,"href":"https:\/\/minghanggroup.com\/fr\/wp-json\/wp\/v2\/product_tag?post=3431"}],"curies":[{"name":"wp","href":"https:\/\/api.w.org\/{rel}","templated":true}]}}