{"id":3405,"date":"2025-11-19T13:56:38","date_gmt":"2025-11-19T05:56:38","guid":{"rendered":"https:\/\/minghanggroup.com\/?post_type=product&#038;p=3405"},"modified":"2026-01-20T14:05:50","modified_gmt":"2026-01-20T06:05:50","slug":"wholesale-empty-amber-grolsch-beer-bottles","status":"publish","type":"product","link":"https:\/\/minghanggroup.com\/fr\/produit\/wholesale-empty-amber-grolsch-beer-bottles\/","title":{"rendered":"Bouteilles de bi\u00e8re Grolsch ambr\u00e9es vides en gros, 485 ml et 500 ml"},"content":{"rendered":"<p>Ces bouteilles de bi\u00e8re Grolsch, en verre brun\u00e2tre, sont munies d&#039;un bouchon m\u00e9tallique \u00e0 pression ou d&#039;une capsule couronne pour votre bi\u00e8re ou autres boissons sp\u00e9ciales.<\/p>\n<h2>Caract\u00e9ristiques du produit<\/h2>\n<ul>\n<li><strong>Verre ambr\u00e9 Protection UV :<\/strong> Le verre en fa\u00efence de couleur ch\u00e2taigne constitue le meilleur \u00e9cran de lumi\u00e8re, pr\u00e9servant ainsi la fra\u00eecheur, le go\u00fbt et la qualit\u00e9 originaux de la bi\u00e8re.<\/li>\n<li><strong>Deux options de bouchon :<\/strong> Que vous optiez pour le bouchon couronne traditionnel ou un bouchon \u00e0 clapet pratique, votre r\u00e9cipient pour boisson ou condiment sera pr\u00eat \u00e0 \u00eatre utilis\u00e9 par tous vos clients.<\/li>\n<li><strong>Deux options de volume\u00a0:<\/strong> Les versions 485 ml et 500 ml sont \u00e0 votre disposition pour tirer pleinement parti de votre gamme de produits et de votre strat\u00e9gie de prix.<\/li>\n<\/ul>\n<h2 style=\"text-align: left;\">Caract\u00e9ristiques principales<\/h2>\n<table class=\"aligncenter\" style=\"border-collapse: collapse; width: 423.02pt;\" border=\"0\" width=\"564\" cellspacing=\"0\" cellpadding=\"0\">\n<tbody>\n<tr style=\"height: 13.50pt;\">\n<td style=\"height: 13.50pt; width: 99.75pt;\" width=\"133\" height=\"18\">Sp\u00e9cification<\/td>\n<td style=\"width: 323.25pt;\" width=\"431\">D\u00e9tails<\/td>\n<\/tr>\n<tr style=\"height: 13.50pt;\">\n<td style=\"height: 13.50pt;\" height=\"18\">Dimensions<\/td>\n<td>485 ml: 22.6 cm \u00d7 7.75 cm; 500 ml: 22.3 cm \u00d7 8.1 cm<\/td>\n<\/tr>\n<tr style=\"height: 13.50pt;\">\n<td style=\"height: 13.50pt;\" height=\"18\">Type de verre<\/td>\n<td>Verre sodocalcique ambr\u00e9 \u00e0 protection UV<\/td>\n<\/tr>\n<tr style=\"height: 13.50pt;\">\n<td style=\"height: 13.50pt;\" height=\"18\">Id\u00e9al pour<\/td>\n<td>Bouteilles Grolsch, bouteilles de bi\u00e8re, bouteilles \u00e0 bouchon m\u00e9canique<\/td>\n<\/tr>\n<\/tbody>\n<\/table>\n<h2>Histoire \u00e0 succ\u00e8s<\/h2>\n<p>Une brasserie artisanale locale en pleine expansion avait besoin d&#039;une solution d&#039;emballage capable de suivre la croissance de son march\u00e9. Elle a choisi nos bouteilles de bi\u00e8re Grolsch pour conditionner sa gamme de bi\u00e8res premium. L&#039;un des principaux avantages du verre ambr\u00e9 est sa protection UV \u00e0 99,8 %, ce qui conf\u00e8re \u00e0 ses bouteilles un aspect vintage tr\u00e8s attrayant pour les consommateurs, dont les stocks ont rapidement augment\u00e9 de 29 %. Par ailleurs, la robustesse du verre ambr\u00e9 r\u00e9duit de 45 % les risques de blessures et de casse pendant le transport. Forte de ces r\u00e9sultats, la brasserie a d\u00e9j\u00e0 pass\u00e9 une nouvelle commande de 650\u00a0000 bouteilles pour acc\u00e9l\u00e9rer son d\u00e9ploiement national.<\/p>\n<h2>Suggestions de personnalisation des bouteilles Grolsch<\/h2>\n<ul>\n<li><strong>Couleurs possibles pour le bouchon :<\/strong> Outre l&#039;or traditionnel, nous proposons un large choix de couleurs de bouchons en c\u00e9ramique pour r\u00e9pondre \u00e0 vos besoins.<\/li>\n<li><strong>Emplacement du logo en relief\u00a0:<\/strong> Un logo en relief peut \u00eatre ajout\u00e9 \u00e0 l&#039;\u00e9paule de la bouteille, ce qui donnera une allure luxueuse \u00e0 votre marque.<\/li>\n<li><strong>Style en verre dor\u00e9 :<\/strong> Disposez quelques fines lignes de verre dor\u00e9 pr\u00e8s du bouchon de la bouteille afin de refl\u00e9ter la couleur dor\u00e9e du bouchon et d&#039;intensifier visuellement l&#039;impression de luxe.<\/li>\n<li><strong>Variantes de finition du fil :<\/strong> La finition du fil comporte trois variantes\u00a0: galvanis\u00e9, anodis\u00e9 noir ou rev\u00eatu d\u2019\u00e9poxy.<\/li>\n<\/ul>","protected":false},"excerpt":{"rendered":"<p>Bouteilles ambr\u00e9es Grolsch et bouteilles de bi\u00e8re Grolsch. Fermeture herm\u00e9tique, id\u00e9ales pour les commandes en gros ou les marques de boissons artisanales. Vente directe d&#039;usine, stock important disponible.<\/p>","protected":false},"featured_media":3444,"template":"","meta":{"postBodyCss":"","postBodyMargin":[],"postBodyPadding":[],"postBodyBackground":{"backgroundType":"classic","gradient":""}},"product_brand":[],"product_cat":[15,16,56],"product_tag":[79,72],"class_list":{"0":"post-3405","1":"product","2":"type-product","3":"status-publish","4":"has-post-thumbnail","6":"product_cat-glass-containers","7":"product_cat-glass-bottles","8":"product_cat-flip-top-bottles","9":"product_tag-beer-bottles","10":"product_tag-juice-bottles","12":"first","13":"instock","14":"shipping-taxable","15":"product-type-simple"},"jetpack_sharing_enabled":true,"_links":{"self":[{"href":"https:\/\/minghanggroup.com\/fr\/wp-json\/wp\/v2\/product\/3405","targetHints":{"allow":["GET"]}}],"collection":[{"href":"https:\/\/minghanggroup.com\/fr\/wp-json\/wp\/v2\/product"}],"about":[{"href":"https:\/\/minghanggroup.com\/fr\/wp-json\/wp\/v2\/types\/product"}],"wp:featuredmedia":[{"embeddable":true,"href":"https:\/\/minghanggroup.com\/fr\/wp-json\/wp\/v2\/media\/3444"}],"wp:attachment":[{"href":"https:\/\/minghanggroup.com\/fr\/wp-json\/wp\/v2\/media?parent=3405"}],"wp:term":[{"taxonomy":"product_brand","embeddable":true,"href":"https:\/\/minghanggroup.com\/fr\/wp-json\/wp\/v2\/product_brand?post=3405"},{"taxonomy":"product_cat","embeddable":true,"href":"https:\/\/minghanggroup.com\/fr\/wp-json\/wp\/v2\/product_cat?post=3405"},{"taxonomy":"product_tag","embeddable":true,"href":"https:\/\/minghanggroup.com\/fr\/wp-json\/wp\/v2\/product_tag?post=3405"}],"curies":[{"name":"wp","href":"https:\/\/api.w.org\/{rel}","templated":true}]}}