{"id":3384,"date":"2025-11-19T11:47:01","date_gmt":"2025-11-19T03:47:01","guid":{"rendered":"https:\/\/minghanggroup.com\/?post_type=product&#038;p=3384"},"modified":"2026-01-20T14:07:01","modified_gmt":"2026-01-20T06:07:01","slug":"bulk-brown-glass-swing-top-bottles-with-handle","status":"publish","type":"product","link":"https:\/\/minghanggroup.com\/fr\/produit\/bulk-brown-glass-swing-top-bottles-with-handle\/","title":{"rendered":"Bouteilles en verre brun en vrac avec bouchon m\u00e9canique et poign\u00e9e, 1000 ml et 2000 ml"},"content":{"rendered":"<p>Ces bouteilles en verre brun ambr\u00e9 \u00e0 bouchon m\u00e9canique sont dot\u00e9es d&#039;une anse ergonomique et d&#039;une forme arrondie caract\u00e9ristique. Elles se ferment \u00e0 l&#039;aide d&#039;un fermoir m\u00e9tallique et sont disponibles en deux tailles.<\/p>\n<h2>Caract\u00e9ristiques du produit<\/h2>\n<ul>\n<li><strong>Mat\u00e9riau : Verre brun<\/strong> Les bouteilles sont fabriqu\u00e9es en verre brun, qui bloque efficacement la lumi\u00e8re, pr\u00e9servant ainsi la qualit\u00e9 des liquides comme les sauces et les boissons, tout en leur conf\u00e9rant un aspect r\u00e9tro.<\/li>\n<li><strong>Conception de la poign\u00e9e\u00a0:<\/strong> Les bouteilles sont dot\u00e9es de poign\u00e9es int\u00e9gr\u00e9es pour une prise en main et un transport faciles, ce qui am\u00e9liore la praticit\u00e9 et les rend adapt\u00e9es \u00e0 une utilisation aussi bien \u00e0 la maison qu&#039;en ext\u00e9rieur.<\/li>\n<li><strong>Conception \u00e0 fermeture par pression :<\/strong> Ces bouteilles utilisent un bouchon \u00e0 pression en m\u00e9tal rouge et blanc qui leur conf\u00e8re une \u00e9tanch\u00e9it\u00e9 optimale, permettant ainsi de conserver la fra\u00eecheur du contenu pendant une longue p\u00e9riode. De plus, l&#039;ouverture et la fermeture des bouteilles sont facilit\u00e9es.<\/li>\n<\/ul>\n<h2 style=\"text-align: left;\">Caract\u00e9ristiques principales<\/h2>\n<table class=\"aligncenter\" style=\"border-collapse: collapse; width: 513.77pt;\" border=\"0\" width=\"685\" cellspacing=\"0\" cellpadding=\"0\">\n<tbody>\n<tr style=\"height: 13.50pt;\">\n<td style=\"height: 13.50pt; width: 105.75pt;\" width=\"141\" height=\"18\">Sp\u00e9cification<\/td>\n<td style=\"width: 408.00pt;\" width=\"544\">D\u00e9tails<\/td>\n<\/tr>\n<tr style=\"height: 13.50pt;\">\n<td style=\"height: 13.50pt;\" height=\"18\">Dimensions<\/td>\n<td>1000 ml (32 oz) : 7,5 cm \u00d7 24 cm \/ 2000 ml (64 oz) : 9,5 cm \u00d7 26 cm<\/td>\n<\/tr>\n<tr style=\"height: 13.50pt;\">\n<td style=\"height: 13.50pt;\" height=\"18\">Mat\u00e9riel<\/td>\n<td>Verre brun \u00e0 parois \u00e9paisses (protection UV)<\/td>\n<\/tr>\n<tr style=\"height: 13.50pt;\">\n<td style=\"height: 13.50pt;\" height=\"18\">Poign\u00e9e<\/td>\n<td>Poign\u00e9e ergonomique int\u00e9gr\u00e9e sur les deux tailles<\/td>\n<\/tr>\n<tr style=\"height: 13.50pt;\">\n<td style=\"height: 13.50pt;\" height=\"18\">Type de fermeture<\/td>\n<td>Abattants en acier inoxydable avec but\u00e9e rouge\/blanche<\/td>\n<\/tr>\n<tr style=\"height: 13.50pt;\">\n<td style=\"height: 13.50pt;\" height=\"18\">Options de joints<\/td>\n<td>Caoutchouc standard ou option silicone r\u00e9sistant aux acides et \u00e0 la chaleur.<\/td>\n<\/tr>\n<tr style=\"height: 13.50pt;\">\n<td style=\"height: 13.50pt;\" height=\"18\">Id\u00e9al pour<\/td>\n<td>Bouteilles \u00e0 bouchon m\u00e9canique, bouteilles \u00e0 bouchon \u00e0 clapet en gros<\/td>\n<\/tr>\n<\/tbody>\n<\/table>\n<h2>Histoire \u00e0 succ\u00e8s<\/h2>\n<p>L&#039;une des difficult\u00e9s rencontr\u00e9es par un fabricant de sodas artisanaux naturels \u00e9tait li\u00e9e \u00e0 la vente de ses produits dans des bouteilles en verre transparent \u00e0 bouchon \u00e0 vis. Or, des clients se plaignaient que l&#039;\u00e9clairage des magasins alt\u00e9rait le go\u00fbt des boissons. Ils ont donc d\u00e9cid\u00e9 d&#039;opter pour nos bouteilles en verre brun d&#039;un litre \u00e0 bouchon \u00e0 vis et poign\u00e9e. Le verre brun bloque 99,2 % des rayons UV nocifs, prolongeant ainsi la dur\u00e9e de conservation du produit de 60 jours. La poign\u00e9e int\u00e9gr\u00e9e a permis de r\u00e9duire de 45 % les r\u00e9clamations pour d\u00e9versement, tandis que le joint herm\u00e9tique garantit l&#039;absence de fuites pendant le transport. Suite \u00e0 ces r\u00e9sultats, l&#039;entreprise a pass\u00e9 une seconde commande de 350\u00a0000 bouteilles afin de remplacer l&#039;ensemble de sa gamme haut de gamme par ce nouveau format.<\/p>\n<h2>Suggestions de personnalisation pour les bouteilles \u00e0 bouchon m\u00e9canique<\/h2>\n<p>Utilisez les options de personnalisation suivantes pour personnaliser ces bouteilles \u00e0 bouchon \u00e0 vis toutes fonctionnalit\u00e9s\u00a0:<\/p>\n<ul>\n<li><strong>Texture de la poign\u00e9e :<\/strong> Vous pouvez appliquer une finition givr\u00e9e ou textur\u00e9e sur la poign\u00e9e pour assurer une meilleure prise en main et \u00e9viter tout risque de glissement.<\/li>\n<li><strong>S\u00e9rigraphie sur le corps de la bouteille\u00a0:<\/strong> Augmentez la visibilit\u00e9 de votre marque en imprimant des logos et des motifs color\u00e9s et r\u00e9sistants sur la bouteille en verre brun.<\/li>\n<li><strong>Bague d&#039;\u00e9tanch\u00e9it\u00e9 correspondante\u00a0:<\/strong> Cr\u00e9ez un d\u00e9tail personnalis\u00e9 \u00e9l\u00e9gant en s\u00e9lectionnant le joint d&#039;\u00e9tanch\u00e9it\u00e9 en silicone qui correspond \u00e0 la couleur de votre marque pour un look parfaitement coh\u00e9rent.<\/li>\n<\/ul>","protected":false},"excerpt":{"rendered":"<p>Bouteilles en verre brun \u00e0 bouchon m\u00e9canique, avec poign\u00e9es ergonomiques et clips de fermeture m\u00e9talliques. Id\u00e9ales pour les grossistes en boissons et en bouteilles \u00e0 bouchon m\u00e9canique. \u00c9chantillons gratuits.<\/p>","protected":false},"featured_media":3402,"template":"","meta":{"postBodyCss":"","postBodyMargin":[],"postBodyPadding":[],"postBodyBackground":{"backgroundType":"classic","gradient":""}},"product_brand":[],"product_cat":[15,16,56],"product_tag":[79],"class_list":{"0":"post-3384","1":"product","2":"type-product","3":"status-publish","4":"has-post-thumbnail","6":"product_cat-glass-containers","7":"product_cat-glass-bottles","8":"product_cat-flip-top-bottles","9":"product_tag-beer-bottles","11":"first","12":"instock","13":"shipping-taxable","14":"product-type-simple"},"jetpack_sharing_enabled":true,"_links":{"self":[{"href":"https:\/\/minghanggroup.com\/fr\/wp-json\/wp\/v2\/product\/3384","targetHints":{"allow":["GET"]}}],"collection":[{"href":"https:\/\/minghanggroup.com\/fr\/wp-json\/wp\/v2\/product"}],"about":[{"href":"https:\/\/minghanggroup.com\/fr\/wp-json\/wp\/v2\/types\/product"}],"wp:featuredmedia":[{"embeddable":true,"href":"https:\/\/minghanggroup.com\/fr\/wp-json\/wp\/v2\/media\/3402"}],"wp:attachment":[{"href":"https:\/\/minghanggroup.com\/fr\/wp-json\/wp\/v2\/media?parent=3384"}],"wp:term":[{"taxonomy":"product_brand","embeddable":true,"href":"https:\/\/minghanggroup.com\/fr\/wp-json\/wp\/v2\/product_brand?post=3384"},{"taxonomy":"product_cat","embeddable":true,"href":"https:\/\/minghanggroup.com\/fr\/wp-json\/wp\/v2\/product_cat?post=3384"},{"taxonomy":"product_tag","embeddable":true,"href":"https:\/\/minghanggroup.com\/fr\/wp-json\/wp\/v2\/product_tag?post=3384"}],"curies":[{"name":"wp","href":"https:\/\/api.w.org\/{rel}","templated":true}]}}