{"id":3356,"date":"2025-11-19T11:48:50","date_gmt":"2025-11-19T03:48:50","guid":{"rendered":"https:\/\/minghanggroup.com\/?post_type=product&#038;p=3356"},"modified":"2026-01-20T13:59:17","modified_gmt":"2026-01-20T05:59:17","slug":"glass-jars-for-pickle-with-lid-wholesale","status":"publish","type":"product","link":"https:\/\/minghanggroup.com\/fr\/produit\/glass-jars-for-pickle-with-lid-wholesale\/","title":{"rendered":"Bocaux carr\u00e9s en verre de 50 \u00e0 150 ml pour cornichons, avec couvercle, vente en gros"},"content":{"rendered":"<p>Arr\u00eatez de gaspiller de l&#039;argent dans des emballages ternes qui donnent une image bon march\u00e9 \u00e0 votre marque. Nous fabriquons des bocaux carr\u00e9s en verre haut de gamme pour vos conserves, transformant ainsi le stockage de vos aliments en une solution \u00e9l\u00e9gante et fonctionnelle, tout en pr\u00e9servant la fra\u00eecheur de vos l\u00e9gumes marin\u00e9s. Bien plus que de simples contenants, ce sont les nouveaux atouts de votre marque en mati\u00e8re d&#039;emballage alimentaire.<\/p>\n<h2>Caract\u00e9ristiques du produit<\/h2>\n<ol>\n<li><strong>Design carr\u00e9 :<\/strong>Nos bocaux carr\u00e9s en verre assurent une pr\u00e9sentation stable de vos cornichons et une visibilit\u00e9 optimale en rayon. Leur forme carr\u00e9e les rend id\u00e9aux pour la pr\u00e9sentation en magasin et pratiques \u00e0 stocker dans votre cuisine ou votre entrep\u00f4t, tout en offrant une excellente compatibilit\u00e9 avec diff\u00e9rents types d&#039;emballage.<\/li>\n<li><strong>Clart\u00e9 cristalline :<\/strong>Le verre transparent permet de mettre en valeur les couleurs \u00e9clatantes de vos l\u00e9gumes marin\u00e9s, m\u00eame dans un bocal vide. Cette transparence permet aux clients de savoir exactement ce qu&#039;ils ach\u00e8tent, ce qui contribue \u00e0 augmenter les ventes, notamment de cornichons \u00e0 l&#039;aneth et de saumure de concombre.<\/li>\n<li><strong>Sceller le sceau de s\u00e9curit\u00e9 :<\/strong>Le couvercle m\u00e9tallique \u00e0 joint herm\u00e9tique pr\u00e9serve la saveur et la fra\u00eecheur de vos conserves. Le filetage continu et le joint en plastisol assurent une fermeture parfaite\u00a0; ces bocaux sont donc id\u00e9aux pour la conservation des cornichons, concombres et autres l\u00e9gumes pendant la fermentation.<\/li>\n<li><strong>Tailles polyvalentes\u00a0:<\/strong>Des contenances vari\u00e9es (50 ml \u00e0 150 ml) r\u00e9pondent \u00e0 tous vos besoins en mati\u00e8re de conserves, qu&#039;il s&#039;agisse de petits \u00e9chantillons ou de commandes en gros. Ces bocaux \u00e9conomiques sont id\u00e9aux pour votre activit\u00e9 de vente en gros\u00a0: ils vous permettent de proposer diff\u00e9rentes tailles afin de satisfaire les demandes de vos clients et sont r\u00e9utilisables.<\/li>\n<\/ol>\n<h2>Caract\u00e9ristiques principales<\/h2>\n<table style=\"border-collapse: collapse; width: 80%; margin-left: auto; margin-right: auto;\" border=\"0\" width=\"216\" cellspacing=\"0\" cellpadding=\"0\">\n<tbody>\n<tr style=\"height: 13.50pt;\">\n<td style=\"height: 13.5pt; width: 54pt; text-align: center;\" width=\"72\" height=\"18\">Capacit\u00e9 (ml)<\/td>\n<td style=\"width: 54pt; text-align: center;\" width=\"72\">Taille (cm)<\/td>\n<td style=\"width: 54pt; text-align: center;\" width=\"72\">Options de couleur<\/td>\n<\/tr>\n<tr style=\"height: 13.50pt;\">\n<td style=\"height: 13.5pt; text-align: center;\" height=\"18\">50<\/td>\n<td style=\"text-align: center;\">4.5 * 5.6<\/td>\n<td class=\"et2\" style=\"text-align: center;\" rowspan=\"4\">Transparent, personnalis\u00e9<\/td>\n<\/tr>\n<tr style=\"height: 13.50pt;\">\n<td style=\"height: 13.5pt; text-align: center;\" height=\"18\">80<\/td>\n<td style=\"text-align: center;\">5.0 * 5.5<\/td>\n<\/tr>\n<tr style=\"height: 13.50pt;\">\n<td style=\"height: 13.5pt; text-align: center;\" height=\"18\">100<\/td>\n<td style=\"text-align: center;\">5.4 * 7.5<\/td>\n<\/tr>\n<tr style=\"height: 13.50pt;\">\n<td style=\"height: 13.5pt; text-align: center;\" height=\"18\">150<\/td>\n<td style=\"text-align: center;\">5.7 * 7.6<\/td>\n<\/tr>\n<\/tbody>\n<\/table>\n<h2>Cas de r\u00e9ussite<\/h2>\n<p>Lorsqu&#039;une marque alimentaire sp\u00e9cialis\u00e9e dans les l\u00e9gumes marin\u00e9s a d\u00e9cid\u00e9 de d\u00e9velopper son activit\u00e9 e-commerce, elle a choisi notre bocal \u00e0 cornichons carr\u00e9 vide. Afin d&#039;assurer un remplissage \u00e0 chaud plus uniforme, nous avons ajout\u00e9 un joint \u00e9tanche \u00e0 son couvercle m\u00e9tallique.<\/p>\n<p>Gr\u00e2ce \u00e0 la modification de l&#039;emballage, l&#039;entrep\u00f4t peut d\u00e9sormais empiler davantage de structures carr\u00e9es, ce qui a permis de r\u00e9duire les co\u00fbts logistiques totaux d&#039;environ 15 % ; et les ventes de la nouvelle gamme de produits ont augment\u00e9 de 27 % trois mois apr\u00e8s son lancement.<\/p>\n<h2>Vos conseils de personnalisation<\/h2>\n<p>Ce bocal \u00e0 cornichons carr\u00e9 en verre offre de nombreuses possibilit\u00e9s de personnalisation. On peut par exemple choisir un bouchon noir, argent\u00e9 ou d&#039;une autre couleur m\u00e9tallique d&#039;une gamme exclusive\u00a0; le corps du bocal peut \u00eatre personnalis\u00e9 par s\u00e9rigraphie, cuisson, marquage \u00e0 chaud ou optimisation de la zone d&#039;\u00e9tiquetage pour une communication de marque plus attrayante\u00a0; le verre peut \u00eatre d\u00e9poli, gaufr\u00e9 ou ultra-transparent, et le logo ou le num\u00e9ro de lot peut \u00eatre lisible par gaufrage au fond du bocal pour une tra\u00e7abilit\u00e9 optimale.<\/p>","protected":false},"excerpt":{"rendered":"<p>Bocaux en verre polyvalents pour cornichons et options de bocaux \u00e0 cornichons vides, propos\u00e9s avec un approvisionnement direct d&#039;usine, une personnalisation en vrac et une qualit\u00e9 fiable pour les producteurs alimentaires.<\/p>","protected":false},"featured_media":3357,"template":"","meta":{"postBodyCss":"","postBodyMargin":[],"postBodyPadding":[],"postBodyBackground":{"backgroundType":"classic","gradient":""}},"product_brand":[],"product_cat":[15,17,55],"product_tag":[65,71],"class_list":{"0":"post-3356","1":"product","2":"type-product","3":"status-publish","4":"has-post-thumbnail","6":"product_cat-glass-containers","7":"product_cat-glass-jars","8":"product_cat-pickle-jars","9":"product_tag-glass-jam-jars","10":"product_tag-honey-jars","12":"first","13":"instock","14":"shipping-taxable","15":"product-type-simple"},"jetpack_sharing_enabled":true,"_links":{"self":[{"href":"https:\/\/minghanggroup.com\/fr\/wp-json\/wp\/v2\/product\/3356","targetHints":{"allow":["GET"]}}],"collection":[{"href":"https:\/\/minghanggroup.com\/fr\/wp-json\/wp\/v2\/product"}],"about":[{"href":"https:\/\/minghanggroup.com\/fr\/wp-json\/wp\/v2\/types\/product"}],"wp:featuredmedia":[{"embeddable":true,"href":"https:\/\/minghanggroup.com\/fr\/wp-json\/wp\/v2\/media\/3357"}],"wp:attachment":[{"href":"https:\/\/minghanggroup.com\/fr\/wp-json\/wp\/v2\/media?parent=3356"}],"wp:term":[{"taxonomy":"product_brand","embeddable":true,"href":"https:\/\/minghanggroup.com\/fr\/wp-json\/wp\/v2\/product_brand?post=3356"},{"taxonomy":"product_cat","embeddable":true,"href":"https:\/\/minghanggroup.com\/fr\/wp-json\/wp\/v2\/product_cat?post=3356"},{"taxonomy":"product_tag","embeddable":true,"href":"https:\/\/minghanggroup.com\/fr\/wp-json\/wp\/v2\/product_tag?post=3356"}],"curies":[{"name":"wp","href":"https:\/\/api.w.org\/{rel}","templated":true}]}}