{"id":3334,"date":"2025-11-18T15:44:37","date_gmt":"2025-11-18T07:44:37","guid":{"rendered":"https:\/\/minghanggroup.com\/?post_type=product&#038;p=3334"},"modified":"2026-01-20T13:59:25","modified_gmt":"2026-01-20T05:59:25","slug":"customizable-pickling-jar-bulk","status":"publish","type":"product","link":"https:\/\/minghanggroup.com\/fr\/produit\/customizable-pickling-jar-bulk\/","title":{"rendered":"Bocal \u00e0 cornichons en verre personnalisable, en vrac\u00a0: 220\u00a0ml, 250\u00a0ml, 280\u00a0ml"},"content":{"rendered":"<p>Arr\u00eatez de gaspiller votre argent dans des emballages ternes qui donnent une image bon march\u00e9 \u00e0 votre marque. Nous fabriquons des bocaux \u00e0 conserves haut de gamme qui transforment votre fa\u00e7on de conserver vos aliments en un espace tendance et pratique, tout en pr\u00e9servant la fra\u00eecheur de vos l\u00e9gumes marin\u00e9s. Bien plus que de simples bocaux, ils constituent le nouvel atout majeur de votre marque en mati\u00e8re d&#039;emballage alimentaire.<\/p>\n<h2>Caract\u00e9ristiques du produit<\/h2>\n<p><strong>Col de bouteille arrondi<\/strong><\/p>\n<p>Le polissage est parfait, le manche est lisse et sans bavures, net et pr\u00e9cis, et la prise en main est confortable.<\/p>\n<p><strong>Fond \u00e9paissi<\/strong><\/p>\n<p>Le dessous est recouvert d&#039;un motif textur\u00e9 antid\u00e9rapant, ce qui le rend r\u00e9sistant \u00e0 l&#039;usure, durable et moins susceptible de se renverser.<\/p>\n<p><strong>Conception \u00e0 large ouverture<\/strong><\/p>\n<p>Enveloppez simplement les concombres entiers, l&#039;aneth ou tout autre ingr\u00e9dient marin\u00e9 avec vos mains. Id\u00e9al pour une utilisation avec des bocaux en verre \u00e0 large ouverture pour l\u00e9gumes marin\u00e9s.<\/p>\n<h2>Caract\u00e9ristiques principales<\/h2>\n<table style=\"border-collapse: collapse; width: 80%; margin-left: auto; margin-right: auto;\" border=\"0\" width=\"216\" cellspacing=\"0\" cellpadding=\"0\">\n<tbody>\n<tr style=\"height: 13.50pt;\">\n<td style=\"height: 13.5pt; width: 54pt; text-align: center;\" width=\"72\" height=\"18\">Capacit\u00e9 (ml)<\/td>\n<td style=\"width: 54pt; text-align: center;\" width=\"72\">Taille (cm)<\/td>\n<td style=\"width: 54pt; text-align: center;\" width=\"72\">Options personnalis\u00e9es<\/td>\n<\/tr>\n<tr style=\"height: 13.50pt;\">\n<td style=\"height: 13.5pt; text-align: center;\" align=\"right\" height=\"18\">220<\/td>\n<td style=\"text-align: center;\">6,2 x 11,3<\/td>\n<td class=\"et2\" style=\"text-align: center;\" rowspan=\"3\">Couvercles, couleur, \u00e9tiquette, logo<\/td>\n<\/tr>\n<tr style=\"height: 13.50pt;\">\n<td style=\"height: 13.5pt; text-align: center;\" align=\"right\" height=\"18\">250<\/td>\n<td style=\"text-align: center;\">6,5 x 12,7<\/td>\n<\/tr>\n<tr style=\"height: 13.50pt;\">\n<td style=\"height: 13.5pt; text-align: center;\" align=\"right\" height=\"18\">280<\/td>\n<td style=\"text-align: center;\">6,5 x 13,5<\/td>\n<\/tr>\n<\/tbody>\n<\/table>\n<h2>Cas de r\u00e9ussite<\/h2>\n<p>Heritage Valley Foods utilise pleinement nos bocaux \u00e0 cornichons en verre\u00a0; le verre robuste et transparent, associ\u00e9 aux couvercles rouges \u00e0 fermeture herm\u00e9tique, met en valeur leurs l\u00e9gumes marin\u00e9s et leur conf\u00e8re une allure plus moderne et fra\u00eeche, les rendant ainsi tr\u00e8s attrayants au premier coup d&#039;\u0153il. La texture en relief unique et les parois r\u00e9guli\u00e8res des bocaux permettent \u00e0 leur marque de se d\u00e9marquer facilement parmi les autres marques en rayon. Leur chiffre d&#039;affaires a bondi de 32\u00a0% en seulement un trimestre.<\/p>\n<h2>Conseils de personnalisation pour vos bocaux \u00e0 cornichons<\/h2>\n<p>Vous pouvez personnaliser votre flacon gr\u00e2ce \u00e0 la s\u00e9rigraphie, l&#039;\u00e9maillage cuit ou des \u00e9tiquettes r\u00e9sistantes aux hautes temp\u00e9ratures, int\u00e9grant ainsi le logo ou le motif au contenant. Les couvercles des bocaux de l\u00e9gumes marin\u00e9s peuvent \u00eatre en peinture m\u00e9tallis\u00e9e, mats, \u00e9lectroplaqu\u00e9s ou en plastique de couleur personnalis\u00e9e. Une bague antivol ou un joint d&#039;\u00e9tanch\u00e9it\u00e9 peut \u00eatre install\u00e9 pour une meilleure fermeture. De plus, nous proposons des solutions d&#039;emballage compl\u00e8tes, telles que des coffrets cadeaux, des \u00e9tiquettes manchonn\u00e9es, des films de scellage, etc., pour r\u00e9pondre aux exigences des plateformes de vente en ligne et des \u00e9piceries.<\/p>","protected":false},"excerpt":{"rendered":"<p>Nous proposons des bocaux \u00e0 conserves aux acheteurs. En vente directe d&#039;usine, ces bocaux de l\u00e9gumes marin\u00e9s sont personnalisables\u00a0: couvercles, tailles et logo.<\/p>","protected":false},"featured_media":3335,"template":"","meta":{"postBodyCss":"","postBodyMargin":[],"postBodyPadding":[],"postBodyBackground":{"backgroundType":"classic","gradient":""}},"product_brand":[],"product_cat":[15,17,55],"product_tag":[65,71],"class_list":{"0":"post-3334","1":"product","2":"type-product","3":"status-publish","4":"has-post-thumbnail","6":"product_cat-glass-containers","7":"product_cat-glass-jars","8":"product_cat-pickle-jars","9":"product_tag-glass-jam-jars","10":"product_tag-honey-jars","12":"first","13":"instock","14":"shipping-taxable","15":"product-type-simple"},"jetpack_sharing_enabled":true,"_links":{"self":[{"href":"https:\/\/minghanggroup.com\/fr\/wp-json\/wp\/v2\/product\/3334","targetHints":{"allow":["GET"]}}],"collection":[{"href":"https:\/\/minghanggroup.com\/fr\/wp-json\/wp\/v2\/product"}],"about":[{"href":"https:\/\/minghanggroup.com\/fr\/wp-json\/wp\/v2\/types\/product"}],"wp:featuredmedia":[{"embeddable":true,"href":"https:\/\/minghanggroup.com\/fr\/wp-json\/wp\/v2\/media\/3335"}],"wp:attachment":[{"href":"https:\/\/minghanggroup.com\/fr\/wp-json\/wp\/v2\/media?parent=3334"}],"wp:term":[{"taxonomy":"product_brand","embeddable":true,"href":"https:\/\/minghanggroup.com\/fr\/wp-json\/wp\/v2\/product_brand?post=3334"},{"taxonomy":"product_cat","embeddable":true,"href":"https:\/\/minghanggroup.com\/fr\/wp-json\/wp\/v2\/product_cat?post=3334"},{"taxonomy":"product_tag","embeddable":true,"href":"https:\/\/minghanggroup.com\/fr\/wp-json\/wp\/v2\/product_tag?post=3334"}],"curies":[{"name":"wp","href":"https:\/\/api.w.org\/{rel}","templated":true}]}}