{"id":3320,"date":"2025-11-18T13:04:23","date_gmt":"2025-11-18T05:04:23","guid":{"rendered":"https:\/\/minghanggroup.com\/?post_type=product&#038;p=3320"},"modified":"2025-11-18T13:04:23","modified_gmt":"2025-11-18T05:04:23","slug":"bulk-glass-pickling-containers-for-packaging","status":"publish","type":"product","link":"https:\/\/minghanggroup.com\/fr\/produit\/bulk-glass-pickling-containers-for-packaging\/","title":{"rendered":"R\u00e9cipients en verre pour le conditionnement en vrac (350 ml, 480 ml, 730 ml)"},"content":{"rendered":"<p>Ne laissez pas la conservation inad\u00e9quate de vos aliments nuire \u00e0 l&#039;image de votre marque. Nous fabriquons des contenants de conserves de haute qualit\u00e9 qui, en plus d&#039;embellir vos emballages alimentaires gr\u00e2ce \u00e0 une solution tendance et pratique, pr\u00e9servent la fra\u00eecheur de vos conserves. Bien plus que de simples bocaux, ce sont les nouveaux atouts de votre marque pour la conservation et le conditionnement de vos aliments.<\/p>\n<h2>Caract\u00e9ristiques du produit<\/h2>\n<ul>\n<li><strong>Conception \u00e0 large ouverture :<\/strong>Id\u00e9al pour la mise en conserve et le retrait de concombres entiers, de l\u00e9gumes entiers ou de gros morceaux d&#039;aliments.<\/li>\n<li><strong>Excellente \u00e9tanch\u00e9it\u00e9 :<\/strong>Le couvercle \u00e0 vis avec opercule m\u00e9tallique est la meilleure fa\u00e7on de pr\u00e9server la fra\u00eecheur et la saveur des conserves et des aliments marin\u00e9s pendant longtemps. Sa conception herm\u00e9tique permet de conserver la saumure dans des conditions optimales.<\/li>\n<li><strong>Alternatives de grande capacit\u00e9\u00a0:<\/strong>Les bocaux \u00e0 cornichons en verre de grande capacit\u00e9 (350-730 ml) sont la meilleure fa\u00e7on de r\u00e9duire le r\u00e9approvisionnement fr\u00e9quent des petits bocaux.<\/li>\n<\/ul>\n<h2>Caract\u00e9ristiques principales<\/h2>\n<table style=\"border-collapse: collapse; width: 80%; margin-left: auto; margin-right: auto;\" border=\"0\" width=\"216\" cellspacing=\"0\" cellpadding=\"0\">\n<tbody>\n<tr style=\"height: 13.50pt;\">\n<td class=\"et2\" style=\"height: 13.5pt; width: 54pt; text-align: center;\" width=\"72\" height=\"18\">Capacit\u00e9 (ml)<\/td>\n<td style=\"width: 54pt; text-align: center;\" width=\"72\">Taille (cm)<\/td>\n<td style=\"width: 54pt; text-align: center;\" width=\"72\">Type de joint<\/td>\n<\/tr>\n<tr style=\"height: 13.50pt;\">\n<td style=\"height: 13.5pt; text-align: center;\" align=\"right\" height=\"18\">350<\/td>\n<td style=\"text-align: center;\">8.5 *8.1 * 11.0<\/td>\n<td class=\"et2\" style=\"text-align: center;\" rowspan=\"3\">M\u00e9tal ou plastique<\/td>\n<\/tr>\n<tr style=\"height: 13.50pt;\">\n<td style=\"height: 13.5pt; text-align: center;\" align=\"right\" height=\"18\">480<\/td>\n<td style=\"text-align: center;\">9.2 * 8.9 * 12.2<\/td>\n<\/tr>\n<tr style=\"height: 13.50pt;\">\n<td style=\"height: 13.5pt; text-align: center;\" align=\"right\" height=\"18\">730<\/td>\n<td style=\"text-align: center;\">9.5 * 14.5<\/td>\n<\/tr>\n<\/tbody>\n<\/table>\n<h2>Cas de r\u00e9ussite<\/h2>\n<p>L&#039;usine de cornichons du Texas, aux \u00c9tats-Unis, a pass\u00e9 une commande sp\u00e9ciale de bocaux \u00e0 cornichons en verre \u00e9pais sur mesure, avec une large ouverture et un couvercle \u00e0 fermeture herm\u00e9tique haute r\u00e9sistance, adapt\u00e9s au transport longue distance et con\u00e7us sur mesure pour r\u00e9pondre \u00e0 tous leurs besoins en mati\u00e8re de conservation des concombres.<\/p>\n<p>Gr\u00e2ce aux nouveaux bocaux \u00e0 cornichons de grande capacit\u00e9, l&#039;efficacit\u00e9 du remplissage a augment\u00e9 de 22 % et le taux de casse pendant le transport a diminu\u00e9. Le volume des commandes r\u00e9p\u00e9t\u00e9es des clients traiteurs a presque doubl\u00e9 en trois mois.<\/p>\n<h2>Conseils de personnalisation pour vos contenants \u00e0 cornichons<\/h2>\n<p>Pour le choix de bocaux de grande capacit\u00e9 destin\u00e9s \u00e0 la conservation des aliments, il est possible de moduler l&#039;\u00e9paisseur du verre et le mat\u00e9riau du couvercle en fonction de l&#039;acidit\u00e9 et de la teneur en mati\u00e8res solides du produit. De plus, en adaptant la largeur de l&#039;ouverture, on peut optimiser le remplissage avec de gros morceaux d&#039;aliments. Par ailleurs, pour une pr\u00e9sentation plus attrayante, il est possible d&#039;ajouter un marquage en relief ou des \u00e9tiquettes r\u00e9sistantes \u00e0 l&#039;huile et aux acides. En cas d&#039;exp\u00e9ditions \u00e0 l&#039;exportation en grande quantit\u00e9, l&#039;utilisation de cartons ext\u00e9rieurs et d&#039;emballages palettis\u00e9s garantit la s\u00e9curit\u00e9 et la stabilit\u00e9 de l&#039;ensemble du lot tout au long de la cha\u00eene logistique.<\/p>","protected":false},"excerpt":{"rendered":"<p>Bocaux \u00e0 conserves pour sauces et l\u00e9gumes. Nos bocaux en verre offrent une excellente \u00e9tanch\u00e9it\u00e9, permettent la personnalisation des \u00e9tiquettes et sont exp\u00e9di\u00e9s directement de l&#039;usine.<\/p>","protected":false},"featured_media":3321,"template":"","meta":{"postBodyCss":"","postBodyMargin":[],"postBodyPadding":[],"postBodyBackground":{"backgroundType":"classic","gradient":""}},"product_brand":[],"product_cat":[15,17,55],"product_tag":[],"class_list":{"0":"post-3320","1":"product","2":"type-product","3":"status-publish","4":"has-post-thumbnail","6":"product_cat-glass-containers","7":"product_cat-glass-jars","8":"product_cat-pickle-jars","10":"first","11":"instock","12":"shipping-taxable","13":"product-type-simple"},"jetpack_sharing_enabled":true,"_links":{"self":[{"href":"https:\/\/minghanggroup.com\/fr\/wp-json\/wp\/v2\/product\/3320","targetHints":{"allow":["GET"]}}],"collection":[{"href":"https:\/\/minghanggroup.com\/fr\/wp-json\/wp\/v2\/product"}],"about":[{"href":"https:\/\/minghanggroup.com\/fr\/wp-json\/wp\/v2\/types\/product"}],"wp:featuredmedia":[{"embeddable":true,"href":"https:\/\/minghanggroup.com\/fr\/wp-json\/wp\/v2\/media\/3321"}],"wp:attachment":[{"href":"https:\/\/minghanggroup.com\/fr\/wp-json\/wp\/v2\/media?parent=3320"}],"wp:term":[{"taxonomy":"product_brand","embeddable":true,"href":"https:\/\/minghanggroup.com\/fr\/wp-json\/wp\/v2\/product_brand?post=3320"},{"taxonomy":"product_cat","embeddable":true,"href":"https:\/\/minghanggroup.com\/fr\/wp-json\/wp\/v2\/product_cat?post=3320"},{"taxonomy":"product_tag","embeddable":true,"href":"https:\/\/minghanggroup.com\/fr\/wp-json\/wp\/v2\/product_tag?post=3320"}],"curies":[{"name":"wp","href":"https:\/\/api.w.org\/{rel}","templated":true}]}}