{"id":3257,"date":"2025-11-17T16:29:55","date_gmt":"2025-11-17T08:29:55","guid":{"rendered":"https:\/\/minghanggroup.com\/?post_type=product&#038;p=3257"},"modified":"2025-11-18T10:58:25","modified_gmt":"2025-11-18T02:58:25","slug":"custom-pickle-container-pickles-jar-wholesale","status":"publish","type":"product","link":"https:\/\/minghanggroup.com\/fr\/produit\/custom-pickle-container-pickles-jar-wholesale\/","title":{"rendered":"Contenants \u00e0 cornichons en verre personnalis\u00e9s de 125 ml \u00e0 280 ml (vente en gros)"},"content":{"rendered":"<p>Cessez de vous d\u00e9battre avec des solutions de conservation peu attrayantes qui nuisent \u00e0 l&#039;image de votre marque. Nous concevons des bocaux \u00e0 cornichons haut de gamme qui transforment vos emballages alimentaires en une solution \u00e9l\u00e9gante et fonctionnelle, tout en pr\u00e9servant la fra\u00eecheur de vos conserves. Bien plus que de simples bocaux, ils constituent le nouvel atout majeur de votre marque pour la conservation et le conditionnement de vos aliments.<\/p>\n<h2>Caract\u00e9ristiques du produit<\/h2>\n<ol>\n<li><strong>Clart\u00e9 du cristal :<\/strong>Gr\u00e2ce au verre ultra-transparent, les couleurs vives de vos fruits et l\u00e9gumes marin\u00e9s ressortent imm\u00e9diatement dans votre bocal.<\/li>\n<li><strong>Joint \u00e9tanche \u00e0 l&#039;air :<\/strong>Pour pr\u00e9server la fra\u00eecheur et la saveur de vos conserves, on utilise un couvercle m\u00e9tallique \u00e0 filetage continu. L&#039;\u00e9tanch\u00e9it\u00e9 du couvercle garantit la fra\u00eecheur de la saumure.<\/li>\n<li><strong>Capacit\u00e9 polyvalente :<\/strong>Les diff\u00e9rentes contenances (125 ml \u00e0 280 ml) r\u00e9pondent \u00e0 tous vos besoins en mati\u00e8re de conserves, que ce soit pour une petite ou une grande quantit\u00e9 destin\u00e9e \u00e0 votre entreprise alimentaire. Les commandes en gros de ces bocaux sont les bienvenues.<\/li>\n<\/ol>\n<h2>Caract\u00e9ristiques principales<\/h2>\n<table style=\"border-collapse: collapse; width: 80%; margin-left: auto; margin-right: auto;\" border=\"0\" width=\"288\" cellspacing=\"0\" cellpadding=\"0\">\n<tbody>\n<tr style=\"height: 13.50pt;\">\n<td style=\"height: 13.5pt; width: 54pt; text-align: center;\" width=\"72\" height=\"18\">Capacit\u00e9 (ml)<\/td>\n<td style=\"width: 54pt; text-align: center;\" width=\"72\">Taille (cm)<\/td>\n<td style=\"width: 54pt; text-align: center;\" width=\"72\">Options personnalis\u00e9es<\/td>\n<\/tr>\n<tr style=\"height: 13.50pt;\">\n<td style=\"height: 13.5pt; text-align: center;\" height=\"18\">125 ml<\/td>\n<td style=\"text-align: center;\">7.5 * 7.3 * 5.5<\/td>\n<td class=\"et2\" style=\"text-align: center;\" rowspan=\"3\">Taille, logo, \u00e9tiquette, couleur\u2026<\/td>\n<\/tr>\n<tr style=\"height: 13.50pt;\">\n<td style=\"height: 13.5pt; text-align: center;\" height=\"18\">180 ml<\/td>\n<td style=\"text-align: center;\">8.0 * 7.7 * 7.0<\/td>\n<\/tr>\n<tr style=\"height: 13.50pt;\">\n<td style=\"height: 13.5pt; text-align: center;\" height=\"18\">280 ml<\/td>\n<td style=\"text-align: center;\">8.2 * 7.9 * 9.5<\/td>\n<\/tr>\n<\/tbody>\n<\/table>\n<h2>Cas de r\u00e9ussite<\/h2>\n<p>Nous avons \u00e9t\u00e9 contact\u00e9s par une marque canadienne sp\u00e9cialis\u00e9e dans les aliments ferment\u00e9s pour personnaliser un bocal rond \u00e0 cornichons avec un couvercle en m\u00e9tal dor\u00e9 r\u00e9sistant \u00e0 la corrosion, un joint \u00e9tanche et des parois en verre \u00e9paissies afin d&#039;augmenter la r\u00e9sistance \u00e0 la pression pendant la fermentation.<\/p>\n<p>Apr\u00e8s le changement d&#039;emballage, le taux de rachat de la marque a augment\u00e9 de 28 % et les avis sur les produits se sont \u00e9galement nettement am\u00e9lior\u00e9s.<\/p>\n<h2>Conseils de personnalisation pour les contenants \u00e0 cornichons<\/h2>\n<p>Ce bocal \u00e0 cornichons en verre \u00e9pais est agr\u00e9able au toucher et r\u00e9sistant \u00e0 la pression. Vous pouvez choisir un couvercle m\u00e9tallique parmi diff\u00e9rentes finitions\u00a0: or, noir \u00e9lectroplaqu\u00e9 ou fer-blanc naturel. Un joint en silicone assure une \u00e9tanch\u00e9it\u00e9 optimale. Le bocal peut \u00eatre d\u00e9cor\u00e9 d&#039;un \u00e9mail d\u00e9poli ou transparent, ou m\u00eame d&#039;un l\u00e9ger gaufrage, pour une image de marque unique. Les zones brillantes sont personnalisables pour s&#039;harmoniser avec l&#039;\u00e9tiquette du client et garantir une application uniforme. Que ce soit pour conserver des cornichons, du kimchi ou des l\u00e9gumes ferment\u00e9s maison, ce bocal en verre personnalis\u00e9 v\u00e9hicule une image de marque plus professionnelle et sophistiqu\u00e9e.<\/p>","protected":false},"excerpt":{"rendered":"<p>R\u00e9cipient en verre durable pour cornichons, id\u00e9al pour le kimchi et les aliments ferment\u00e9s. Ce bocal polyvalent est parfait pour la vente en gros, avec des couvercles personnalis\u00e9s, le marquage et les commandes directes d&#039;usine.<\/p>","protected":false},"featured_media":3258,"template":"","meta":{"postBodyCss":"","postBodyMargin":[],"postBodyPadding":[],"postBodyBackground":{"backgroundType":"classic","gradient":""}},"product_brand":[],"product_cat":[15,17,55],"product_tag":[],"class_list":{"0":"post-3257","1":"product","2":"type-product","3":"status-publish","4":"has-post-thumbnail","6":"product_cat-glass-containers","7":"product_cat-glass-jars","8":"product_cat-pickle-jars","10":"first","11":"instock","12":"shipping-taxable","13":"product-type-simple"},"jetpack_sharing_enabled":true,"_links":{"self":[{"href":"https:\/\/minghanggroup.com\/fr\/wp-json\/wp\/v2\/product\/3257","targetHints":{"allow":["GET"]}}],"collection":[{"href":"https:\/\/minghanggroup.com\/fr\/wp-json\/wp\/v2\/product"}],"about":[{"href":"https:\/\/minghanggroup.com\/fr\/wp-json\/wp\/v2\/types\/product"}],"wp:featuredmedia":[{"embeddable":true,"href":"https:\/\/minghanggroup.com\/fr\/wp-json\/wp\/v2\/media\/3258"}],"wp:attachment":[{"href":"https:\/\/minghanggroup.com\/fr\/wp-json\/wp\/v2\/media?parent=3257"}],"wp:term":[{"taxonomy":"product_brand","embeddable":true,"href":"https:\/\/minghanggroup.com\/fr\/wp-json\/wp\/v2\/product_brand?post=3257"},{"taxonomy":"product_cat","embeddable":true,"href":"https:\/\/minghanggroup.com\/fr\/wp-json\/wp\/v2\/product_cat?post=3257"},{"taxonomy":"product_tag","embeddable":true,"href":"https:\/\/minghanggroup.com\/fr\/wp-json\/wp\/v2\/product_tag?post=3257"}],"curies":[{"name":"wp","href":"https:\/\/api.w.org\/{rel}","templated":true}]}}