{"id":3252,"date":"2025-11-17T15:02:18","date_gmt":"2025-11-17T07:02:18","guid":{"rendered":"https:\/\/minghanggroup.com\/?post_type=product&#038;p=3252"},"modified":"2026-01-20T13:59:46","modified_gmt":"2026-01-20T05:59:46","slug":"large-pickle-jar-wholesale-the-pickle-jar","status":"publish","type":"product","link":"https:\/\/minghanggroup.com\/fr\/produit\/large-pickle-jar-wholesale-the-pickle-jar\/","title":{"rendered":"Pots \u00e0 cornichons de grande capacit\u00e9 (25 oz \u00e0 50 oz) en gros pour vos besoins en conserves"},"content":{"rendered":"<p>Finies les difficult\u00e9s de conservation qui alt\u00e8rent la fra\u00eecheur de vos aliments. Nous fabriquons des bocaux \u00e0 cornichons haut de gamme de grande capacit\u00e9 qui transforment la pr\u00e9paration de vos conserves en un processus \u00e9l\u00e9gant et efficace, tout en pr\u00e9servant les saveurs. Bien plus que de simples contenants, ils constituent le nouvel atout majeur de votre marque pour l&#039;emballage alimentaire.<\/p>\n<h2>Caract\u00e9ristiques du produit<\/h2>\n<ol>\n<li><strong>Conception \u00e0 large ouverture :<\/strong>Rien de plus simple que de remplir un bocal avec un concombre entier, une poign\u00e9e d&#039;aneth ou tout autre ingr\u00e9dient\u00a0: les ouvertures \u00e9troites ne seront plus un probl\u00e8me et vous pourrez facilement y mettre des aliments marin\u00e9s. Compatible avec les bocaux en verre \u00e0 large ouverture.<\/li>\n<li><strong>Excellente \u00e9tanch\u00e9it\u00e9 :<\/strong>Le bouchon m\u00e9tallique \u00e0 filetage continu est l&#039;\u00e9l\u00e9ment principal qui permet de pr\u00e9server parfaitement la fra\u00eecheur et la saveur des aliments marin\u00e9s et en conserve. Une \u00e9tanch\u00e9it\u00e9 optimale garantit une conservation optimale de la saumure.<\/li>\n<li><strong>Plusieurs options de capacit\u00e9\u00a0:<\/strong>Diff\u00e9rentes contenances (de 750 ml \u00e0 1500 ml) sont disponibles pour r\u00e9pondre \u00e0 tous vos besoins en mati\u00e8re de conserves, que ce soit pour une petite quantit\u00e9 ou pour le stockage \u00e0 grande \u00e9chelle dans le cadre d&#039;une activit\u00e9 agroalimentaire. Ces grands bocaux \u00e0 conserves sont parfaits pour les commandes en gros.<\/li>\n<\/ol>\n<h2>Caract\u00e9ristiques principales<\/h2>\n<p>&nbsp;<\/p>\n<table style=\"border-collapse: collapse; width: 80%; margin-left: auto; margin-right: auto;\" border=\"0\" width=\"288\" cellspacing=\"0\" cellpadding=\"0\">\n<tbody>\n<tr style=\"height: 13.50pt;\">\n<td style=\"height: 13.5pt; width: 54pt; text-align: center;\" width=\"72\" height=\"18\">Capacit\u00e9 (ml)<\/td>\n<td style=\"width: 54pt; text-align: center;\" width=\"72\">Taille (cm)<\/td>\n<td style=\"width: 54pt; text-align: center;\" width=\"72\">Forme<\/td>\n<\/tr>\n<tr style=\"height: 13.50pt;\">\n<td style=\"height: 13.5pt; text-align: center;\" align=\"right\" height=\"18\">750<\/td>\n<td style=\"text-align: center;\">9.3*15.1<\/td>\n<td class=\"et2\" style=\"text-align: center;\" rowspan=\"3\">Rond<\/td>\n<\/tr>\n<tr style=\"height: 13.50pt;\">\n<td style=\"height: 13.5pt; text-align: center;\" align=\"right\" height=\"18\">950<\/td>\n<td style=\"text-align: center;\">9.1*18.8<\/td>\n<\/tr>\n<tr style=\"height: 13.50pt;\">\n<td style=\"height: 13.5pt; text-align: center;\" align=\"right\" height=\"18\">1500<\/td>\n<td style=\"text-align: center;\">10.5*20.4<\/td>\n<\/tr>\n<\/tbody>\n<\/table>\n<h2>Cas de r\u00e9ussite<\/h2>\n<p>Notre grand bocal \u00e0 cornichons a \u00e9t\u00e9 choisi par une marque sud-cor\u00e9enne de produits marin\u00e9s pour le conditionnement de son nouveau produit. Ils ont opt\u00e9 pour un bocal sur mesure, plus grand et en verre plus \u00e9pais, orn\u00e9 d&#039;un logo en relief et d&#039;un bouchon m\u00e9tallique, ce qui a consid\u00e9rablement renforc\u00e9 la notori\u00e9t\u00e9 de la marque.<\/p>\n<p>Juste apr\u00e8s l&#039;introduction du nouvel emballage, les ventes de leur produit principal ont augment\u00e9 de 32 % en trois mois.<\/p>\n<h2>Conseils de personnalisation pour un grand pot \u00e0 \u00e9pices<\/h2>\n<p>Ce grand bocal \u00e0 cornichons peut \u00eatre personnalis\u00e9 de diff\u00e9rentes mani\u00e8res pour r\u00e9pondre aux exigences d&#039;une marque. Diff\u00e9rentes tailles de couvercles permettent de l&#039;adapter \u00e0 divers formats familiaux de conserves. Un verre plus \u00e9pais ou plus transparent peut \u00eatre utilis\u00e9 pour attirer l&#039;attention des consommateurs en rayon. Les couvercles sont personnalisables et disponibles en m\u00e9tal ou en plastique \u00e9tanches et inoxydables. De plus, il est possible de le colorer, de le galvaniser, de le peindre et d&#039;y imprimer un logo, ce qui rend l&#039;emballage final non seulement plus durable, mais aussi plus facilement identifiable par la marque.<\/p>","protected":false},"excerpt":{"rendered":"<p>Solutions de bocaux \u00e0 cornichons grand format directement du fabricant pour les marques de produits alimentaires en vrac. Personnalisez vos bocaux \u00e0 cornichons avec couvercles, tailles et \u00e9tiquettes pour optimiser votre ligne de production de cornichons.<\/p>","protected":false},"featured_media":3253,"template":"","meta":{"postBodyCss":"","postBodyMargin":[],"postBodyPadding":[],"postBodyBackground":{"backgroundType":"classic","gradient":""}},"product_brand":[],"product_cat":[15,17,55],"product_tag":[65,71],"class_list":{"0":"post-3252","1":"product","2":"type-product","3":"status-publish","4":"has-post-thumbnail","6":"product_cat-glass-containers","7":"product_cat-glass-jars","8":"product_cat-pickle-jars","9":"product_tag-glass-jam-jars","10":"product_tag-honey-jars","12":"first","13":"instock","14":"shipping-taxable","15":"product-type-simple"},"jetpack_sharing_enabled":true,"_links":{"self":[{"href":"https:\/\/minghanggroup.com\/fr\/wp-json\/wp\/v2\/product\/3252","targetHints":{"allow":["GET"]}}],"collection":[{"href":"https:\/\/minghanggroup.com\/fr\/wp-json\/wp\/v2\/product"}],"about":[{"href":"https:\/\/minghanggroup.com\/fr\/wp-json\/wp\/v2\/types\/product"}],"wp:featuredmedia":[{"embeddable":true,"href":"https:\/\/minghanggroup.com\/fr\/wp-json\/wp\/v2\/media\/3253"}],"wp:attachment":[{"href":"https:\/\/minghanggroup.com\/fr\/wp-json\/wp\/v2\/media?parent=3252"}],"wp:term":[{"taxonomy":"product_brand","embeddable":true,"href":"https:\/\/minghanggroup.com\/fr\/wp-json\/wp\/v2\/product_brand?post=3252"},{"taxonomy":"product_cat","embeddable":true,"href":"https:\/\/minghanggroup.com\/fr\/wp-json\/wp\/v2\/product_cat?post=3252"},{"taxonomy":"product_tag","embeddable":true,"href":"https:\/\/minghanggroup.com\/fr\/wp-json\/wp\/v2\/product_tag?post=3252"}],"curies":[{"name":"wp","href":"https:\/\/api.w.org\/{rel}","templated":true}]}}