{"id":3226,"date":"2025-11-17T11:46:22","date_gmt":"2025-11-17T03:46:22","guid":{"rendered":"https:\/\/minghanggroup.com\/?post_type=product&#038;p=3226"},"modified":"2026-01-20T13:59:35","modified_gmt":"2026-01-20T05:59:35","slug":"pickle-jar-bulk-pickling-jars-factory","status":"publish","type":"product","link":"https:\/\/minghanggroup.com\/fr\/produit\/pickle-jar-bulk-pickling-jars-factory\/","title":{"rendered":"Bocal \u00e0 cornichons en verre de 105 ml \u00e0 550 ml pour conditionnement en vrac"},"content":{"rendered":"<p>Finies les batailles avec un rangement d\u00e9sordonn\u00e9 qui g\u00e2che l&#039;esth\u00e9tique de votre cuisine. Nous fabriquons des bocaux \u00e0 cornichons haut de gamme qui transforment votre espace de rangement en un lieu \u00e9l\u00e9gant tout en pr\u00e9servant la fra\u00eecheur de vos conserves. Bien plus que de simples contenants, ils constituent le nouvel atout de votre marque pour une organisation optimale de la cuisine et un emballage alimentaire impeccable.<\/p>\n<h2>Caract\u00e9ristiques du produit<\/h2>\n<ol>\n<li><strong>Sceau parfait :<\/strong>Le couvercle m\u00e9tallique herm\u00e9tique pr\u00e9serve la saveur et la fra\u00eecheur de vos bocaux de conserves, permettant ainsi aux l\u00e9gumes marin\u00e9s de rester frais et savoureux.<\/li>\n<li><strong>Capacit\u00e9 polyvalente :<\/strong>Les diff\u00e9rentes tailles (105 ml \u00e0 550 ml) couvrent tous vos besoins en mati\u00e8re de conservation, qu&#039;il s&#039;agisse d&#039;un petit lot ou d&#039;un stockage en vrac pour votre entreprise alimentaire.<\/li>\n<li><strong>Construction durable :<\/strong>Le verre robuste est capable de r\u00e9sister \u00e0 une utilisation quotidienne pour vos r\u00e9cipients de rangement de cuisine ; ces bocaux en verre sont donc parfaitement adapt\u00e9s \u00e0 la conservation des aliments \u00e0 long terme.<\/li>\n<\/ol>\n<h2>Caract\u00e9ristiques principales<\/h2>\n<table style=\"border-collapse: collapse; width: 80%; margin-left: auto; margin-right: auto;\" border=\"0\" width=\"360\" cellspacing=\"0\" cellpadding=\"0\">\n<tbody>\n<tr style=\"height: 13.50pt;\">\n<td style=\"height: 13.5pt; width: 54pt; text-align: center;\" width=\"72\" height=\"18\">Capacit\u00e9 (ml)<\/td>\n<td style=\"width: 54pt; text-align: center;\" width=\"72\">Taille (cm)<\/td>\n<td style=\"width: 54pt; text-align: center;\" width=\"72\">Diam\u00e8tre int\u00e9rieur\/ext\u00e9rieur (mm)<\/td>\n<td style=\"width: 54pt; text-align: center;\" width=\"72\">Forme<\/td>\n<\/tr>\n<tr style=\"height: 13.50pt;\">\n<td style=\"height: 13.5pt; text-align: center;\" align=\"right\" height=\"18\">105<\/td>\n<td style=\"text-align: center;\">5.5 * 6.5<\/td>\n<td style=\"text-align: center;\">42 * 51<\/td>\n<td class=\"et2\" style=\"text-align: center;\" rowspan=\"4\">Rond<\/td>\n<\/tr>\n<tr style=\"height: 13.50pt;\">\n<td style=\"height: 13.5pt; text-align: center;\" align=\"right\" height=\"18\">230<\/td>\n<td style=\"text-align: center;\">6.7 * 9.0<\/td>\n<td style=\"text-align: center;\">52 * 62<\/td>\n<\/tr>\n<tr style=\"height: 13.50pt;\">\n<td style=\"height: 13.5pt; text-align: center;\" align=\"right\" height=\"18\">350<\/td>\n<td style=\"text-align: center;\">7.4 * 10.9<\/td>\n<td style=\"text-align: center;\">58 * 68<\/td>\n<\/tr>\n<tr style=\"height: 13.50pt;\">\n<td style=\"height: 13.5pt; text-align: center;\" align=\"right\" height=\"18\">550<\/td>\n<td style=\"text-align: center;\">8.6 * 12.6<\/td>\n<td style=\"text-align: center;\">69 * 80<\/td>\n<\/tr>\n<\/tbody>\n<\/table>\n<h2>Cas de r\u00e9ussite<\/h2>\n<p>Dans le cadre de la modernisation de son emballage, une marque de condiments d&#039;Europe de l&#039;Est a choisi notre bocal en verre pour ses cornichons. Nous avons adapt\u00e9 diff\u00e9rents formats et fourni un couvercle noir antirouille \u00e0 \u00e9tanch\u00e9it\u00e9 renforc\u00e9e, ce qui a permis d&#039;harmoniser la pr\u00e9sentation des produits de la marque en rayon et d&#039;am\u00e9liorer leur qualit\u00e9 visuelle.<\/p>\n<p>Apr\u00e8s le lancement du nouvel emballage de la marque, les ventes de cornichons ont augment\u00e9 de pr\u00e8s de 30 % en seulement trois mois, et la marque a \u00e9galement r\u00e9ussi \u00e0 s&#039;implanter dans deux grandes cha\u00eenes de supermarch\u00e9s, ce qui a entra\u00een\u00e9 une forte augmentation de sa notori\u00e9t\u00e9.<\/p>\n<h2>Conseils de personnalisation pour bocal \u00e0 cornichons<\/h2>\n<p>Ce bocal \u00e0 cornichons peut \u00eatre personnalis\u00e9 selon les exigences de la marque de multiples fa\u00e7ons\u00a0: diff\u00e9rentes capacit\u00e9s et formes pour divers aliments marin\u00e9s. Ces bocaux peuvent \u00eatre plus \u00e9pais ou gaufr\u00e9s pour une texture plus agr\u00e9able. De plus, la couleur, le mode de fermeture et le syst\u00e8me de fermeture du couvercle m\u00e9tallique antirouille sont personnalisables. Logos, tailles d&#039;\u00e9tiquettes et motifs peuvent \u00e9galement \u00eatre ajout\u00e9s au bocal ou au couvercle, pour une pr\u00e9sentation plus attrayante et professionnelle en rayon.<\/p>","protected":false},"excerpt":{"rendered":"<p>Bocaux \u00e0 cornichons directement du fabricant, id\u00e9aux pour la mise en conserve en grande quantit\u00e9, les aliments ferment\u00e9s et le conditionnement de marque. Impression de logo personnalis\u00e9e disponible pour les commandes OEM.<\/p>","protected":false},"featured_media":3227,"template":"","meta":{"postBodyCss":"","postBodyMargin":[],"postBodyPadding":[],"postBodyBackground":{"backgroundType":"classic","gradient":""}},"product_brand":[],"product_cat":[15,17,55],"product_tag":[65,71],"class_list":{"0":"post-3226","1":"product","2":"type-product","3":"status-publish","4":"has-post-thumbnail","6":"product_cat-glass-containers","7":"product_cat-glass-jars","8":"product_cat-pickle-jars","9":"product_tag-glass-jam-jars","10":"product_tag-honey-jars","12":"first","13":"instock","14":"shipping-taxable","15":"product-type-simple"},"jetpack_sharing_enabled":true,"_links":{"self":[{"href":"https:\/\/minghanggroup.com\/fr\/wp-json\/wp\/v2\/product\/3226","targetHints":{"allow":["GET"]}}],"collection":[{"href":"https:\/\/minghanggroup.com\/fr\/wp-json\/wp\/v2\/product"}],"about":[{"href":"https:\/\/minghanggroup.com\/fr\/wp-json\/wp\/v2\/types\/product"}],"wp:featuredmedia":[{"embeddable":true,"href":"https:\/\/minghanggroup.com\/fr\/wp-json\/wp\/v2\/media\/3227"}],"wp:attachment":[{"href":"https:\/\/minghanggroup.com\/fr\/wp-json\/wp\/v2\/media?parent=3226"}],"wp:term":[{"taxonomy":"product_brand","embeddable":true,"href":"https:\/\/minghanggroup.com\/fr\/wp-json\/wp\/v2\/product_brand?post=3226"},{"taxonomy":"product_cat","embeddable":true,"href":"https:\/\/minghanggroup.com\/fr\/wp-json\/wp\/v2\/product_cat?post=3226"},{"taxonomy":"product_tag","embeddable":true,"href":"https:\/\/minghanggroup.com\/fr\/wp-json\/wp\/v2\/product_tag?post=3226"}],"curies":[{"name":"wp","href":"https:\/\/api.w.org\/{rel}","templated":true}]}}