{"id":3041,"date":"2025-11-14T11:13:14","date_gmt":"2025-11-14T03:13:14","guid":{"rendered":"https:\/\/minghanggroup.com\/?post_type=product&#038;p=3041"},"modified":"2025-11-14T17:28:36","modified_gmt":"2025-11-14T09:28:36","slug":"custom-glass-spice-bottles-seasoning-bottle-bulk","status":"publish","type":"product","link":"https:\/\/minghanggroup.com\/fr\/produit\/custom-glass-spice-bottles-seasoning-bottle-bulk\/","title":{"rendered":"Flacons \u00e0 \u00e9pices en verre personnalis\u00e9s de 40 ml pour l&#039;assaisonnement"},"content":{"rendered":"<p>Finies les gal\u00e8res avec le rangement d\u00e9sordonn\u00e9 des \u00e9pices qui donnent une impression de d\u00e9sordre dans votre cuisine\u00a0! Nous fabriquons d&#039;\u00e9l\u00e9gants pots \u00e0 \u00e9pices en verre qui embellissent votre cuisine tout en pr\u00e9servant la fra\u00eecheur de vos \u00e9pices. Bien plus que de simples pots, ils constituent un atout discret pour votre marque, contribuant \u00e0 des cuisines et des emballages alimentaires impeccables et \u00e9l\u00e9gants.<\/p>\n<h2>Caract\u00e9ristiques du produit<\/h2>\n<ol>\n<li><strong>Col de bouteille arrondi :<\/strong>Le goulot arrondi et r\u00e9gulier de la bouteille assure une bonne \u00e9tanch\u00e9it\u00e9 et emp\u00eache ainsi toute fuite.<\/li>\n<li><strong>Bouchon agitateur pr\u00e9cis\u00a0:<\/strong>Les trous sont r\u00e9partis uniform\u00e9ment sur le couvercle m\u00e9tallique, permettant ainsi un contr\u00f4le parfait de la quantit\u00e9 d&#039;\u00e9pices, par exemple de poivre, de sel, de sucre et de farine.<\/li>\n<li><strong>Conception ergonomique :<\/strong>Les lignes lisses et fines de la bouteille, associ\u00e9es \u00e0 un design joliment fusel\u00e9, offrent une bonne prise en main et la rendent donc facile \u00e0 utiliser dans la cuisine.<\/li>\n<\/ol>\n<h2>Caract\u00e9ristiques principales<\/h2>\n<table style=\"border-collapse: collapse; width: 80%; margin-left: auto; margin-right: auto;\" border=\"0\" width=\"288\" cellspacing=\"0\" cellpadding=\"0\">\n<tbody>\n<tr style=\"height: 13.50pt;\">\n<td style=\"height: 13.5pt; width: 54pt; text-align: center;\" width=\"72\" height=\"18\">Capacit\u00e9<\/td>\n<td style=\"width: 54pt; text-align: center;\" width=\"72\">Taille<\/td>\n<td style=\"width: 54pt; text-align: center;\" width=\"72\">Options de couleur<\/td>\n<td style=\"width: 54pt; text-align: center;\" width=\"72\">Options de couvercle<\/td>\n<\/tr>\n<tr style=\"height: 13.50pt;\">\n<td style=\"height: 13.5pt; text-align: center;\" height=\"18\">40 ml<\/td>\n<td style=\"text-align: center;\">4,5 * 10 cm<\/td>\n<td style=\"text-align: center;\">Clair, personnalis\u00e9<\/td>\n<td style=\"text-align: center;\">M\u00e9tal avec des trous r\u00e9guliers<\/td>\n<\/tr>\n<\/tbody>\n<\/table>\n<h2>Cas de r\u00e9ussite<\/h2>\n<p>Nous avons \u00e9t\u00e9 contact\u00e9s par une jeune entreprise europ\u00e9enne sp\u00e9cialis\u00e9e dans les condiments, \u00e0 la recherche d&#039;un emballage refl\u00e9tant son image minimaliste et sophistiqu\u00e9e. Nous avons donc cr\u00e9\u00e9 pour eux ce flacon \u00e0 \u00e9pices en verre sur mesure. Nous avons adapt\u00e9 le design aux caract\u00e9ristiques de leurs produits, en associant un corps en verre \u00e0 un bouchon \u00e0 vis en m\u00e9tal \u00e9pais et robuste. La grande transparence du flacon met en valeur les piments, les grains de poivre et les gousses d&#039;ail aux couleurs vives, les rendant encore plus attrayants pour les consommateurs.<\/p>\n<p>Apr\u00e8s tout, ces \u00e9l\u00e9gants flacons \u00e0 \u00e9pices en verre ont jou\u00e9 un r\u00f4le d\u00e9terminant dans la croissance des ventes du client, qui a d\u00e9pass\u00e9 les 30 % au cours des trois premiers mois.<\/p>\n<h2>Conseils de personnalisation des flacons \u00e0 \u00e9pices en verre<\/h2>\n<p>Ce flacon \u00e0 condiments en verre offre une multitude d&#039;options de personnalisation pour r\u00e9pondre aux exigences pr\u00e9cises d&#039;une marque. Vous pouvez notamment choisir l&#039;\u00e9paisseur et la transparence du flacon pour un rendu visuel optimal, adapter la couleur, le traitement de surface (\u00e9lectroplacage ou rev\u00eatement) du bouchon m\u00e9tallique \u00e0 l&#039;identit\u00e9 visuelle de la marque, et ajouter une s\u00e9rigraphie, un marquage \u00e0 chaud ou des \u00e9tiquettes pour renforcer sa notori\u00e9t\u00e9. Diff\u00e9rents mod\u00e8les de perforations sont disponibles pour accueillir des assaisonnements de diff\u00e9rentes granulom\u00e9tries. De plus, vous pouvez personnaliser le volume ou l&#039;emballage cadeau pour cr\u00e9er un flacon \u00e0 condiments unique qui se d\u00e9marquera sur le march\u00e9.<\/p>","protected":false},"excerpt":{"rendered":"<p>Flacons \u00e0 \u00e9pices en verre con\u00e7us pour un dosage pr\u00e9cis. Un choix \u00e9l\u00e9gant pour le stockage en vrac, la personnalisation de votre marque et un rangement efficace en cuisine.<\/p>","protected":false},"featured_media":3042,"template":"","meta":{"postBodyCss":"","postBodyMargin":[],"postBodyPadding":[],"postBodyBackground":{"backgroundType":"classic","gradient":""}},"product_brand":[],"product_cat":[15,17,53],"product_tag":[],"class_list":{"0":"post-3041","1":"product","2":"type-product","3":"status-publish","4":"has-post-thumbnail","6":"product_cat-glass-containers","7":"product_cat-glass-jars","8":"product_cat-spice-jars","10":"first","11":"instock","12":"shipping-taxable","13":"product-type-simple"},"jetpack_sharing_enabled":true,"_links":{"self":[{"href":"https:\/\/minghanggroup.com\/fr\/wp-json\/wp\/v2\/product\/3041","targetHints":{"allow":["GET"]}}],"collection":[{"href":"https:\/\/minghanggroup.com\/fr\/wp-json\/wp\/v2\/product"}],"about":[{"href":"https:\/\/minghanggroup.com\/fr\/wp-json\/wp\/v2\/types\/product"}],"wp:featuredmedia":[{"embeddable":true,"href":"https:\/\/minghanggroup.com\/fr\/wp-json\/wp\/v2\/media\/3042"}],"wp:attachment":[{"href":"https:\/\/minghanggroup.com\/fr\/wp-json\/wp\/v2\/media?parent=3041"}],"wp:term":[{"taxonomy":"product_brand","embeddable":true,"href":"https:\/\/minghanggroup.com\/fr\/wp-json\/wp\/v2\/product_brand?post=3041"},{"taxonomy":"product_cat","embeddable":true,"href":"https:\/\/minghanggroup.com\/fr\/wp-json\/wp\/v2\/product_cat?post=3041"},{"taxonomy":"product_tag","embeddable":true,"href":"https:\/\/minghanggroup.com\/fr\/wp-json\/wp\/v2\/product_tag?post=3041"}],"curies":[{"name":"wp","href":"https:\/\/api.w.org\/{rel}","templated":true}]}}