{"id":3010,"date":"2025-11-13T16:12:11","date_gmt":"2025-11-13T08:12:11","guid":{"rendered":"https:\/\/minghanggroup.com\/?post_type=product&#038;p=3010"},"modified":"2025-11-14T10:06:03","modified_gmt":"2025-11-14T02:06:03","slug":"empty-jars-for-spices-bulk-seasoning-jar","status":"publish","type":"product","link":"https:\/\/minghanggroup.com\/fr\/produit\/empty-jars-for-spices-bulk-seasoning-jar\/","title":{"rendered":"Bocaux vides de 170 g pour \u00e9pices avec couvercles broyeurs pour assaisonnement"},"content":{"rendered":"<p>Finies les batailles avec un rangement d&#039;\u00e9pices d\u00e9sordonn\u00e9 qui encombre votre cuisine\u00a0! Nous fabriquons des bocaux vides haut de gamme pour \u00e9pices, accompagn\u00e9s d&#039;un petit moulin, qui transforment votre cuisine en un espace \u00e9l\u00e9gant tout en pr\u00e9servant la fra\u00eecheur de vos \u00e9pices. Bien plus que de simples contenants, ce sont les nouveaux atouts de votre marque pour une organisation optimale de la cuisine et un emballage alimentaire impeccable.<\/p>\n<h2>Caract\u00e9ristiques du produit<\/h2>\n<p>Contr\u00f4le pr\u00e9cis du broyage<\/p>\n<p>Le syst\u00e8me de broyage \u00e0 pointe fine vous offre un contr\u00f4le pr\u00e9cis sur la finesse du poivre, du sel ou des herbes.<\/p>\n<p>Identification des couleurs<\/p>\n<p>Les couvercles de couleurs diff\u00e9rentes (rouge, vert et noir) facilitent l&#039;identification des diff\u00e9rentes \u00e9pices dans les pots \u00e0 \u00e9pices transparents.<\/p>\n<p>Esth\u00e9tique des cuisines modernes<\/p>\n<p>Son design soign\u00e9 et \u00e9l\u00e9gant \u00e9gaye l&#039;aspect de vos bo\u00eetes de rangement de cuisine et rend votre table \u00e0 manger plus \u00e9l\u00e9gante par sa pr\u00e9sence.<\/p>\n<h2>Caract\u00e9ristiques principales<\/h2>\n<table style=\"border-collapse: collapse; width: 80%; margin-left: AUTO; margin-right: AUTO;\" border=\"0\" width=\"288\" cellspacing=\"0\" cellpadding=\"0\">\n<tbody>\n<tr style=\"height: 13.50pt;\">\n<td style=\"height: 13.5pt; width: 54pt; text-align: center;\" width=\"72\" height=\"18\">Capacit\u00e9<\/td>\n<td style=\"width: 54pt; text-align: center;\" width=\"72\">Taille<\/td>\n<td style=\"width: 54pt; text-align: center;\" width=\"72\">Options de couleur<\/td>\n<td style=\"width: 54pt; text-align: center;\" width=\"72\">Accessoires<\/td>\n<\/tr>\n<tr style=\"height: 13.50pt;\">\n<td style=\"height: 13.5pt; text-align: center;\" height=\"18\">180 ml \/ 6 oz<\/td>\n<td style=\"text-align: center;\">6,4 * 13 cm<\/td>\n<td style=\"text-align: center;\">Clair, personnalis\u00e9<\/td>\n<td style=\"text-align: center;\">Petit moulin \u00e0 \u00e9pices<\/td>\n<\/tr>\n<\/tbody>\n<\/table>\n<h2>Cas de r\u00e9ussite<\/h2>\n<p>Nous avons \u00e9t\u00e9 mandat\u00e9s par une marque alimentaire europ\u00e9enne pour personnaliser des pots \u00e0 \u00e9pices \u00e9quip\u00e9s d&#039;un broyeur int\u00e9gr\u00e9. Afin de les harmoniser avec leur gamme d&#039;assaisonnements, ils ont opt\u00e9 pour des couleurs vives pour les couvercles\u00a0: jaune pour le curcuma, rouge pour le paprika et vert pour les herbes, leur conf\u00e9rant ainsi une allure haut de gamme. Pour r\u00e9pondre \u00e0 leurs besoins en mati\u00e8re de pr\u00e9sentation en magasin, nous leur avons propos\u00e9 la vente en gros directe d&#039;usine, la gravure laser de logos et des emballages sur mesure.<\/p>\n<p>Leur nouvelle gamme de pots d&#039;assaisonnement est devenue virale tr\u00e8s rapidement, ce qui explique principalement leur pr\u00e9sence accrue en rayon et la croissance de 40 % des ventes au premier trimestre suivant le lancement.<\/p>\n<h2>Vos conseils de personnalisation<\/h2>\n<p>Dans un lot de bocaux vides pour \u00e9pices avec un petit moulin \u00e0 \u00e9pices, vous avez la possibilit\u00e9 de choisir parmi diff\u00e9rents m\u00e9canismes de broyage, par exemple en c\u00e9ramique ou en acier inoxydable, selon le type d&#039;\u00e9pice et la finesse de mouture souhait\u00e9e. Pour les commandes importantes, nous proposons un service de conditionnement en vrac, l&#039;impression de votre \u00e9tiquette priv\u00e9e et la cr\u00e9ation de coffrets personnalis\u00e9s qui valorisent votre marque et facilitent la distribution pour la vente au d\u00e9tail et la promotion.<\/p>","protected":false},"excerpt":{"rendered":"<p>Vente en gros de bocaux vides pour \u00e9pices avec petit moulin \u00e0 \u00e9pices, approvisionnement direct d&#039;usine pour les commandes en gros, logo et emballage personnalis\u00e9s disponibles pour les marques de bocaux d&#039;assaisonnement.<\/p>","protected":false},"featured_media":3019,"template":"","meta":{"postBodyCss":"","postBodyMargin":[],"postBodyPadding":[],"postBodyBackground":{"backgroundType":"classic","gradient":""}},"product_brand":[],"product_cat":[15,17,53],"product_tag":[],"class_list":{"0":"post-3010","1":"product","2":"type-product","3":"status-publish","4":"has-post-thumbnail","6":"product_cat-glass-containers","7":"product_cat-glass-jars","8":"product_cat-spice-jars","10":"first","11":"instock","12":"shipping-taxable","13":"product-type-simple"},"jetpack_sharing_enabled":true,"_links":{"self":[{"href":"https:\/\/minghanggroup.com\/fr\/wp-json\/wp\/v2\/product\/3010","targetHints":{"allow":["GET"]}}],"collection":[{"href":"https:\/\/minghanggroup.com\/fr\/wp-json\/wp\/v2\/product"}],"about":[{"href":"https:\/\/minghanggroup.com\/fr\/wp-json\/wp\/v2\/types\/product"}],"wp:featuredmedia":[{"embeddable":true,"href":"https:\/\/minghanggroup.com\/fr\/wp-json\/wp\/v2\/media\/3019"}],"wp:attachment":[{"href":"https:\/\/minghanggroup.com\/fr\/wp-json\/wp\/v2\/media?parent=3010"}],"wp:term":[{"taxonomy":"product_brand","embeddable":true,"href":"https:\/\/minghanggroup.com\/fr\/wp-json\/wp\/v2\/product_brand?post=3010"},{"taxonomy":"product_cat","embeddable":true,"href":"https:\/\/minghanggroup.com\/fr\/wp-json\/wp\/v2\/product_cat?post=3010"},{"taxonomy":"product_tag","embeddable":true,"href":"https:\/\/minghanggroup.com\/fr\/wp-json\/wp\/v2\/product_tag?post=3010"}],"curies":[{"name":"wp","href":"https:\/\/api.w.org\/{rel}","templated":true}]}}