{"id":2991,"date":"2025-11-13T15:02:56","date_gmt":"2025-11-13T07:02:56","guid":{"rendered":"https:\/\/minghanggroup.com\/?post_type=product&#038;p=2991"},"modified":"2025-11-14T10:06:14","modified_gmt":"2025-11-14T02:06:14","slug":"herb-jars-bulk-empty-spice-bottles","status":"publish","type":"product","link":"https:\/\/minghanggroup.com\/fr\/produit\/herb-jars-bulk-empty-spice-bottles\/","title":{"rendered":"Bocaux carr\u00e9s pour herbes de 113 g (4 oz) avec couvercles en acier inoxydable pour l&#039;emballage"},"content":{"rendered":"<p>Finies les batailles avec un rangement d&#039;\u00e9pices d\u00e9sordonn\u00e9 qui donne \u00e0 votre cuisine un aspect chaotique. Nous cr\u00e9ons des bocaux \u00e0 herbes haut de gamme qui transforment votre cuisine en un espace \u00e9l\u00e9gant tout en pr\u00e9servant la fra\u00eecheur de vos \u00e9pices. Bien plus que de simples contenants, ils constituent le nouvel atout de votre marque pour une organisation optimale de la cuisine et un emballage alimentaire impeccable.<\/p>\n<h2>Caract\u00e9ristiques du produit<\/h2>\n<ol>\n<li><strong>Clair comme du cristal :<\/strong>Le r\u00e9cipient transparent est id\u00e9al pour rep\u00e9rer instantan\u00e9ment les \u00e9pices, sans avoir \u00e0 deviner quand il faut le remplir.<\/li>\n<li><strong>Bouchon agitateur pr\u00e9cis\u00a0:<\/strong>Le couvercle en acier inoxydable, dot\u00e9 de trous r\u00e9guli\u00e8rement espac\u00e9s, permet un contr\u00f4le parfait de la quantit\u00e9 d&#039;\u00e9pices telles que le poivre, le sel, le sucre ou la farine.<\/li>\n<li><strong>Bouteille carr\u00e9e robuste :<\/strong>En vous donnant la possibilit\u00e9 de ranger plus d&#039;objets dans moins d&#039;espace, il permet non seulement de garder les choses bien rang\u00e9es, mais aussi d&#039;\u00e9viter qu&#039;elles ne roulent et est donc id\u00e9al pour les cuisines ou les salles \u00e0 manger.<\/li>\n<\/ol>\n<h2>Caract\u00e9ristiques principales<\/h2>\n<table style=\"border-collapse: collapse; width: 80%; margin-left: auto; margin-right: auto;\" border=\"0\" width=\"360\" cellspacing=\"0\" cellpadding=\"0\">\n<tbody>\n<tr style=\"height: 13.50pt;\">\n<td style=\"height: 13.5pt; width: 54pt; text-align: center;\" width=\"72\" height=\"18\">Capacit\u00e9<\/td>\n<td style=\"width: 54pt; text-align: center;\" width=\"72\">Taille<\/td>\n<td style=\"width: 54pt; text-align: center;\" width=\"72\">Forme<\/td>\n<td style=\"width: 54pt; text-align: center;\" width=\"72\">Options de couleur<\/td>\n<td style=\"width: 54pt; text-align: center;\" width=\"72\">Usage<\/td>\n<\/tr>\n<tr style=\"height: 13.50pt;\">\n<td style=\"height: 13.5pt; text-align: center;\" height=\"18\">120 ml (4 oz)<\/td>\n<td style=\"text-align: center;\">4*9cm<\/td>\n<td style=\"text-align: center;\">Carr\u00e9<\/td>\n<td style=\"text-align: center;\">Clair, personnalis\u00e9<\/td>\n<td style=\"text-align: center;\">Emballez le poivre, le piment, le bouillon de poulet, le sel, etc.<\/td>\n<\/tr>\n<\/tbody>\n<\/table>\n<h2>Cas de r\u00e9ussite<\/h2>\n<p>Une marque d&#039;\u00e9pices bio du Royaume-Uni nous a contact\u00e9s pour personnaliser ces bocaux \u00e0 herbes carr\u00e9s en verre. Transparents, ces bocaux laissent appara\u00eetre les couleurs naturelles des \u00e9pices, tandis que leurs couvercles m\u00e9talliques ajoutent une touche d&#039;\u00e9l\u00e9gance. La cliente a opt\u00e9 pour des couvercles argent\u00e9s personnalis\u00e9s et une \u00e9tiquette \u00e0 son nom, soulignant ainsi la tendance actuelle d&#039;une cuisine \u00e0 la fois styl\u00e9e et hygi\u00e9nique.<\/p>\n<p>Apr\u00e8s seulement trois mois depuis le d\u00e9but, les ventes en ligne de cette gamme de produits ont augment\u00e9 de 42 %.<\/p>\n<h2>Vos conseils de personnalisation<\/h2>\n<p>Transformez votre collection d&#039;herbes aromatiques avec des bocaux personnalis\u00e9s qui allient esth\u00e9tique et style. Choisissez un verre transparent ou d\u00e9poli pour sublimer les couleurs naturelles de vos herbes, et associez-les \u00e0 un couvercle herm\u00e9tique en bambou, en acier inoxydable ou noir mat pour une allure \u00e9l\u00e9gante. Apposez votre logo par s\u00e9rigraphie ou gravure laser et cr\u00e9ez des \u00e9tiquettes exclusives refl\u00e9tant l&#039;identit\u00e9 de votre marque\u00a0: bio, moderne ou luxe. Disponibles en diff\u00e9rentes tailles, ces bocaux conviennent aux herbes s\u00e9ch\u00e9es, aux \u00e9pices ou au th\u00e9. Ces flacons vides peuvent \u00e9galement composer d&#039;\u00e9l\u00e9gants coffrets cadeaux ou servir de contenants parfaits pour votre restaurant. Faites de votre gamme d&#039;\u00e9pices la plus en vogue gr\u00e2ce \u00e0 une personnalisation qui non seulement attire, mais garantit \u00e9galement que chaque pot est un gage de fra\u00eecheur et de qualit\u00e9.<\/p>","protected":false},"excerpt":{"rendered":"<p>Bocaux \u00e0 herbes et flacons \u00e0 \u00e9pices vides en verre, directement du fabricant, disponibles en gros et personnalisables. Id\u00e9aux pour les acheteurs recherchant des emballages modernes et r\u00e9sistants.<\/p>","protected":false},"featured_media":3006,"template":"","meta":{"postBodyCss":"","postBodyMargin":[],"postBodyPadding":[],"postBodyBackground":{"backgroundType":"classic","gradient":""}},"product_brand":[],"product_cat":[15,17,53],"product_tag":[],"class_list":{"0":"post-2991","1":"product","2":"type-product","3":"status-publish","4":"has-post-thumbnail","6":"product_cat-glass-containers","7":"product_cat-glass-jars","8":"product_cat-spice-jars","10":"first","11":"instock","12":"shipping-taxable","13":"product-type-simple"},"jetpack_sharing_enabled":true,"_links":{"self":[{"href":"https:\/\/minghanggroup.com\/fr\/wp-json\/wp\/v2\/product\/2991","targetHints":{"allow":["GET"]}}],"collection":[{"href":"https:\/\/minghanggroup.com\/fr\/wp-json\/wp\/v2\/product"}],"about":[{"href":"https:\/\/minghanggroup.com\/fr\/wp-json\/wp\/v2\/types\/product"}],"wp:featuredmedia":[{"embeddable":true,"href":"https:\/\/minghanggroup.com\/fr\/wp-json\/wp\/v2\/media\/3006"}],"wp:attachment":[{"href":"https:\/\/minghanggroup.com\/fr\/wp-json\/wp\/v2\/media?parent=2991"}],"wp:term":[{"taxonomy":"product_brand","embeddable":true,"href":"https:\/\/minghanggroup.com\/fr\/wp-json\/wp\/v2\/product_brand?post=2991"},{"taxonomy":"product_cat","embeddable":true,"href":"https:\/\/minghanggroup.com\/fr\/wp-json\/wp\/v2\/product_cat?post=2991"},{"taxonomy":"product_tag","embeddable":true,"href":"https:\/\/minghanggroup.com\/fr\/wp-json\/wp\/v2\/product_tag?post=2991"}],"curies":[{"name":"wp","href":"https:\/\/api.w.org\/{rel}","templated":true}]}}