{"id":2896,"date":"2025-11-12T17:01:34","date_gmt":"2025-11-12T09:01:34","guid":{"rendered":"https:\/\/minghanggroup.com\/?post_type=product&#038;p=2896"},"modified":"2025-11-14T10:06:20","modified_gmt":"2025-11-14T02:06:20","slug":"mini-spice-jars-with-metal-shaker-bulk-glass-containers","status":"publish","type":"product","link":"https:\/\/minghanggroup.com\/fr\/produit\/mini-spice-jars-with-metal-shaker-bulk-glass-containers\/","title":{"rendered":"Mini pots \u00e0 \u00e9pices de 10 ml et 15 ml avec saupoudreur en m\u00e9tal (vente en gros)"},"content":{"rendered":"<p>Finies les batailles avec un rangement d&#039;\u00e9pices d\u00e9sordonn\u00e9 qui donne \u00e0 votre cuisine un aspect chaotique. Nous cr\u00e9ons des mini-pots \u00e0 \u00e9pices haut de gamme qui transforment votre cuisine en un espace \u00e9l\u00e9gant tout en pr\u00e9servant la fra\u00eecheur de vos \u00e9pices. Bien plus que de simples contenants, ils constituent le nouvel atout de votre marque pour une organisation optimale en cuisine et un emballage alimentaire impeccable.<\/p>\n<h2>Caract\u00e9ristiques du produit<\/h2>\n<ol>\n<li><strong>Options de double forme\u00a0:<\/strong>Choisissez entre des pots \u00e0 \u00e9pices ronds ou carr\u00e9s pour une harmonie parfaite avec l&#039;esth\u00e9tique de votre marque.<\/li>\n<li><strong>Distribution de pr\u00e9cision :<\/strong>Gr\u00e2ce \u00e0 sa conception ergonomique, le bec verseur permet un contr\u00f4le parfait du d\u00e9bit d&#039;\u00e9pices pour le poivre, le sel, le sucre et la farine.<\/li>\n<li><strong>Construction durable :<\/strong>Le verre \u00e9pais avec couvercle en acier inoxydable pr\u00e9serve la fra\u00eecheur des \u00e9pices et emp\u00eache les fuites dans vos pots \u00e0 \u00e9pices en verre.<\/li>\n<\/ol>\n<h2>Caract\u00e9ristiques principales<\/h2>\n<table style=\"border-collapse: collapse; width: 80%; margin-left: auto; margin-right: auto;\" border=\"0\" width=\"360\" cellspacing=\"0\" cellpadding=\"0\">\n<tbody>\n<tr style=\"height: 13.50pt;\">\n<td style=\"height: 13.5pt; width: 54pt; text-align: center;\" width=\"72\" height=\"18\">Capacit\u00e9 (ml)<\/td>\n<td style=\"width: 54pt; text-align: center;\" width=\"72\">Taille (cm)<\/td>\n<td style=\"width: 54pt; text-align: center;\" width=\"72\">Forme<\/td>\n<td style=\"width: 54pt; text-align: center;\" width=\"72\">Options de couleur<\/td>\n<td style=\"width: 54pt; text-align: center;\" width=\"72\">Usage<\/td>\n<\/tr>\n<tr style=\"height: 13.50pt;\">\n<td style=\"height: 13.5pt; text-align: center;\" align=\"right\" height=\"18\">10<\/td>\n<td style=\"text-align: center;\">2.9 * 4.1<\/td>\n<td class=\"et2\" style=\"text-align: center;\" rowspan=\"2\">Rond, carr\u00e9<\/td>\n<td class=\"et2\" style=\"text-align: center;\" rowspan=\"2\">Clair, personnalis\u00e9<\/td>\n<td class=\"et2\" style=\"text-align: center;\" rowspan=\"2\">Emballez le poivre, le piment, le sel, etc.<\/td>\n<\/tr>\n<tr style=\"height: 13.50pt;\">\n<td style=\"height: 13.5pt; text-align: center;\" align=\"right\" height=\"18\">15<\/td>\n<td style=\"text-align: center;\">3.1 * 4.6<\/td>\n<\/tr>\n<\/tbody>\n<\/table>\n<h2>Cas de r\u00e9ussite<\/h2>\n<p>Une usine d&#039;\u00e9pices canadienne nous a contact\u00e9s pour une commande personnalis\u00e9e de mini-pots \u00e0 \u00e9pices. Ces pots, en verre transparent \u00e9l\u00e9gant et dot\u00e9s d&#039;un couvercle en acier inoxydable \u00e0 la fois esth\u00e9tique et pratique, sont parfaits pour les tables de restaurants et de caf\u00e9s. De plus, leur transparence permet aux clients d&#039;identifier rapidement les diff\u00e9rentes \u00e9pices.<\/p>\n<p>Suite au lancement du nouveau set de pots \u00e0 \u00e9pices, les clients du secteur de la restauration ont pass\u00e9 des commandes en gros, ce qui a enregistr\u00e9 une augmentation de 25 %.<\/p>\n<h2>Vos conseils de personnalisation<\/h2>\n<p>Ces petits pots \u00e0 \u00e9pices sont personnalisables \u00e0 l&#039;infini pour s&#039;adapter \u00e0 diff\u00e9rents usages et au positionnement de la marque. Par exemple, les clients peuvent choisir entre des pots carr\u00e9s ou ronds, compatibles avec diff\u00e9rents styles de pr\u00e9sentation, et le mat\u00e9riau du couvercle (acier inoxydable, alliage d&#039;aluminium ou plastique) offre un large choix de finitions : brillante, mate ou peinte. De plus, le logo ou des graduations peuvent \u00eatre imprim\u00e9s sur les pots pour une meilleure visibilit\u00e9 et un service client optimal. Enfin, pour une client\u00e8le exigeante, un coffret cadeau ou un plateau en bambou sont propos\u00e9s pour une pr\u00e9sentation plus \u00e9l\u00e9gante.<\/p>","protected":false},"excerpt":{"rendered":"<p>D\u00e9couvrez nos mini pots \u00e0 \u00e9pices\u00a0: un ensemble de contenants en verre personnalisables, disponibles pour les commandes en gros. L\u2019approvisionnement direct du fabricant garantit la qualit\u00e9, une livraison rapide et des options de personnalisation (OEM).<\/p>","protected":false},"featured_media":2897,"template":"","meta":{"postBodyCss":"","postBodyMargin":[],"postBodyPadding":[],"postBodyBackground":{"backgroundType":"classic","gradient":""}},"product_brand":[],"product_cat":[15,17,53],"product_tag":[],"class_list":{"0":"post-2896","1":"product","2":"type-product","3":"status-publish","4":"has-post-thumbnail","6":"product_cat-glass-containers","7":"product_cat-glass-jars","8":"product_cat-spice-jars","10":"first","11":"instock","12":"shipping-taxable","13":"product-type-simple"},"jetpack_sharing_enabled":true,"_links":{"self":[{"href":"https:\/\/minghanggroup.com\/fr\/wp-json\/wp\/v2\/product\/2896","targetHints":{"allow":["GET"]}}],"collection":[{"href":"https:\/\/minghanggroup.com\/fr\/wp-json\/wp\/v2\/product"}],"about":[{"href":"https:\/\/minghanggroup.com\/fr\/wp-json\/wp\/v2\/types\/product"}],"wp:featuredmedia":[{"embeddable":true,"href":"https:\/\/minghanggroup.com\/fr\/wp-json\/wp\/v2\/media\/2897"}],"wp:attachment":[{"href":"https:\/\/minghanggroup.com\/fr\/wp-json\/wp\/v2\/media?parent=2896"}],"wp:term":[{"taxonomy":"product_brand","embeddable":true,"href":"https:\/\/minghanggroup.com\/fr\/wp-json\/wp\/v2\/product_brand?post=2896"},{"taxonomy":"product_cat","embeddable":true,"href":"https:\/\/minghanggroup.com\/fr\/wp-json\/wp\/v2\/product_cat?post=2896"},{"taxonomy":"product_tag","embeddable":true,"href":"https:\/\/minghanggroup.com\/fr\/wp-json\/wp\/v2\/product_tag?post=2896"}],"curies":[{"name":"wp","href":"https:\/\/api.w.org\/{rel}","templated":true}]}}