{"id":2876,"date":"2025-11-12T15:24:00","date_gmt":"2025-11-12T07:24:00","guid":{"rendered":"https:\/\/minghanggroup.com\/?post_type=product&#038;p=2876"},"modified":"2025-11-14T10:06:26","modified_gmt":"2025-11-14T02:06:26","slug":"cute-spice-jars-season-storage-containers-wholesale","status":"publish","type":"product","link":"https:\/\/minghanggroup.com\/fr\/produit\/cute-spice-jars-season-storage-containers-wholesale\/","title":{"rendered":"Pots \u00e0 \u00e9pices mignons de 250 ml avec couvercles en bambou (vente en gros)"},"content":{"rendered":"<p>Ne vous d\u00e9battez plus avec des pots \u00e0 \u00e9pices peu esth\u00e9tiques qui rendent votre cuisine morne. Nous fabriquons des pots \u00e0 \u00e9pices adorables et de haute qualit\u00e9 qui non seulement vous permettent de conserver vos \u00e9pices fra\u00eeches, mais qui apportent aussi une touche tendance \u00e0 votre cuisine. Bien plus que de simples contenants, ils constituent le nouvel atout de votre marque pour une organisation optimale de la cuisine et un emballage alimentaire soign\u00e9.<\/p>\n<h2>Caract\u00e9ristiques du produit<\/h2>\n<ol>\n<li><strong>Motif ondul\u00e9 textur\u00e9 :<\/strong>Le motif ondul\u00e9 irr\u00e9gulier de nos jolis pots \u00e0 \u00e9pices pour le rangement de la cuisine attire le regard du client et rend les r\u00e9cipients de rangement des condiments agr\u00e9ables \u00e0 prendre en main.<\/li>\n<li><strong>Couvercle en bambou naturel :<\/strong>Les couvercles en bambou, associ\u00e9s \u00e0 des joints d&#039;\u00e9tanch\u00e9it\u00e9, pr\u00e9servent la fra\u00eecheur de vos \u00e9pices et, si vos r\u00e9cipients de rangement d&#039;\u00e9pices sont mouill\u00e9s, ils emp\u00eachent l&#039;humidit\u00e9 de les endommager.<\/li>\n<li><strong>Options de couleurs personnalis\u00e9es\u00a0:<\/strong>En choisissant une couleur transparente ou personnalis\u00e9e, vous pouvez assortir vos pots \u00e0 \u00e9pices \u00e0 votre marque et obtenir de jolis pots qui s&#039;harmonisent parfaitement avec votre image de marque.<\/li>\n<\/ol>\n<h2>Caract\u00e9ristiques principales<\/h2>\n<table style=\"border-collapse: collapse; width: 80%; margin-left: AUTO; margin-right: AUTO;\" border=\"0\" width=\"360\" cellspacing=\"0\" cellpadding=\"0\">\n<tbody>\n<tr style=\"height: 13.50pt;\">\n<td style=\"height: 13.5pt; width: 54pt; text-align: center;\" width=\"72\" height=\"18\">Capacit\u00e9<\/td>\n<td style=\"width: 54pt; text-align: center;\" width=\"72\">Mat\u00e9riels<\/td>\n<td style=\"width: 54pt; text-align: center;\" width=\"72\">Options de couleur<\/td>\n<td style=\"width: 54pt; text-align: center;\" width=\"72\">Couvercles<\/td>\n<td style=\"width: 54pt; text-align: center;\" width=\"72\">Traitement de surface<\/td>\n<\/tr>\n<tr style=\"height: 13.50pt;\">\n<td style=\"height: 13.5pt; text-align: center;\" height=\"18\">250 ml<\/td>\n<td style=\"text-align: center;\">Verre blanc de haute qualit\u00e9, verre r\u00e9sistant \u00e0 la chaleur<\/td>\n<td style=\"text-align: center;\">Clair, Accepter la personnalisation<\/td>\n<td style=\"text-align: center;\">Couvercle en bambou \/ Couvercle en verre \/ Couvercle en li\u00e8ge \/ Couvercle en plastique PE<\/td>\n<td style=\"text-align: center;\">Impression s\u00e9rigraphique\/effet d\u00e9poli\/d\u00e9calcomanie\/coloration par pulv\u00e9risation\/\u00e9tiquette, etc.<\/td>\n<\/tr>\n<\/tbody>\n<\/table>\n<h2>Cas de r\u00e9ussite<\/h2>\n<p>Notre \u00e9quipe a eu l&#039;opportunit\u00e9 de collaborer avec un restaurant canadien pour cr\u00e9er une gamme unique de jolis pots \u00e0 \u00e9pices avec couvercles en bambou personnalis\u00e9s. Ces \u00e9pices sont conserv\u00e9es dans du verre alimentaire ultra-transparent, et chaque pot est fourni avec un couvercle en bambou \u00e9cologique et une cuill\u00e8re assortie. La gravure laser du logo de la marque sur les couvercles constitue une mani\u00e8re discr\u00e8te de promouvoir l&#039;image de marque.<\/p>\n<p>De nombreux clients, qui ont remplac\u00e9 leurs contenants d&#039;\u00e9pices par ces produits, ont \u00e9crit dans leurs commentaires que le design unique des bocaux correspondait tr\u00e8s bien au style du restaurant, et que la large ouverture leur permettait de prendre facilement les \u00e9pices.<\/p>\n<h2>Vos conseils de personnalisation<\/h2>\n<p>Quel joli pot \u00e0 \u00e9pices personnalis\u00e9 pour promouvoir votre marque ! Votre logo ou image peut \u00eatre grav\u00e9 au laser sur le couvercle en bambou, alliant harmonieusement nature et image de marque. Vous pouvez \u00e9galement opter pour un couvercle en bois, en bambou color\u00e9 ou en m\u00e9tal, refl\u00e9tant ainsi les couleurs de votre marque et apportant une touche d&#039;originalit\u00e9. La partie en verre du pot est \u00e9galement personnalisable : transparente ou d\u00e9polie, elle se d\u00e9cline en diff\u00e9rentes contenances pour vos \u00e9pices. Un socle en bois ou un ensemble de cuill\u00e8res en bambou viendra parfaire l&#039;ensemble, offrant une solution id\u00e9ale pour l&#039;organisation de la cuisine et les cadeaux.<\/p>","protected":false},"excerpt":{"rendered":"<p>D\u00e9couvrez nos jolis pots \u00e0 \u00e9pices avec couvercles en bambou \u2014 des contenants de rangement pour assaisonnements directement du fabricant, personnalisables pour les commandes en gros avec livraison rapide et options OEM.<\/p>","protected":false},"featured_media":2877,"template":"","meta":{"postBodyCss":"","postBodyMargin":[],"postBodyPadding":[],"postBodyBackground":{"backgroundType":"classic","gradient":""}},"product_brand":[],"product_cat":[15,17,53],"product_tag":[],"class_list":{"0":"post-2876","1":"product","2":"type-product","3":"status-publish","4":"has-post-thumbnail","6":"product_cat-glass-containers","7":"product_cat-glass-jars","8":"product_cat-spice-jars","10":"first","11":"instock","12":"shipping-taxable","13":"product-type-simple"},"jetpack_sharing_enabled":true,"_links":{"self":[{"href":"https:\/\/minghanggroup.com\/fr\/wp-json\/wp\/v2\/product\/2876","targetHints":{"allow":["GET"]}}],"collection":[{"href":"https:\/\/minghanggroup.com\/fr\/wp-json\/wp\/v2\/product"}],"about":[{"href":"https:\/\/minghanggroup.com\/fr\/wp-json\/wp\/v2\/types\/product"}],"wp:featuredmedia":[{"embeddable":true,"href":"https:\/\/minghanggroup.com\/fr\/wp-json\/wp\/v2\/media\/2877"}],"wp:attachment":[{"href":"https:\/\/minghanggroup.com\/fr\/wp-json\/wp\/v2\/media?parent=2876"}],"wp:term":[{"taxonomy":"product_brand","embeddable":true,"href":"https:\/\/minghanggroup.com\/fr\/wp-json\/wp\/v2\/product_brand?post=2876"},{"taxonomy":"product_cat","embeddable":true,"href":"https:\/\/minghanggroup.com\/fr\/wp-json\/wp\/v2\/product_cat?post=2876"},{"taxonomy":"product_tag","embeddable":true,"href":"https:\/\/minghanggroup.com\/fr\/wp-json\/wp\/v2\/product_tag?post=2876"}],"curies":[{"name":"wp","href":"https:\/\/api.w.org\/{rel}","templated":true}]}}