{"id":2836,"date":"2025-11-12T14:04:17","date_gmt":"2025-11-12T06:04:17","guid":{"rendered":"https:\/\/minghanggroup.com\/?post_type=product&#038;p=2836"},"modified":"2025-11-14T10:06:33","modified_gmt":"2025-11-14T02:06:33","slug":"spice-shaker-jars-wholesaler-glass-jars-factory","status":"publish","type":"product","link":"https:\/\/minghanggroup.com\/fr\/produit\/spice-shaker-jars-wholesaler-glass-jars-factory\/","title":{"rendered":"Pots \u00e0 \u00e9pices de 85 ml avec couvercles pour le rangement"},"content":{"rendered":"<p>Ne laissez plus un pot \u00e0 herbes mal rang\u00e9 vous causer des soucis et donner une impression de d\u00e9sordre \u00e0 votre cuisine. Nous fabriquons des pots \u00e0 \u00e9pices haut de gamme qui, en plus d&#039;embellir votre cuisine, pr\u00e9servent la fra\u00eecheur de vos \u00e9pices. Bien plus que de simples contenants, ils constituent le nouvel atout de votre marque pour une cuisine bien organis\u00e9e et un emballage alimentaire optimal.<\/p>\n<h2>Caract\u00e9ristiques du produit<\/h2>\n<p><strong>Poign\u00e9e ergonomique :<\/strong>La forme arrondie et lisse de la poign\u00e9e de votre pot \u00e0 herbes le rend confortable et facile \u00e0 manipuler pour une utilisation en cuisine.<\/p>\n<p><strong>Personnalisation des couleurs\u00a0:<\/strong>Vous pouvez choisir la couleur du couvercle parmi le noir, le rouge, le jaune, l&#039;argent\u00e9 ou le vert pour l&#039;assortir \u00e0 votre marque de pot \u00e0 herbes.<\/p>\n<p><strong>Bouchon agitateur de pr\u00e9cision\u00a0:<\/strong>Les trous permettent de contr\u00f4ler parfaitement le flux d&#039;\u00e9pices pour le poivre, le sel, le sucre et la farine.<\/p>\n<h2>Caract\u00e9ristiques principales<\/h2>\n<table style=\"border-collapse: collapse; width: 80%; margin-left: AUTO; margin-right: AUTO;\" border=\"0\" width=\"288\" cellspacing=\"0\" cellpadding=\"0\">\n<tbody>\n<tr style=\"height: 13.50pt;\">\n<td style=\"height: 13.5pt; width: 54pt; text-align: center;\" width=\"72\" height=\"18\">Capacit\u00e9<\/td>\n<td style=\"width: 54pt; text-align: center;\" width=\"72\">Couvercles<\/td>\n<td style=\"width: 54pt; text-align: center;\" width=\"72\">Options de couleur<\/td>\n<td style=\"width: 54pt; text-align: center;\" width=\"72\">Usage<\/td>\n<\/tr>\n<tr style=\"height: 13.50pt;\">\n<td style=\"height: 13.5pt; text-align: center;\" height=\"18\">85 ml<\/td>\n<td style=\"text-align: center;\">Bouchon \u00e0 vis papillon<\/td>\n<td style=\"text-align: center;\">Clair, personnalis\u00e9<\/td>\n<td style=\"text-align: center;\">Herbes s\u00e9ch\u00e9es, \u00e9pices, poivre, m\u00e9langes \u00e0 frotter et plus encore<\/td>\n<\/tr>\n<\/tbody>\n<\/table>\n<h2>Cas de r\u00e9ussite<\/h2>\n<p>Un fabricant canadien d&#039;articles m\u00e9nagers nous a contact\u00e9s pour personnaliser ce pot \u00e0 herbes, ainsi qu&#039;un pot \u00e0 vanille transparent afin de mettre en valeur les couleurs pures des \u00e9pices. La marque a cr\u00e9\u00e9 un code couleur simple et intuitif pour les diff\u00e9rentes \u00e9pices en personnalisant les couvercles \u00e0 clapet rouges, jaunes et verts.<\/p>\n<p>Le r\u00e9sultat s&#039;est av\u00e9r\u00e9 tr\u00e8s impressionnant\u00a0: le produit est non seulement devenu plus visible en rayon, mais a \u00e9galement entra\u00een\u00e9 une augmentation des ventes de 25\u00a0% en trois mois.<\/p>\n<h2>Vos conseils de personnalisation<\/h2>\n<p>L&#039;un des meilleurs moyens d&#039;accro\u00eetre la notori\u00e9t\u00e9 de votre marque est de personnaliser vos pots \u00e0 \u00e9pices avec un design tendance et \u00e9l\u00e9gant. Pensez \u00e0 personnaliser la couleur du couvercle, par exemple en choisissant des couleurs vives comme le rouge, le vert ou le jaune, pour identifier les diff\u00e9rentes \u00e9pices. Cela facilite le rangement et met en valeur vos produits en rayon. Vous pouvez \u00e9galement apposer votre logo, une gravure ou une \u00e9tiquette sur le bouchon ou le pot. Optez pour un joint \u00e9tanche \u00e0 l&#039;humidit\u00e9 ou du verre d\u00e9poli pour une finition soign\u00e9e et assurez-vous que l&#039;apparence et la fonctionnalit\u00e9 du produit soient en accord avec l&#039;identit\u00e9 de votre marque.<\/p>","protected":false},"excerpt":{"rendered":"<p>D\u00e9couvrez des pots \u00e0 \u00e9pices et des pots \u00e0 herbes aux couleurs \u00e9clatantes \u2013 directement du fabricant, personnalisables et disponibles en commandes en gros pour r\u00e9pondre \u00e0 tous vos besoins en emballage d&#039;assaisonnement.<\/p>","protected":false},"featured_media":2866,"template":"","meta":{"postBodyCss":"","postBodyMargin":[],"postBodyPadding":[],"postBodyBackground":{"backgroundType":"classic","gradient":""}},"product_brand":[],"product_cat":[15,17,53],"product_tag":[],"class_list":{"0":"post-2836","1":"product","2":"type-product","3":"status-publish","4":"has-post-thumbnail","6":"product_cat-glass-containers","7":"product_cat-glass-jars","8":"product_cat-spice-jars","10":"first","11":"instock","12":"shipping-taxable","13":"product-type-simple"},"jetpack_sharing_enabled":true,"_links":{"self":[{"href":"https:\/\/minghanggroup.com\/fr\/wp-json\/wp\/v2\/product\/2836","targetHints":{"allow":["GET"]}}],"collection":[{"href":"https:\/\/minghanggroup.com\/fr\/wp-json\/wp\/v2\/product"}],"about":[{"href":"https:\/\/minghanggroup.com\/fr\/wp-json\/wp\/v2\/types\/product"}],"wp:featuredmedia":[{"embeddable":true,"href":"https:\/\/minghanggroup.com\/fr\/wp-json\/wp\/v2\/media\/2866"}],"wp:attachment":[{"href":"https:\/\/minghanggroup.com\/fr\/wp-json\/wp\/v2\/media?parent=2836"}],"wp:term":[{"taxonomy":"product_brand","embeddable":true,"href":"https:\/\/minghanggroup.com\/fr\/wp-json\/wp\/v2\/product_brand?post=2836"},{"taxonomy":"product_cat","embeddable":true,"href":"https:\/\/minghanggroup.com\/fr\/wp-json\/wp\/v2\/product_cat?post=2836"},{"taxonomy":"product_tag","embeddable":true,"href":"https:\/\/minghanggroup.com\/fr\/wp-json\/wp\/v2\/product_tag?post=2836"}],"curies":[{"name":"wp","href":"https:\/\/api.w.org\/{rel}","templated":true}]}}