{"id":2772,"date":"2025-11-12T10:39:54","date_gmt":"2025-11-12T02:39:54","guid":{"rendered":"https:\/\/minghanggroup.com\/?post_type=product&#038;p=2772"},"modified":"2026-03-02T15:08:54","modified_gmt":"2026-03-02T07:08:54","slug":"bulk-transparent-round-glass-hot-sauce-containers","status":"publish","type":"product","link":"https:\/\/minghanggroup.com\/fr\/produit\/bulk-transparent-round-glass-hot-sauce-containers\/","title":{"rendered":"Contenants ronds en verre transparent de 225 ml pour sauce piquante (vente en gros)"},"content":{"rendered":"<p>Ces flacons de sauce piquante sont pr\u00e9sent\u00e9s dans une bouteille en verre transparente, fine et \u00e9l\u00e9gante, munie d&#039;un bouchon \u00e0 vis noir, ce qui permet \u00e0 chacun de voir tr\u00e8s facilement la couleur rouge vif de la sauce ainsi que les flocons de piment rouge.<\/p>\n<h2>Caract\u00e9ristiques du produit<\/h2>\n<ul>\n<li><strong>Verre transparent :<\/strong> Un r\u00e9cipient en verre transparent est un excellent outil qui r\u00e9v\u00e8le au client la richesse de la couleur et la puret\u00e9 de la sauce piquante.<\/li>\n<li><strong>Bouchon \u00e0 vis noir :<\/strong> Un bouchon \u00e0 vis noir herm\u00e9tique pour sauce piquante est tr\u00e8s efficace pour \u00e9viter les fuites pendant le transport de la sauce.<\/li>\n<li><strong>Confort et facilit\u00e9 d&#039;utilisation :<\/strong> La forme fine et \u00e9l\u00e9gante de la bouteille \u00e9pousera parfaitement la main, de sorte que les acheteurs n&#039;auront aucun probl\u00e8me pour verser et contr\u00f4ler la quantit\u00e9 de produit.<\/li>\n<\/ul>\n<h2 style=\"text-align: left;\">Caract\u00e9ristiques principales<\/h2>\n<table class=\"aligncenter\" style=\"border-collapse: collapse; width: 492.77pt;\" border=\"0\" width=\"657\" cellspacing=\"0\" cellpadding=\"0\">\n<tbody>\n<tr style=\"height: 13.50pt;\">\n<td style=\"height: 13.50pt; width: 107.25pt;\" width=\"143\" height=\"18\">Sp\u00e9cification<\/td>\n<td style=\"width: 385.50pt;\" width=\"514\">D\u00e9tails<\/td>\n<\/tr>\n<tr style=\"height: 13.50pt;\">\n<td style=\"height: 13.50pt;\" height=\"18\">Capacit\u00e9<\/td>\n<td>250 ml (8 oz)<\/td>\n<\/tr>\n<tr style=\"height: 13.50pt;\">\n<td style=\"height: 13.50pt;\" height=\"18\">Dimensions<\/td>\n<td>5,2 cm \u00d7 18,9 cm<\/td>\n<\/tr>\n<tr style=\"height: 13.50pt;\">\n<td style=\"height: 13.50pt;\" height=\"18\">Mat\u00e9riel<\/td>\n<td>stout en verre transparent de qualit\u00e9 alimentaire<\/td>\n<\/tr>\n<tr style=\"height: 13.50pt;\">\n<td style=\"height: 13.50pt;\" height=\"18\">Type de bouteille<\/td>\n<td>Bouteille ronde en verre \u00e0 long col, fond plat et \u00e9paulement lisse.<\/td>\n<\/tr>\n<tr style=\"height: 13.50pt;\">\n<td style=\"height: 13.50pt;\" height=\"18\">Fermeture<\/td>\n<td>Filetage standard (compatible avec les bouchons en plastique\/m\u00e9tal + doublure)<\/td>\n<\/tr>\n<tr style=\"height: 13.50pt;\">\n<td style=\"height: 13.50pt;\" height=\"18\">Id\u00e9al pour<\/td>\n<td>Sauce piquante, sauce barbecue, vinaigrette<\/td>\n<\/tr>\n<tr style=\"height: 13.50pt;\">\n<td style=\"height: 13.50pt;\" height=\"18\">Cas d&#039;utilisation<\/td>\n<td>Contenants de sauce vides, bouteilles de sauce piquante en vrac<\/td>\n<\/tr>\n<\/tbody>\n<\/table>\n<h2>\u00c9tude de cas r\u00e9el : L&#039;histoire d&#039;un fabricant de sauces artisanales<\/h2>\n<p>\u00c0 la recherche d&#039;un produit de qualit\u00e9 refl\u00e9tant l&#039;image de leur marque, une start-up sp\u00e9cialis\u00e9e dans la production artisanale de sauces uniques avait besoin de contenants fiables pour ses sauces piquantes. Leur choix s&#039;est port\u00e9 sur cette bouteille en verre de 250 ml. Et quels ont \u00e9t\u00e9 les r\u00e9sultats de leurs tests en ligne\u00a0? Leur chiffre d&#039;affaires e-commerce a progress\u00e9 de 20\u00a0% au premier trimestre, et les consommateurs ont notamment cit\u00e9 l&#039;\u00e9l\u00e9gance du packaging comme principal facteur d&#039;achat. L&#039;\u00e9tanch\u00e9it\u00e9 du flacon a \u00e9galement permis de r\u00e9duire de 95\u00a0% le nombre de marchandises endommag\u00e9es. Forte d&#039;une commande de 200\u00a0000 bouteilles pour ses deux nouveaux produits, la start-up a exprim\u00e9 sa grande satisfaction quant aux performances du flacon.<\/p>\n<h2>Solutions personnalis\u00e9es pour contenants de sauce piquante<\/h2>\n<ul>\n<li><strong>Marquages \u200b\u200bde capacit\u00e9 s\u00e9rigraphi\u00e9s\u00a0:<\/strong> Rendez les marquages \u200b\u200bde capacit\u00e9 permanents en les imprimant, pour allier praticit\u00e9 et professionnalisme.<\/li>\n<li><strong>Couleurs de verre personnalis\u00e9es\u00a0:<\/strong> Optez pour des verres de couleur ambre ou verte afin de prot\u00e9ger les sauces sensibles \u00e0 la lumi\u00e8re.<\/li>\n<li><strong>Motifs en verre textur\u00e9\u00a0:<\/strong> L&#039;id\u00e9e de surfaces textur\u00e9es offre non seulement un effet visuel saisissant, mais r\u00e9sout \u00e9galement le probl\u00e8me de l&#039;adh\u00e9rence en alliant esth\u00e9tique et fonctionnalit\u00e9.<\/li>\n<li><strong>R\u00e9gulateurs de d\u00e9bit d\u00e9di\u00e9s\u00a0:<\/strong> Concevoir des r\u00e9gulateurs de d\u00e9bit d\u00e9di\u00e9s pour r\u00e9guler le d\u00e9bit des produits plus \u00e9pais tels que les sirops ou les sauces.<\/li>\n<\/ul>","protected":false},"excerpt":{"rendered":"<p>Bouteilles en verre fin pour sauce piquante en vrac, avec bouchons noirs, con\u00e7ues comme des contenants pratiques pour les sauces. Contenants parfaits pour la vente en gros de sauce piquante avec livraison rapide.<\/p>","protected":false},"featured_media":2853,"template":"","meta":{"postBodyCss":"","postBodyMargin":[],"postBodyPadding":[],"postBodyBackground":{"backgroundType":"classic","gradient":""}},"product_brand":[],"product_cat":[15,16,54],"product_tag":[72,98],"class_list":{"0":"post-2772","1":"product","2":"type-product","3":"status-publish","4":"has-post-thumbnail","6":"product_cat-glass-containers","7":"product_cat-glass-bottles","8":"product_cat-hot-sauce-bottles","9":"product_tag-juice-bottles","10":"product_tag-salad-dressing-bottles","12":"first","13":"instock","14":"shipping-taxable","15":"product-type-simple"},"jetpack_sharing_enabled":true,"_links":{"self":[{"href":"https:\/\/minghanggroup.com\/fr\/wp-json\/wp\/v2\/product\/2772","targetHints":{"allow":["GET"]}}],"collection":[{"href":"https:\/\/minghanggroup.com\/fr\/wp-json\/wp\/v2\/product"}],"about":[{"href":"https:\/\/minghanggroup.com\/fr\/wp-json\/wp\/v2\/types\/product"}],"wp:featuredmedia":[{"embeddable":true,"href":"https:\/\/minghanggroup.com\/fr\/wp-json\/wp\/v2\/media\/2853"}],"wp:attachment":[{"href":"https:\/\/minghanggroup.com\/fr\/wp-json\/wp\/v2\/media?parent=2772"}],"wp:term":[{"taxonomy":"product_brand","embeddable":true,"href":"https:\/\/minghanggroup.com\/fr\/wp-json\/wp\/v2\/product_brand?post=2772"},{"taxonomy":"product_cat","embeddable":true,"href":"https:\/\/minghanggroup.com\/fr\/wp-json\/wp\/v2\/product_cat?post=2772"},{"taxonomy":"product_tag","embeddable":true,"href":"https:\/\/minghanggroup.com\/fr\/wp-json\/wp\/v2\/product_tag?post=2772"}],"curies":[{"name":"wp","href":"https:\/\/api.w.org\/{rel}","templated":true}]}}