{"id":2749,"date":"2025-11-12T11:33:21","date_gmt":"2025-11-12T03:33:21","guid":{"rendered":"https:\/\/minghanggroup.com\/?post_type=product&#038;p=2749"},"modified":"2025-11-14T10:06:40","modified_gmt":"2025-11-14T02:06:40","slug":"4oz-glass-herb-jars-with-bamboo-lid-for-seasoning","status":"publish","type":"product","link":"https:\/\/minghanggroup.com\/fr\/produit\/4oz-glass-herb-jars-with-bamboo-lid-for-seasoning\/","title":{"rendered":"Bocaux \u00e0 herbes en verre de 120 ml avec couvercle en bambou pour l&#039;assaisonnement"},"content":{"rendered":"<p>Ne vous d\u00e9battez plus avec un rangement inadapt\u00e9 pour vos \u00e9pices qui ne fait qu&#039;encombrer votre cuisine. Nous fabriquons des pots \u00e0 \u00e9pices carr\u00e9s en verre de haute qualit\u00e9 qui non seulement pr\u00e9servent la fra\u00eecheur de vos \u00e9pices, mais embellissent aussi votre cuisine. Bien plus que de simples contenants, ils constituent le nouvel atout de votre marque pour une organisation optimale de la cuisine et un emballage alimentaire impeccable.<\/p>\n<h2>Caract\u00e9ristiques du produit<\/h2>\n<p>Options de couleurs \u00e9clatantes\u00a0: Pour les bocaux \u00e0 herbes et les r\u00e9cipients \u00e0 \u00e9pices en verre, vous pouvez choisir l\u2019ambre, le rouge, le bleu ou le vert pour une correspondance parfaite avec l\u2019image de votre marque.<\/p>\n<p>Couvercle en bambou naturel\u00a0: les couvercles en bambou offrent non seulement un aspect naturel \u00e0 vos r\u00e9cipients \u00e0 \u00e9pices, mais aussi une fermeture herm\u00e9tique\u00a0\u2014 quoi de plus parfait pour le poivre, le sel et les herbes\u00a0?<\/p>\n<p>Design carr\u00e9 moderne : La forme carr\u00e9e \u00e9l\u00e9gante de vos bo\u00eetes de rangement pour la cuisine et de votre collection d&#039;\u00e9pices est ce qui les rend exceptionnelles \u2014 pour toute entreprise alimentaire, rien qu&#039;en les regardant.<\/p>\n<h2>Caract\u00e9ristiques principales<\/h2>\n<table style=\"border-collapse: collapse; width: 80%; margin-left: auto; margin-right: auto;\" border=\"0\" width=\"360\" cellspacing=\"0\" cellpadding=\"0\">\n<tbody>\n<tr style=\"height: 13.50pt;\">\n<td style=\"height: 13.5pt; width: 54pt; text-align: center;\" width=\"72\" height=\"18\">Capacit\u00e9<\/td>\n<td style=\"width: 54pt; text-align: center;\" width=\"72\">Forme<\/td>\n<td style=\"width: 54pt; text-align: center;\" width=\"72\">Options de couleur<\/td>\n<td style=\"width: 54pt; text-align: center;\" width=\"72\">Mat\u00e9riel<\/td>\n<td style=\"width: 54pt; text-align: center;\" width=\"72\">Options de couvercle<\/td>\n<\/tr>\n<tr style=\"height: 13.50pt;\">\n<td style=\"height: 13.5pt; text-align: center;\" height=\"18\">120 ml \/ 4 oz<\/td>\n<td style=\"text-align: center;\">Carr\u00e9<\/td>\n<td style=\"text-align: center;\">Ambre, rouge, bleu, vert, personnalis\u00e9<\/td>\n<td style=\"text-align: center;\">Verre r\u00e9sistant<\/td>\n<td style=\"text-align: center;\">Bambou, m\u00e9tal, plastique, couvercles \u00e0 secouer<\/td>\n<\/tr>\n<\/tbody>\n<\/table>\n<h2>Cas de r\u00e9ussite<\/h2>\n<p>Une marque bio europ\u00e9enne s&#039;est associ\u00e9e \u00e0 nous pour d\u00e9velopper une gamme de pots \u00e0 \u00e9pices carr\u00e9s en verre haut de gamme pour sa ligne vanille. Afin de pr\u00e9server la fra\u00eecheur des \u00e9pices et de les prot\u00e9ger de la lumi\u00e8re, elle a opt\u00e9 pour des pots en verre ambr\u00e9 profond et bleu cobalt. Par ailleurs, l&#039;image \u00e9co-responsable de la marque a \u00e9t\u00e9 renforc\u00e9e par des couvercles en bambou personnalis\u00e9s, orn\u00e9s du logo.<\/p>\n<p>Apr\u00e8s le lancement du produit, les ventes de la marque ont augment\u00e9 de 28 %.<\/p>\n<h2>Vos conseils de personnalisation<\/h2>\n<p>Les pots \u00e0 \u00e9pices carr\u00e9s en verre sont suffisamment adaptables pour convenir \u00e0 diff\u00e9rents positionnements de marque et peuvent \u00eatre fabriqu\u00e9s en verre ambr\u00e9, bleu, vert ou transparent afin de s&#039;harmoniser avec la palette de couleurs de chaque gamme d&#039;herbes ou d&#039;\u00e9pices. Les couvercles peuvent \u00eatre en bambou, en aluminium ou en plastique et arborer le logo de la marque, grav\u00e9 au laser ou imprim\u00e9, contribuant ainsi \u00e0 une image de marque \u00e0 la fois naturelle et moderne. De plus, il est possible d&#039;opter pour des joints d&#039;\u00e9tanch\u00e9it\u00e9 \u00e9tanches \u00e0 l&#039;humidit\u00e9, des couvercles avec trou de saupoudrage ou des couvercles cuill\u00e8re, am\u00e9liorant ainsi la fonctionnalit\u00e9 et l&#039;esth\u00e9tique des pots \u00e0 \u00e9pices. Ces derniers deviennent alors non seulement des outils de rangement, mais aussi un \u00e9l\u00e9ment de d\u00e9coration \u00e0 part enti\u00e8re pour la cuisine de la marque.<\/p>","protected":false},"excerpt":{"rendered":"<p>\u00c9l\u00e9gants bocaux \u00e0 herbes en verre avec couvercles en bambou \u2014 vente directe d&#039;usine, personnalisables et disponibles en gros pour donner une touche de modernit\u00e9 \u00e0 l&#039;emballage de vos \u00e9pices.<\/p>","protected":false},"featured_media":2750,"template":"","meta":{"postBodyCss":"","postBodyMargin":[],"postBodyPadding":[],"postBodyBackground":{"backgroundType":"classic","gradient":""}},"product_brand":[],"product_cat":[15,17,53],"product_tag":[],"class_list":{"0":"post-2749","1":"product","2":"type-product","3":"status-publish","4":"has-post-thumbnail","6":"product_cat-glass-containers","7":"product_cat-glass-jars","8":"product_cat-spice-jars","10":"first","11":"instock","12":"shipping-taxable","13":"product-type-simple"},"jetpack_sharing_enabled":true,"_links":{"self":[{"href":"https:\/\/minghanggroup.com\/fr\/wp-json\/wp\/v2\/product\/2749","targetHints":{"allow":["GET"]}}],"collection":[{"href":"https:\/\/minghanggroup.com\/fr\/wp-json\/wp\/v2\/product"}],"about":[{"href":"https:\/\/minghanggroup.com\/fr\/wp-json\/wp\/v2\/types\/product"}],"wp:featuredmedia":[{"embeddable":true,"href":"https:\/\/minghanggroup.com\/fr\/wp-json\/wp\/v2\/media\/2750"}],"wp:attachment":[{"href":"https:\/\/minghanggroup.com\/fr\/wp-json\/wp\/v2\/media?parent=2749"}],"wp:term":[{"taxonomy":"product_brand","embeddable":true,"href":"https:\/\/minghanggroup.com\/fr\/wp-json\/wp\/v2\/product_brand?post=2749"},{"taxonomy":"product_cat","embeddable":true,"href":"https:\/\/minghanggroup.com\/fr\/wp-json\/wp\/v2\/product_cat?post=2749"},{"taxonomy":"product_tag","embeddable":true,"href":"https:\/\/minghanggroup.com\/fr\/wp-json\/wp\/v2\/product_tag?post=2749"}],"curies":[{"name":"wp","href":"https:\/\/api.w.org\/{rel}","templated":true}]}}