{"id":2660,"date":"2025-11-11T16:16:12","date_gmt":"2025-11-11T08:16:12","guid":{"rendered":"https:\/\/minghanggroup.com\/?post_type=product&#038;p=2660"},"modified":"2026-03-02T15:09:28","modified_gmt":"2026-03-02T07:09:28","slug":"bulk-round-hot-sause-bottles-for-pepper-sauce","status":"publish","type":"product","link":"https:\/\/minghanggroup.com\/fr\/produit\/bulk-round-hot-sause-bottles-for-pepper-sauce\/","title":{"rendered":"Bouteilles rondes en vrac pour sauce piquante au poivre, 250 ml, 350 ml, 500 ml"},"content":{"rendered":"<p>Ces bouteilles de sauce piquante sont en verre transparent, avec des lignes lisses et arrondies, chacune pr\u00e9sentant trois tailles diff\u00e9rentes. Elles sont munies d&#039;un bouchon \u00e0 vis rouge vif, \u00e0 la fois pratique et esth\u00e9tique.<\/p>\n<h2>Caract\u00e9ristiques du produit<\/h2>\n<ul>\n<li><strong>Mat\u00e9riau en verre pur :<\/strong> Dans les r\u00e9cipients en verre transparent, rares sont les clients qui peuvent r\u00e9sister \u00e0 l&#039;attrait de la couleur vive et de la texture de la sauce chili.<\/li>\n<li><strong>Sceau de s\u00e9curit\u00e9 et d&#039;\u00e9tanch\u00e9it\u00e9 :<\/strong> La fra\u00eecheur du produit est assur\u00e9e par un bouchon \u00e0 vis, un joint inviolable, et les fuites sont \u00e9vit\u00e9es pendant le transport et le stockage du produit.<\/li>\n<li><strong>Design minimaliste de bouteille\u00a0:<\/strong> Sa forme \u00e9pur\u00e9e et cylindrique, associ\u00e9e \u00e0 des lignes douces et \u00e9l\u00e9gantes, offre une combinaison de fonctionnalit\u00e9 et de facilit\u00e9 de rangement.<\/li>\n<\/ul>\n<h2 style=\"text-align: left;\">Caract\u00e9ristiques principales<\/h2>\n<table class=\"aligncenter\" style=\"border-collapse: collapse; width: 588.77pt;\" border=\"0\" width=\"785\" cellspacing=\"0\" cellpadding=\"0\">\n<tbody>\n<tr style=\"height: 13.50pt;\">\n<td style=\"height: 13.50pt; width: 108.75pt;\" width=\"145\" height=\"18\">Sp\u00e9cification<\/td>\n<td style=\"width: 480.00pt;\" width=\"640\">D\u00e9tails<\/td>\n<\/tr>\n<tr style=\"height: 13.50pt;\">\n<td style=\"height: 13.50pt;\" height=\"18\">Mat\u00e9riel<\/td>\n<td>stout en verre transparent (qualit\u00e9 alimentaire)<\/td>\n<\/tr>\n<tr style=\"height: 13.50pt;\">\n<td style=\"height: 13.50pt;\" height=\"18\">Forme de bouteille<\/td>\n<td>Bouteille ronde en verre \u00e0 parois droites, \u00e0 fond plat et \u00e0 \u00e9paulement lisse<\/td>\n<\/tr>\n<tr style=\"height: 13.50pt;\">\n<td style=\"height: 13.50pt;\" height=\"18\">Tailles disponibles<\/td>\n<td>250 ml (5,2 cm \u00d7 17,8 cm), 350 ml (5,8 cm \u00d7 19,5 cm), 500 ml (6,5 cm \u00d7 21,7 cm)<\/td>\n<\/tr>\n<tr style=\"height: 13.50pt;\">\n<td style=\"height: 13.50pt;\" height=\"18\">Id\u00e9al pour<\/td>\n<td>Bouteille de sauce piquante, bouteilles pour sauce au poivre<\/td>\n<\/tr>\n<\/tbody>\n<\/table>\n<h2>Succ\u00e8s : Une marque de sauce chili florissante<\/h2>\n<p>L&#039;un de nos clients, une start-up sp\u00e9cialis\u00e9e dans la production artisanale de sauce chili en petites quantit\u00e9s, recherchait des bouteilles pour sa sauce piquante capables de r\u00e9pondre \u00e0 la demande croissante. Ils ont finalement opt\u00e9 pour nos bouteilles en verre de 350 ml. Six mois apr\u00e8s leur lancement, leur chiffre d&#039;affaires a progress\u00e9 de 40 %, la robustesse du verre a permis de r\u00e9duire la casse de 30 %, et en moins d&#039;un an, ils ont pass\u00e9 une nouvelle commande de 500\u00a0000 bouteilles. Ils attribuent leur succ\u00e8s et les commandes suivantes \u00e0 la solidit\u00e9 des bouteilles pendant le transport et aux retours positifs des clients quant \u00e0 leur praticit\u00e9.<\/p>\n<h2>Suggestions de personnalisation pour les bouteilles de sauce piquante<\/h2>\n<ul>\n<li><strong>Logo imprim\u00e9 :<\/strong> Apposez votre logo directement sur la bouteille en verre pour obtenir une apparence haut de gamme.<\/li>\n<li><strong>Dipl\u00f4mes s\u00e9rigraphi\u00e9s :<\/strong> Imprimer des graduations permanentes thermodurcissables pour indiquer le volume.<\/li>\n<li><strong>Verre color\u00e9 :<\/strong> Prot\u00e9gez votre produit sensible \u00e0 la lumi\u00e8re avec un r\u00e9cipient en verre ambr\u00e9 ou vert plut\u00f4t qu&#039;un r\u00e9cipient transparent.<\/li>\n<li><strong>Marquage \u00e0 l&#039;acide :<\/strong> Personnalisez votre cr\u00e9ation gr\u00e2ce \u00e0 la technique de la gravure sur verre, et obtenez ainsi une image de marque \u00e9l\u00e9gante et intemporelle.<\/li>\n<\/ul>","protected":false},"excerpt":{"rendered":"<p>Bouteille transparente pour sauce piquante avec bouchon \u00e0 vis rouge, design cylindrique \u00e9l\u00e9gant et \u00e9pur\u00e9. Id\u00e9ale pour le conditionnement de sauce piquante. \u00c9chantillons gratuits disponibles.<\/p>","protected":false},"featured_media":2684,"template":"","meta":{"postBodyCss":"","postBodyMargin":[],"postBodyPadding":[],"postBodyBackground":{"backgroundType":"classic","gradient":""}},"product_brand":[],"product_cat":[15,16,54],"product_tag":[98],"class_list":{"0":"post-2660","1":"product","2":"type-product","3":"status-publish","4":"has-post-thumbnail","6":"product_cat-glass-containers","7":"product_cat-glass-bottles","8":"product_cat-hot-sauce-bottles","9":"product_tag-salad-dressing-bottles","11":"first","12":"instock","13":"shipping-taxable","14":"product-type-simple"},"jetpack_sharing_enabled":true,"_links":{"self":[{"href":"https:\/\/minghanggroup.com\/fr\/wp-json\/wp\/v2\/product\/2660","targetHints":{"allow":["GET"]}}],"collection":[{"href":"https:\/\/minghanggroup.com\/fr\/wp-json\/wp\/v2\/product"}],"about":[{"href":"https:\/\/minghanggroup.com\/fr\/wp-json\/wp\/v2\/types\/product"}],"wp:featuredmedia":[{"embeddable":true,"href":"https:\/\/minghanggroup.com\/fr\/wp-json\/wp\/v2\/media\/2684"}],"wp:attachment":[{"href":"https:\/\/minghanggroup.com\/fr\/wp-json\/wp\/v2\/media?parent=2660"}],"wp:term":[{"taxonomy":"product_brand","embeddable":true,"href":"https:\/\/minghanggroup.com\/fr\/wp-json\/wp\/v2\/product_brand?post=2660"},{"taxonomy":"product_cat","embeddable":true,"href":"https:\/\/minghanggroup.com\/fr\/wp-json\/wp\/v2\/product_cat?post=2660"},{"taxonomy":"product_tag","embeddable":true,"href":"https:\/\/minghanggroup.com\/fr\/wp-json\/wp\/v2\/product_tag?post=2660"}],"curies":[{"name":"wp","href":"https:\/\/api.w.org\/{rel}","templated":true}]}}