{"id":2624,"date":"2025-11-11T17:02:12","date_gmt":"2025-11-11T09:02:12","guid":{"rendered":"https:\/\/minghanggroup.com\/?post_type=product&#038;p=2624"},"modified":"2025-11-14T10:06:54","modified_gmt":"2025-11-14T02:06:54","slug":"clear-spices-jars-glass-containers-bulk","status":"publish","type":"product","link":"https:\/\/minghanggroup.com\/fr\/produit\/clear-spices-jars-glass-containers-bulk\/","title":{"rendered":"Bocaux \u00e0 \u00e9pices en verre transparent de 80 ml et 120 ml pour le stockage en vrac"},"content":{"rendered":"<p>Finies les batailles avec un rangement d&#039;\u00e9pices d\u00e9sordonn\u00e9 qui donne \u00e0 votre cuisine un aspect chaotique. Nous cr\u00e9ons des pots \u00e0 \u00e9pices en verre haut de gamme qui transforment votre cuisine en un espace \u00e9l\u00e9gant tout en pr\u00e9servant la fra\u00eecheur de vos \u00e9pices. Bien plus que de simples contenants, ils constituent le nouvel atout de votre marque pour une organisation optimale de la cuisine et un emballage alimentaire irr\u00e9prochable.<\/p>\n<h2>Caract\u00e9ristiques du produit<\/h2>\n<ol>\n<li><strong>Clart\u00e9 cristalline :<\/strong>Le verre haute transparence vous permet de voir vos \u00e9pices en un coup d&#039;\u0153il\u00a0; plus besoin de deviner quand il est temps de renouveler vos contenants \u00e0 \u00e9pices en verre.<\/li>\n<li><strong>Sceller le sceau de s\u00e9curit\u00e9 :<\/strong>Le bouchon m\u00e9tallique assure une fermeture herm\u00e9tique pour conserver la fra\u00eecheur des \u00e9pices et \u00e9viter les d\u00e9versements dans vos r\u00e9cipients \u00e0 \u00e9pices.<\/li>\n<li><strong>Utilisation polyvalente\u00a0:<\/strong>Parfait pour les \u00e9pices s\u00e8ches comme le poivre et les sauces ou huiles liquides \u2013 le r\u00e9cipient \u00e0 \u00e9pices id\u00e9al pour toute cuisine.<\/li>\n<\/ol>\n<h2>Caract\u00e9ristiques principales<\/h2>\n<table style=\"border-collapse: collapse; width: 80%; margin-right: auto; margin-left: auto;\" border=\"0\" width=\"288\" cellspacing=\"0\" cellpadding=\"0\">\n<tbody>\n<tr style=\"height: 13.50pt;\">\n<td style=\"height: 13.5pt; width: 54pt; text-align: center;\" width=\"72\" height=\"18\">Capacit\u00e9<\/td>\n<td style=\"width: 54pt; text-align: center;\" width=\"72\">Forme<\/td>\n<td style=\"width: 54pt; text-align: center;\" width=\"72\">Options de couvercle<\/td>\n<td style=\"width: 54pt; text-align: center;\" width=\"72\">Utilisation polyvalente<\/td>\n<\/tr>\n<tr style=\"height: 13.50pt;\">\n<td style=\"height: 13.5pt; text-align: center;\" height=\"18\">80 ml<\/td>\n<td class=\"et2\" style=\"text-align: center;\" rowspan=\"2\">Rond<\/td>\n<td class=\"et2\" style=\"text-align: center;\" rowspan=\"2\">Aluminium, bois, plastique<\/td>\n<td class=\"et2\" style=\"text-align: center;\" rowspan=\"2\">Parfait pour les sauces et les huiles<\/td>\n<\/tr>\n<tr style=\"height: 13.50pt;\">\n<td style=\"height: 13.5pt; text-align: center;\" height=\"18\">120 ml<\/td>\n<\/tr>\n<\/tbody>\n<\/table>\n<h2>Cas de r\u00e9ussite<\/h2>\n<p>Une entreprise alimentaire canadienne innovante a collabor\u00e9 avec nous pour moderniser ses emballages gr\u00e2ce \u00e0 notre ensemble de pots \u00e0 \u00e9pices en verre. L&#039;objectif \u00e9tait de cr\u00e9er des pots \u00e9pur\u00e9s et transparents afin de mettre en valeur la richesse des couleurs de leurs assaisonnements purs. De plus, ils ont opt\u00e9 pour des couvercles en aluminium bross\u00e9 personnalis\u00e9s et l&#039;impression de leur logo afin de renforcer leur image de marque.<\/p>\n<p>Il n&#039;a fallu que trois mois pour que le coffret devienne un grand succ\u00e8s et les ventes ont augment\u00e9 de 30 % gr\u00e2ce \u00e0 lui.<\/p>\n<h2>Vos conseils de personnalisation<\/h2>\n<p>Le choix du mat\u00e9riau du couvercle, comme le bambou ou l&#039;acier inoxydable, fait partie des nombreuses possibilit\u00e9s de personnalisation offertes par ce r\u00e9cipient \u00e0 \u00e9pices en verre pour votre marque. Pour un impact visuel accru et une meilleure visibilit\u00e9 de votre marque, le flacon peut \u00eatre imprim\u00e9 avec votre logo par s\u00e9rigraphie ou marquage \u00e0 chaud. De plus, un couvercle avec tamis rotatif ou cuill\u00e8re doseuse peut \u00eatre install\u00e9 pour faciliter l&#039;utilisation et valoriser le produit.<\/p>","protected":false},"excerpt":{"rendered":"<p>Ensemble de bocaux \u00e0 \u00e9pices en verre r\u00e9sistant avec couvercles herm\u00e9tiques. Parfaits pour conserver vos herbes, poudres et assaisonnements frais et bien organis\u00e9s dans la cuisine.<\/p>","protected":false},"featured_media":2626,"template":"","meta":{"postBodyCss":"","postBodyMargin":[],"postBodyPadding":[],"postBodyBackground":{"backgroundType":"classic","gradient":""}},"product_brand":[],"product_cat":[15,17,53],"product_tag":[],"class_list":{"0":"post-2624","1":"product","2":"type-product","3":"status-publish","4":"has-post-thumbnail","6":"product_cat-glass-containers","7":"product_cat-glass-jars","8":"product_cat-spice-jars","10":"first","11":"instock","12":"shipping-taxable","13":"product-type-simple"},"jetpack_sharing_enabled":true,"_links":{"self":[{"href":"https:\/\/minghanggroup.com\/fr\/wp-json\/wp\/v2\/product\/2624","targetHints":{"allow":["GET"]}}],"collection":[{"href":"https:\/\/minghanggroup.com\/fr\/wp-json\/wp\/v2\/product"}],"about":[{"href":"https:\/\/minghanggroup.com\/fr\/wp-json\/wp\/v2\/types\/product"}],"wp:featuredmedia":[{"embeddable":true,"href":"https:\/\/minghanggroup.com\/fr\/wp-json\/wp\/v2\/media\/2626"}],"wp:attachment":[{"href":"https:\/\/minghanggroup.com\/fr\/wp-json\/wp\/v2\/media?parent=2624"}],"wp:term":[{"taxonomy":"product_brand","embeddable":true,"href":"https:\/\/minghanggroup.com\/fr\/wp-json\/wp\/v2\/product_brand?post=2624"},{"taxonomy":"product_cat","embeddable":true,"href":"https:\/\/minghanggroup.com\/fr\/wp-json\/wp\/v2\/product_cat?post=2624"},{"taxonomy":"product_tag","embeddable":true,"href":"https:\/\/minghanggroup.com\/fr\/wp-json\/wp\/v2\/product_tag?post=2624"}],"curies":[{"name":"wp","href":"https:\/\/api.w.org\/{rel}","templated":true}]}}