{"id":2619,"date":"2025-11-11T15:25:41","date_gmt":"2025-11-11T07:25:41","guid":{"rendered":"https:\/\/minghanggroup.com\/?post_type=product&#038;p=2619"},"modified":"2026-03-02T15:10:04","modified_gmt":"2026-03-02T07:10:04","slug":"wholesale-clear-glass-soy-sauce-bottles-with-screw-lid","status":"publish","type":"product","link":"https:\/\/minghanggroup.com\/fr\/produit\/wholesale-clear-glass-soy-sauce-bottles-with-screw-lid\/","title":{"rendered":"Bouteilles de sauce soja en verre transparent en gros avec bouchon \u00e0 vis, 80 ml \u00e0 400 ml"},"content":{"rendered":"<p>Ces bouteilles de sauce soja sont en verre pur et transparent. Leur forme ergonomique et incurv\u00e9e assure une prise en main confortable. Elles allient esth\u00e9tique et fonctionnalit\u00e9 \u00e0 la perfection, illustrant \u00e0 merveille l&#039;harmonie id\u00e9ale entre forme et fonction.<\/p>\n<h2>Caract\u00e9ristiques du produit<\/h2>\n<ul>\n<li><strong>Conception ergonomique de la poign\u00e9e\u00a0:<\/strong> La conception arrondie de la poign\u00e9e facilite non seulement un versement plus confortable, mais assure \u00e9galement une prise ferme, vous permettant ainsi de verser le liquide de mani\u00e8re pr\u00e9cise et sans d\u00e9bordement, en toute simplicit\u00e9.<\/li>\n<li><strong>Mat\u00e9riau en verre transparent :<\/strong> La bouteille est en verre transparent, ce qui permet de mesurer visuellement la quantit\u00e9 de sauce soja restante.<\/li>\n<li><strong>Diff\u00e9rentes tailles disponibles :<\/strong> Ils sont disponibles en diff\u00e9rentes tailles pour r\u00e9pondre \u00e0 des besoins vari\u00e9s.<\/li>\n<\/ul>\n<h2 style=\"text-align: left;\">Caract\u00e9ristiques principales<\/h2>\n<table class=\"aligncenter\" style=\"border-collapse: collapse; width: 439.52pt;\" border=\"0\" width=\"586\" cellspacing=\"0\" cellpadding=\"0\">\n<tbody>\n<tr style=\"height: 13.50pt;\">\n<td style=\"height: 13.50pt; width: 73.50pt;\" width=\"98\" height=\"18\">Capacit\u00e9<\/td>\n<td style=\"width: 88.50pt;\" width=\"118\">Hauteur (cm)<\/td>\n<td style=\"width: 91.50pt;\" width=\"122\">Diam\u00e8tre (cm)<\/td>\n<td style=\"width: 186.00pt;\" width=\"248\">Id\u00e9al pour<\/td>\n<\/tr>\n<tr style=\"height: 13.50pt;\">\n<td style=\"height: 13.50pt;\" height=\"18\">80 ml<\/td>\n<td class=\"et2\">15<\/td>\n<td class=\"et2\">4.3<\/td>\n<td>\u00c9chantillons, mini-saucisses<\/td>\n<\/tr>\n<tr style=\"height: 13.50pt;\">\n<td style=\"height: 13.50pt;\" height=\"18\">120 ml<\/td>\n<td class=\"et2\">15.5<\/td>\n<td class=\"et2\">5<\/td>\n<td>Sauce piquante, shots de vinaigre<\/td>\n<\/tr>\n<tr style=\"height: 13.50pt;\">\n<td style=\"height: 13.50pt;\" height=\"18\">180 ml<\/td>\n<td class=\"et2\">19.5<\/td>\n<td class=\"et2\">5.2<\/td>\n<td>Sauce soja, laques barbecue<\/td>\n<\/tr>\n<tr style=\"height: 13.50pt;\">\n<td style=\"height: 13.50pt;\" height=\"18\">220 ml<\/td>\n<td class=\"et2\">21.5<\/td>\n<td class=\"et2\">5.5<\/td>\n<td>Sauce tomate, m\u00e9langes \u00e9pic\u00e9s<\/td>\n<\/tr>\n<tr style=\"height: 13.50pt;\">\n<td style=\"height: 13.50pt;\" height=\"18\">360 ml<\/td>\n<td class=\"et2\">24<\/td>\n<td class=\"et2\">6.5<\/td>\n<td>Condiments format familial<\/td>\n<\/tr>\n<tr style=\"height: 13.50pt;\">\n<td style=\"height: 13.50pt;\" height=\"18\">400 ml<\/td>\n<td class=\"et2\">26<\/td>\n<td class=\"et2\">6.5<\/td>\n<td>Recharges en vrac pour restaurants<\/td>\n<\/tr>\n<\/tbody>\n<\/table>\n<h2>\u00c9tude de cas : Utiliser le design pour accro\u00eetre la notori\u00e9t\u00e9 de la marque<\/h2>\n<p>Le fabricant de ketchup de sp\u00e9cialit\u00e9 \u00e9tait confront\u00e9 au probl\u00e8me de la diff\u00e9renciation de son produit sur un march\u00e9 tr\u00e8s concurrentiel. Apr\u00e8s avoir opt\u00e9 pour notre bouteille de sauce tomate incurv\u00e9e de 220 ml, dont la forme unique \u00e9tait le premier \u00e9l\u00e9ment remarqu\u00e9 par les clients, il a trouv\u00e9 la solution \u00e0 son probl\u00e8me. En seulement trois mois, les ventes au d\u00e9tail ont augment\u00e9 de 30 %, le g\u00e9rant du magasin affirmant que le design distinctif de la bouteille \u00e9tait le principal facteur d&#039;attraction pour les clients. Les achats r\u00e9p\u00e9t\u00e9s ont augment\u00e9 de 72 %. Par cons\u00e9quent, l&#039;entreprise a maintenant cinq commandes importantes et a \u00e9largi sa gamme de produits avec le lancement du format familial de 360 \u200b\u200bml.<\/p>\n<h2>Suggestions de personnalisation des bouteilles de sauce<\/h2>\n<ul>\n<li><strong>Profondeur de courbe r\u00e9glable\u00a0:<\/strong> Vous pouvez modifier le degr\u00e9 de concavit\u00e9 du goulot de la bouteille pour rendre la courbe plus ou moins visible.<\/li>\n<li><strong>Marquages \u200b\u200bde volume en relief\u00a0:<\/strong> Introduire des graduations de volume en relief sur l&#039;\u00e9paule de la bouteille.<\/li>\n<li><strong>Emplacement du logo s\u00e9rigraphi\u00e9\u00a0:<\/strong> Imprimez discr\u00e8tement le logo de votre marque sur la zone incurv\u00e9e pour une visibilit\u00e9 optimale.<\/li>\n<li><strong>Variantes en verre color\u00e9\u00a0:<\/strong> Utiliser du verre ambr\u00e9 ou vert, adapt\u00e9 aux produits sensibles \u00e0 la lumi\u00e8re, tout en pr\u00e9servant la silhouette du flacon.<\/li>\n<\/ul>\n<p>Vous souhaitez am\u00e9liorer l&#039;ergonomie de votre produit\u00a0? Contactez-nous d\u00e8s aujourd&#039;hui et nous mettrons votre marque en valeur gr\u00e2ce \u00e0 nos bouteilles de sauce soja en verre de qualit\u00e9 sup\u00e9rieure, disponibles exclusivement chez nous.<\/p>","protected":false},"excerpt":{"rendered":"<p>Bouteilles en verre transparent pour sauce tomate et sauce soja, avec une forme profil\u00e9e \u00e0 la taille, parfaites pour les sauces et disponibles \u00e0 l&#039;achat en gros avec livraison rapide.<\/p>","protected":false},"featured_media":2621,"template":"","meta":{"postBodyCss":"","postBodyMargin":[],"postBodyPadding":[],"postBodyBackground":{"backgroundType":"classic","gradient":""}},"product_brand":[],"product_cat":[15,16,54],"product_tag":[99,98],"class_list":{"0":"post-2619","1":"product","2":"type-product","3":"status-publish","4":"has-post-thumbnail","6":"product_cat-glass-containers","7":"product_cat-glass-bottles","8":"product_cat-hot-sauce-bottles","9":"product_tag-glass-vinegar-bottles","10":"product_tag-salad-dressing-bottles","12":"first","13":"instock","14":"shipping-taxable","15":"product-type-simple"},"jetpack_sharing_enabled":true,"_links":{"self":[{"href":"https:\/\/minghanggroup.com\/fr\/wp-json\/wp\/v2\/product\/2619","targetHints":{"allow":["GET"]}}],"collection":[{"href":"https:\/\/minghanggroup.com\/fr\/wp-json\/wp\/v2\/product"}],"about":[{"href":"https:\/\/minghanggroup.com\/fr\/wp-json\/wp\/v2\/types\/product"}],"wp:featuredmedia":[{"embeddable":true,"href":"https:\/\/minghanggroup.com\/fr\/wp-json\/wp\/v2\/media\/2621"}],"wp:attachment":[{"href":"https:\/\/minghanggroup.com\/fr\/wp-json\/wp\/v2\/media?parent=2619"}],"wp:term":[{"taxonomy":"product_brand","embeddable":true,"href":"https:\/\/minghanggroup.com\/fr\/wp-json\/wp\/v2\/product_brand?post=2619"},{"taxonomy":"product_cat","embeddable":true,"href":"https:\/\/minghanggroup.com\/fr\/wp-json\/wp\/v2\/product_cat?post=2619"},{"taxonomy":"product_tag","embeddable":true,"href":"https:\/\/minghanggroup.com\/fr\/wp-json\/wp\/v2\/product_tag?post=2619"}],"curies":[{"name":"wp","href":"https:\/\/api.w.org\/{rel}","templated":true}]}}