{"id":2574,"date":"2025-11-11T13:50:04","date_gmt":"2025-11-11T05:50:04","guid":{"rendered":"https:\/\/minghanggroup.com\/?post_type=product&#038;p=2574"},"modified":"2026-03-02T15:17:01","modified_gmt":"2026-03-02T07:17:01","slug":"bulk-empty-bbq-sauce-bottles-with-textured-design","status":"publish","type":"product","link":"https:\/\/minghanggroup.com\/fr\/produit\/bulk-empty-bbq-sauce-bottles-with-textured-design\/","title":{"rendered":"Lot de bouteilles vides pour sauce barbecue, motif textur\u00e9, 100 ml \u2013 300 ml"},"content":{"rendered":"<p>Ces bouteilles de sauce barbecue arborent un design textur\u00e9 \u00e9l\u00e9gant, \u00e0 la fois ergonomique et agr\u00e9able au toucher. Outre son aspect fonctionnel, ce design textur\u00e9 conf\u00e8re aux bouteilles en verre transparent une allure raffin\u00e9e.<\/p>\n<h2>Caract\u00e9ristiques du produit<\/h2>\n<ul>\n<li><strong>Fonctionnalit\u00e9 d&#039;adh\u00e9rence am\u00e9lior\u00e9e\u00a0:<\/strong> La texture de la surface permet \u00e0 l&#039;utilisateur d&#039;avoir une prise en main solide m\u00eame si ses mains sont grasses, ce qui am\u00e9liore la s\u00e9curit\u00e9 lors de l&#039;utilisation.<\/li>\n<li><strong>Effet visuel de premi\u00e8re classe :<\/strong> L&#039;association de la lumi\u00e8re et du verre textur\u00e9 cr\u00e9e un rendu visuel tr\u00e8s \u00e9l\u00e9gant et unique.<\/li>\n<li><strong>Solutions de tailles vari\u00e9es\u00a0:<\/strong> Le produit est propos\u00e9 en cinq formats allant de 100 ml \u00e0 300 ml afin de r\u00e9pondre \u00e0 diff\u00e9rents besoins tels que les \u00e9chantillons, les emballages cadeaux et les produits en format standard.<\/li>\n<\/ul>\n<h2 style=\"text-align: left;\">Caract\u00e9ristiques principales<\/h2>\n<table class=\"aligncenter\" style=\"border-collapse: collapse; width: 555.02pt;\" border=\"0\" width=\"740\" cellspacing=\"0\" cellpadding=\"0\">\n<tbody>\n<tr style=\"height: 13.50pt;\">\n<td style=\"height: 13.50pt; width: 86.25pt;\" width=\"115\" height=\"18\">Taille<\/td>\n<td style=\"width: 63.00pt;\" width=\"84\">Capacit\u00e9<\/td>\n<td style=\"width: 138.00pt;\" width=\"184\">Dimensions (D \u00d7 H)<\/td>\n<td style=\"width: 267.75pt;\" width=\"357\">Id\u00e9al pour<\/td>\n<\/tr>\n<tr style=\"height: 13.50pt;\">\n<td style=\"height: 13.50pt;\" height=\"18\">Mini<\/td>\n<td>100 ml<\/td>\n<td>4,7 cm \u00d7 17 cm<\/td>\n<td>\u00c9chantillons, portions d&#039;h\u00f4tel, m\u00e9langes d&#039;\u00e9pices<\/td>\n<\/tr>\n<tr style=\"height: 13.50pt;\">\n<td style=\"height: 13.50pt;\" height=\"18\">Petit<\/td>\n<td>170 ml<\/td>\n<td>5,7 cm \u00d7 17,4 cm<\/td>\n<td>Vente \u00e0 l&#039;unit\u00e9, offres group\u00e9es en ligne<\/td>\n<\/tr>\n<tr style=\"height: 13.50pt;\">\n<td style=\"height: 13.50pt;\" height=\"18\">Moyen<\/td>\n<td>220 ml<\/td>\n<td>5,8 cm \u00d7 18,6 cm<\/td>\n<td>Magasins d&#039;alimentation fine, kits repas<\/td>\n<\/tr>\n<tr style=\"height: 13.50pt;\">\n<td style=\"height: 13.50pt;\" height=\"18\">Grand<\/td>\n<td>250 ml<\/td>\n<td>6,2 cm \u00d7 21,9 cm<\/td>\n<td>sauce barbecue, sauce piquante, vinaigre<\/td>\n<\/tr>\n<tr style=\"height: 13.50pt;\">\n<td style=\"height: 13.50pt;\" height=\"18\">Tr\u00e8s grand<\/td>\n<td>300 ml<\/td>\n<td>6,5 cm \u00d7 22,5 cm<\/td>\n<td>Restauration, stations de remplissage, packs familiaux<\/td>\n<\/tr>\n<\/tbody>\n<\/table>\n<h2>T\u00e9moignage de r\u00e9ussite\u00a0: La r\u00e9solution du probl\u00e8me de glissement de la bouteille<\/h2>\n<p>Une sauce barbecue fabriqu\u00e9e localement a re\u00e7u des commentaires de clients indiquant que les bouteilles lisses \u00e9taient difficiles \u00e0 prendre en main lors de grillades en ext\u00e9rieur. Apr\u00e8s le passage \u00e0 nos bouteilles de sauce textur\u00e9es de 250 ml, la situation s&#039;est imm\u00e9diatement am\u00e9lior\u00e9e. Les plaintes concernant la prise en main des bouteilles ont diminu\u00e9 de 80 % et la texture distinctive s&#039;est r\u00e9v\u00e9l\u00e9e \u00eatre un atout marketing, renfor\u00e7ant l&#039;image de marque. Au final, les ventes en ligne ont augment\u00e9 de 25 %. L&#039;entreprise a augment\u00e9 son stock en passant quatre commandes importantes de 200\u00a0000 bouteilles chacune et a ajout\u00e9 un format de 170 ml \u00e0 sa nouvelle gamme de produits.<\/p>\n<h2>Id\u00e9es pour personnaliser des bouteilles de sauce vides<\/h2>\n<ul>\n<li><strong>Textures vari\u00e9es :<\/strong> Variez les textures de votre produit, par exemple en utilisant des lignes subtiles ou des motifs g\u00e9om\u00e9triques audacieux.<\/li>\n<li><strong>Logo en relief :<\/strong> Int\u00e9grez votre logo au motif textur\u00e9 en tant qu&#039;\u00e9l\u00e9ment en relief.<\/li>\n<li><strong>Conception \u00e0 deux textures :<\/strong> Utilisez diff\u00e9rentes textures sur le corps et le col de la bouteille pour cr\u00e9er un int\u00e9r\u00eat visuel.<\/li>\n<li><strong>Effet verre d\u00e9grad\u00e9\u00a0:<\/strong> Utilisez un effet de d\u00e9grad\u00e9 du fonc\u00e9 au clair non seulement pour souligner la texture, mais aussi pour rendre la couleur de la sauce plus attrayante.<\/li>\n<\/ul>","protected":false},"excerpt":{"rendered":"<p>Bouteilles \u00e0 sauce vides et r\u00e9sistantes en verre textur\u00e9 avec bouchons color\u00e9s. Id\u00e9ales pour les sauces, les vinaigrettes ou les m\u00e9langes pour barbecue. Bouteille \u00e0 sauce barbecue personnalisable, \u00e9chantillon gratuit.<\/p>","protected":false},"featured_media":2606,"template":"","meta":{"postBodyCss":"","postBodyMargin":[],"postBodyPadding":[],"postBodyBackground":{"backgroundType":"classic","gradient":""}},"product_brand":[],"product_cat":[15,16,54],"product_tag":[99,98],"class_list":{"0":"post-2574","1":"product","2":"type-product","3":"status-publish","4":"has-post-thumbnail","6":"product_cat-glass-containers","7":"product_cat-glass-bottles","8":"product_cat-hot-sauce-bottles","9":"product_tag-glass-vinegar-bottles","10":"product_tag-salad-dressing-bottles","12":"first","13":"instock","14":"shipping-taxable","15":"product-type-simple"},"jetpack_sharing_enabled":true,"_links":{"self":[{"href":"https:\/\/minghanggroup.com\/fr\/wp-json\/wp\/v2\/product\/2574","targetHints":{"allow":["GET"]}}],"collection":[{"href":"https:\/\/minghanggroup.com\/fr\/wp-json\/wp\/v2\/product"}],"about":[{"href":"https:\/\/minghanggroup.com\/fr\/wp-json\/wp\/v2\/types\/product"}],"wp:featuredmedia":[{"embeddable":true,"href":"https:\/\/minghanggroup.com\/fr\/wp-json\/wp\/v2\/media\/2606"}],"wp:attachment":[{"href":"https:\/\/minghanggroup.com\/fr\/wp-json\/wp\/v2\/media?parent=2574"}],"wp:term":[{"taxonomy":"product_brand","embeddable":true,"href":"https:\/\/minghanggroup.com\/fr\/wp-json\/wp\/v2\/product_brand?post=2574"},{"taxonomy":"product_cat","embeddable":true,"href":"https:\/\/minghanggroup.com\/fr\/wp-json\/wp\/v2\/product_cat?post=2574"},{"taxonomy":"product_tag","embeddable":true,"href":"https:\/\/minghanggroup.com\/fr\/wp-json\/wp\/v2\/product_tag?post=2574"}],"curies":[{"name":"wp","href":"https:\/\/api.w.org\/{rel}","templated":true}]}}