{"id":2564,"date":"2025-11-11T11:12:38","date_gmt":"2025-11-11T03:12:38","guid":{"rendered":"https:\/\/minghanggroup.com\/?post_type=product&#038;p=2564"},"modified":"2026-03-02T15:17:40","modified_gmt":"2026-03-02T07:17:40","slug":"bulk-glass-empty-bottles-for-hot-sauce-with-press-pump","status":"publish","type":"product","link":"https:\/\/minghanggroup.com\/fr\/produit\/bulk-glass-empty-bottles-for-hot-sauce-with-press-pump\/","title":{"rendered":"Lot de bouteilles en verre vides pour sauce piquante avec pompe \u00e0 pression, 300 ml et 500 ml"},"content":{"rendered":"<p>Ce flacon vide pour sauce piquante, dot\u00e9 d&#039;un syst\u00e8me de remplissage pratique par bouton-poussoir, est en verre transparent et muni d&#039;une pompe gradu\u00e9e en m\u00e9tal argent\u00e9. Il peut servir de flacon pour sauce l\u00e9g\u00e8re ou de r\u00e9cipient polyvalent pour d&#039;autres sauces.<\/p>\n<h2>Caract\u00e9ristiques du produit<\/h2>\n<ul>\n<li><strong>D\u00e9grad\u00e9s clairs\u00a0:<\/strong> La bouteille transparente est munie de graduations claires, permettant ainsi de toujours voir le volume restant de sauce.<\/li>\n<li><strong>Syst\u00e8me de distribution hygi\u00e9nique\u00a0:<\/strong> Le syst\u00e8me de pompe \u00e0 commande unique permet une distribution hygi\u00e9nique sans contamination crois\u00e9e.<\/li>\n<li><strong>Durable:<\/strong> L&#039;alliance d&#039;un corps en verre robuste et d&#039;une finition m\u00e9tallique en fait un ustensile id\u00e9al au quotidien pour une cuisine professionnelle.<\/li>\n<\/ul>\n<h2 style=\"text-align: left;\">Caract\u00e9ristiques principales<\/h2>\n<table class=\"aligncenter\" style=\"border-collapse: collapse; width: 492.02pt;\" border=\"0\" width=\"656\" cellspacing=\"0\" cellpadding=\"0\">\n<tbody>\n<tr style=\"height: 13.50pt;\">\n<td style=\"height: 13.50pt; width: 126.75pt;\" width=\"169\" height=\"18\">Fonctionnalit\u00e9<\/td>\n<td style=\"width: 365.25pt;\" width=\"487\">Sp\u00e9cification<\/td>\n<\/tr>\n<tr style=\"height: 13.50pt;\">\n<td style=\"height: 13.50pt;\" height=\"18\">Capacit\u00e9s<\/td>\n<td>300 ml (10 oz) \/ 500 ml (16 oz)<\/td>\n<\/tr>\n<tr style=\"height: 13.50pt;\">\n<td style=\"height: 13.50pt;\" height=\"18\">Dimensions (D\u00d7H)<\/td>\n<td>6\u00d721 cm \/ 6,5\u00d725 cm<\/td>\n<\/tr>\n<tr style=\"height: 13.50pt;\">\n<td style=\"height: 13.50pt;\" height=\"18\">Forme<\/td>\n<td>Bouteille de stout \u00e0 paroi droite avec graduations de volume moul\u00e9es<\/td>\n<\/tr>\n<tr style=\"height: 13.50pt;\">\n<td style=\"height: 13.50pt;\" height=\"18\">Mat\u00e9riel<\/td>\n<td>Verre borosilicat\u00e9 \u00e0 haute teneur en borosilicate<\/td>\n<\/tr>\n<tr style=\"height: 13.50pt;\">\n<td style=\"height: 13.50pt;\" height=\"18\">Fermeture incluse<\/td>\n<td>Pompe \u00e0 pression argent\u00e9e (personnalisable)<\/td>\n<\/tr>\n<tr style=\"height: 13.50pt;\">\n<td style=\"height: 13.50pt;\" height=\"18\">Id\u00e9al pour<\/td>\n<td>Sauce piquante, sauce chili, vinaigre, sauce aux hu\u00eetres, condiment<\/td>\n<\/tr>\n<tr style=\"height: 13.50pt;\">\n<td style=\"height: 13.50pt;\" height=\"18\">Utilisation id\u00e9ale<\/td>\n<td>Bouteilles vides pour sauce piquante, bouteilles pour sauce<\/td>\n<\/tr>\n<\/tbody>\n<\/table>\n<h2>\u00c9tude de cas : Am\u00e9lioration de l&#039;efficacit\u00e9 des restaurants<\/h2>\n<p>Un distributeur r\u00e9gional de produits alimentaires rencontrait des difficult\u00e9s li\u00e9es \u00e0 une consommation et un gaspillage importants de sauces. L&#039;utilisation de nos bouteilles vides de 500 ml avec distributeur \u00e0 bouton-poussoir a permis d&#039;obtenir les r\u00e9sultats suivants\u00a0: une cha\u00eene de restaurants de barbecue, gr\u00e2ce \u00e0 la pompe r\u00e9glable, a r\u00e9duit son gaspillage de sauce de 41\u00a0% apr\u00e8s l&#039;adoption de ces bouteilles\u00a0; une marque artisanale, quant \u00e0 elle, a constat\u00e9 une augmentation de 38\u00a0% de ses commandes en gros gr\u00e2ce \u00e0 ce concept pratique. Depuis, le distributeur a pass\u00e9 quatre commandes importantes et a \u00e9tendu l&#039;utilisation de nos bouteilles non seulement \u00e0 sa sauce piquante phare en format 300 ml, mais aussi \u00e0 d&#039;autres produits.<\/p>\n<h2>Suggestions de personnalisation des bouteilles de sauce<\/h2>\n<ul>\n<li><strong>Marquage par s\u00e9rigraphie\u00a0:<\/strong> Ajoutez le nom ou le logo du restaurant juste en dessous des dipl\u00f4mes, en imprimant.<\/li>\n<li><strong>Couleur de la t\u00eate de pompe :<\/strong> La couleur de la t\u00eate de pompe peut \u00eatre personnalis\u00e9e pour correspondre \u00e0 l&#039;image de marque de votre restaurant.<\/li>\n<li><strong>Fond textur\u00e9 :<\/strong> D\u00e9corez le fond de la bouteille avec un motif antid\u00e9rapant pour une meilleure prise en main.<\/li>\n<li><strong>Sceau de s\u00e9curit\u00e9 anti-effraction :<\/strong> Une bouteille munie d&#039;un opercule de s\u00e9curit\u00e9 est facile \u00e0 ouvrir pour la premi\u00e8re fois dans les \u00e9tablissements de restauration.<\/li>\n<\/ul>","protected":false},"excerpt":{"rendered":"<p>Bouteilles vides et r\u00e9sistantes pour sauce piquante, avec pompe \u00e0 pression et graduations claires. Bouteilles id\u00e9ales pour la sauce\u00a0: parfaites pour les restaurants, livraison rapide et commandes en gros.<\/p>","protected":false},"featured_media":2899,"template":"","meta":{"postBodyCss":"","postBodyMargin":[],"postBodyPadding":[],"postBodyBackground":{"backgroundType":"classic","gradient":""}},"product_brand":[],"product_cat":[15,16,54],"product_tag":[99],"class_list":{"0":"post-2564","1":"product","2":"type-product","3":"status-publish","4":"has-post-thumbnail","6":"product_cat-glass-containers","7":"product_cat-glass-bottles","8":"product_cat-hot-sauce-bottles","9":"product_tag-glass-vinegar-bottles","11":"first","12":"instock","13":"shipping-taxable","14":"product-type-simple"},"jetpack_sharing_enabled":true,"_links":{"self":[{"href":"https:\/\/minghanggroup.com\/fr\/wp-json\/wp\/v2\/product\/2564","targetHints":{"allow":["GET"]}}],"collection":[{"href":"https:\/\/minghanggroup.com\/fr\/wp-json\/wp\/v2\/product"}],"about":[{"href":"https:\/\/minghanggroup.com\/fr\/wp-json\/wp\/v2\/types\/product"}],"wp:featuredmedia":[{"embeddable":true,"href":"https:\/\/minghanggroup.com\/fr\/wp-json\/wp\/v2\/media\/2899"}],"wp:attachment":[{"href":"https:\/\/minghanggroup.com\/fr\/wp-json\/wp\/v2\/media?parent=2564"}],"wp:term":[{"taxonomy":"product_brand","embeddable":true,"href":"https:\/\/minghanggroup.com\/fr\/wp-json\/wp\/v2\/product_brand?post=2564"},{"taxonomy":"product_cat","embeddable":true,"href":"https:\/\/minghanggroup.com\/fr\/wp-json\/wp\/v2\/product_cat?post=2564"},{"taxonomy":"product_tag","embeddable":true,"href":"https:\/\/minghanggroup.com\/fr\/wp-json\/wp\/v2\/product_tag?post=2564"}],"curies":[{"name":"wp","href":"https:\/\/api.w.org\/{rel}","templated":true}]}}