{"id":2557,"date":"2025-11-10T15:08:56","date_gmt":"2025-11-10T07:08:56","guid":{"rendered":"https:\/\/minghanggroup.com\/?post_type=product&#038;p=2557"},"modified":"2026-01-20T14:11:41","modified_gmt":"2026-01-20T06:11:41","slug":"flat-small-hot-sauce-bottles-for-pepper-sauce-bulk-supplier","status":"publish","type":"product","link":"https:\/\/minghanggroup.com\/fr\/produit\/flat-small-hot-sauce-bottles-for-pepper-sauce-bulk-supplier\/","title":{"rendered":"Bouteilles plates de 125 ml pour sauce piquante en vrac"},"content":{"rendered":"<p>Ce bocal plat, compact et en verre transparent, avec son corps arrondi et son couvercle \u00e0 vis noir, est id\u00e9al pour conserver les petites bouteilles de sauce piquante, les sauces chili et autres condiments \u00e9pic\u00e9s.<\/p>\n<h2>Caract\u00e9ristiques du produit<\/h2>\n<ul>\n<li><strong>\u00c9tanche et s\u00e9curis\u00e9 :<\/strong> Le bouchon \u00e0 vis \u00e9tanche du pot garantit que les produits vous sont livr\u00e9s en bon \u00e9tat, limitant ainsi les risques de dommages li\u00e9s au transport.<\/li>\n<li><strong>Facile \u00e0 utiliser :<\/strong> Le col et le bec verseur classiques fonctionnent avec un adaptateur de bec verseur (qui peut \u00eatre achet\u00e9 s\u00e9par\u00e9ment) pour un dosage pr\u00e9cis, notamment lorsqu&#039;il s&#039;agit de sauces chili \u00e0 base de vinaigre.<\/li>\n<li><strong>Attirer l&#039;attention :<\/strong> Gr\u00e2ce \u00e0 sa forme compacte et \u00e0 sa mati\u00e8re en verre transparent, votre \u00e9tiquette est parfaitement visible par rapport \u00e0 de nombreux autres contenants de sauce barbecue.<\/li>\n<\/ul>\n<h2 style=\"text-align: left;\">Caract\u00e9ristiques principales<\/h2>\n<table class=\"aligncenter\" style=\"border-collapse: collapse; width: 471.02pt;\" border=\"0\" width=\"628\" cellspacing=\"0\" cellpadding=\"0\">\n<tbody>\n<tr style=\"height: 13.50pt;\">\n<td style=\"height: 13.50pt; width: 86.25pt;\" width=\"115\" height=\"18\">Fonctionnalit\u00e9<\/td>\n<td style=\"width: 384.75pt;\" width=\"513\">D\u00e9tail<\/td>\n<\/tr>\n<tr style=\"height: 13.50pt;\">\n<td style=\"height: 13.50pt;\" height=\"18\">Capacit\u00e9<\/td>\n<td>125 ml<\/td>\n<\/tr>\n<tr style=\"height: 13.50pt;\">\n<td style=\"height: 13.50pt;\" height=\"18\">Dimensions<\/td>\n<td>6,4 cm (L) \u00d7 13 cm (H)<\/td>\n<\/tr>\n<tr style=\"height: 13.50pt;\">\n<td style=\"height: 13.50pt;\" height=\"18\">Mat\u00e9riel<\/td>\n<td>Verre sodocalcique transparent<\/td>\n<\/tr>\n<tr style=\"height: 13.50pt;\">\n<td style=\"height: 13.50pt;\" height=\"18\">Fermeture<\/td>\n<td>Bouchon en plastique noir (personnalisable)<\/td>\n<\/tr>\n<tr style=\"height: 13.50pt;\">\n<td style=\"height: 13.50pt;\" height=\"18\">Utilisation id\u00e9ale<\/td>\n<td>Bouteilles en verre pour sauce piquante, petites bouteilles de sauce piquante en vrac<\/td>\n<\/tr>\n<\/tbody>\n<\/table>\n<h2>T\u00e9moignage de r\u00e9ussite : Le soutien d&#039;une marque haut de gamme<\/h2>\n<p>Une jeune entreprise de produits gastronomiques a d\u00e9cid\u00e9 d&#039;utiliser ces bouteilles de sauce piquante pour conditionner sa sauce signature. Le choix de ces bouteilles s&#039;accorde parfaitement avec la richesse et le piquant de la recette. En moins de six mois, leur distribution en magasin a progress\u00e9 de 25 %. La plupart des clients (68 %) ayant pass\u00e9 commande dans les deux mois ont rachet\u00e9 le produit, ce qui a conduit \u00e0 trois nouvelles commandes totalisant 200\u00a0000 bouteilles. Ce premier essai s&#039;est ainsi transform\u00e9 en un partenariat de vente en gros stable. L&#039;entreprise attribue sa satisfaction \u00e0 la qualit\u00e9 de l&#039;emballage et \u00e0 la rapidit\u00e9 de la livraison.<\/p>\n<h2>Suggestions pour personnaliser les bouteilles de sauce piquante<\/h2>\n<p>Transformez ces bouteilles de sauce vides en bouteilles uniques. Nous proposons de nombreuses possibilit\u00e9s de personnalisation pour vos petites bouteilles de sauce piquante.<\/p>\n<ul>\n<li><strong>Couleur du verre :<\/strong> Pourquoi ne pas opter pour du verre transparent si vous souhaitez que votre sauce color\u00e9e soit au centre de l&#039;attention\u00a0; ou choisir du verre ambr\u00e9 si votre produit est sensible \u00e0 la lumi\u00e8re.<\/li>\n<li><strong>Couleur du bouchon :<\/strong> Outre le noir, vous pouvez \u00e9galement personnaliser les bouchons \u00e0 vis de mani\u00e8re \u00e0 ce qu&#039;ils refl\u00e8tent la couleur de votre marque.<\/li>\n<li><strong>R\u00e9gulateur de d\u00e9bit :<\/strong> Il suffit de contr\u00f4ler le d\u00e9bit de sauce barbecue \u00e9paisse ou de sirop en ajoutant un r\u00e9gulateur de d\u00e9bit facilement ajustable.<\/li>\n<li><strong>Gaufrage :<\/strong> Transformez votre logo ou visuel en une image en relief directement sur l&#039;emballage en verre de votre sauce piquante pour un effet de marque unique.<\/li>\n<li><strong>Type de doublure :<\/strong> Pour une meilleure \u00e9tanch\u00e9it\u00e9 et une protection contre les vinaigres forts ou les condiments huileux, vous pourriez envisager un mat\u00e9riau de doublure sp\u00e9cialis\u00e9.<\/li>\n<\/ul>","protected":false},"excerpt":{"rendered":"<p>Petites bouteilles de sauce piquante au design \u00e9pur\u00e9. Bouteilles de sauce chili de haute qualit\u00e9, id\u00e9ales pour la pr\u00e9paration de sauce chili maison ou commerciale. \u00c9chantillon gratuit.<\/p>","protected":false},"featured_media":2559,"template":"","meta":{"postBodyCss":"","postBodyMargin":[],"postBodyPadding":[],"postBodyBackground":{"backgroundType":"classic","gradient":""}},"product_brand":[],"product_cat":[15,16,54],"product_tag":[72],"class_list":{"0":"post-2557","1":"product","2":"type-product","3":"status-publish","4":"has-post-thumbnail","6":"product_cat-glass-containers","7":"product_cat-glass-bottles","8":"product_cat-hot-sauce-bottles","9":"product_tag-juice-bottles","11":"first","12":"instock","13":"shipping-taxable","14":"product-type-simple"},"jetpack_sharing_enabled":true,"_links":{"self":[{"href":"https:\/\/minghanggroup.com\/fr\/wp-json\/wp\/v2\/product\/2557","targetHints":{"allow":["GET"]}}],"collection":[{"href":"https:\/\/minghanggroup.com\/fr\/wp-json\/wp\/v2\/product"}],"about":[{"href":"https:\/\/minghanggroup.com\/fr\/wp-json\/wp\/v2\/types\/product"}],"wp:featuredmedia":[{"embeddable":true,"href":"https:\/\/minghanggroup.com\/fr\/wp-json\/wp\/v2\/media\/2559"}],"wp:attachment":[{"href":"https:\/\/minghanggroup.com\/fr\/wp-json\/wp\/v2\/media?parent=2557"}],"wp:term":[{"taxonomy":"product_brand","embeddable":true,"href":"https:\/\/minghanggroup.com\/fr\/wp-json\/wp\/v2\/product_brand?post=2557"},{"taxonomy":"product_cat","embeddable":true,"href":"https:\/\/minghanggroup.com\/fr\/wp-json\/wp\/v2\/product_cat?post=2557"},{"taxonomy":"product_tag","embeddable":true,"href":"https:\/\/minghanggroup.com\/fr\/wp-json\/wp\/v2\/product_tag?post=2557"}],"curies":[{"name":"wp","href":"https:\/\/api.w.org\/{rel}","templated":true}]}}