{"id":2552,"date":"2025-11-07T13:54:34","date_gmt":"2025-11-07T05:54:34","guid":{"rendered":"https:\/\/minghanggroup.com\/?post_type=product&#038;p=2552"},"modified":"2026-03-02T15:17:52","modified_gmt":"2026-03-02T07:17:52","slug":"wholesale-clear-square-glass-bottles-for-sauces","status":"publish","type":"product","link":"https:\/\/minghanggroup.com\/fr\/produit\/wholesale-clear-square-glass-bottles-for-sauces\/","title":{"rendered":"Bouteilles carr\u00e9es en verre transparent en gros pour sauces, 100 ml, 150 ml, 250 ml"},"content":{"rendered":"<p>Fabriqu\u00e9es en verre transparent au design carr\u00e9 minimaliste, ces bouteilles \u00e0 sauce sont disponibles en trois formats. Leurs bouchons noirs assurent une fermeture herm\u00e9tique, faisant de ces bouteilles de sauce chili un objet \u00e9l\u00e9gant, id\u00e9al pour la pr\u00e9sentation, et s&#039;harmonisant avec tous les styles de cuisine.<\/p>\n<h2>Caract\u00e9ristiques du produit<\/h2>\n<ul>\n<li><strong>Conception de bouteille carr\u00e9e\u00a0:<\/strong> La bouteille carr\u00e9e, avec ses lignes \u00e9pur\u00e9es, allie \u00e0 merveille beaut\u00e9 et fonctionnalit\u00e9.<\/li>\n<li><strong>Diff\u00e9rentes tailles :<\/strong> Les trois capacit\u00e9s diff\u00e9rentes du produit peuvent \u00eatre utilis\u00e9es pour r\u00e9pondre \u00e0 divers besoins et conviennent \u00e9galement \u00e0 un usage familial quotidien, au reconditionnement et \u00e0 d&#039;autres situations.<\/li>\n<li><strong>Style minimaliste\u00a0:<\/strong> Le bouchon noir qui s&#039;adapte au corps en verre transparent du bocal lui conf\u00e8re un aspect minimaliste et moderne, \u00e0 la fois fonctionnel et flexible d&#039;utilisation.<\/li>\n<\/ul>\n<h2 style=\"text-align: left;\">Caract\u00e9ristiques principales<\/h2>\n<table class=\"aligncenter\" style=\"border-collapse: collapse; width: 469.52pt;\" border=\"0\" width=\"626\" cellspacing=\"0\" cellpadding=\"0\">\n<tbody>\n<tr style=\"height: 13.50pt;\">\n<td style=\"height: 13.50pt; width: 127.50pt;\" width=\"170\" height=\"18\">Fonctionnalit\u00e9<\/td>\n<td style=\"width: 342.00pt;\" width=\"456\">Sp\u00e9cification<\/td>\n<\/tr>\n<tr style=\"height: 13.50pt;\">\n<td style=\"height: 13.50pt;\" height=\"18\">Capacit\u00e9s<\/td>\n<td>100 ml \/ 150 ml \/ 250 ml<\/td>\n<\/tr>\n<tr style=\"height: 13.50pt;\">\n<td style=\"height: 13.50pt;\" height=\"18\">Dimensions (L\u00d7H)<\/td>\n<td>4\u00d713,2 cm \/ 4,4\u00d716,6 cm \/ 5,1\u00d719,7 cm<\/td>\n<\/tr>\n<tr style=\"height: 13.50pt;\">\n<td style=\"height: 13.50pt;\" height=\"18\">Forme<\/td>\n<td>Bouteille carr\u00e9e de stout aux c\u00f4t\u00e9s plats et aux bords nets<\/td>\n<\/tr>\n<tr style=\"height: 13.50pt;\">\n<td style=\"height: 13.50pt;\" height=\"18\">Mat\u00e9riel<\/td>\n<td>Stout en verre transparent, de qualit\u00e9 alimentaire, sans plomb<\/td>\n<\/tr>\n<tr style=\"height: 13.50pt;\">\n<td style=\"height: 13.50pt;\" height=\"18\">Fermeture incluse<\/td>\n<td>Bouteille de sauce avec bouchon \u00e0 vis noir (personnalisable)<\/td>\n<\/tr>\n<tr style=\"height: 13.50pt;\">\n<td style=\"height: 13.50pt;\" height=\"18\">Utilisation id\u00e9ale<\/td>\n<td>Bouteilles en verre pour sauces, bouteilles de sauces piquantes en vrac<\/td>\n<\/tr>\n<\/tbody>\n<\/table>\n<h2>Succ\u00e8s\u00a0: L\u2019alliance id\u00e9ale de l\u2019efficacit\u00e9 et du style<\/h2>\n<p>Face \u00e0 la popularit\u00e9 fulgurante de cette entreprise de condiments, l&#039;instabilit\u00e9 de ses bouteilles rondes posait probl\u00e8me en mati\u00e8re de stockage. En optant pour nos bouteilles carr\u00e9es de 150 ml pour les sauces, ce probl\u00e8me a \u00e9t\u00e9 r\u00e9solu. Par cons\u00e9quent, l&#039;espace occup\u00e9 par palette a augment\u00e9 de 20 %, r\u00e9duisant ainsi consid\u00e9rablement les co\u00fbts logistiques. De plus, le design moderne, en phase avec les pr\u00e9f\u00e9rences de la client\u00e8le cible, a permis une hausse des ventes de 15 % au premier trimestre suivant le lancement du nouvel emballage. Suite \u00e0 ce succ\u00e8s, le client a pass\u00e9 quatre commandes group\u00e9es cons\u00e9cutives de 100\u00a0000 bouteilles chacune, augmentant ainsi son stock et ajoutant le format 250 ml \u00e0 sa nouvelle gamme de condiments.<\/p>\n<h2>Personnaliser les bouteilles en verre pour les sauces<\/h2>\n<ul>\n<li><strong>Logo imprim\u00e9 :<\/strong> Envisagez d&#039;imprimer un logo en relief sur la partie saillante de l&#039;un des panneaux plats.<\/li>\n<li><strong>S\u00e9rigraphie :<\/strong> Placez votre \u0153uvre d&#039;art directement sur le pot pour un aspect durable et de premi\u00e8re qualit\u00e9.<\/li>\n<li><strong>Vitrail:<\/strong> Utilisez du verre ambr\u00e9 ou vert si vous souhaitez conserver vos sauces sensibles \u00e0 la lumi\u00e8re de la meilleure fa\u00e7on possible et obtenir en m\u00eame temps un aspect unique.<\/li>\n<li><strong>Gravure \u00e0 l&#039;acide :<\/strong> Votre panneau doit comporter des figures g\u00e9om\u00e9triques grav\u00e9es \u00e0 l&#039;acide.<\/li>\n<\/ul>\n<p>Vous souhaitez optimiser vos emballages\u00a0? Notre catalogue propose des flacons carr\u00e9s pour condiments de diff\u00e9rentes contenances. Pour toute commande en gros de flacons de sauce piquante, contactez-nous afin de conna\u00eetre nos tarifs de gros et nos d\u00e9lais de livraison rapides.<\/p>","protected":false},"excerpt":{"rendered":"<p>Bouteilles carr\u00e9es g\u00e9om\u00e9triques en verre transparent, id\u00e9ales pour les sauces piquantes ou barbecue. Achetez en gros des bouteilles en verre pour sauces \u00e0 des prix avantageux. \u00c9chantillons gratuits.<\/p>","protected":false},"featured_media":2556,"template":"","meta":{"postBodyCss":"","postBodyMargin":[],"postBodyPadding":[],"postBodyBackground":{"backgroundType":"classic","gradient":""}},"product_brand":[],"product_cat":[15,16,54],"product_tag":[98],"class_list":{"0":"post-2552","1":"product","2":"type-product","3":"status-publish","4":"has-post-thumbnail","6":"product_cat-glass-containers","7":"product_cat-glass-bottles","8":"product_cat-hot-sauce-bottles","9":"product_tag-salad-dressing-bottles","11":"first","12":"instock","13":"shipping-taxable","14":"product-type-simple"},"jetpack_sharing_enabled":true,"_links":{"self":[{"href":"https:\/\/minghanggroup.com\/fr\/wp-json\/wp\/v2\/product\/2552","targetHints":{"allow":["GET"]}}],"collection":[{"href":"https:\/\/minghanggroup.com\/fr\/wp-json\/wp\/v2\/product"}],"about":[{"href":"https:\/\/minghanggroup.com\/fr\/wp-json\/wp\/v2\/types\/product"}],"wp:featuredmedia":[{"embeddable":true,"href":"https:\/\/minghanggroup.com\/fr\/wp-json\/wp\/v2\/media\/2556"}],"wp:attachment":[{"href":"https:\/\/minghanggroup.com\/fr\/wp-json\/wp\/v2\/media?parent=2552"}],"wp:term":[{"taxonomy":"product_brand","embeddable":true,"href":"https:\/\/minghanggroup.com\/fr\/wp-json\/wp\/v2\/product_brand?post=2552"},{"taxonomy":"product_cat","embeddable":true,"href":"https:\/\/minghanggroup.com\/fr\/wp-json\/wp\/v2\/product_cat?post=2552"},{"taxonomy":"product_tag","embeddable":true,"href":"https:\/\/minghanggroup.com\/fr\/wp-json\/wp\/v2\/product_tag?post=2552"}],"curies":[{"name":"wp","href":"https:\/\/api.w.org\/{rel}","templated":true}]}}