{"id":2547,"date":"2025-11-07T11:45:30","date_gmt":"2025-11-07T03:45:30","guid":{"rendered":"https:\/\/minghanggroup.com\/?post_type=product&#038;p=2547"},"modified":"2026-03-02T15:19:54","modified_gmt":"2026-03-02T07:19:54","slug":"250ml-410ml-485ml-transparent-glass-hot-sauce-bottles-wholesale","status":"publish","type":"product","link":"https:\/\/minghanggroup.com\/fr\/produit\/250ml-410ml-485ml-transparent-glass-hot-sauce-bottles-wholesale\/","title":{"rendered":"Bouteilles de sauce piquante en verre transparent de 250 ml, 410 ml et 485 ml (vente en gros)"},"content":{"rendered":"<p>Ces bouteilles de sauce piquante en verre pr\u00e9sentent un design fin et l\u00e9g\u00e8rement conique en verre transparent, ce qui leur conf\u00e8re un aspect \u00e9l\u00e9gant et harmonieux.<\/p>\n<h2>Caract\u00e9ristiques du produit<\/h2>\n<ul>\n<li><strong>Design conique \u00e9l\u00e9gant :<\/strong> Sa forme conique monobloc, de la base \u00e0 l&#039;\u00e9paule, r\u00e9v\u00e8le une texture haut de gamme et conf\u00e8re ainsi au produit un aspect unique en rayon.<\/li>\n<li><strong>Mat\u00e9riau : verre transparent<\/strong> Le r\u00e9cipient en verre transparent permet aux consommateurs de voir la couleur et de v\u00e9rifier la quantit\u00e9 de sauce chili \u00e0 l&#039;int\u00e9rieur, facilitant ainsi l&#039;identification et le contr\u00f4le.<\/li>\n<li><strong>Conception adapt\u00e9e \u00e0 la production\u00a0:<\/strong> Le corps conique droit de la bouteille assure une bonne stabilit\u00e9 sur la ligne de remplissage et contribue ainsi \u00e0 une meilleure efficacit\u00e9 d&#039;emballage.<\/li>\n<\/ul>\n<h2 style=\"text-align: left;\">Caract\u00e9ristiques principales<\/h2>\n<table class=\"aligncenter\" style=\"border-collapse: collapse; width: 490.52pt;\" border=\"0\" width=\"654\" cellspacing=\"0\" cellpadding=\"0\">\n<tbody>\n<tr style=\"height: 13.50pt;\">\n<td style=\"height: 13.50pt; width: 127.50pt;\" width=\"170\" height=\"18\">Fonctionnalit\u00e9<\/td>\n<td style=\"width: 363.00pt;\" width=\"484\">Sp\u00e9cification<\/td>\n<\/tr>\n<tr style=\"height: 13.50pt;\">\n<td style=\"height: 13.50pt;\" height=\"18\">Capacit\u00e9s<\/td>\n<td>250 ml \/ 410 ml \/ 485 ml<\/td>\n<\/tr>\n<tr style=\"height: 13.50pt;\">\n<td style=\"height: 13.50pt;\" height=\"18\">Dimensions (D\u00d7H)<\/td>\n<td>4,4 \u00d7 15,5 cm \/ 6,4 \u00d7 24,4 cm \/ 6,6 \u00d7 26 cm<\/td>\n<\/tr>\n<tr style=\"height: 13.50pt;\">\n<td style=\"height: 13.50pt;\" height=\"18\">Forme<\/td>\n<td>Bouteille de stout conique \u2013 l\u00e9g\u00e8rement plus \u00e9troite \u00e0 la base<\/td>\n<\/tr>\n<tr style=\"height: 13.50pt;\">\n<td style=\"height: 13.50pt;\" height=\"18\">Mat\u00e9riel<\/td>\n<td>Stout en verre transparent, de qualit\u00e9 alimentaire, sans plomb<\/td>\n<\/tr>\n<tr style=\"height: 13.50pt;\">\n<td style=\"height: 13.50pt;\" height=\"18\">Pr\u00eat pour la fermeture<\/td>\n<td>Compatible avec tous les bouchons \u00e0 vis, les chemises ou les r\u00e9ducteurs d&#039;orifice.<\/td>\n<\/tr>\n<tr style=\"height: 13.50pt;\">\n<td style=\"height: 13.50pt;\" height=\"18\">Id\u00e9al pour<\/td>\n<td>Sauce piquante, sauce chili, vinaigrette \u00e0 la tomate<\/td>\n<\/tr>\n<tr style=\"height: 13.50pt;\">\n<td style=\"height: 13.50pt;\" height=\"18\">Utilisation id\u00e9ale<\/td>\n<td>Bouteilles de sauce piquante, bouteilles de sauce en gros<\/td>\n<\/tr>\n<\/tbody>\n<\/table>\n<h2>T\u00e9moignage de r\u00e9ussite\u00a0: Comment les bouteilles haut de gamme contribuent \u00e0 la croissance des marques<\/h2>\n<p>Un petit fabricant de sauces piquantes souhaitait distribuer ses produits dans les \u00e9piceries fines, mais ne disposait pas de l&#039;emballage ad\u00e9quat. Il a finalement opt\u00e9 pour nos bouteilles coniques en verre de 410 ml, \u00e0 la fois \u00e9l\u00e9gantes et raffin\u00e9es. La nouvelle bouteille a rapidement rencontr\u00e9 un vif succ\u00e8s. En six mois, le fabricant a enregistr\u00e9 une hausse de 40 % de ses ventes dans le circuit haut de gamme et a pu augmenter ses prix de 15 %. La forme distinctive de la bouteille est devenue sa marque de fabrique, lui permettant de d\u00e9crocher trois commandes importantes cons\u00e9cutives. Aujourd&#039;hui, avec son expansion sur d&#039;autres march\u00e9s, le volume de ses commandes progresse de 60 % par rapport \u00e0 l&#039;ann\u00e9e pr\u00e9c\u00e9dente.<\/p>\n<h2>Suggestions de personnalisation des bouteilles<\/h2>\n<ul>\n<li><strong>Couleur personnalis\u00e9e de la casquette\u00a0:<\/strong> Choisir une couleur sp\u00e9cifique pour votre gamme de produits, comme le bouchon, ou l&#039;assortir \u00e0 votre image de marque, peut contribuer \u00e0 am\u00e9liorer la visibilit\u00e9 de vos produits.<\/li>\n<li><strong>Marquages \u200b\u200bcapillaires en relief\u00a0:<\/strong> Apposez le marquage en relief sur la bouteille.<\/li>\n<li><strong>Couleurs d\u00e9grad\u00e9es imprim\u00e9es en s\u00e9rigraphie\u00a0:<\/strong> Appliquez une couleur d\u00e9grad\u00e9e correspondant \u00e0 la forme conique de la bouteille pour un dynamisme visuel plus attrayant.<\/li>\n<li><strong>Doublure sp\u00e9ciale :<\/strong> Changez la doublure du bouchon en fonction des ingr\u00e9dients sp\u00e9cifiques.<\/li>\n<\/ul>\n<p>Vous souhaitez d\u00e9velopper votre activit\u00e9 de vente en gros de bouteilles de sauce\u00a0? Pour conna\u00eetre nos tarifs d\u00e9gressifs, contactez-nous et d\u00e9couvrez comment un design de bouteille adapt\u00e9 peut transformer l&#039;image de votre marque en rayon.<\/p>","protected":false},"excerpt":{"rendered":"<p>Bouteilles en verre de haute qualit\u00e9 pour sauce piquante, au design fin et fusel\u00e9. Disponibles en gros, elles sont id\u00e9ales pour les petites marques et les restaurants. Livraison rapide, \u00e9chantillons gratuits.<\/p>","protected":false},"featured_media":2551,"template":"","meta":{"postBodyCss":"","postBodyMargin":[],"postBodyPadding":[],"postBodyBackground":{"backgroundType":"classic","gradient":""}},"product_brand":[],"product_cat":[15,16,54],"product_tag":[99,98],"class_list":{"0":"post-2547","1":"product","2":"type-product","3":"status-publish","4":"has-post-thumbnail","6":"product_cat-glass-containers","7":"product_cat-glass-bottles","8":"product_cat-hot-sauce-bottles","9":"product_tag-glass-vinegar-bottles","10":"product_tag-salad-dressing-bottles","12":"first","13":"instock","14":"shipping-taxable","15":"product-type-simple"},"jetpack_sharing_enabled":true,"_links":{"self":[{"href":"https:\/\/minghanggroup.com\/fr\/wp-json\/wp\/v2\/product\/2547","targetHints":{"allow":["GET"]}}],"collection":[{"href":"https:\/\/minghanggroup.com\/fr\/wp-json\/wp\/v2\/product"}],"about":[{"href":"https:\/\/minghanggroup.com\/fr\/wp-json\/wp\/v2\/types\/product"}],"wp:featuredmedia":[{"embeddable":true,"href":"https:\/\/minghanggroup.com\/fr\/wp-json\/wp\/v2\/media\/2551"}],"wp:attachment":[{"href":"https:\/\/minghanggroup.com\/fr\/wp-json\/wp\/v2\/media?parent=2547"}],"wp:term":[{"taxonomy":"product_brand","embeddable":true,"href":"https:\/\/minghanggroup.com\/fr\/wp-json\/wp\/v2\/product_brand?post=2547"},{"taxonomy":"product_cat","embeddable":true,"href":"https:\/\/minghanggroup.com\/fr\/wp-json\/wp\/v2\/product_cat?post=2547"},{"taxonomy":"product_tag","embeddable":true,"href":"https:\/\/minghanggroup.com\/fr\/wp-json\/wp\/v2\/product_tag?post=2547"}],"curies":[{"name":"wp","href":"https:\/\/api.w.org\/{rel}","templated":true}]}}