{"id":2485,"date":"2025-11-06T15:45:10","date_gmt":"2025-11-06T07:45:10","guid":{"rendered":"https:\/\/minghanggroup.com\/?post_type=product&#038;p=2485"},"modified":"2026-01-20T14:13:23","modified_gmt":"2026-01-20T06:13:23","slug":"clear-glass-empty-hot-sauce-bottles-bulk","status":"publish","type":"product","link":"https:\/\/minghanggroup.com\/fr\/produit\/clear-glass-empty-hot-sauce-bottles-bulk\/","title":{"rendered":"Bouteilles de sauce piquante vides en verre transparent de 473 ml (16 oz) en gros"},"content":{"rendered":"<p>Ces bouteilles vides de sauce piquante sont en verre transparent avec des d\u00e9tails textur\u00e9s au niveau du col et du fond, et sont coiff\u00e9es d&#039;un bouchon dor\u00e9. Leur design minimaliste et \u00e9l\u00e9gant met parfaitement en valeur la sauce chili qu&#039;elles contiennent.<\/p>\n<h2>Caract\u00e9ristiques du produit<\/h2>\n<ul>\n<li><strong>Mat\u00e9riau : verre transparent<\/strong> Le r\u00e9cipient en verre transparent est un excellent moyen de montrer la couleur de la sauce chili ainsi que la quantit\u00e9 restante.<\/li>\n<li><strong>Design de bouteille textur\u00e9e :<\/strong> La texture au niveau du col et du bas apporte non seulement un petit d\u00e9tail, mais am\u00e9liore \u00e9galement l&#039;esth\u00e9tique du produit et la visibilit\u00e9 de la marque.<\/li>\n<li><strong>Grande capacit\u00e9 :<\/strong> Avec sa capacit\u00e9 de 500 ml, il peut facilement contenir aussi bien de grands paquets de sauces classiques que des sauces sp\u00e9ciales.<\/li>\n<\/ul>\n<h2 style=\"text-align: left;\">Caract\u00e9ristiques principales<\/h2>\n<table class=\"aligncenter\" style=\"border-collapse: collapse; width: 418.52pt;\" border=\"0\" width=\"558\" cellspacing=\"0\" cellpadding=\"0\">\n<tbody>\n<tr style=\"height: 13.50pt;\">\n<td style=\"height: 13.50pt; width: 116.25pt;\" width=\"155\" height=\"18\">Fonctionnalit\u00e9<\/td>\n<td style=\"width: 302.25pt;\" width=\"403\">Sp\u00e9cification<\/td>\n<\/tr>\n<tr style=\"height: 13.50pt;\">\n<td style=\"height: 13.50pt;\" height=\"18\">Capacit\u00e9<\/td>\n<td>500 ml \/ 16 oz<\/td>\n<\/tr>\n<tr style=\"height: 13.50pt;\">\n<td style=\"height: 13.50pt;\" height=\"18\">Mat\u00e9riel<\/td>\n<td>Stout en verre transparent, de qualit\u00e9 alimentaire, sans plomb<\/td>\n<\/tr>\n<tr style=\"height: 13.50pt;\">\n<td style=\"height: 13.50pt;\" height=\"18\">D\u00e9tails de conception<\/td>\n<td>Manche et base textur\u00e9s ; corps lisse<\/td>\n<\/tr>\n<tr style=\"height: 13.50pt;\">\n<td style=\"height: 13.50pt;\" height=\"18\">Pr\u00eat pour la fermeture<\/td>\n<td>or, noir, argent, rouge (personnalisable)<\/td>\n<\/tr>\n<tr style=\"height: 13.50pt;\">\n<td style=\"height: 13.50pt;\" height=\"18\">Taille de l&#039;emballage<\/td>\n<td>23 \u00d7 18 \u00d7 20 cm (empilage efficace)<\/td>\n<\/tr>\n<tr style=\"height: 13.50pt;\">\n<td style=\"height: 13.50pt;\" height=\"18\">Id\u00e9al pour<\/td>\n<td>Sauce piquante, sauce tomate, vinaigrette<\/td>\n<\/tr>\n<tr style=\"height: 13.50pt;\">\n<td style=\"height: 13.50pt;\" height=\"18\">Utilisation id\u00e9ale<\/td>\n<td>Bouteilles de sauce piquante en vrac, contenants de sauce piquante<\/td>\n<\/tr>\n<\/tbody>\n<\/table>\n<h2>T\u00e9moignage de r\u00e9ussite\u00a0: Comment les startups gagnent en \u00e9volutivit\u00e9 gr\u00e2ce aux bouteilles de grande capacit\u00e9<\/h2>\n<p>Une jeune entreprise sp\u00e9cialis\u00e9e dans la sauce chili a d&#039;abord command\u00e9 2\u00a0000 bouteilles vides textur\u00e9es personnalis\u00e9es, orn\u00e9es de son logo. En seulement trois mois, le design textur\u00e9 et le bouchon dor\u00e9 lui ont permis de s&#039;implanter avec succ\u00e8s sur 15 march\u00e9s haut de gamme locaux. Les excellents retours clients sur ce design \u00e9l\u00e9gant ont entra\u00een\u00e9 une hausse de 80\u00a0% des ventes et de 40\u00a0% des commandes r\u00e9p\u00e9t\u00e9es. Non seulement sa distribution s&#039;est \u00e9tendue, mais l&#039;entreprise est \u00e9galement devenue un client fid\u00e8le et important, avec des commandes trimestrielles de 400\u00a0000 unit\u00e9s et plus de 100 points de vente dans la r\u00e9gion.<\/p>\n<h2>Suggestions de personnalisation des bouteilles<\/h2>\n<ul>\n<li><strong>Couleurs de casquette personnalis\u00e9es\u00a0:<\/strong> La couleur de la casquette peut \u00eatre noire, argent\u00e9e ou blanche, afin de s&#039;harmoniser avec les couleurs de votre logo.<\/li>\n<li><strong>Motifs de s\u00e9rigraphie :<\/strong> Les motifs sont appliqu\u00e9s directement sur la surface du verre, entre les bandes textur\u00e9es, pour une meilleure r\u00e9sistance \u00e0 l&#039;usure.<\/li>\n<li><strong>Doublures sp\u00e9ciales :<\/strong> Changez les joints des bouchons pour des mod\u00e8les diff\u00e9rents, adapt\u00e9s aux ingr\u00e9dients sp\u00e9cifiques, afin de prolonger la dur\u00e9e de conservation du produit.<\/li>\n<li><strong>Options de r\u00e9glage du bec verseur\u00a0:<\/strong> Des ajusteurs de bec verseur de diff\u00e9rentes tailles peuvent \u00eatre utilis\u00e9s pour contr\u00f4ler le d\u00e9bit de votre liquide.<\/li>\n<\/ul>\n<p>Vous souhaitez commander des bouteilles de sauce piquante de qualit\u00e9 sup\u00e9rieure en gros\u00a0? Contactez-nous d\u00e8s maintenant pour obtenir un devis de prix de gros et une livraison pratique.<\/p>","protected":false},"excerpt":{"rendered":"<p>Bouteilles de sauce piquante vides haut de gamme avec bouchons en m\u00e9tal et design unique. Id\u00e9ales pour la personnalisation et la vente en gros. Vente directe d&#039;usine.<\/p>","protected":false},"featured_media":2493,"template":"","meta":{"postBodyCss":"","postBodyMargin":[],"postBodyPadding":[],"postBodyBackground":{"backgroundType":"classic","gradient":""}},"product_brand":[],"product_cat":[15,16,54],"product_tag":[72],"class_list":{"0":"post-2485","1":"product","2":"type-product","3":"status-publish","4":"has-post-thumbnail","6":"product_cat-glass-containers","7":"product_cat-glass-bottles","8":"product_cat-hot-sauce-bottles","9":"product_tag-juice-bottles","11":"first","12":"instock","13":"shipping-taxable","14":"product-type-simple"},"jetpack_sharing_enabled":true,"_links":{"self":[{"href":"https:\/\/minghanggroup.com\/fr\/wp-json\/wp\/v2\/product\/2485","targetHints":{"allow":["GET"]}}],"collection":[{"href":"https:\/\/minghanggroup.com\/fr\/wp-json\/wp\/v2\/product"}],"about":[{"href":"https:\/\/minghanggroup.com\/fr\/wp-json\/wp\/v2\/types\/product"}],"wp:featuredmedia":[{"embeddable":true,"href":"https:\/\/minghanggroup.com\/fr\/wp-json\/wp\/v2\/media\/2493"}],"wp:attachment":[{"href":"https:\/\/minghanggroup.com\/fr\/wp-json\/wp\/v2\/media?parent=2485"}],"wp:term":[{"taxonomy":"product_brand","embeddable":true,"href":"https:\/\/minghanggroup.com\/fr\/wp-json\/wp\/v2\/product_brand?post=2485"},{"taxonomy":"product_cat","embeddable":true,"href":"https:\/\/minghanggroup.com\/fr\/wp-json\/wp\/v2\/product_cat?post=2485"},{"taxonomy":"product_tag","embeddable":true,"href":"https:\/\/minghanggroup.com\/fr\/wp-json\/wp\/v2\/product_tag?post=2485"}],"curies":[{"name":"wp","href":"https:\/\/api.w.org\/{rel}","templated":true}]}}