{"id":2466,"date":"2025-11-06T15:36:32","date_gmt":"2025-11-06T07:36:32","guid":{"rendered":"https:\/\/minghanggroup.com\/?post_type=product&#038;p=2466"},"modified":"2025-11-14T10:07:09","modified_gmt":"2025-11-14T02:07:09","slug":"glass-spices-jar-with-grinders-bulk","status":"publish","type":"product","link":"https:\/\/minghanggroup.com\/fr\/produit\/glass-spices-jar-with-grinders-bulk\/","title":{"rendered":"Pot \u00e0 \u00e9pices en verre de 200 ml avec moulin en acier inoxydable"},"content":{"rendered":"<p>Ne laissez plus vos \u00e9pices mal rang\u00e9es donner \u00e0 votre cuisine l&#039;apparence d&#039;un d\u00e9sordre. Nous fabriquons des bocaux \u00e0 \u00e9pices en verre de haute qualit\u00e9 qui, en plus d&#039;embellir votre cuisine, pr\u00e9servent la fra\u00eecheur de vos \u00e9pices. Bien plus que de simples contenants, ils constituent votre nouvel atout pour une organisation optimale et une conservation parfaite de vos aliments.<\/p>\n<h2>Caract\u00e9ristiques du produit<\/h2>\n<ol>\n<li><strong>Clart\u00e9 cristalline :<\/strong>Le verre tr\u00e8s transparent vous permet de voir rapidement vos \u00e9pices ; ainsi, plus besoin de deviner quand il est temps de renouveler votre pot \u00e0 \u00e9pices.<\/li>\n<li><strong>Broyeur int\u00e9gr\u00e9 :<\/strong>Le couvercle en acier inoxydable avec broyeur int\u00e9gr\u00e9 permet de r\u00e9gler la finesse du poivre noir, du sel marin et autres \u00e9pices. Il est id\u00e9al pour votre cuisine.<\/li>\n<li><strong>Design rond moderne :<\/strong>La forme ronde \u00e9l\u00e9gante aux bords lisses conf\u00e8re non seulement le charme n\u00e9cessaire \u00e0 vos bo\u00eetes de rangement de cuisine et \u00e0 vos pots \u00e0 \u00e9pices, mais les rend \u00e9galement plus luxueux.<\/li>\n<\/ol>\n<h2>Caract\u00e9ristiques principales<\/h2>\n<table style=\"border-collapse: collapse; width: 80%; margin-left: auto; margin-right: auto;\" border=\"0\" width=\"144\" cellspacing=\"0\" cellpadding=\"0\">\n<tbody>\n<tr style=\"height: 13.50pt;\">\n<td style=\"height: 13.5pt; width: 54pt; text-align: center;\" width=\"72\" height=\"18\">Fonctionnalit\u00e9<\/td>\n<td style=\"width: 54pt; text-align: center;\" width=\"72\">Sp\u00e9cification<\/td>\n<\/tr>\n<tr style=\"height: 13.50pt;\">\n<td style=\"height: 13.5pt; text-align: center;\" height=\"18\">Capacit\u00e9<\/td>\n<td style=\"text-align: center;\">150 ml 200 ml<\/td>\n<\/tr>\n<tr style=\"height: 13.50pt;\">\n<td style=\"height: 13.5pt; text-align: center;\" height=\"18\">Forme<\/td>\n<td style=\"text-align: center;\">Rond<\/td>\n<\/tr>\n<tr style=\"height: 13.50pt;\">\n<td style=\"height: 13.5pt; text-align: center;\" height=\"18\">Accessoire<\/td>\n<td style=\"text-align: center;\">Bouchon broyeur<\/td>\n<\/tr>\n<tr style=\"height: 13.50pt;\">\n<td style=\"height: 13.5pt; text-align: center;\" height=\"18\">Usage<\/td>\n<td style=\"text-align: center;\">Poivre noir ou sel marin, etc.<\/td>\n<\/tr>\n<\/tbody>\n<\/table>\n<h2>Cas de r\u00e9ussite<\/h2>\n<p>Nous avons \u00e9t\u00e9 contact\u00e9s par une marque europ\u00e9enne de produits gastronomiques pour personnaliser ses bocaux haut de gamme en acier inoxydable et verre \u00e0 \u00e9pices avec un moulin \u00e0 \u00e9pices en m\u00e9tal. Ce moulin, r\u00e9glable en finesse et tr\u00e8s simple d&#039;utilisation, permet de passer facilement du gros sel de mer au poivre fin. Afin de promouvoir la marque et son image, nous avons grav\u00e9 au laser son logo g\u00e9om\u00e9trique \u00e9pur\u00e9 sur le couvercle m\u00e9tallique.<\/p>\n<p>Apr\u00e8s le lancement du produit, l&#039;entreprise a enregistr\u00e9 une augmentation de 50 % de ses ventes et a pu confirmer sa position de marque haut de gamme sur le march\u00e9.<\/p>\n<h2>Vos conseils de personnalisation<\/h2>\n<p>Vos bocaux \u00e0 \u00e9pices en verre doivent refl\u00e9ter le raffinement de votre marque. Vous pouvez choisir entre deux types de couvercles en acier inoxydable, bross\u00e9 ou poli, ou opter pour une gravure laser de votre logo ou une touche de couleur discr\u00e8te. Vous pr\u00e9f\u00e9rez une mouture fine pour un sel de qualit\u00e9 sup\u00e9rieure et une mouture plus grossi\u00e8re pour un m\u00e9lange de poivres\u00a0? Nous pouvons personnaliser nos moulins en c\u00e9ramique selon vos besoins.<\/p>\n<p>Que vous ayez besoin d&#039;emballages de 180 ml pour la vente au d\u00e9tail ou de 250 ml pour la restauration, nous garantissons des fermetures herm\u00e9tiques, une esth\u00e9tique \u00e9l\u00e9gante et une fonctionnalit\u00e9 irr\u00e9prochable. Nous pouvons cr\u00e9er une collection de pots \u00e0 \u00e9pices en verre qui ravira vos clients.<\/p>","protected":false},"excerpt":{"rendered":"<p>\u00c9l\u00e9gant pot \u00e0 \u00e9pices alliant verre et acier inoxydable. Pot en verre id\u00e9al pour moudre et conserver poivre, sel ou herbes aromatiques avec une touche de modernit\u00e9.<\/p>","protected":false},"featured_media":2468,"template":"","meta":{"postBodyCss":"","postBodyMargin":[],"postBodyPadding":[],"postBodyBackground":{"backgroundType":"classic","gradient":""}},"product_brand":[],"product_cat":[15,17,53],"product_tag":[],"class_list":{"0":"post-2466","1":"product","2":"type-product","3":"status-publish","4":"has-post-thumbnail","6":"product_cat-glass-containers","7":"product_cat-glass-jars","8":"product_cat-spice-jars","10":"first","11":"instock","12":"shipping-taxable","13":"product-type-simple"},"jetpack_sharing_enabled":true,"_links":{"self":[{"href":"https:\/\/minghanggroup.com\/fr\/wp-json\/wp\/v2\/product\/2466","targetHints":{"allow":["GET"]}}],"collection":[{"href":"https:\/\/minghanggroup.com\/fr\/wp-json\/wp\/v2\/product"}],"about":[{"href":"https:\/\/minghanggroup.com\/fr\/wp-json\/wp\/v2\/types\/product"}],"wp:featuredmedia":[{"embeddable":true,"href":"https:\/\/minghanggroup.com\/fr\/wp-json\/wp\/v2\/media\/2468"}],"wp:attachment":[{"href":"https:\/\/minghanggroup.com\/fr\/wp-json\/wp\/v2\/media?parent=2466"}],"wp:term":[{"taxonomy":"product_brand","embeddable":true,"href":"https:\/\/minghanggroup.com\/fr\/wp-json\/wp\/v2\/product_brand?post=2466"},{"taxonomy":"product_cat","embeddable":true,"href":"https:\/\/minghanggroup.com\/fr\/wp-json\/wp\/v2\/product_cat?post=2466"},{"taxonomy":"product_tag","embeddable":true,"href":"https:\/\/minghanggroup.com\/fr\/wp-json\/wp\/v2\/product_tag?post=2466"}],"curies":[{"name":"wp","href":"https:\/\/api.w.org\/{rel}","templated":true}]}}