{"id":2456,"date":"2025-11-06T14:39:39","date_gmt":"2025-11-06T06:39:39","guid":{"rendered":"https:\/\/minghanggroup.com\/?post_type=product&#038;p=2456"},"modified":"2025-11-14T10:07:16","modified_gmt":"2025-11-14T02:07:16","slug":"airtight-spice-jars-glass-kitchenware-bulk","status":"publish","type":"product","link":"https:\/\/minghanggroup.com\/fr\/produit\/airtight-spice-jars-glass-kitchenware-bulk\/","title":{"rendered":"Bocaux \u00e0 \u00e9pices herm\u00e9tiques de 100 ml avec couvercles en acier inoxydable (vente en gros)"},"content":{"rendered":"<p>Finies les batailles avec un rangement d&#039;\u00e9pices d\u00e9sordonn\u00e9 qui donne \u00e0 votre cuisine un aspect chaotique. Nous fabriquons des bocaux \u00e0 \u00e9pices haut de gamme et herm\u00e9tiques qui transforment votre cuisine en un espace \u00e9l\u00e9gant tout en pr\u00e9servant la fra\u00eecheur de vos \u00e9pices. Bien plus que de simples contenants, ils constituent le nouvel atout de votre marque pour une organisation optimale de la cuisine et un emballage alimentaire impeccable.<\/p>\n<h2>Caract\u00e9ristiques du produit<\/h2>\n<ol>\n<li><strong>Clair comme du cristal :<\/strong>Le r\u00e9cipient en verre, d&#039;une excellente transparence, vous permet de v\u00e9rifier visuellement les \u00e9pices ; vous n&#039;aurez donc plus \u00e0 deviner quand le remplir.<\/li>\n<li><strong>Scell\u00e9 herm\u00e9tiquement :<\/strong>Le joint m\u00e9tallique sup\u00e9rieur du couvercle en acier inoxydable assure une \u00e9tanch\u00e9it\u00e9 herm\u00e9tique, pr\u00e9servant ainsi la fra\u00eecheur des \u00e9pices et emp\u00eachant l&#039;humidit\u00e9 d&#039;endommager votre r\u00e9cipient \u00e0 \u00e9pices.<\/li>\n<li><strong>Bouchon int\u00e9rieur multifonctionnel\u00a0:<\/strong>Le couvercle herm\u00e9tique du pot \u00e0 \u00e9pices est \u00e9galement \u00e9quip\u00e9 d&#039;un saupoudreur multifonctionnel, avec des trous plus grands pour les grains de poivre plus gros et des trous plus petits pour les poudres plus fines.<\/li>\n<\/ol>\n<h2>Caract\u00e9ristiques principales<\/h2>\n<table style=\"border-collapse: collapse; width: 80%; margin-left: auto; margin-right: auto;\" border=\"0\" width=\"144\" cellspacing=\"0\" cellpadding=\"0\">\n<tbody>\n<tr style=\"height: 13.50pt;\">\n<td style=\"height: 13.5pt; width: 54pt; text-align: center;\" width=\"72\" height=\"18\">Fonctionnalit\u00e9<\/td>\n<td style=\"width: 54pt; text-align: center;\" width=\"72\">Sp\u00e9cification<\/td>\n<\/tr>\n<tr style=\"height: 13.50pt;\">\n<td style=\"height: 13.5pt; text-align: center;\" height=\"18\">Capacit\u00e9<\/td>\n<td style=\"text-align: center;\">100 ml<\/td>\n<\/tr>\n<tr style=\"height: 13.50pt;\">\n<td style=\"height: 13.5pt; text-align: center;\" height=\"18\">Taille<\/td>\n<td style=\"text-align: center;\">4,3 * 9,4 cm<\/td>\n<\/tr>\n<tr style=\"height: 13.50pt;\">\n<td style=\"height: 13.5pt; text-align: center;\" height=\"18\">Forme<\/td>\n<td style=\"text-align: center;\">Cylindre<\/td>\n<\/tr>\n<tr style=\"height: 13.50pt;\">\n<td style=\"height: 13.5pt; text-align: center;\" height=\"18\">Couleur<\/td>\n<td style=\"text-align: center;\">Clair ou personnalis\u00e9<\/td>\n<\/tr>\n<\/tbody>\n<\/table>\n<h2>Cas de r\u00e9ussite<\/h2>\n<p>Nous avons \u00e9t\u00e9 contact\u00e9s par une marque allemande d&#039;\u00e9pices pour cr\u00e9er une gamme personnalis\u00e9e de pots \u00e0 \u00e9pices herm\u00e9tiques, destin\u00e9s \u00e0 l&#039;emballage exclusif de leur nouveau produit. Le design du produit repose essentiellement sur du verre transparent et un couvercle en acier inoxydable bross\u00e9, pour un style \u00e0 la fois minimaliste et \u00e9l\u00e9gant. Afin de renforcer la notori\u00e9t\u00e9 de la marque, nous avons grav\u00e9 le logo sur le couvercle et ajout\u00e9 une \u00e9tiquette amovible sur le pot, facilitant ainsi son identification pour les secteurs de la vente au d\u00e9tail et de la restauration.<\/p>\n<p>Trois mois seulement apr\u00e8s le lancement du nouveau produit, les ventes hors ligne de la marque ont augment\u00e9 de 28 %, et elle est devenue une marque phare dans plusieurs supermarch\u00e9s de luxe.<\/p>\n<h2>Vos conseils de personnalisation<\/h2>\n<p>Vos pots \u00e0 \u00e9pices herm\u00e9tiques doivent \u00eatre aussi raffin\u00e9s que vos plats. Nous les associons \u00e0 la transparence du verre de votre choix\u00a0: parfaitement transparent pour les \u00e9pices color\u00e9es ou mat pour une cuisine minimaliste. Affirmez votre identit\u00e9 de marque avec un logo grav\u00e9 au laser ou une \u00e9tiquette imprim\u00e9e. Besoin de diff\u00e9rentes tailles pour une gamme de produits ou un rayon\u00a0? Nous adaptons le volume, l\u2019emballage et l\u2019\u00e9tiquetage pour vous fournir une collection de pots \u00e0 \u00e9pices qui refl\u00e8te parfaitement votre image de marque.<\/p>","protected":false},"excerpt":{"rendered":"<p>Conservez la fra\u00eecheur de vos herbes et \u00e9pices gr\u00e2ce \u00e0 nos bocaux herm\u00e9tiques. Ces r\u00e9cipients en verre sont dot\u00e9s d&#039;\u00e9l\u00e9gants couvercles en acier pour une organisation moderne de votre cuisine.<\/p>","protected":false},"featured_media":2462,"template":"","meta":{"postBodyCss":"","postBodyMargin":[],"postBodyPadding":[],"postBodyBackground":{"backgroundType":"classic","gradient":""}},"product_brand":[],"product_cat":[15,17,53],"product_tag":[],"class_list":{"0":"post-2456","1":"product","2":"type-product","3":"status-publish","4":"has-post-thumbnail","6":"product_cat-glass-containers","7":"product_cat-glass-jars","8":"product_cat-spice-jars","10":"first","11":"instock","12":"shipping-taxable","13":"product-type-simple"},"jetpack_sharing_enabled":true,"_links":{"self":[{"href":"https:\/\/minghanggroup.com\/fr\/wp-json\/wp\/v2\/product\/2456","targetHints":{"allow":["GET"]}}],"collection":[{"href":"https:\/\/minghanggroup.com\/fr\/wp-json\/wp\/v2\/product"}],"about":[{"href":"https:\/\/minghanggroup.com\/fr\/wp-json\/wp\/v2\/types\/product"}],"wp:featuredmedia":[{"embeddable":true,"href":"https:\/\/minghanggroup.com\/fr\/wp-json\/wp\/v2\/media\/2462"}],"wp:attachment":[{"href":"https:\/\/minghanggroup.com\/fr\/wp-json\/wp\/v2\/media?parent=2456"}],"wp:term":[{"taxonomy":"product_brand","embeddable":true,"href":"https:\/\/minghanggroup.com\/fr\/wp-json\/wp\/v2\/product_brand?post=2456"},{"taxonomy":"product_cat","embeddable":true,"href":"https:\/\/minghanggroup.com\/fr\/wp-json\/wp\/v2\/product_cat?post=2456"},{"taxonomy":"product_tag","embeddable":true,"href":"https:\/\/minghanggroup.com\/fr\/wp-json\/wp\/v2\/product_tag?post=2456"}],"curies":[{"name":"wp","href":"https:\/\/api.w.org\/{rel}","templated":true}]}}