{"id":2455,"date":"2025-11-06T13:25:27","date_gmt":"2025-11-06T05:25:27","guid":{"rendered":"https:\/\/minghanggroup.com\/?post_type=product&#038;p=2455"},"modified":"2026-03-02T15:18:34","modified_gmt":"2026-03-02T07:18:34","slug":"bulk-glass-8-oz-hot-sauce-bottles-for-canning","status":"publish","type":"product","link":"https:\/\/minghanggroup.com\/fr\/produit\/bulk-glass-8-oz-hot-sauce-bottles-for-canning\/","title":{"rendered":"Bouteilles en verre de 237 ml (8 oz) pour sauce piquante en vrac, destin\u00e9es \u00e0 la mise en conserve"},"content":{"rendered":"<p>Ces bouteilles de sauce piquante de 225 ml sont en verre transparent et pr\u00e9sentent une forme conique \u00e9l\u00e9gante et un couvercle rouge, sobres mais uniques, refl\u00e9tant ainsi parfaitement la d\u00e9licieuse saveur de la sauce qu&#039;elles contiennent.<\/p>\n<h2>Caract\u00e9ristiques du produit<\/h2>\n<ul>\n<li><strong>Conception de poign\u00e9e s\u00e9curis\u00e9e\u00a0:<\/strong> Sa forme ergonomique et fusel\u00e9e offre une prise en main confortable et antid\u00e9rapante, permettant ainsi \u00e0 l&#039;utilisateur de verser et de transporter sans aucune difficult\u00e9.<\/li>\n<li><strong>Adapt\u00e9 aux traitements \u00e0 haute temp\u00e9rature\u00a0:<\/strong> La bouteille en verre est suffisamment robuste pour \u00eatre utilis\u00e9e pour la mise en bouteille \u00e0 haute temp\u00e9rature et, en m\u00eame temps, elle peut constituer un bon agent de conservation du produit.<\/li>\n<li><strong>Magnifique look :<\/strong> Le bouchon \u00e0 vis rouge vif conf\u00e8re au produit une apparence unique sur un march\u00e9 satur\u00e9.<\/li>\n<\/ul>\n<h2 style=\"text-align: left;\">Caract\u00e9ristiques principales<\/h2>\n<table class=\"aligncenter\" style=\"border-collapse: collapse; width: 462.77pt;\" border=\"0\" width=\"617\" cellspacing=\"0\" cellpadding=\"0\">\n<tbody>\n<tr style=\"height: 13.50pt;\">\n<td style=\"height: 13.50pt; width: 116.25pt;\" width=\"155\" height=\"18\">Fonctionnalit\u00e9<\/td>\n<td style=\"width: 346.50pt;\" width=\"462\">Sp\u00e9cification<\/td>\n<\/tr>\n<tr style=\"height: 13.50pt;\">\n<td style=\"height: 13.50pt;\" height=\"18\">Capacit\u00e9<\/td>\n<td>250 ml (8 oz)<\/td>\n<\/tr>\n<tr style=\"height: 13.50pt;\">\n<td style=\"height: 13.50pt;\" height=\"18\">Forme<\/td>\n<td>Coupe classique en verre avec taille cintr\u00e9e<\/td>\n<\/tr>\n<tr style=\"height: 13.50pt;\">\n<td style=\"height: 13.50pt;\" height=\"18\">Mat\u00e9riel<\/td>\n<td>Stout en verre transparent, de qualit\u00e9 alimentaire, sans plomb<\/td>\n<\/tr>\n<tr style=\"height: 13.50pt;\">\n<td style=\"height: 13.50pt;\" height=\"18\">Pr\u00eat pour la fermeture<\/td>\n<td>capuchons noirs, dor\u00e9s, rouges ou m\u00e9talliques<\/td>\n<\/tr>\n<tr style=\"height: 13.50pt;\">\n<td style=\"height: 13.50pt;\" height=\"18\">Taille de l&#039;emballage<\/td>\n<td>15 \u00d7 17 \u00d7 30 cm<\/td>\n<\/tr>\n<tr style=\"height: 13.50pt;\">\n<td style=\"height: 13.50pt;\" height=\"18\">Id\u00e9al pour<\/td>\n<td>Sauce piquante, sauce chili, condiment, boissons, jus<\/td>\n<\/tr>\n<tr style=\"height: 13.50pt;\">\n<td style=\"height: 13.50pt;\" height=\"18\">Utilisation id\u00e9ale<\/td>\n<td>Bouteilles de sauce piquante pour la mise en conserve, bouteilles de condiments en vrac,<\/td>\n<\/tr>\n<\/tbody>\n<\/table>\n<h2>R\u00e9ussite : De la start-up locale \u00e0 la distribution nationale<\/h2>\n<p>Cette petite entreprise artisanale de sauces piquantes utilise cette bouteille de 240 ml pour toute sa gamme de produits. Sa bonne stabilit\u00e9 thermique est la principale raison de ce choix pour l&#039;embouteillage, ce qui a permis de r\u00e9duire les probl\u00e8mes de production de 30 %. Le concept original de cette bouteille leur a permis d&#039;\u00eatre pr\u00e9sents dans plus de 200 points de vente en seulement six mois. Gr\u00e2ce \u00e0 une croissance de 45 % de leurs ventes en ligne, due \u00e0 cet emballage haut de gamme, ils ont pu maintenir un volume de commandes trimestriel sup\u00e9rieur \u00e0 150\u00a0000 unit\u00e9s pendant trois ann\u00e9es cons\u00e9cutives et ainsi s&#039;\u00e9tendre au march\u00e9 national.<\/p>\n<h2>Suggestions de personnalisation des bouteilles<\/h2>\n<ul>\n<li><strong>Couleurs de casquette personnalis\u00e9es\u00a0:<\/strong> Des options noires, blanches ou m\u00e9tallis\u00e9es pour correspondre parfaitement ou partiellement \u00e0 la couleur de votre marque.<\/li>\n<li><strong>Options de verre color\u00e9\u00a0:<\/strong> Le verre ambr\u00e9 ou vert serait id\u00e9al pour les produits sensibles \u00e0 la lumi\u00e8re, contribuant ainsi \u00e0 rehausser le positionnement du produit.<\/li>\n<li><strong>Surface givr\u00e9e :<\/strong> La finition transparente obtenue par gravure \u00e0 l&#039;acide pr\u00e9sente une texture mate qui am\u00e9liore \u00e0 la fois l&#039;apparence et la prise en main par l&#039;utilisateur.<\/li>\n<li><strong>Motifs en verre textur\u00e9\u00a0:<\/strong> La texture de surface facilite la prise en main en offrant une meilleure adh\u00e9rence aux contours de la bouteille.<\/li>\n<\/ul>\n<p>Pr\u00eat \u00e0 optimiser vos emballages avec ces bouteilles de sauce piquante multi-usages de 237 ml\u00a0? Prix de gros, commande facile et livraison rapide\u00a0: contactez-nous d\u00e8s aujourd\u2019hui\u00a0!<\/p>","protected":false},"excerpt":{"rendered":"<p>Bouteilles \u00e9l\u00e9gantes de 240 ml pour sauce piquante, avec un design unique \u00e0 la taille. Id\u00e9ales pour la mise en conserve, les commandes en gros, la personnalisation, la livraison rapide et les \u00e9chantillons gratuits.<\/p>","protected":false},"featured_media":2457,"template":"","meta":{"postBodyCss":"","postBodyMargin":[],"postBodyPadding":[],"postBodyBackground":{"backgroundType":"classic","gradient":""}},"product_brand":[],"product_cat":[15,16,54],"product_tag":[99,72,98],"class_list":{"0":"post-2455","1":"product","2":"type-product","3":"status-publish","4":"has-post-thumbnail","6":"product_cat-glass-containers","7":"product_cat-glass-bottles","8":"product_cat-hot-sauce-bottles","9":"product_tag-glass-vinegar-bottles","10":"product_tag-juice-bottles","11":"product_tag-salad-dressing-bottles","13":"first","14":"instock","15":"shipping-taxable","16":"product-type-simple"},"jetpack_sharing_enabled":true,"_links":{"self":[{"href":"https:\/\/minghanggroup.com\/fr\/wp-json\/wp\/v2\/product\/2455","targetHints":{"allow":["GET"]}}],"collection":[{"href":"https:\/\/minghanggroup.com\/fr\/wp-json\/wp\/v2\/product"}],"about":[{"href":"https:\/\/minghanggroup.com\/fr\/wp-json\/wp\/v2\/types\/product"}],"wp:featuredmedia":[{"embeddable":true,"href":"https:\/\/minghanggroup.com\/fr\/wp-json\/wp\/v2\/media\/2457"}],"wp:attachment":[{"href":"https:\/\/minghanggroup.com\/fr\/wp-json\/wp\/v2\/media?parent=2455"}],"wp:term":[{"taxonomy":"product_brand","embeddable":true,"href":"https:\/\/minghanggroup.com\/fr\/wp-json\/wp\/v2\/product_brand?post=2455"},{"taxonomy":"product_cat","embeddable":true,"href":"https:\/\/minghanggroup.com\/fr\/wp-json\/wp\/v2\/product_cat?post=2455"},{"taxonomy":"product_tag","embeddable":true,"href":"https:\/\/minghanggroup.com\/fr\/wp-json\/wp\/v2\/product_tag?post=2455"}],"curies":[{"name":"wp","href":"https:\/\/api.w.org\/{rel}","templated":true}]}}