{"id":2446,"date":"2025-11-06T11:38:16","date_gmt":"2025-11-06T03:38:16","guid":{"rendered":"https:\/\/minghanggroup.com\/?post_type=product&#038;p=2446"},"modified":"2026-03-02T15:19:36","modified_gmt":"2026-03-02T07:19:36","slug":"wholesale-transparent-glass-sauce-container-with-lids","status":"publish","type":"product","link":"https:\/\/minghanggroup.com\/fr\/produit\/wholesale-transparent-glass-sauce-container-with-lids\/","title":{"rendered":"R\u00e9cipient \u00e0 sauce en verre transparent en gros avec couvercles 250 ml 350 ml"},"content":{"rendered":"<p>La partie en verre de ces r\u00e9cipients \u00e0 sauce est transparente\u00a0; leur forme large et leur col \u00e9troit permettent d\u2019admirer la sauce rouge intense qu\u2019ils contiennent. Disponibles en deux tailles, ils s\u2019adaptent \u00e0 diff\u00e9rentes occasions de consommation.<\/p>\n<h2>Caract\u00e9ristiques du produit<\/h2>\n<ul>\n<li>Transparence optimale : Le contenant transparent, avec son design minimaliste, transmet visuellement la qualit\u00e9 et la puret\u00e9 du produit en quelques secondes, instaurant ainsi rapidement la confiance du consommateur.<\/li>\n<li>Conception de bouteille facile \u00e0 fabriquer\u00a0: La conception solide et stable de la bouteille permet de g\u00e9rer les op\u00e9rations m\u00eame sur les lignes de remplissage \u00e0 grande vitesse sans avoir besoin d\u2019interruptions dues \u00e0 une assistance.<\/li>\n<li>Options de double capacit\u00e9\u00a0: Les deux options volum\u00e9triques de 250\u00a0ml et 350\u00a0ml sont disponibles et conviennent donc parfaitement \u00e0 vos strat\u00e9gies de distribution et de tarification des produits.<\/li>\n<\/ul>\n<h2 style=\"text-align: left;\">Caract\u00e9ristiques principales<\/h2>\n<table class=\"aligncenter\" style=\"border-collapse: collapse; width: 441.77pt;\" border=\"0\" width=\"589\" cellspacing=\"0\" cellpadding=\"0\">\n<tbody>\n<tr style=\"height: 13.50pt;\">\n<td style=\"height: 13.50pt; width: 125.25pt;\" width=\"167\" height=\"18\">Fonctionnalit\u00e9<\/td>\n<td style=\"width: 316.50pt;\" width=\"422\">Sp\u00e9cification<\/td>\n<\/tr>\n<tr style=\"height: 13.50pt;\">\n<td style=\"height: 13.50pt;\" height=\"18\">Capacit\u00e9s<\/td>\n<td>250 ml\/8 oz (6,8 \u00d7 16,7 cm), 350 ml\/12 oz (6,2 \u00d7 15,4 cm)<\/td>\n<\/tr>\n<tr style=\"height: 13.50pt;\">\n<td style=\"height: 13.50pt;\" height=\"18\">Forme<\/td>\n<td>bouteille en verre cylindrique droite<\/td>\n<\/tr>\n<tr style=\"height: 13.50pt;\">\n<td style=\"height: 13.50pt;\" height=\"18\">Mat\u00e9riel<\/td>\n<td>Stout en verre transparent, de qualit\u00e9 alimentaire, sans plomb<\/td>\n<\/tr>\n<tr style=\"height: 13.50pt;\">\n<td style=\"height: 13.50pt;\" height=\"18\">Options de fermeture<\/td>\n<td>Bouchon \u00e0 vis noir ou blanc (personnalisable)<\/td>\n<\/tr>\n<tr style=\"height: 13.50pt;\">\n<td style=\"height: 13.50pt;\" height=\"18\">Id\u00e9al pour<\/td>\n<td>Sauce piquante, sauce chili, ketchup, vinaigrette<\/td>\n<\/tr>\n<tr style=\"height: 13.50pt;\">\n<td style=\"height: 13.50pt;\" height=\"18\">Utilisation id\u00e9ale<\/td>\n<td>Contenants \u00e0 sauce en gros, bouteilles \u00e0 sauce en verre<\/td>\n<\/tr>\n<\/tbody>\n<\/table>\n<h2>T\u00e9moignages de r\u00e9ussite\u00a0: Comment un emballage adapt\u00e9 peut entra\u00eener une augmentation des ventes au d\u00e9tail<\/h2>\n<p>Le fabricant de produits alimentaires sp\u00e9cialis\u00e9s a choisi nos bouteilles en verre de 350 ml pour sa sauce piquante phare. La transparence de la bouteille a rapidement mis en \u00e9vidence la haute qualit\u00e9 du produit. En seulement six mois, ses ventes au d\u00e9tail ont bondi de 25 % et un restaurant de barbecue a r\u00e9duit ses d\u00e9chets de 33 % gr\u00e2ce \u00e0 un syst\u00e8me de dosage pr\u00e9cis (limiteur de d\u00e9bit). Le client a soulign\u00e9 que la performance et la durabilit\u00e9 de la bouteille \u00e9taient des facteurs cl\u00e9s de sa satisfaction et, de ce fait, il en commande plus de 100\u00a0000 par trimestre depuis deux ans.<\/p>\n<h2>Suggestions de personnalisation des bouteilles<\/h2>\n<ul>\n<li><strong>Options de vitraux :<\/strong> Outre la protection contre la lumi\u00e8re, utilisez du verre ambr\u00e9 ou bleu pour un look tendance et classique.<\/li>\n<li><strong>Couleurs de casquette personnalis\u00e9es\u00a0:<\/strong> Une casquette blanche, argent\u00e9e ou de couleur personnalis\u00e9e qui correspond parfaitement \u00e0 l&#039;image de votre marque.<\/li>\n<li><strong>Logo imprim\u00e9 :<\/strong> Rendez-le plus unique et reconnaissable en y faisant embosser votre logo directement sur la surface du verre.<\/li>\n<\/ul>\n<p>Vous souhaitez donner une nouvelle dimension \u00e0 vos sauces ? Ces sauces en verre sont disponibles imm\u00e9diatement et livr\u00e9es rapidement. Contactez-nous d\u00e8s aujourd&#039;hui pour conna\u00eetre nos tarifs de gros et d\u00e9couvrir comment nous pouvons vous aider \u00e0 mettre en valeur votre marque.<\/p>","protected":false},"excerpt":{"rendered":"<p>\u00c9l\u00e9gantes bouteilles en verre pour sauces chili, barbecue ou condiments. Contenants id\u00e9aux pour les restaurants et les industries agroalimentaires. \u00c9chantillons gratuits et livraison rapide.<\/p>","protected":false},"featured_media":2447,"template":"","meta":{"postBodyCss":"","postBodyMargin":[],"postBodyPadding":[],"postBodyBackground":{"backgroundType":"classic","gradient":""}},"product_brand":[],"product_cat":[15,16,54],"product_tag":[72,98],"class_list":{"0":"post-2446","1":"product","2":"type-product","3":"status-publish","4":"has-post-thumbnail","6":"product_cat-glass-containers","7":"product_cat-glass-bottles","8":"product_cat-hot-sauce-bottles","9":"product_tag-juice-bottles","10":"product_tag-salad-dressing-bottles","12":"first","13":"instock","14":"shipping-taxable","15":"product-type-simple"},"jetpack_sharing_enabled":true,"_links":{"self":[{"href":"https:\/\/minghanggroup.com\/fr\/wp-json\/wp\/v2\/product\/2446","targetHints":{"allow":["GET"]}}],"collection":[{"href":"https:\/\/minghanggroup.com\/fr\/wp-json\/wp\/v2\/product"}],"about":[{"href":"https:\/\/minghanggroup.com\/fr\/wp-json\/wp\/v2\/types\/product"}],"wp:featuredmedia":[{"embeddable":true,"href":"https:\/\/minghanggroup.com\/fr\/wp-json\/wp\/v2\/media\/2447"}],"wp:attachment":[{"href":"https:\/\/minghanggroup.com\/fr\/wp-json\/wp\/v2\/media?parent=2446"}],"wp:term":[{"taxonomy":"product_brand","embeddable":true,"href":"https:\/\/minghanggroup.com\/fr\/wp-json\/wp\/v2\/product_brand?post=2446"},{"taxonomy":"product_cat","embeddable":true,"href":"https:\/\/minghanggroup.com\/fr\/wp-json\/wp\/v2\/product_cat?post=2446"},{"taxonomy":"product_tag","embeddable":true,"href":"https:\/\/minghanggroup.com\/fr\/wp-json\/wp\/v2\/product_tag?post=2446"}],"curies":[{"name":"wp","href":"https:\/\/api.w.org\/{rel}","templated":true}]}}