{"id":2433,"date":"2025-11-06T09:19:13","date_gmt":"2025-11-06T01:19:13","guid":{"rendered":"https:\/\/minghanggroup.com\/?post_type=product&#038;p=2433"},"modified":"2026-03-02T15:19:16","modified_gmt":"2026-03-02T07:19:16","slug":"wholesale-empty-clear-glass-bbq-sauce-bottles","status":"publish","type":"product","link":"https:\/\/minghanggroup.com\/fr\/produit\/wholesale-empty-clear-glass-bbq-sauce-bottles\/","title":{"rendered":"Bouteilles vides en verre transparent pour sauce barbecue, en gros, 267 ml et 473 ml"},"content":{"rendered":"<p>Cette bouteille \u00e0 sauce pr\u00e9sente un design en verre rond aux parois droites, sans courbes ni ornements superflus. Sa transparence pure met en valeur votre sauce piquante, votre sauce barbecue ou votre vinaigrette dor\u00e9e.<\/p>\n<h2>Caract\u00e9ristiques du produit<\/h2>\n<ul>\n<li><strong>Mat\u00e9riau en verre transparent :<\/strong> Gr\u00e2ce \u00e0 un r\u00e9cipient en verre transparent, la couleur et la consistance du produit deviennent imm\u00e9diatement les principaux attraits pour les clients.<\/li>\n<li><strong>Design minimaliste :<\/strong> La bouteille transparente, associ\u00e9e \u00e0 un bouchon argent\u00e9 ou noir, offre une impression visuelle \u00e9pur\u00e9e et simple, la rendant ainsi \u00e0 la fois pratique et polyvalente.<\/li>\n<li><strong>Options \u00e0 double capacit\u00e9\u00a0:<\/strong> Deux capacit\u00e9s de bouteille sont disponibles : 267 ml et 473 ml, qui peuvent parfaitement r\u00e9pondre \u00e0 vos besoins pour contenir soit un petit volume de sauces sp\u00e9ciales, soit un grand volume de sauces barbecue.<\/li>\n<\/ul>\n<h2 style=\"text-align: left;\">Caract\u00e9ristiques principales<\/h2>\n<table class=\"aligncenter\" style=\"border-collapse: collapse; width: 435.77pt;\" border=\"0\" width=\"581\" cellspacing=\"0\" cellpadding=\"0\">\n<tbody>\n<tr style=\"height: 13.50pt;\">\n<td style=\"height: 13.50pt; width: 119.25pt;\" width=\"159\" height=\"18\">Fonctionnalit\u00e9<\/td>\n<td style=\"width: 316.50pt;\" width=\"422\">Sp\u00e9cification<\/td>\n<\/tr>\n<tr style=\"height: 13.50pt;\">\n<td style=\"height: 13.50pt;\" height=\"18\">Capacit\u00e9s<\/td>\n<td>267 ml, 473 ml<\/td>\n<\/tr>\n<tr style=\"height: 13.50pt;\">\n<td style=\"height: 13.50pt;\" height=\"18\">Taille de l&#039;emballage<\/td>\n<td>20 \u00d7 15 \u00d7 15 cm (identique pour les deux tailles)<\/td>\n<\/tr>\n<tr style=\"height: 13.50pt;\">\n<td style=\"height: 13.50pt;\" height=\"18\">Forme<\/td>\n<td>bouteille en verre cylindrique droite<\/td>\n<\/tr>\n<tr style=\"height: 13.50pt;\">\n<td style=\"height: 13.50pt;\" height=\"18\">Mat\u00e9riel<\/td>\n<td>Stout en verre transparent, de qualit\u00e9 alimentaire, sans plomb<\/td>\n<\/tr>\n<tr style=\"height: 13.50pt;\">\n<td style=\"height: 13.50pt;\" height=\"18\">Options de fermeture<\/td>\n<td>Bouchon \u00e0 vis noir ou argent (personnalisable)<\/td>\n<\/tr>\n<tr style=\"height: 13.50pt;\">\n<td style=\"height: 13.50pt;\" height=\"18\">Id\u00e9al pour<\/td>\n<td>Sauce piquante, sauce barbecue, condiment<\/td>\n<\/tr>\n<tr style=\"height: 13.50pt;\">\n<td style=\"height: 13.50pt;\" height=\"18\">Utilisation id\u00e9ale<\/td>\n<td>Bouteilles de sauce chili en gros, bouteilles de sauce barbecue<\/td>\n<\/tr>\n<\/tbody>\n<\/table>\n<h2>T\u00e9moignage de r\u00e9ussite\u00a0: Comment une entreprise de condiments a simplifi\u00e9 son emballage<\/h2>\n<p>Cette entreprise de condiments en pleine expansion utilisait diff\u00e9rents types de bouteilles pour conditionner ses produits, ce qui engendrait des difficult\u00e9s de gestion des stocks et d&#039;exp\u00e9dition. D\u00e9but 2024, elle a test\u00e9 nos bouteilles de sauce piquante en gros et a pass\u00e9 une premi\u00e8re commande de 3\u00a0000 unit\u00e9s (1\u00a0500 de chaque format). Le r\u00e9sultat a \u00e9t\u00e9 spectaculaire\u00a0: une marque de sauce barbecue utilisant des bouteilles de 473\u00a0ml a vu ses ventes au d\u00e9tail augmenter de 41\u00a0%, les clients \u00e9tant s\u00e9duits par le design moderne et le goulot verseur pratique. Un fabricant de sauce piquante a test\u00e9 des flacons d&#039;\u00e9chantillon de 267\u00a0ml et a constat\u00e9 une hausse de 35\u00a0% des achats r\u00e9p\u00e9t\u00e9s\u00a0: les consommateurs ont exprim\u00e9 leur souhait d&#039;acheter le produit en format standard apr\u00e8s l&#039;avoir go\u00fbt\u00e9. Actuellement, ils passent des commandes en gros pour les deux formats chaque trimestre, ce qui d\u00e9montre clairement l&#039;efficacit\u00e9 des solutions d&#039;emballage simplifi\u00e9es et \u00e9volutives.<\/p>\n<h2>Suggestions de personnalisation des bouteilles<\/h2>\n<ul>\n<li><strong>Options de couleur du verre\u00a0:<\/strong> Les flacons ronds en verre ambr\u00e9 ou vert peuvent constituer un produit attrayant et original en rayon, tout en assurant une protection aux produits sensibles \u00e0 la lumi\u00e8re.<\/li>\n<li><strong>Couleurs de casquette personnalis\u00e9es :<\/strong> Il est possible d&#039;utiliser diff\u00e9rentes couleurs de bouchons, par exemple argent, or ou blanc, afin de mettre en valeur votre gamme de produits ou simplement de refl\u00e9ter votre image de marque.<\/li>\n<li><strong>Graphismes s\u00e9rigraphi\u00e9s\u00a0:<\/strong> Il est possible d&#039;imprimer votre logo ou tout autre motif directement sur la surface en verre, obtenant ainsi une \u00e9tiquette durable et \u00e9tanche qui fait visuellement et physiquement partie int\u00e9grante du contenant.<\/li>\n<li><strong>Options de r\u00e9gulateur de d\u00e9bit\u00a0:<\/strong> En choisissant un r\u00e9gulateur de d\u00e9bit dont la taille correspond \u00e0 la viscosit\u00e9 de votre sauce, le d\u00e9bit sera facile \u00e0 contr\u00f4ler, qu&#039;il s&#039;agisse d&#039;un sirop l\u00e9ger ou d&#039;une sauce barbecue \u00e9paisse.<\/li>\n<\/ul>","protected":false},"excerpt":{"rendered":"<p>Bouteilles de sauce haut de gamme en verre \u00e9pais et transparent, id\u00e9ales pour la sauce barbecue ou la sauce chili. Personnalisation possible avec \u00e9chantillons gratuits pour les commandes en gros de bouteilles de sauce barbecue.<\/p>","protected":false},"featured_media":2435,"template":"","meta":{"postBodyCss":"","postBodyMargin":[],"postBodyPadding":[],"postBodyBackground":{"backgroundType":"classic","gradient":""}},"product_brand":[],"product_cat":[15,16,54],"product_tag":[72,98],"class_list":{"0":"post-2433","1":"product","2":"type-product","3":"status-publish","4":"has-post-thumbnail","6":"product_cat-glass-containers","7":"product_cat-glass-bottles","8":"product_cat-hot-sauce-bottles","9":"product_tag-juice-bottles","10":"product_tag-salad-dressing-bottles","12":"first","13":"instock","14":"shipping-taxable","15":"product-type-simple"},"jetpack_sharing_enabled":true,"_links":{"self":[{"href":"https:\/\/minghanggroup.com\/fr\/wp-json\/wp\/v2\/product\/2433","targetHints":{"allow":["GET"]}}],"collection":[{"href":"https:\/\/minghanggroup.com\/fr\/wp-json\/wp\/v2\/product"}],"about":[{"href":"https:\/\/minghanggroup.com\/fr\/wp-json\/wp\/v2\/types\/product"}],"wp:featuredmedia":[{"embeddable":true,"href":"https:\/\/minghanggroup.com\/fr\/wp-json\/wp\/v2\/media\/2435"}],"wp:attachment":[{"href":"https:\/\/minghanggroup.com\/fr\/wp-json\/wp\/v2\/media?parent=2433"}],"wp:term":[{"taxonomy":"product_brand","embeddable":true,"href":"https:\/\/minghanggroup.com\/fr\/wp-json\/wp\/v2\/product_brand?post=2433"},{"taxonomy":"product_cat","embeddable":true,"href":"https:\/\/minghanggroup.com\/fr\/wp-json\/wp\/v2\/product_cat?post=2433"},{"taxonomy":"product_tag","embeddable":true,"href":"https:\/\/minghanggroup.com\/fr\/wp-json\/wp\/v2\/product_tag?post=2433"}],"curies":[{"name":"wp","href":"https:\/\/api.w.org\/{rel}","templated":true}]}}