{"id":2428,"date":"2025-11-05T15:24:26","date_gmt":"2025-11-05T07:24:26","guid":{"rendered":"https:\/\/minghanggroup.com\/?post_type=product&#038;p=2428"},"modified":"2026-03-02T15:18:57","modified_gmt":"2026-03-02T07:18:57","slug":"custom-hot-sauce-bottles-with-textured-glass-design","status":"publish","type":"product","link":"https:\/\/minghanggroup.com\/fr\/produit\/custom-hot-sauce-bottles-with-textured-glass-design\/","title":{"rendered":"Bouteilles de sauce piquante personnalis\u00e9es avec design en verre textur\u00e9 375 ml 500 ml"},"content":{"rendered":"<p>Ces bouteilles de sauce piquante sont fabriqu\u00e9es en verre transparent et poss\u00e8dent des rainures verticales pour une prise en main confortable, ce qui les rend parfaites pour les aliments gras et ajoute du style \u00e0 votre emballage.<\/p>\n<h2>Caract\u00e9ristiques du produit<\/h2>\n<ul>\n<li><strong>Adh\u00e9rence sans glissement :<\/strong> La texture con\u00e7ue offre une bonne prise en main et permet ainsi de les utiliser sans erreur m\u00eame avec les mains grasses.<\/li>\n<li><strong>Durable et adapt\u00e9 \u00e0 la vente en gros\u00a0:<\/strong> Les bouteilles en verre transparent et r\u00e9sistant peuvent \u00eatre exp\u00e9di\u00e9es en grandes quantit\u00e9s et peuvent \u00eatre utilis\u00e9es quotidiennement sans s&#039;ab\u00eemer ; elles constituent donc la solution id\u00e9ale pour les sauces piquantes en vrac ou les stations de condiments des restaurants.<\/li>\n<li><strong>Deux tailles disponibles :<\/strong> 375 ml (petite vente au d\u00e9tail) et 500 ml (grande vente en gros) pour r\u00e9pondre \u00e0 diff\u00e9rents besoins.<\/li>\n<\/ul>\n<h2 style=\"text-align: left;\">Caract\u00e9ristiques principales<\/h2>\n<table class=\"aligncenter\" style=\"border-collapse: collapse; width: 468.77pt;\" border=\"0\" width=\"625\" cellspacing=\"0\" cellpadding=\"0\">\n<tbody>\n<tr style=\"height: 13.50pt;\">\n<td style=\"height: 13.50pt; width: 127.50pt;\" width=\"170\" height=\"18\">Fonctionnalit\u00e9<\/td>\n<td style=\"width: 341.25pt;\" width=\"455\">Sp\u00e9cification<\/td>\n<\/tr>\n<tr style=\"height: 13.50pt;\">\n<td style=\"height: 13.50pt;\" height=\"18\">Capacit\u00e9s<\/td>\n<td>375 ml et 500 ml<\/td>\n<\/tr>\n<tr style=\"height: 13.50pt;\">\n<td style=\"height: 13.50pt;\" height=\"18\">Taille de l&#039;emballage<\/td>\n<td>20\u00d715\u00d715 cm (convient aux deux tailles)<\/td>\n<\/tr>\n<tr style=\"height: 13.50pt;\">\n<td style=\"height: 13.50pt;\" height=\"18\">Mat\u00e9riel<\/td>\n<td>Bi\u00e8re brune transparente de qualit\u00e9 alimentaire<\/td>\n<\/tr>\n<tr style=\"height: 13.50pt;\">\n<td style=\"height: 13.50pt;\" height=\"18\">Surface<\/td>\n<td>Texture \u00e0 nervures verticales pour une meilleure prise en main<\/td>\n<\/tr>\n<tr style=\"height: 13.50pt;\">\n<td style=\"height: 13.50pt;\" height=\"18\">Options de fermeture<\/td>\n<td>Bouchon \u00e0 vis noir ou or<\/td>\n<\/tr>\n<tr style=\"height: 13.50pt;\">\n<td style=\"height: 13.50pt;\" height=\"18\">Id\u00e9al pour<\/td>\n<td>sauce piquante, vinaigre, vinaigrette, sauce chili, condiment<\/td>\n<\/tr>\n<tr style=\"height: 13.50pt;\">\n<td style=\"height: 13.50pt;\" height=\"18\">Utilisation id\u00e9ale<\/td>\n<td>Bouteilles de sauce piquante en gros, bouteilles de sauce chili<\/td>\n<\/tr>\n<\/tbody>\n<\/table>\n<h2>\u00c9tude de cas : Comment la texture renforce la notori\u00e9t\u00e9 de la marque<\/h2>\n<p>La marque de sauce barbecue Fast BBQ \u00e9tait confront\u00e9e \u00e0 un probl\u00e8me de compatibilit\u00e9 : ses produits \u00e9taient indiscernables de ceux de ses concurrents, qui utilisaient le m\u00eame design de bouteille en verre arrondi. Elle a finalement opt\u00e9 pour notre bouteille de 500 ml en verre textur\u00e9 avec bouchon dor\u00e9 pour son produit phare. Suite \u00e0 cela, l&#039;entreprise a constat\u00e9 une augmentation de 40 % de ses ventes en moins de six mois. De plus, la meilleure prise en main a permis de r\u00e9duire de 15 % la casse lors du transport, et donc les co\u00fbts d&#039;exploitation. Tr\u00e8s satisfaite, la marque a pass\u00e9 quatre commandes group\u00e9es successives de 100\u00a0000 bouteilles chacune.<\/p>\n<h2>Options de personnalisation des bouteilles de sauce<\/h2>\n<p>Utilisez les options de personnalisation du verre suivantes pour cr\u00e9er des bouteilles \u00e0 sauce uniques\u00a0:<\/p>\n<ul>\n<li>Modification de la profondeur des textures\u00a0: Utilisez l\u2019alternance de textures claires et fonc\u00e9es pour cr\u00e9er des illusions visuelles saisissantes.<\/li>\n<li>Texture givr\u00e9e : La diffusion de la lumi\u00e8re et l&#039;adh\u00e9rence peuvent \u00eatre grandement am\u00e9lior\u00e9es si une finition mate givr\u00e9e est appliqu\u00e9e aux zones textur\u00e9es.<\/li>\n<li>Logo imprim\u00e9 sur le dessous\u00a0: Le logo de votre entreprise peut \u00eatre imprim\u00e9 sur un panneau inf\u00e9rieur \u00e9l\u00e9gant, offrant un aspect \u00e0 la fois esth\u00e9tique et discret.<\/li>\n<li>Effet vitrail : Appliquez des motifs textur\u00e9s sur des bouteilles en verre ambr\u00e9 ou vert.<\/li>\n<\/ul>\n<p>Alors pourquoi ne pas nous contacter pour conna\u00eetre nos prix de gros sur ces bouteilles de sauce en verre tr\u00e8s pratiques ?<\/p>","protected":false},"excerpt":{"rendered":"<p>Bouteilles de sauce piquante haut de gamme aux textures \u00e9l\u00e9gantes, id\u00e9ales pour les marques prestigieuses. Durables, personnalisables avec logos, disponibles en gros avec tarifs d\u00e9gressifs.<\/p>","protected":false},"featured_media":2429,"template":"","meta":{"postBodyCss":"","postBodyMargin":[],"postBodyPadding":[],"postBodyBackground":{"backgroundType":"classic","gradient":""}},"product_brand":[],"product_cat":[15,16,54],"product_tag":[72,98],"class_list":{"0":"post-2428","1":"product","2":"type-product","3":"status-publish","4":"has-post-thumbnail","6":"product_cat-glass-containers","7":"product_cat-glass-bottles","8":"product_cat-hot-sauce-bottles","9":"product_tag-juice-bottles","10":"product_tag-salad-dressing-bottles","12":"first","13":"instock","14":"shipping-taxable","15":"product-type-simple"},"jetpack_sharing_enabled":true,"_links":{"self":[{"href":"https:\/\/minghanggroup.com\/fr\/wp-json\/wp\/v2\/product\/2428","targetHints":{"allow":["GET"]}}],"collection":[{"href":"https:\/\/minghanggroup.com\/fr\/wp-json\/wp\/v2\/product"}],"about":[{"href":"https:\/\/minghanggroup.com\/fr\/wp-json\/wp\/v2\/types\/product"}],"wp:featuredmedia":[{"embeddable":true,"href":"https:\/\/minghanggroup.com\/fr\/wp-json\/wp\/v2\/media\/2429"}],"wp:attachment":[{"href":"https:\/\/minghanggroup.com\/fr\/wp-json\/wp\/v2\/media?parent=2428"}],"wp:term":[{"taxonomy":"product_brand","embeddable":true,"href":"https:\/\/minghanggroup.com\/fr\/wp-json\/wp\/v2\/product_brand?post=2428"},{"taxonomy":"product_cat","embeddable":true,"href":"https:\/\/minghanggroup.com\/fr\/wp-json\/wp\/v2\/product_cat?post=2428"},{"taxonomy":"product_tag","embeddable":true,"href":"https:\/\/minghanggroup.com\/fr\/wp-json\/wp\/v2\/product_tag?post=2428"}],"curies":[{"name":"wp","href":"https:\/\/api.w.org\/{rel}","templated":true}]}}