{"id":2423,"date":"2025-11-05T14:10:38","date_gmt":"2025-11-05T06:10:38","guid":{"rendered":"https:\/\/minghanggroup.com\/?post_type=product&#038;p=2423"},"modified":"2025-11-05T17:02:08","modified_gmt":"2025-11-05T09:02:08","slug":"wholesale-woozy-bottles-for-hot-sauce-packaging","status":"publish","type":"product","link":"https:\/\/minghanggroup.com\/fr\/produit\/wholesale-woozy-bottles-for-hot-sauce-packaging\/","title":{"rendered":"Bouteilles Woozy en gros de 3 oz, 5 oz et 8 oz pour l&#039;emballage de sauce piquante"},"content":{"rendered":"<p>L&#039;une de ces bouteilles de sauce piquante classiques, la bouteille Woozy, est transparente et fabriqu\u00e9e en verre 100 % pur. De forme circulaire, elle poss\u00e8de un col unique et fin qui se r\u00e9tr\u00e9cit progressivement jusqu&#039;\u00e0 une ouverture standard, permettant ainsi \u00e0 l&#039;utilisateur de doser pr\u00e9cis\u00e9ment la sauce.<\/p>\n<h2>Caract\u00e9ristiques du produit<\/h2>\n<ul>\n<li><strong>Le contr\u00f4le du d\u00e9bit est pr\u00e9cis\u00a0:<\/strong> Gr\u00e2ce \u00e0 son goulot fin et \u00e0 son ouverture habituelle, ce r\u00e9cipient permet de contr\u00f4ler le d\u00e9bit et d&#039;\u00e9viter ainsi les d\u00e9bordements, m\u00eame avec une sauce \u00e9paisse ou \u00e9pic\u00e9e, tout en pouvant \u00eatre tenu d&#039;une seule main.<\/li>\n<li><strong>Utilisation polyvalente\u00a0:<\/strong> Ce r\u00e9cipient convient parfaitement \u00e0 tous types de sauces, qu&#039;il s&#039;agisse de vinaigrette, de sauce salade cr\u00e9meuse ou de sirop.<\/li>\n<li><strong>Mat\u00e9riau : verre transparent<\/strong> La bouteille est en verre naturel transparent, ce qui permet de bien voir la couleur et la quantit\u00e9 de sauce restante.<\/li>\n<\/ul>\n<h2 style=\"text-align: left;\">Caract\u00e9ristiques principales<\/h2>\n<table class=\"aligncenter\" style=\"border-collapse: collapse; width: 516.02pt;\" border=\"0\" width=\"688\" cellspacing=\"0\" cellpadding=\"0\">\n<tbody>\n<tr style=\"height: 13.50pt;\">\n<td class=\"et2\" style=\"height: 13.50pt; width: 90.00pt;\" width=\"120\" height=\"18\">Fonctionnalit\u00e9<\/td>\n<td class=\"et2\" style=\"width: 426.00pt;\" width=\"568\">Sp\u00e9cification<\/td>\n<\/tr>\n<tr style=\"height: 13.50pt;\">\n<td class=\"et2\" style=\"height: 13.50pt; width: 90.00pt;\" width=\"120\" height=\"18\">Capacit\u00e9s<\/td>\n<td class=\"et2\" style=\"width: 426.00pt;\" width=\"568\">90 ml\/3 oz (4 \u00d7 15,1 cm), 150 ml\/5 oz (4,8 \u00d7 17,2 cm), 250 ml\/8 oz (5,5 \u00d7 19,8 cm)<\/td>\n<\/tr>\n<tr style=\"height: 13.50pt;\">\n<td class=\"et2\" style=\"height: 13.50pt; width: 90.00pt;\" width=\"120\" height=\"18\">Mat\u00e9riel<\/td>\n<td class=\"et2\" style=\"width: 426.00pt;\" width=\"568\">Stout en verre transparent, de qualit\u00e9 alimentaire, sans plomb<\/td>\n<\/tr>\n<tr style=\"height: 13.50pt;\">\n<td class=\"et2\" style=\"height: 13.50pt; width: 90.00pt;\" width=\"120\" height=\"18\">Fermeture<\/td>\n<td class=\"et2\" style=\"width: 426.00pt;\" width=\"568\">Bouchon \u00e0 vis (noir ou couleur personnalis\u00e9e)<\/td>\n<\/tr>\n<tr style=\"height: 13.50pt;\">\n<td class=\"et2\" style=\"height: 13.50pt; width: 90.00pt;\" width=\"120\" height=\"18\">Id\u00e9al pour<\/td>\n<td class=\"et2\" style=\"width: 426.00pt;\" width=\"568\">Sauce piquante, sauce, vinaigrette<\/td>\n<\/tr>\n<tr style=\"height: 13.50pt;\">\n<td class=\"et2\" style=\"height: 13.50pt; width: 90.00pt;\" width=\"120\" height=\"18\">Utilisation id\u00e9ale<\/td>\n<td class=\"et2\" style=\"width: 426.00pt;\" width=\"568\">Bouteilles de sauce piquante en vrac, bouteilles de condiments, bouteille woozy<\/td>\n<\/tr>\n<\/tbody>\n<\/table>\n<h2>Succ\u00e8s\u00a0: Comment une start-up au produit classique a connu une croissance exponentielle<\/h2>\n<p>Un fabricant artisanal de sauce piquante en pleine expansion \u00e9tait confront\u00e9 \u00e0 un probl\u00e8me : ses clients rencontraient des difficult\u00e9s avec des bouteilles en plastique qui fuyaient et \u00e9taient de mauvaise qualit\u00e9, ou des bouteilles en verre mal ajust\u00e9es. Apr\u00e8s \u00eatre pass\u00e9 aux bouteilles en verre perfor\u00e9es de 150 ml avec bouchons noirs, l&#039;entreprise a constat\u00e9 une nette am\u00e9lioration de ses performances. Le design classique de ces bouteilles est un excellent outil pour instaurer la confiance des clients\u00a0: une marque de sauce piquante a ainsi enregistr\u00e9 une hausse de 42\u00a0% de ses ventes en ligne, facilit\u00e9e par le limiteur de d\u00e9bit au niveau du goulot qui permet un meilleur contr\u00f4le du versement et, par cons\u00e9quent, une r\u00e9duction du gaspillage de 31\u00a0%. Fort de ce succ\u00e8s, l&#039;entreprise a vu ses commandes r\u00e9currentes exploser, passant de 50\u00a0000 \u00e0 250\u00a0000 bouteilles par cycle. Elle a ensuite \u00e9largi sa gamme de produits et utilise toujours les trois formats propos\u00e9s dans notre catalogue.<\/p>\n<h2>Suggestions de personnalisation des bouteilles de sauce piquante<\/h2>\n<ul>\n<li><strong>Bouteille givr\u00e9e :<\/strong> La finition givr\u00e9e monobloc conf\u00e8re une surface douce et mate, att\u00e9nue l&#039;apparence des empreintes digitales et augmente la valeur per\u00e7ue du produit.<\/li>\n<li><strong>Indicateurs de volume en relief\u00a0:<\/strong> Les lettres en relief au niveau du col indiquent le volume, id\u00e9al pour \u00e9tiqueter les recettes ou les sauces.<\/li>\n<li><strong>Logo s\u00e9rigraphi\u00e9 :<\/strong> Votre logo peut \u00eatre s\u00e9rigraphi\u00e9 directement sur votre bouteille en verre, offrant ainsi une identit\u00e9 de marque durable et de haute qualit\u00e9 qui reste \u00e9clatante au fil du temps.<\/li>\n<li><strong>Options de vitraux :<\/strong> Les verres ambr\u00e9s ou verts peuvent \u00eatre utilis\u00e9s pour prot\u00e9ger les ingr\u00e9dients sensibles \u00e0 la lumi\u00e8re et, en m\u00eame temps, pour cr\u00e9er un aspect vintage.<\/li>\n<\/ul>","protected":false},"excerpt":{"rendered":"<p>Bouteilles souples haut de gamme, id\u00e9ales pour diverses sauces. Bouteilles de qualit\u00e9 sup\u00e9rieure pour sauce piquante, disponibles en gros \u2013 parfaites pour les restaurants et les industries agroalimentaires. \u00c9chantillons gratuits.<\/p>","protected":false},"featured_media":2427,"template":"","meta":{"postBodyCss":"","postBodyMargin":[],"postBodyPadding":[],"postBodyBackground":{"backgroundType":"classic","gradient":""}},"product_brand":[],"product_cat":[15,16,54],"product_tag":[],"class_list":{"0":"post-2423","1":"product","2":"type-product","3":"status-publish","4":"has-post-thumbnail","6":"product_cat-glass-containers","7":"product_cat-glass-bottles","8":"product_cat-hot-sauce-bottles","10":"first","11":"instock","12":"shipping-taxable","13":"product-type-simple"},"jetpack_sharing_enabled":true,"_links":{"self":[{"href":"https:\/\/minghanggroup.com\/fr\/wp-json\/wp\/v2\/product\/2423","targetHints":{"allow":["GET"]}}],"collection":[{"href":"https:\/\/minghanggroup.com\/fr\/wp-json\/wp\/v2\/product"}],"about":[{"href":"https:\/\/minghanggroup.com\/fr\/wp-json\/wp\/v2\/types\/product"}],"wp:featuredmedia":[{"embeddable":true,"href":"https:\/\/minghanggroup.com\/fr\/wp-json\/wp\/v2\/media\/2427"}],"wp:attachment":[{"href":"https:\/\/minghanggroup.com\/fr\/wp-json\/wp\/v2\/media?parent=2423"}],"wp:term":[{"taxonomy":"product_brand","embeddable":true,"href":"https:\/\/minghanggroup.com\/fr\/wp-json\/wp\/v2\/product_brand?post=2423"},{"taxonomy":"product_cat","embeddable":true,"href":"https:\/\/minghanggroup.com\/fr\/wp-json\/wp\/v2\/product_cat?post=2423"},{"taxonomy":"product_tag","embeddable":true,"href":"https:\/\/minghanggroup.com\/fr\/wp-json\/wp\/v2\/product_tag?post=2423"}],"curies":[{"name":"wp","href":"https:\/\/api.w.org\/{rel}","templated":true}]}}