{"id":2399,"date":"2025-11-04T15:52:22","date_gmt":"2025-11-04T07:52:22","guid":{"rendered":"https:\/\/minghanggroup.com\/?post_type=product&#038;p=2399"},"modified":"2025-11-14T10:07:42","modified_gmt":"2025-11-14T02:07:42","slug":"striped-empty-spice-jars-with-lids-bulk","status":"publish","type":"product","link":"https:\/\/minghanggroup.com\/fr\/produit\/striped-empty-spice-jars-with-lids-bulk\/","title":{"rendered":"Pots \u00e0 \u00e9pices vides ray\u00e9s de 142 g avec couvercles (vente en gros)"},"content":{"rendered":"<p>Finies les batailles avec un rangement d&#039;\u00e9pices d\u00e9sordonn\u00e9 qui donne \u00e0 votre cuisine un aspect chaotique. Nous cr\u00e9ons des pots \u00e0 \u00e9pices vides haut de gamme qui transforment votre cuisine en un espace \u00e9l\u00e9gant tout en pr\u00e9servant la fra\u00eecheur de vos \u00e9pices. Bien plus que de simples contenants, ce sont les nouveaux atouts de votre marque pour une organisation optimale de la cuisine et un emballage alimentaire impeccable.<\/p>\n<h2>Caract\u00e9ristiques du produit<\/h2>\n<ol>\n<li><strong>Clart\u00e9 du cristal :<\/strong>Le verre transparent et robuste vous permettra de v\u00e9rifier rapidement l&#039;\u00e9tat de vos \u00e9pices sans avoir \u00e0 deviner quand il est temps de renouveler votre stock de r\u00e9cipients \u00e0 \u00e9pices en verre.<\/li>\n<li><strong>Conception \u00e0 remplissage facile\u00a0:<\/strong>Gr\u00e2ce \u00e0 sa large ouverture, il est facile de remplir le r\u00e9cipient de sel, de sucre, de poivre, de farine ou d&#039;autres \u00e9pices en poudre pour vos r\u00e9serves de cuisine.<\/li>\n<li><strong>Ergonomie \u00e9l\u00e9gante :<\/strong>La conception simple et incurv\u00e9e de la poign\u00e9e vous offrira une prise en main confortable lors du versement, qui se fera sans effort, et un rangement pour vos pots \u00e0 \u00e9pices ronds en verre.<\/li>\n<\/ol>\n<h2>Caract\u00e9ristiques principales<\/h2>\n<table style=\"border-collapse: collapse; width: 80%; margin-left: auto; margin-right: auto;\" border=\"0\" width=\"144\" cellspacing=\"0\" cellpadding=\"0\">\n<tbody>\n<tr style=\"height: 13.50pt;\">\n<td style=\"height: 13.5pt; width: 54pt; text-align: center;\" width=\"72\" height=\"18\">Capacit\u00e9<\/td>\n<td style=\"width: 54pt; text-align: center;\" width=\"72\">150 ml \/ 5 oz<\/td>\n<\/tr>\n<tr style=\"height: 13.50pt;\">\n<td style=\"height: 13.5pt; text-align: center;\" height=\"18\">Mat\u00e9riel<\/td>\n<td style=\"text-align: center;\">Couvercle en verre et m\u00e9tal<\/td>\n<\/tr>\n<tr style=\"height: 13.50pt;\">\n<td style=\"height: 13.5pt; text-align: center;\" height=\"18\">Couleur<\/td>\n<td style=\"text-align: center;\">Transparent, personnalisable<\/td>\n<\/tr>\n<tr style=\"height: 13.50pt;\">\n<td style=\"height: 13.5pt; text-align: center;\" height=\"18\">Traitement de surface<\/td>\n<td style=\"text-align: center;\">S\u00e9rigraphie\/effet d\u00e9poli\/d\u00e9calcomanie\/peinture en a\u00e9rosol\/\u00e9tiquette<\/td>\n<\/tr>\n<\/tbody>\n<\/table>\n<h2>Cas de r\u00e9ussite<\/h2>\n<p>Une cha\u00eene de restaurants italiens nous a contact\u00e9s pour personnaliser ces bocaux ronds en verre destin\u00e9s \u00e0 contenir des condiments comme le sel, les flocons de poivre et le fromage r\u00e2p\u00e9, qu&#039;ils utilisent quotidiennement pour renouveler leur stock. Chaque couvercle \u00e9tait \u00e9galement grav\u00e9 du logo du restaurant, contribuant ainsi \u00e0 une image de marque haut de gamme.<\/p>\n<p>Alors, quel a \u00e9t\u00e9 le r\u00e9sultat final\u00a0? Les nouveaux pots \u00e0 condiments ont \u00e9t\u00e9 cit\u00e9s par les clients comme l\u2019une des principales raisons d\u2019une atmosph\u00e8re \u00ab\u00a0professionnelle mais accueillante\u00a0\u00bb \u2013 \u00e0 l\u2019image du style italien minimaliste de la marque, apr\u00e8s leur d\u00e9ploiement dans plus de 60 magasins.<\/p>\n<h2>Vos conseils de personnalisation<\/h2>\n<p>Vous souhaitez que les tables de votre restaurant ou les \u00e9quipements de votre cuisine se d\u00e9marquent\u00a0? Personnalisez ces pots \u00e0 \u00e9pices vierges avec votre logo ou un design original sur le couvercle. Choisissez entre des couvercles en acier inoxydable ou noir mat, modifiez la taille des ouvertures pour le sel, le piment ou le fromage, et optez pour des pots en verre teint\u00e9, fid\u00e8les \u00e0 votre identit\u00e9 visuelle. Leurs utilisations sont infinies\u00a0: restaurants, caf\u00e9s, coffrets cadeaux gourmands\u2026 Faites en sorte que chaque pinc\u00e9e refl\u00e8te avec \u00e9l\u00e9gance l\u2019histoire de votre marque.<\/p>","protected":false},"excerpt":{"rendered":"<p>Bocaux \u00e0 \u00e9pices ronds et vides en verre transparent r\u00e9sistant, avec couvercles en acier inoxydable. Contenants en verre parfaits pour conserver herbes aromatiques, sel, poivre et \u00e9pices.<\/p>","protected":false},"featured_media":2400,"template":"","meta":{"postBodyCss":"","postBodyMargin":[],"postBodyPadding":[],"postBodyBackground":{"backgroundType":"classic","gradient":""}},"product_brand":[],"product_cat":[15,17,53],"product_tag":[],"class_list":{"0":"post-2399","1":"product","2":"type-product","3":"status-publish","4":"has-post-thumbnail","6":"product_cat-glass-containers","7":"product_cat-glass-jars","8":"product_cat-spice-jars","10":"first","11":"instock","12":"shipping-taxable","13":"product-type-simple"},"jetpack_sharing_enabled":true,"_links":{"self":[{"href":"https:\/\/minghanggroup.com\/fr\/wp-json\/wp\/v2\/product\/2399","targetHints":{"allow":["GET"]}}],"collection":[{"href":"https:\/\/minghanggroup.com\/fr\/wp-json\/wp\/v2\/product"}],"about":[{"href":"https:\/\/minghanggroup.com\/fr\/wp-json\/wp\/v2\/types\/product"}],"wp:featuredmedia":[{"embeddable":true,"href":"https:\/\/minghanggroup.com\/fr\/wp-json\/wp\/v2\/media\/2400"}],"wp:attachment":[{"href":"https:\/\/minghanggroup.com\/fr\/wp-json\/wp\/v2\/media?parent=2399"}],"wp:term":[{"taxonomy":"product_brand","embeddable":true,"href":"https:\/\/minghanggroup.com\/fr\/wp-json\/wp\/v2\/product_brand?post=2399"},{"taxonomy":"product_cat","embeddable":true,"href":"https:\/\/minghanggroup.com\/fr\/wp-json\/wp\/v2\/product_cat?post=2399"},{"taxonomy":"product_tag","embeddable":true,"href":"https:\/\/minghanggroup.com\/fr\/wp-json\/wp\/v2\/product_tag?post=2399"}],"curies":[{"name":"wp","href":"https:\/\/api.w.org\/{rel}","templated":true}]}}