{"id":2394,"date":"2025-11-04T14:20:46","date_gmt":"2025-11-04T06:20:46","guid":{"rendered":"https:\/\/minghanggroup.com\/?post_type=product&#038;p=2394"},"modified":"2025-11-14T10:07:49","modified_gmt":"2025-11-14T02:07:49","slug":"10oz-glass-spice-jar-set-bulk-spice-storage-containers","status":"publish","type":"product","link":"https:\/\/minghanggroup.com\/fr\/produit\/10oz-glass-spice-jar-set-bulk-spice-storage-containers\/","title":{"rendered":"Ensemble de pots \u00e0 \u00e9pices en verre de 283 ml (10 oz) en vrac | Contenants pour \u00e9pices"},"content":{"rendered":"<p>Ne vous d\u00e9battez plus avec un rangement d&#039;\u00e9pices d\u00e9sordonn\u00e9 qui donne \u00e0 votre cuisine un aspect n\u00e9glig\u00e9. Nous fabriquons des bocaux \u00e0 \u00e9pices en verre de haute qualit\u00e9 qui, en plus d&#039;embellir votre cuisine, pr\u00e9servent la fra\u00eecheur de vos \u00e9pices. Bien plus que de simples bocaux, ils constituent le nouvel atout de votre marque pour une organisation optimale de la cuisine et un emballage alimentaire irr\u00e9prochable.<\/p>\n<h2>Caract\u00e9ristiques du produit<\/h2>\n<ol>\n<li><strong>Conception pr\u00e9cise du shaker\u00a0:<\/strong>Le couvercle saupoudreur en acier inoxydable, dot\u00e9 de trous de taille et de r\u00e9partition \u00e9gales, vous permet de contr\u00f4ler au mieux le flux d&#039;\u00e9pices pour le sel, le poivre et autres \u00e9pices fines.<\/li>\n<li><strong>Poign\u00e9e confortable :<\/strong>Les nervures verticales sur la partie qui tient dans la main am\u00e9liorent non seulement le confort de prise en main, mais conf\u00e8rent \u00e9galement un aspect intemporel \u00e0 vos pots \u00e0 \u00e9pices en verre.<\/li>\n<\/ol>\n<h2>Caract\u00e9ristiques principales<\/h2>\n<table style=\"border-collapse: collapse; width: 80%; margin-left: auto; margin-right: auto;\" border=\"0\" width=\"144\" cellspacing=\"0\" cellpadding=\"0\">\n<tbody>\n<tr style=\"height: 13.50pt;\">\n<td style=\"height: 13.5pt; width: 54pt; text-align: center;\" width=\"72\" height=\"18\">Capacit\u00e9<\/td>\n<td style=\"width: 54pt; text-align: center;\" width=\"72\">330 ml \/ 10 oz<\/td>\n<\/tr>\n<tr style=\"height: 13.50pt;\">\n<td style=\"height: 13.5pt; text-align: center;\" height=\"18\">Dimensions<\/td>\n<td style=\"text-align: center;\">7,5 x 13,5 cm<\/td>\n<\/tr>\n<tr style=\"height: 13.50pt;\">\n<td style=\"height: 13.5pt; text-align: center;\" height=\"18\">Mat\u00e9riel<\/td>\n<td style=\"text-align: center;\">Couvercle en verre et m\u00e9tal<\/td>\n<\/tr>\n<tr style=\"height: 13.50pt;\">\n<td style=\"height: 13.5pt; text-align: center;\" height=\"18\">Usage<\/td>\n<td style=\"text-align: center;\">Sucre, sel, assaisonnement<\/td>\n<\/tr>\n<tr style=\"height: 13.50pt;\">\n<td style=\"height: 13.5pt; text-align: center;\" height=\"18\">Couleur<\/td>\n<td style=\"text-align: center;\">Coutume<\/td>\n<\/tr>\n<\/tbody>\n<\/table>\n<h2>Cas de r\u00e9ussite<\/h2>\n<p>Une marque d&#039;articles de cuisine haut de gamme a collabor\u00e9 avec nous pour concevoir cet ensemble unique de pots \u00e0 \u00e9pices multifonctionnels. Les parois en verre des pots pr\u00e9sentent une texture sp\u00e9ciale pour une meilleure prise en main, et les couvercles en acier inoxydable poli miroir sont inoxydables, m\u00eame apr\u00e8s de nombreux lavages. Un pot est dot\u00e9 d&#039;un bec verseur de haute pr\u00e9cision, id\u00e9al pour l&#039;huile d&#039;olive ou la sauce soja\u00a0; les autres pots sont munis de saupoudreuses et de couvercles \u00e0 petit goulot pour le sel, le sucre et le poivre, respectivement.<\/p>\n<p>Au cours du premier trimestre, le coffret a \u00e9t\u00e9 le produit le plus vendu dans les magasins de mode et chez les d\u00e9taillants en ligne, et les ventes ont d\u00e9pass\u00e9 de 40 % l&#039;objectif.<\/p>\n<h2>Vos conseils de personnalisation<\/h2>\n<p>Ces bocaux \u00e0 \u00e9pices en verre peuvent devenir un excellent produit si vous les personnalisez en soignant leur esth\u00e9tique et en y ajoutant quelques fonctionnalit\u00e9s int\u00e9ressantes. Pour une allure soign\u00e9e et professionnelle, votre logo peut \u00eatre appos\u00e9 sur le couvercle ou le bocal par gravure laser ou s\u00e9rigraphie. De plus, un verre color\u00e9 (ambre, vert ou gris fum\u00e9) conf\u00e8re au bocal une touche de luxe tout en prot\u00e9geant son contenu de la lumi\u00e8re.<\/p>","protected":false},"excerpt":{"rendered":"<p>D\u00e9couvrez notre ensemble de bocaux \u00e0 \u00e9pices en verre r\u00e9sistant avec couvercles en acier inoxydable \u2014 des r\u00e9cipients de rangement id\u00e9aux pour organiser soigneusement le sel, le sucre, l&#039;huile et bien plus encore.<\/p>","protected":false},"featured_media":2395,"template":"","meta":{"postBodyCss":"","postBodyMargin":[],"postBodyPadding":[],"postBodyBackground":{"backgroundType":"classic","gradient":""}},"product_brand":[],"product_cat":[17,15,53],"product_tag":[],"class_list":{"0":"post-2394","1":"product","2":"type-product","3":"status-publish","4":"has-post-thumbnail","6":"product_cat-glass-jars","7":"product_cat-glass-containers","8":"product_cat-spice-jars","10":"first","11":"instock","12":"shipping-taxable","13":"product-type-simple"},"jetpack_sharing_enabled":true,"_links":{"self":[{"href":"https:\/\/minghanggroup.com\/fr\/wp-json\/wp\/v2\/product\/2394","targetHints":{"allow":["GET"]}}],"collection":[{"href":"https:\/\/minghanggroup.com\/fr\/wp-json\/wp\/v2\/product"}],"about":[{"href":"https:\/\/minghanggroup.com\/fr\/wp-json\/wp\/v2\/types\/product"}],"wp:featuredmedia":[{"embeddable":true,"href":"https:\/\/minghanggroup.com\/fr\/wp-json\/wp\/v2\/media\/2395"}],"wp:attachment":[{"href":"https:\/\/minghanggroup.com\/fr\/wp-json\/wp\/v2\/media?parent=2394"}],"wp:term":[{"taxonomy":"product_brand","embeddable":true,"href":"https:\/\/minghanggroup.com\/fr\/wp-json\/wp\/v2\/product_brand?post=2394"},{"taxonomy":"product_cat","embeddable":true,"href":"https:\/\/minghanggroup.com\/fr\/wp-json\/wp\/v2\/product_cat?post=2394"},{"taxonomy":"product_tag","embeddable":true,"href":"https:\/\/minghanggroup.com\/fr\/wp-json\/wp\/v2\/product_tag?post=2394"}],"curies":[{"name":"wp","href":"https:\/\/api.w.org\/{rel}","templated":true}]}}