{"id":2387,"date":"2025-11-04T10:57:15","date_gmt":"2025-11-04T02:57:15","guid":{"rendered":"https:\/\/minghanggroup.com\/?post_type=product&#038;p=2387"},"modified":"2025-11-14T10:07:56","modified_gmt":"2025-11-14T02:07:56","slug":"the-spice-jar-with-lid-for-kitchen-wholesale","status":"publish","type":"product","link":"https:\/\/minghanggroup.com\/fr\/produit\/the-spice-jar-with-lid-for-kitchen-wholesale\/","title":{"rendered":"Pot \u00e0 \u00e9pices de 200 ml avec couvercle noir pour la cuisine (vente en gros)"},"content":{"rendered":"<p>Finies les gal\u00e8res avec un rangement d&#039;\u00e9pices d\u00e9sordonn\u00e9 qui encombre votre cuisine\u00a0! Nous cr\u00e9ons des bocaux \u00e0 \u00e9pices en verre haut de gamme qui transforment votre cuisine en un espace \u00e9l\u00e9gant tout en pr\u00e9servant la fra\u00eecheur de vos \u00e9pices. Bien plus que de simples contenants, ils constituent le nouvel atout de votre marque pour une organisation optimale de la cuisine et un emballage alimentaire impeccable.<\/p>\n<h2>Caract\u00e9ristiques du produit<\/h2>\n<ol>\n<li><strong>Clair comme du cristal :<\/strong>C\u2019est sans aucun doute \u00e0 travers le verre \u00e9pais et transparent que l\u2019on peut tr\u00e8s facilement d\u00e9terminer le niveau d\u2019\u00e9pices restant, ce qui \u00e9vite toute incertitude quant au moment de passer une nouvelle commande.<\/li>\n<li><strong>Options polyvalentes\u00a0:<\/strong>Le couvercle en plastique noir est accompagn\u00e9 de cuill\u00e8res de formes diff\u00e9rentes, ce qui les rend parfaites pour conserver le miel, l&#039;huile de cuisson ou les \u00e9pices en poudre !<\/li>\n<li><strong>Personnalisation personnalis\u00e9e\u00a0:<\/strong>En choisissant le blanc, le noir ou m\u00eame des couleurs personnalis\u00e9es, vous pouvez cr\u00e9er un pot \u00e0 \u00e9pices unique qui refl\u00e8te votre marque ou qui correspond simplement \u00e0 sa couleur.<\/li>\n<\/ol>\n<h2>Caract\u00e9ristiques principales<\/h2>\n<table style=\"border-collapse: collapse; width: 80%; margin-left: auto; margin-right: auto;\" border=\"0\" width=\"144\" cellspacing=\"0\" cellpadding=\"0\">\n<tbody>\n<tr style=\"height: 13.50pt;\">\n<td style=\"height: 13.5pt; width: 54pt; text-align: center;\" width=\"72\" height=\"18\">Capacit\u00e9<\/td>\n<td style=\"width: 54pt; text-align: center;\" width=\"72\">200 ml<\/td>\n<\/tr>\n<tr style=\"height: 13.50pt;\">\n<td style=\"height: 13.5pt; text-align: center;\" height=\"18\">Dimensions<\/td>\n<td style=\"text-align: center;\">6,5 * 14 cm<\/td>\n<\/tr>\n<tr style=\"height: 13.50pt;\">\n<td style=\"height: 13.5pt; text-align: center;\" height=\"18\">Forme<\/td>\n<td style=\"text-align: center;\">Rond<\/td>\n<\/tr>\n<tr style=\"height: 13.50pt;\">\n<td style=\"height: 13.5pt; text-align: center;\" height=\"18\">Mat\u00e9riel<\/td>\n<td style=\"text-align: center;\">Verre<\/td>\n<\/tr>\n<tr style=\"height: 13.50pt;\">\n<td style=\"height: 13.5pt; text-align: center;\" height=\"18\">Couleur<\/td>\n<td style=\"text-align: center;\">Transparent, personnalisable<\/td>\n<\/tr>\n<tr style=\"height: 13.50pt;\">\n<td style=\"height: 13.5pt; text-align: center;\" height=\"18\">Usage<\/td>\n<td style=\"text-align: center;\">Bo\u00eete \u00e0 \u00e9pices, flacon \u00e0 \u00e9pices<\/td>\n<\/tr>\n<tr style=\"height: 13.50pt;\">\n<td style=\"height: 13.5pt; text-align: center;\" height=\"18\">Options de personnalisation<\/td>\n<td style=\"text-align: center;\">Logo, couvercles, couleur, \u00e9tiquette, taille<\/td>\n<\/tr>\n<\/tbody>\n<\/table>\n<h2>Cas de r\u00e9ussite<\/h2>\n<p>Une marque italienne d&#039;\u00e9pices a collabor\u00e9 avec nous pour cr\u00e9er ces \u00e9l\u00e9gants pots \u00e0 \u00e9pices en verre pour sa nouvelle collection \u00ab\u00a0Golden Kitchen\u00a0\u00bb. Chaque pot est fabriqu\u00e9 en verre dense et tr\u00e8s transparent, offrant ainsi une vue optimale du miel, des \u00e9pices et des herbes, tandis que les couvercles noirs brillants apportent une touche de modernit\u00e9 raffin\u00e9e. La marque a \u00e9galement appos\u00e9 son logo dor\u00e9 sur les couvercles.<\/p>\n<p>Trois mois apr\u00e8s le lancement du produit, l&#039;emballage \u00e9pur\u00e9 et uniforme a rehauss\u00e9 l&#039;image de la marque sur le lieu de vente, ce qui a \u00e9t\u00e9 suivi d&#039;une augmentation de 45 % des ventes.<\/p>\n<h2>Vos conseils de personnalisation<\/h2>\n<p>Dire que les emballages d&#039;\u00e9pices sont d&#039;un ennui mortel serait un euph\u00e9misme. Vos pots \u00e0 \u00e9pices ne devraient pas se contenter de contenir des saveurs, mais bien les mettre en valeur. Vous souhaitez refl\u00e9ter l&#039;image haut de gamme de votre marque culinaire\u00a0? Jouez avec les transparences du verre, la couleur des couvercles, et glissez-y m\u00eame des cuill\u00e8res \u00e0 miel, des cuill\u00e8res \u00e0 soupe ou de petits pinceaux. Un logo en relief ou des touches m\u00e9talliques apporteront une touche encore plus luxueuse. L&#039;achat en gros est possible. Alors, cr\u00e9ons des pots \u00e0 \u00e9pices qui transforment chaque \u00e9tag\u00e8re en un \u00e9crin pour le go\u00fbt et le style de votre marque\u00a0!<\/p>","protected":false},"excerpt":{"rendered":"<p>Sublimez votre cuisine avec cette collection de pots \u00e0 \u00e9pices. Ces petits pots sont dot\u00e9s d&#039;\u00e9l\u00e9gants couvercles noirs, parfaits pour conserver proprement miel, herbes aromatiques et \u00e9pices.<\/p>","protected":false},"featured_media":2388,"template":"","meta":{"postBodyCss":"","postBodyMargin":[],"postBodyPadding":[],"postBodyBackground":{"backgroundType":"classic","gradient":""}},"product_brand":[],"product_cat":[15,17,53],"product_tag":[],"class_list":{"0":"post-2387","1":"product","2":"type-product","3":"status-publish","4":"has-post-thumbnail","6":"product_cat-glass-containers","7":"product_cat-glass-jars","8":"product_cat-spice-jars","10":"first","11":"instock","12":"shipping-taxable","13":"product-type-simple"},"jetpack_sharing_enabled":true,"_links":{"self":[{"href":"https:\/\/minghanggroup.com\/fr\/wp-json\/wp\/v2\/product\/2387","targetHints":{"allow":["GET"]}}],"collection":[{"href":"https:\/\/minghanggroup.com\/fr\/wp-json\/wp\/v2\/product"}],"about":[{"href":"https:\/\/minghanggroup.com\/fr\/wp-json\/wp\/v2\/types\/product"}],"wp:featuredmedia":[{"embeddable":true,"href":"https:\/\/minghanggroup.com\/fr\/wp-json\/wp\/v2\/media\/2388"}],"wp:attachment":[{"href":"https:\/\/minghanggroup.com\/fr\/wp-json\/wp\/v2\/media?parent=2387"}],"wp:term":[{"taxonomy":"product_brand","embeddable":true,"href":"https:\/\/minghanggroup.com\/fr\/wp-json\/wp\/v2\/product_brand?post=2387"},{"taxonomy":"product_cat","embeddable":true,"href":"https:\/\/minghanggroup.com\/fr\/wp-json\/wp\/v2\/product_cat?post=2387"},{"taxonomy":"product_tag","embeddable":true,"href":"https:\/\/minghanggroup.com\/fr\/wp-json\/wp\/v2\/product_tag?post=2387"}],"curies":[{"name":"wp","href":"https:\/\/api.w.org\/{rel}","templated":true}]}}