{"id":2369,"date":"2025-10-31T16:10:54","date_gmt":"2025-10-31T08:10:54","guid":{"rendered":"https:\/\/minghanggroup.com\/?post_type=product&#038;p=2369"},"modified":"2026-01-20T13:42:01","modified_gmt":"2026-01-20T05:42:01","slug":"wholesale-small-glass-jars-with-lids-for-yogurt-packaging","status":"publish","type":"product","link":"https:\/\/minghanggroup.com\/fr\/produit\/wholesale-small-glass-jars-with-lids-for-yogurt-packaging\/","title":{"rendered":"Petits pots carr\u00e9s en verre de 150 ml avec couvercles pour l&#039;emballage des yaourts"},"content":{"rendered":"<p>Oubliez les pots en verre ordinaires qui rendent votre yaourt banal\u00a0! Nous cr\u00e9ons des pots en verre personnalis\u00e9s avec couvercles pour yaourt, transformant chaque cuiller\u00e9e en un pur moment de plaisir. Bien plus que de simples contenants, ce sont les nouveaux atouts de votre marque pour un emballage frais et \u00e9l\u00e9gant de vos produits laitiers. Fabricant de confiance d&#039;emballages en verre, nous s\u00e9lectionnons les meilleurs mat\u00e9riaux pour pr\u00e9server la fra\u00eecheur de votre produit plus longtemps.<\/p>\n<h2>Caract\u00e9ristiques du produit<\/h2>\n<ol>\n<li><strong>Design carr\u00e9 empilable :<\/strong>Gr\u00e2ce \u00e0 leur forme parfaitement adapt\u00e9e, ranger et pr\u00e9senter vos petits pots de yaourt en verre devient un jeu d&#039;enfant\u00a0: vous pouvez d\u00e9sormais optimiser l&#039;espace de vos \u00e9tag\u00e8res avec style.<\/li>\n<li><strong>\u00c9cran d&#039;une clart\u00e9 cristalline :<\/strong>Gr\u00e2ce \u00e0 l&#039;utilisation de verre transparent de qualit\u00e9 sup\u00e9rieure, les couleurs \u00e9clatantes de votre yaourt sont imm\u00e9diatement visibles\u00a0; les clients peuvent ainsi constater sa fra\u00eecheur avant m\u00eame l&#039;achat.<\/li>\n<li><strong>Personnalisation color\u00e9e\u00a0:<\/strong>Pourquoi ne pas utiliser l&#039;une des six couleurs, \u00e0 savoir rouge, jaune, vert, bleu, rose ou blanc, pour que vos pots de lait en verre correspondent parfaitement \u00e0 l&#039;identit\u00e9 visuelle de votre marque ?<\/li>\n<li><strong>Syst\u00e8me de couvercle s\u00e9curis\u00e9\u00a0:<\/strong>Fra\u00eecheur et conservation sont assur\u00e9es par une fermeture herm\u00e9tique gr\u00e2ce aux couvercles en plastique color\u00e9s\u00a0; aucune fuite n\u2019est \u00e0 craindre avec vos pots en verre munis de couvercles pour yaourt.<\/li>\n<\/ol>\n<h2>Caract\u00e9ristiques principales<\/h2>\n<table style=\"border-collapse: collapse; width: 80%; margin-left: auto; margin-right: auto;\" border=\"0\" width=\"360\" cellspacing=\"0\" cellpadding=\"0\">\n<tbody>\n<tr style=\"height: 13.50pt;\">\n<td style=\"height: 13.5pt; width: 54pt; text-align: center;\" width=\"72\" height=\"18\">Capacit\u00e9<\/td>\n<td style=\"width: 54pt; text-align: center;\" width=\"72\">Dimensions<\/td>\n<td style=\"width: 54pt; text-align: center;\" width=\"72\">Forme<\/td>\n<td style=\"width: 54pt; text-align: center;\" width=\"72\">Mat\u00e9riel<\/td>\n<td style=\"width: 54pt; text-align: center;\" width=\"72\">Couleur<\/td>\n<\/tr>\n<tr style=\"height: 13.50pt;\">\n<td style=\"height: 13.5pt; text-align: center;\" height=\"18\">150 ml<\/td>\n<td style=\"text-align: center;\">5,7 x 7,7 x 7,3 cm<\/td>\n<td style=\"text-align: center;\">Carr\u00e9<\/td>\n<td style=\"text-align: center;\">Verre<\/td>\n<td style=\"text-align: center;\">Transparent, personnalisable<\/td>\n<\/tr>\n<\/tbody>\n<\/table>\n<h2>Cas de r\u00e9ussite<\/h2>\n<p>Un petit atelier de desserts canadien a collabor\u00e9 avec nous pour la cr\u00e9ation de ces jolis pots de yaourt carr\u00e9s en verre, munis de couvercles, pour sa gamme de yaourts artisanaux. Fid\u00e8les \u00e0 l&#039;esprit joyeux et chaleureux du fait main de leur marque, ils ont choisi des couleurs pastel douces\u00a0: rose, bleu et jaune. Chaque petit pot est orn\u00e9 d&#039;un logo discret et accompagn\u00e9 d&#039;un manchon en silicone pour garantir la fra\u00eecheur du produit pendant le transport et le stockage.<\/p>\n<p>D\u00e8s leur lancement, les produits ont s\u00e9duit les utilisateurs par leur esth\u00e9tique dynamique et leur conception \u00e9co-responsable. Le taux de r\u00e9achat du studio a augment\u00e9 de 40 % en seulement trois mois.<\/p>\n<h2>Vos conseils de personnalisation<\/h2>\n<p>Pour ces pots \u00e0 yaourt carr\u00e9s en verre avec couvercle, vous pouvez apposer votre logo ou un motif par impression d\u00e9polie ou personnalisation par autocollant afin d&#039;optimiser leur pr\u00e9sentation en rayon. Vous avez le choix entre diff\u00e9rents coloris et mat\u00e9riaux de couvercles \u2013 silicone, bambou ou aluminium, par exemple \u2013 pour une harmonie parfaite avec votre identit\u00e9 visuelle. Si vous proposez des offres group\u00e9es, offrez des pots de diff\u00e9rentes contenances (100 ml \u00e0 250 ml) pour diversifier votre gamme. L&#039;ajout de logos en relief ou d&#039;\u00e9tiquettes transparentes peut sublimer l&#039;apparence de vos petits pots \u00e0 yaourt en verre et les rendre encore plus visibles.<\/p>","protected":false},"excerpt":{"rendered":"<p>Nos pots carr\u00e9s en verre avec couvercles pour yaourt sont personnalisables. Petits pots en verre avec couvercles color\u00e9s pour le conditionnement de desserts et de confitures. Contactez-nous d\u00e8s aujourd&#039;hui pour recevoir des \u00e9chantillons gratuits.<\/p>","protected":false},"featured_media":2375,"template":"","meta":{"postBodyCss":"","postBodyMargin":[],"postBodyPadding":[],"postBodyBackground":{"backgroundType":"classic","gradient":""}},"product_brand":[],"product_cat":[15,16,46],"product_tag":[65,64],"class_list":{"0":"post-2369","1":"product","2":"type-product","3":"status-publish","4":"has-post-thumbnail","6":"product_cat-glass-containers","7":"product_cat-glass-bottles","8":"product_cat-glass-milk-bottles","9":"product_tag-glass-jam-jars","10":"product_tag-glass-yogurt-jars","12":"first","13":"instock","14":"shipping-taxable","15":"product-type-simple"},"jetpack_sharing_enabled":true,"_links":{"self":[{"href":"https:\/\/minghanggroup.com\/fr\/wp-json\/wp\/v2\/product\/2369","targetHints":{"allow":["GET"]}}],"collection":[{"href":"https:\/\/minghanggroup.com\/fr\/wp-json\/wp\/v2\/product"}],"about":[{"href":"https:\/\/minghanggroup.com\/fr\/wp-json\/wp\/v2\/types\/product"}],"wp:featuredmedia":[{"embeddable":true,"href":"https:\/\/minghanggroup.com\/fr\/wp-json\/wp\/v2\/media\/2375"}],"wp:attachment":[{"href":"https:\/\/minghanggroup.com\/fr\/wp-json\/wp\/v2\/media?parent=2369"}],"wp:term":[{"taxonomy":"product_brand","embeddable":true,"href":"https:\/\/minghanggroup.com\/fr\/wp-json\/wp\/v2\/product_brand?post=2369"},{"taxonomy":"product_cat","embeddable":true,"href":"https:\/\/minghanggroup.com\/fr\/wp-json\/wp\/v2\/product_cat?post=2369"},{"taxonomy":"product_tag","embeddable":true,"href":"https:\/\/minghanggroup.com\/fr\/wp-json\/wp\/v2\/product_tag?post=2369"}],"curies":[{"name":"wp","href":"https:\/\/api.w.org\/{rel}","templated":true}]}}