{"id":2355,"date":"2025-10-31T14:35:46","date_gmt":"2025-10-31T06:35:46","guid":{"rendered":"https:\/\/minghanggroup.com\/?post_type=product&#038;p=2355"},"modified":"2025-10-31T17:50:01","modified_gmt":"2025-10-31T09:50:01","slug":"bulk-hexagonal-glass-honey-storage-containers-with-dust-lids","status":"publish","type":"product","link":"https:\/\/minghanggroup.com\/fr\/produit\/bulk-hexagonal-glass-honey-storage-containers-with-dust-lids\/","title":{"rendered":"Pots hexagonaux en verre pour le stockage du miel, avec couvercles anti-poussi\u00e8re, 380 ml et 730 ml"},"content":{"rendered":"<p>Ces pots \u00e0 miel en verre hexagonal pr\u00e9sentent un corps transparent aux lignes douces et arrondies et aux angles vifs. Les couvercles sont disponibles en vert et brun rouge\u00e2tre, ainsi qu&#039;en plusieurs tailles. Leur design minimaliste et \u00e9l\u00e9gant allie avec brio fonctionnalit\u00e9 et esth\u00e9tique.<\/p>\n<h2>Caract\u00e9ristiques du produit<\/h2>\n<ul>\n<li><strong>Mat\u00e9riau : verre transparent<\/strong> Le verre transparent permet de bien voir le produit \u00e0 l&#039;int\u00e9rieur ; ainsi, le miel n&#039;a jamais \u00e9t\u00e9 aussi beau tout en remplissant sa fonction pratique.<\/li>\n<li><strong>Bords et corps arrondis\u00a0:<\/strong> Les lignes arrondies des pots leur conf\u00e8rent un aspect \u00e9l\u00e9gant et lisse, rehaussant ainsi l&#039;attrait visuel du produit et le rendant plus facilement identifiable.<\/li>\n<li><strong>Conception \u00e9tanche \u00e0 la poussi\u00e8re :<\/strong> On peut affirmer que le miel est conserv\u00e9 de mani\u00e8re hygi\u00e9nique, \u00e9tant donn\u00e9 qu&#039;un couvercle herm\u00e9tique muni d&#039;un film protecteur transparent est install\u00e9 ; cet emballage facilite \u00e9galement l&#039;hygi\u00e8ne.<\/li>\n<\/ul>\n<h2 style=\"text-align: left;\">Caract\u00e9ristiques principales<\/h2>\n<table class=\"aligncenter\" style=\"border-collapse: collapse; width: 415.52pt;\" border=\"0\" width=\"554\" cellspacing=\"0\" cellpadding=\"0\">\n<tbody>\n<tr style=\"height: 13.50pt;\">\n<td style=\"height: 13.50pt; width: 95.25pt;\" width=\"127\" height=\"18\">Fonctionnalit\u00e9<\/td>\n<td style=\"width: 320.25pt;\" width=\"427\">Sp\u00e9cification<\/td>\n<\/tr>\n<tr style=\"height: 13.50pt;\">\n<td style=\"height: 13.50pt;\" height=\"18\">Capacit\u00e9<\/td>\n<td>380 ml, 730 ml<\/td>\n<\/tr>\n<tr style=\"height: 13.50pt;\">\n<td style=\"height: 13.50pt;\" height=\"18\">Forme<\/td>\n<td>Cylindrique \u00e0 6 facettes douces<\/td>\n<\/tr>\n<tr style=\"height: 13.50pt;\">\n<td style=\"height: 13.50pt;\" height=\"18\">Dimensions<\/td>\n<td>8,5 \u00d7 13 cm, 10,4 \u00d7 16,2 cm<\/td>\n<\/tr>\n<tr style=\"height: 13.50pt;\">\n<td style=\"height: 13.50pt;\" height=\"18\">Mat\u00e9riel<\/td>\n<td>Verre transparent, couvercle anti-poussi\u00e8re \u00e9tanche<\/td>\n<\/tr>\n<tr style=\"height: 13.50pt;\">\n<td style=\"height: 13.50pt;\" height=\"18\">Options de couvercle<\/td>\n<td>Vert, brun-rouge, jaune, bleu<\/td>\n<\/tr>\n<tr style=\"height: 13.50pt;\">\n<td style=\"height: 13.50pt;\" height=\"18\">Id\u00e9al pour<\/td>\n<td>caf\u00e9s, magasins \u00e9co-responsables, coop\u00e9ratives apicoles<\/td>\n<\/tr>\n<tr style=\"height: 13.50pt;\">\n<td style=\"height: 13.50pt;\" height=\"18\">Utilisation id\u00e9ale<\/td>\n<td>Pots \u00e0 miel hexagonaux en verre, contenants pour le miel<\/td>\n<\/tr>\n<\/tbody>\n<\/table>\n<h2>T\u00e9moignage de r\u00e9ussite\u00a0: Comment un meilleur emballage a permis de r\u00e9duire de 60\u00a0% le taux de retour<\/h2>\n<p>Le taux de retours d\u00fb aux fuites des pots \u00e9tait de 5 % pour un vendeur de miel en ligne. Apr\u00e8s le passage \u00e0 nos pots hexagonaux en verre de 730 ml avec couvercle herm\u00e9tique, le taux de retours li\u00e9s \u00e0 l&#039;emballage a chut\u00e9 de 60 % et le taux de fid\u00e9lisation a augment\u00e9 de 25 %. Les clients appr\u00e9cient l&#039;\u00e9tanch\u00e9it\u00e9 du pot et l&#039;entreprise utilise d\u00e9sormais ces contenants en verre pour tous ses produits. Elle passe une commande bimensuelle de 200\u00a0000 pots, tous formats confondus.<\/p>\n<h2>Id\u00e9es de personnalisation de contenants de rangement en verre<\/h2>\n<ul>\n<li>Couleur personnalis\u00e9e de la casquette\u00a0: Pour que la couleur de la casquette corresponde parfaitement \u00e0 votre charte graphique et s\u2019harmonise avec celle-ci, il convient d\u2019utiliser le nuancier Pantone.<\/li>\n<li>Facettes givr\u00e9es\u00a0: Vous pouvez cr\u00e9er un joli effet de contraste visuel en appliquant une finition givr\u00e9e sur les facettes qui ne sont pas vos lettres, ce qui permet de mettre davantage en valeur la forme hexagonale.<\/li>\n<li>Choix de l&#039;\u00e9paisseur du verre\u00a0: Vous pouvez opter pour l&#039;\u00e9paisseur standard ou choisir un verre plus \u00e9pais, donc plus textur\u00e9 et plus r\u00e9sistant.<\/li>\n<li>Teinte de protection UV\u00a0: Allez plus loin et utilisez du verre teint\u00e9 ambr\u00e9 pour prot\u00e9ger vos produits sensibles \u00e0 la lumi\u00e8re contre les rayons UV pendant le stockage.<\/li>\n<\/ul>","protected":false},"excerpt":{"rendered":"<p>Bocaux de conservation du miel en verre de qualit\u00e9 sup\u00e9rieure avec couvercles herm\u00e9tiques anti-poussi\u00e8re. Ces pots en verre hexagonal sont parfaits pour le miel, la confiture ou le sirop. Remises pour les grossistes\u00a0!<\/p>","protected":false},"featured_media":2370,"template":"","meta":{"postBodyCss":"","postBodyMargin":[],"postBodyPadding":[],"postBodyBackground":{"backgroundType":"classic","gradient":""}},"product_brand":[],"product_cat":[15,17,52],"product_tag":[],"class_list":{"0":"post-2355","1":"product","2":"type-product","3":"status-publish","4":"has-post-thumbnail","6":"product_cat-glass-containers","7":"product_cat-glass-jars","8":"product_cat-glass-honey-jars","10":"first","11":"instock","12":"shipping-taxable","13":"product-type-simple"},"jetpack_sharing_enabled":true,"_links":{"self":[{"href":"https:\/\/minghanggroup.com\/fr\/wp-json\/wp\/v2\/product\/2355","targetHints":{"allow":["GET"]}}],"collection":[{"href":"https:\/\/minghanggroup.com\/fr\/wp-json\/wp\/v2\/product"}],"about":[{"href":"https:\/\/minghanggroup.com\/fr\/wp-json\/wp\/v2\/types\/product"}],"wp:featuredmedia":[{"embeddable":true,"href":"https:\/\/minghanggroup.com\/fr\/wp-json\/wp\/v2\/media\/2370"}],"wp:attachment":[{"href":"https:\/\/minghanggroup.com\/fr\/wp-json\/wp\/v2\/media?parent=2355"}],"wp:term":[{"taxonomy":"product_brand","embeddable":true,"href":"https:\/\/minghanggroup.com\/fr\/wp-json\/wp\/v2\/product_brand?post=2355"},{"taxonomy":"product_cat","embeddable":true,"href":"https:\/\/minghanggroup.com\/fr\/wp-json\/wp\/v2\/product_cat?post=2355"},{"taxonomy":"product_tag","embeddable":true,"href":"https:\/\/minghanggroup.com\/fr\/wp-json\/wp\/v2\/product_tag?post=2355"}],"curies":[{"name":"wp","href":"https:\/\/api.w.org\/{rel}","templated":true}]}}