{"id":2335,"date":"2025-10-31T11:15:42","date_gmt":"2025-10-31T03:15:42","guid":{"rendered":"https:\/\/minghanggroup.com\/?post_type=product&#038;p=2335"},"modified":"2025-10-31T14:50:02","modified_gmt":"2025-10-31T06:50:02","slug":"bulk-hexagon-glass-honey-jars-with-honeycomb","status":"publish","type":"product","link":"https:\/\/minghanggroup.com\/fr\/produit\/bulk-hexagon-glass-honey-jars-with-honeycomb\/","title":{"rendered":"Bocaux \u00e0 miel hexagonaux en verre avec nid d&#039;abeille, 500 ml et 1000 ml"},"content":{"rendered":"<p>Ces pots \u00e0 miel hexagonaux en verre transparent sont orn\u00e9s d&#039;un motif alv\u00e9ol\u00e9 en relief et sont coiff\u00e9s de couvercles dor\u00e9s et jaunes. Ils existent en deux tailles. Chaque d\u00e9tail refl\u00e8te parfaitement le th\u00e8me du miel, ce dernier \u00e9tant \u00e9l\u00e9gamment mis en valeur \u00e0 travers le verre transparent.<\/p>\n<h2>Caract\u00e9ristiques du produit<\/h2>\n<ul>\n<li><strong>Texture en nid d&#039;abeille :<\/strong> Les pots \u00e0 miel hexagonaux pr\u00e9sentent un motif unique en relief imitant les nids d&#039;abeilles, s&#039;accordant parfaitement avec le th\u00e8me du miel et renfor\u00e7ant la reconnaissance du produit et son attrait th\u00e9matique.<\/li>\n<li><strong>Deux tailles disponibles :<\/strong> Le fait de disposer de deux pots de miel de tailles diff\u00e9rentes permettra \u00e0 l&#039;utilisateur de r\u00e9pondre \u00e0 tous ses besoins, que ce soit pour un usage domestique quotidien ou pour emballer des cadeaux et ainsi participer \u00e0 d&#039;autres types d&#039;\u00e9v\u00e9nements.<\/li>\n<li><strong>Pr\u00e9sentation th\u00e9matique\u00a0:<\/strong> Les pots \u00e0 la texture alv\u00e9ol\u00e9e, associ\u00e9s \u00e0 des couvercles en m\u00e9tal color\u00e9, cr\u00e9ent un effet visuel coh\u00e9rent avec le th\u00e8me du miel, renfor\u00e7ant ainsi la personnalit\u00e9 unique du produit.<\/li>\n<\/ul>\n<h2 style=\"text-align: left;\">Caract\u00e9ristiques principales<\/h2>\n<table class=\"aligncenter\" style=\"border-collapse: collapse; width: 455.27pt;\" border=\"0\" width=\"607\" cellspacing=\"0\" cellpadding=\"0\">\n<tbody>\n<tr style=\"height: 13.50pt;\">\n<td style=\"height: 13.50pt; width: 95.25pt;\" width=\"127\" height=\"18\">Fonctionnalit\u00e9<\/td>\n<td style=\"width: 360.00pt;\" width=\"480\">Sp\u00e9cification<\/td>\n<\/tr>\n<tr style=\"height: 13.50pt;\">\n<td style=\"height: 13.50pt;\" height=\"18\">Capacit\u00e9<\/td>\n<td>500 ml, 1000 ml<\/td>\n<\/tr>\n<tr style=\"height: 13.50pt;\">\n<td style=\"height: 13.50pt;\" height=\"18\">Forme<\/td>\n<td>Hexagonal avec gaufrage en nid d&#039;abeille complet<\/td>\n<\/tr>\n<tr style=\"height: 13.50pt;\">\n<td style=\"height: 13.50pt;\" height=\"18\">Dimensions<\/td>\n<td>8\u00d77,5\u00d711,9 cm, 9,7\u00d79,2\u00d714,5 cm<\/td>\n<\/tr>\n<tr style=\"height: 13.50pt;\">\n<td style=\"height: 13.50pt;\" height=\"18\">Mat\u00e9riel<\/td>\n<td>Verre transparent, couvercle \u00e0 vis<\/td>\n<\/tr>\n<tr style=\"height: 13.50pt;\">\n<td style=\"height: 13.50pt;\" height=\"18\">Options de couvercle<\/td>\n<td>Or, jaune, argent, noir<\/td>\n<\/tr>\n<tr style=\"height: 13.50pt;\">\n<td style=\"height: 13.50pt;\" height=\"18\">Id\u00e9al pour<\/td>\n<td>Miel brut, coffrets cadeaux, vente au d\u00e9tail en boutique, coop\u00e9ratives apicoles<\/td>\n<\/tr>\n<tr style=\"height: 13.50pt;\">\n<td style=\"height: 13.50pt;\" height=\"18\">Utilisation id\u00e9ale<\/td>\n<td>Pot \u00e0 miel avec rayon de miel, pot \u00e0 miel en verre<\/td>\n<\/tr>\n<\/tbody>\n<\/table>\n<h2>\u00c9tude de cas : Comment un emballage th\u00e9matique peut g\u00e9n\u00e9rer une croissance de 40 %<\/h2>\n<p>Une exploitation apicole de taille moyenne peinait \u00e0 se d\u00e9marquer avec ses pots ronds ordinaires. Apr\u00e8s avoir remplac\u00e9 ses pots ronds classiques par nos pots \u00e0 miel hexagonaux en verre de 500 ml, orn\u00e9s de motifs alv\u00e9ol\u00e9s et munis de couvercles dor\u00e9s, pendant trois mois, elle a constat\u00e9 une augmentation de 40 % de ses ventes et de 58 % des achats r\u00e9p\u00e9t\u00e9s. Les clients ont \u00e9t\u00e9 conquis par l&#039;aspect unique et authentique du miel, qui a permis d&#039;identifier facilement la marque. Suite \u00e0 trois commandes cons\u00e9cutives, l&#039;exploitation utilise d\u00e9sormais ces pots pour toute sa gamme de produits.<\/p>\n<h2>Suggestions de personnalisation d&#039;emballages en verre<\/h2>\n<ul>\n<li><strong>Finition personnalis\u00e9e du couvercle :<\/strong> Vous pouvez choisir des couvercles mats, brillants ou m\u00e9talliques pour une harmonie visuelle avec la marque.<\/li>\n<li><strong>Densit\u00e9 du motif en nid d&#039;abeille :<\/strong> Il est possible de modifier la taille du motif en nid d&#039;abeille du pot de miel ainsi que la profondeur du gaufrage si vous souhaitez que l&#039;effet soit plus ou moins visible.<\/li>\n<li><strong>Vitrail:<\/strong> Le verre ambr\u00e9 est non seulement id\u00e9al pour la protection contre les UV, mais il donne \u00e9galement au produit un joli aspect chaud et dor\u00e9, alors pourquoi ne pas l&#039;utiliser ?<\/li>\n<li><strong>Brillance m\u00e9tallique :<\/strong> Utilisez un \u00e9clat m\u00e9tallique pour r\u00e9fl\u00e9chir la lumi\u00e8re de certaines zones du motif en nid d&#039;abeille afin de produire un effet visuellement accrocheur.<\/li>\n<\/ul>","protected":false},"excerpt":{"rendered":"<p>\u00c9l\u00e9gant pot \u00e0 miel hexagonal en verre de haute qualit\u00e9, orn\u00e9 d&#039;un motif alv\u00e9ol\u00e9 et dot\u00e9 d&#039;un couvercle dor\u00e9. Id\u00e9al pour le conditionnement du miel. Commandez en gros et recevez des \u00e9chantillons gratuits\u00a0!<\/p>","protected":false},"featured_media":2351,"template":"","meta":{"postBodyCss":"","postBodyMargin":[],"postBodyPadding":[],"postBodyBackground":{"backgroundType":"classic","gradient":""}},"product_brand":[],"product_cat":[15,17,52],"product_tag":[],"class_list":{"0":"post-2335","1":"product","2":"type-product","3":"status-publish","4":"has-post-thumbnail","6":"product_cat-glass-containers","7":"product_cat-glass-jars","8":"product_cat-glass-honey-jars","10":"first","11":"instock","12":"shipping-taxable","13":"product-type-simple"},"jetpack_sharing_enabled":true,"_links":{"self":[{"href":"https:\/\/minghanggroup.com\/fr\/wp-json\/wp\/v2\/product\/2335","targetHints":{"allow":["GET"]}}],"collection":[{"href":"https:\/\/minghanggroup.com\/fr\/wp-json\/wp\/v2\/product"}],"about":[{"href":"https:\/\/minghanggroup.com\/fr\/wp-json\/wp\/v2\/types\/product"}],"wp:featuredmedia":[{"embeddable":true,"href":"https:\/\/minghanggroup.com\/fr\/wp-json\/wp\/v2\/media\/2351"}],"wp:attachment":[{"href":"https:\/\/minghanggroup.com\/fr\/wp-json\/wp\/v2\/media?parent=2335"}],"wp:term":[{"taxonomy":"product_brand","embeddable":true,"href":"https:\/\/minghanggroup.com\/fr\/wp-json\/wp\/v2\/product_brand?post=2335"},{"taxonomy":"product_cat","embeddable":true,"href":"https:\/\/minghanggroup.com\/fr\/wp-json\/wp\/v2\/product_cat?post=2335"},{"taxonomy":"product_tag","embeddable":true,"href":"https:\/\/minghanggroup.com\/fr\/wp-json\/wp\/v2\/product_tag?post=2335"}],"curies":[{"name":"wp","href":"https:\/\/api.w.org\/{rel}","templated":true}]}}