{"id":2302,"date":"2025-10-30T15:36:54","date_gmt":"2025-10-30T07:36:54","guid":{"rendered":"https:\/\/minghanggroup.com\/?post_type=product&#038;p=2302"},"modified":"2026-01-20T14:32:18","modified_gmt":"2026-01-20T06:32:18","slug":"bulk-beautiful-embossed-honey-glass-jars-with-metal-lids","status":"publish","type":"product","link":"https:\/\/minghanggroup.com\/fr\/produit\/bulk-beautiful-embossed-honey-glass-jars-with-metal-lids\/","title":{"rendered":"Bocaux \u00e0 miel en verre gaufr\u00e9, 280 ml et 380 ml, en gros"},"content":{"rendered":"<p>Ces pots \u00e0 miel en verre sont contenus dans un corps en verre transparent orn\u00e9 de magnifiques motifs en relief et sont disponibles avec des couvercles rouges et bruns de diff\u00e9rentes tailles, repr\u00e9sentant un design artistique raffin\u00e9 et \u00e9l\u00e9gant qui est non seulement esth\u00e9tique, mais aussi tr\u00e8s pratique.<\/p>\n<h2>Caract\u00e9ristiques du produit<\/h2>\n<ul>\n<li><strong>Corps du pot en relief :<\/strong> Les pots arborent de magnifiques motifs en relief, et leur \u00e9l\u00e9gante pr\u00e9sentation artistique renforce la reconnaissance et l&#039;attrait visuel du produit.<\/li>\n<li><strong>Deux tailles disponibles : <\/strong>Des formats diff\u00e9rents sont disponibles pour r\u00e9pondre \u00e0 divers besoins en diverses occasions, notamment pour le stockage du miel et l&#039;emballage de cadeaux.<\/li>\n<li><strong>Conception imaginative\u00a0:<\/strong> Le contenant transparent du pot, qui est un \u00e9l\u00e9ment d\u00e9cor\u00e9 en relief, produit un design artistique unique qui rehausse le produit avec style et magnificence.<\/li>\n<\/ul>\n<h2 style=\"text-align: left;\">Caract\u00e9ristiques principales<\/h2>\n<table class=\"aligncenter\" style=\"border-collapse: collapse; width: 390.77pt;\" border=\"0\" width=\"521\" cellspacing=\"0\" cellpadding=\"0\">\n<tbody>\n<tr style=\"height: 13.50pt;\">\n<td style=\"height: 13.50pt; width: 108.75pt;\" width=\"145\" height=\"18\">Fonctionnalit\u00e9<\/td>\n<td style=\"width: 282.00pt;\" width=\"376\">Sp\u00e9cification<\/td>\n<\/tr>\n<tr style=\"height: 13.50pt;\">\n<td style=\"height: 13.50pt;\" height=\"18\">Capacit\u00e9<\/td>\n<td>280 ml, 380 ml<\/td>\n<\/tr>\n<tr style=\"height: 13.50pt;\">\n<td style=\"height: 13.50pt;\" height=\"18\">Forme<\/td>\n<td>Cylindrique avec gravure sur toute la surface<\/td>\n<\/tr>\n<tr style=\"height: 13.50pt;\">\n<td style=\"height: 13.50pt;\" height=\"18\">Dimensions<\/td>\n<td>7,7 \u00d7 10,5 cm, 8,4 \u00d7 11,5 cm<\/td>\n<\/tr>\n<tr style=\"height: 13.50pt;\">\n<td style=\"height: 13.50pt;\" height=\"18\">Type de cou<\/td>\n<td>Large ouverture (5,2\u20135,6 cm de diam\u00e8tre)<\/td>\n<\/tr>\n<tr style=\"height: 13.50pt;\">\n<td style=\"height: 13.50pt;\" height=\"18\">Mat\u00e9riel<\/td>\n<td>Verre transparent, couvercle \u00e0 vis en m\u00e9tal<\/td>\n<\/tr>\n<tr style=\"height: 13.50pt;\">\n<td style=\"height: 13.50pt;\" height=\"18\">Options de couvercle<\/td>\n<td>Rouge, marron, or, argent<\/td>\n<\/tr>\n<tr style=\"height: 13.50pt;\">\n<td style=\"height: 13.50pt;\" height=\"18\">Id\u00e9al pour<\/td>\n<td>Miel de qualit\u00e9 sup\u00e9rieure, coffrets cadeaux, vente au d\u00e9tail en boutique<\/td>\n<\/tr>\n<tr style=\"height: 13.50pt;\">\n<td style=\"height: 13.50pt;\" height=\"18\">Utilisation id\u00e9ale<\/td>\n<td>Magnifiques pots \u00e0 miel, pots \u00e0 confiture d\u00e9cor\u00e9s en relief<\/td>\n<\/tr>\n<\/tbody>\n<\/table>\n<h2>T\u00e9moignage de r\u00e9ussite\u00a0: Comment les pots en relief ont transform\u00e9 le positionnement de la marque<\/h2>\n<p>La coop\u00e9rative apicole qui approvisionnait la r\u00e9gion en miel peinait \u00e0 faire conna\u00eetre ses produits dans les boutiques de souvenirs. Leurs emballages ternes ne les distinguaient en rien de ceux de la concurrence. Ils ont alors opt\u00e9 pour nos \u00e9l\u00e9gants pots de miel de 380 ml \u00e0 couvercle brun pour leur gamme phare. Le r\u00e9sultat fut spectaculaire. En seulement six mois, leur prix de vente moyen a augment\u00e9 de 35 %. Les acheteurs ont soulign\u00e9 que ces jolis pots de miel \u00e9taient non seulement de beaux produits, mais aussi un r\u00e9gal pour les yeux. Plus remarquable encore, la coop\u00e9rative a d\u00e9croch\u00e9, entre autres, des contrats avec trois grands magasins de luxe qui avaient auparavant refus\u00e9 de distribuer leurs produits. Ces grands magasins utilisent d\u00e9sormais ces \u00e9l\u00e9gants pots de miel pour toutes leurs collections et passent commande de 100\u00a0000 unit\u00e9s tous les deux mois.<\/p>\n<h2>Suggestions de personnalisation d&#039;emballages en verre<\/h2>\n<ul>\n<li><strong>Motifs en relief personnalis\u00e9s\u00a0:<\/strong> Modifiez le motif floral actuel, int\u00e9grez les \u00e9l\u00e9ments de votre identit\u00e9 de marque ou cr\u00e9ez tout simplement des designs enti\u00e8rement nouveaux.<\/li>\n<li><strong>Correspondance des couleurs du bouchon :<\/strong> Nous sommes en mesure de reproduire avec une grande pr\u00e9cision la couleur de la casquette \u00e0 la couleur Pantone de votre marque afin de garantir une homog\u00e9n\u00e9it\u00e9 parfaite de la couleur.<\/li>\n<li><strong>Finitions sp\u00e9ciales brillantes\/mates\u00a0:<\/strong> Utilisez des finitions brillantes et mates \u00e0 diff\u00e9rents endroits de la bouteille pour attirer le regard.<\/li>\n<li><strong>Reflets m\u00e9talliques :<\/strong> D\u00e9posez de petites quantit\u00e9s de poudre m\u00e9tallique dor\u00e9e ou argent\u00e9e sur les parties en relief du gaufrage pour leur donner un aspect riche et magnifique.<\/li>\n<\/ul>","protected":false},"excerpt":{"rendered":"<p>\u00c9l\u00e9gants pots \u00e0 miel en verre transparent orn\u00e9s de motifs artistiques en relief. Id\u00e9aux pour les marques de miel haut de gamme. Prix de gros, livraison rapide et \u00e9chantillons gratuits\u00a0!<\/p>","protected":false},"featured_media":2330,"template":"","meta":{"postBodyCss":"","postBodyMargin":[],"postBodyPadding":[],"postBodyBackground":{"backgroundType":"classic","gradient":""}},"product_brand":[],"product_cat":[15,17,52],"product_tag":[81,65],"class_list":{"0":"post-2302","1":"product","2":"type-product","3":"status-publish","4":"has-post-thumbnail","6":"product_cat-glass-containers","7":"product_cat-glass-jars","8":"product_cat-glass-honey-jars","9":"product_tag-birds-nest-jar","10":"product_tag-glass-jam-jars","12":"first","13":"instock","14":"shipping-taxable","15":"product-type-simple"},"jetpack_sharing_enabled":true,"_links":{"self":[{"href":"https:\/\/minghanggroup.com\/fr\/wp-json\/wp\/v2\/product\/2302","targetHints":{"allow":["GET"]}}],"collection":[{"href":"https:\/\/minghanggroup.com\/fr\/wp-json\/wp\/v2\/product"}],"about":[{"href":"https:\/\/minghanggroup.com\/fr\/wp-json\/wp\/v2\/types\/product"}],"wp:featuredmedia":[{"embeddable":true,"href":"https:\/\/minghanggroup.com\/fr\/wp-json\/wp\/v2\/media\/2330"}],"wp:attachment":[{"href":"https:\/\/minghanggroup.com\/fr\/wp-json\/wp\/v2\/media?parent=2302"}],"wp:term":[{"taxonomy":"product_brand","embeddable":true,"href":"https:\/\/minghanggroup.com\/fr\/wp-json\/wp\/v2\/product_brand?post=2302"},{"taxonomy":"product_cat","embeddable":true,"href":"https:\/\/minghanggroup.com\/fr\/wp-json\/wp\/v2\/product_cat?post=2302"},{"taxonomy":"product_tag","embeddable":true,"href":"https:\/\/minghanggroup.com\/fr\/wp-json\/wp\/v2\/product_tag?post=2302"}],"curies":[{"name":"wp","href":"https:\/\/api.w.org\/{rel}","templated":true}]}}