{"id":2259,"date":"2025-10-30T14:27:41","date_gmt":"2025-10-30T06:27:41","guid":{"rendered":"https:\/\/minghanggroup.com\/?post_type=product&#038;p=2259"},"modified":"2026-01-20T14:32:32","modified_gmt":"2026-01-20T06:32:32","slug":"wholesale-glass-jam-jars-canning-small-honey-jars-multi-faceted","status":"publish","type":"product","link":"https:\/\/minghanggroup.com\/fr\/produit\/wholesale-glass-jam-jars-canning-small-honey-jars-multi-faceted\/","title":{"rendered":"Bocaux \u00e0 confiture en verre multifacettes en gros, 100 ml, 150 ml, 200 ml"},"content":{"rendered":"<p>Avec leur corps en verre transparent \u00e0 multiples facettes et leur couvercle \u00e0 carreaux rouges et blancs, ces pots \u00e0 confiture en verre se d\u00e9clinent en diff\u00e9rentes tailles et arborent un charmant style champ\u00eatre, id\u00e9al pour mettre en valeur le miel dor\u00e9.<\/p>\n<h2>Caract\u00e9ristiques du produit<\/h2>\n<ul>\n<li><strong>Conception de bouteille \u00e0 multiples facettes\u00a0:<\/strong> Un design de bouteille simple, g\u00e9om\u00e9trique et \u00e0 multiples facettes, augmente consid\u00e9rablement la reconnaissance et l&#039;attrait visuel du produit.<\/li>\n<li><strong>Plusieurs tailles disponibles :<\/strong> En proposant des pots de miel de diff\u00e9rentes tailles, l&#039;entreprise r\u00e9pond aux diff\u00e9rents besoins de ses clients, que ce soit pour un usage quotidien \u00e0 la maison, pour l&#039;emballage de cadeaux ou pour d&#039;autres occasions.<\/li>\n<li><strong>Design de style champ\u00eatre :<\/strong> Le design de la bouteille, associ\u00e9 \u00e0 son bouchon \u00e0 damier rouge et blanc, d\u00e9gage une forte impression rustique, qui enrichit non seulement le style unique du produit, mais aussi son attrait visuel.<\/li>\n<\/ul>\n<h2 style=\"text-align: left;\">Caract\u00e9ristiques principales<\/h2>\n<table class=\"aligncenter\" style=\"border-collapse: collapse; width: 446.27pt;\" border=\"0\" width=\"595\" cellspacing=\"0\" cellpadding=\"0\">\n<tbody>\n<tr style=\"height: 13.50pt;\">\n<td style=\"height: 13.50pt; width: 122.25pt;\" width=\"163\" height=\"18\">Fonctionnalit\u00e9<\/td>\n<td style=\"width: 324.00pt;\" width=\"432\">Sp\u00e9cification<\/td>\n<\/tr>\n<tr style=\"height: 13.50pt;\">\n<td style=\"height: 13.50pt;\" height=\"18\">Capacit\u00e9<\/td>\n<td>100 ml, 150 ml, 200 ml<\/td>\n<\/tr>\n<tr style=\"height: 13.50pt;\">\n<td style=\"height: 13.50pt;\" height=\"18\">Dimensions<\/td>\n<td>5,4 \u00d7 6,2 cm \u00e0 6 \u00d7 8,5 cm<\/td>\n<\/tr>\n<tr style=\"height: 13.50pt;\">\n<td style=\"height: 13.50pt;\" height=\"18\">Type de cou<\/td>\n<td>Large ouverture (diam\u00e8tre ext\u00e9rieur de 5,8 \u00e0 6,5 cm)<\/td>\n<\/tr>\n<tr style=\"height: 13.50pt;\">\n<td style=\"height: 13.50pt;\" height=\"18\">Mat\u00e9riel<\/td>\n<td>Verre transparent, couvercle \u00e0 vis en m\u00e9tal<\/td>\n<\/tr>\n<tr style=\"height: 13.50pt;\">\n<td style=\"height: 13.50pt;\" height=\"18\">Options de couvercle<\/td>\n<td>\u00e0 carreaux rouges et blancs, rouge uni, or, argent<\/td>\n<\/tr>\n<tr style=\"height: 13.50pt;\">\n<td style=\"height: 13.50pt;\" height=\"18\">Id\u00e9al pour<\/td>\n<td>Miel brut, confitures, conserves<\/td>\n<\/tr>\n<tr style=\"height: 13.50pt;\">\n<td style=\"height: 13.50pt;\" height=\"18\">Utilisation id\u00e9ale<\/td>\n<td>Bocaux de confiture, pots de confiture en verre, pots de miel en vrac<\/td>\n<\/tr>\n<\/tbody>\n<\/table>\n<h2>Succ\u00e8s exemplaire\u00a0: Comment un emballage champ\u00eatre a tripl\u00e9 les ventes en ligne<\/h2>\n<p>Cette entreprise familiale d&#039;apiculture en ligne, autrefois au bord de la faillite face \u00e0 la concurrence f\u00e9roce du march\u00e9 num\u00e9rique, ne parvenait pas \u00e0 diff\u00e9rencier son miel brut de celui des autres. Elle a alors os\u00e9 reconditionner toute sa gamme de produits dans nos pots \u00e0 confiture avec couvercles en tissu \u00e0 carreaux. Le changement a \u00e9t\u00e9 spectaculaire. L&#039;engagement de l&#039;entreprise sur les r\u00e9seaux sociaux a bondi de 150 %, ces pots en verre \u00e9tant parfaits pour les photos Instagram. Les ventes, facteur crucial, ont progress\u00e9 de 80 % en seulement quatre mois. Les ventes en ligne ont augment\u00e9 de 80 % en quatre mois gr\u00e2ce \u00e0 cet engouement pour les r\u00e9seaux sociaux, dont l&#039;engagement a \u00e9galement explos\u00e9 de 150 %. Les clients t\u00e9moignent r\u00e9guli\u00e8rement de l&#039;attrait de ces pots en verre. Cette diff\u00e9renciation visuelle leur a permis de fid\u00e9liser leur client\u00e8le. Depuis, l&#039;entreprise a \u00e9largi sa gamme de produits et passe r\u00e9guli\u00e8rement des commandes de 100\u00a0000 pots dans les trois formats afin de r\u00e9pondre aux diff\u00e9rentes pr\u00e9f\u00e9rences de ses clients, assurant ainsi un partenariat durable.<\/p>\n<h2>Suggestions de personnalisation d&#039;emballages en verre<\/h2>\n<ul>\n<li><strong>Mod\u00e8les de casquettes personnalis\u00e9s\u00a0:<\/strong> Bien que le motif \u00e0 carreaux antique soit toujours \u00e0 la mode, nous pouvons \u00e9galement r\u00e9aliser des casquettes avec d&#039;autres motifs tels que des pois, des rayures ou m\u00eame le logo de votre marque.<\/li>\n<li><strong>Teintage du verre\u00a0:<\/strong> L&#039;utilisation de verre ambr\u00e9 clair ou vert permettra non seulement d&#039;\u00e9voquer un style classique, mais aussi de prot\u00e9ger contre le vieillissement d\u00fb \u00e0 la lumi\u00e8re.<\/li>\n<li><strong>Logo de marque imprim\u00e9 en s\u00e9rigraphie\u00a0:<\/strong> Un nom de marque ou une petite ic\u00f4ne peuvent \u00eatre imprim\u00e9s directement sur le verre afin de pr\u00e9senter une image de marque durable et professionnelle.<\/li>\n<\/ul>","protected":false},"excerpt":{"rendered":"<p>Bocaux \u00e0 confiture en verre de haute qualit\u00e9, disponibles en plusieurs tailles, avec couvercles \u00e0 damier s\u00e9curis\u00e9s. Id\u00e9aux pour la conservation des confitures et du miel. \u00c9chantillons gratuits et livraison rapide\u00a0!<\/p>","protected":false},"featured_media":2282,"template":"","meta":{"postBodyCss":"","postBodyMargin":[],"postBodyPadding":[],"postBodyBackground":{"backgroundType":"classic","gradient":""}},"product_brand":[],"product_cat":[15,17,52],"product_tag":[65],"class_list":{"0":"post-2259","1":"product","2":"type-product","3":"status-publish","4":"has-post-thumbnail","6":"product_cat-glass-containers","7":"product_cat-glass-jars","8":"product_cat-glass-honey-jars","9":"product_tag-glass-jam-jars","11":"first","12":"instock","13":"shipping-taxable","14":"product-type-simple"},"jetpack_sharing_enabled":true,"_links":{"self":[{"href":"https:\/\/minghanggroup.com\/fr\/wp-json\/wp\/v2\/product\/2259","targetHints":{"allow":["GET"]}}],"collection":[{"href":"https:\/\/minghanggroup.com\/fr\/wp-json\/wp\/v2\/product"}],"about":[{"href":"https:\/\/minghanggroup.com\/fr\/wp-json\/wp\/v2\/types\/product"}],"wp:featuredmedia":[{"embeddable":true,"href":"https:\/\/minghanggroup.com\/fr\/wp-json\/wp\/v2\/media\/2282"}],"wp:attachment":[{"href":"https:\/\/minghanggroup.com\/fr\/wp-json\/wp\/v2\/media?parent=2259"}],"wp:term":[{"taxonomy":"product_brand","embeddable":true,"href":"https:\/\/minghanggroup.com\/fr\/wp-json\/wp\/v2\/product_brand?post=2259"},{"taxonomy":"product_cat","embeddable":true,"href":"https:\/\/minghanggroup.com\/fr\/wp-json\/wp\/v2\/product_cat?post=2259"},{"taxonomy":"product_tag","embeddable":true,"href":"https:\/\/minghanggroup.com\/fr\/wp-json\/wp\/v2\/product_tag?post=2259"}],"curies":[{"name":"wp","href":"https:\/\/api.w.org\/{rel}","templated":true}]}}