{"id":2250,"date":"2025-10-30T14:08:43","date_gmt":"2025-10-30T06:08:43","guid":{"rendered":"https:\/\/minghanggroup.com\/?post_type=product&#038;p=2250"},"modified":"2026-01-20T13:42:15","modified_gmt":"2026-01-20T05:42:15","slug":"custom-ball-ribbed-glass-jars-for-yogurt-honey-wholesale","status":"publish","type":"product","link":"https:\/\/minghanggroup.com\/fr\/produit\/custom-ball-ribbed-glass-jars-for-yogurt-honey-wholesale\/","title":{"rendered":"Bocaux en verre c\u00f4tel\u00e9 Ball de 150 \u00e0 380 ml pour yaourt et miel (vente en gros)"},"content":{"rendered":"<p>Oubliez les emballages banals qui font passer vos yaourts pour des objets insignifiants. Nous cr\u00e9ons des pots en verre personnalis\u00e9s qui transforment chaque cuiller\u00e9e en un pur moment de plaisir. Bien plus que de simples contenants, ils constituent le nouvel atout de votre marque pour un emballage frais et \u00e9l\u00e9gant de vos produits laitiers. Fabricant de confiance d&#039;emballages en verre, nous s\u00e9lectionnons les meilleurs mat\u00e9riaux pour pr\u00e9server la fra\u00eecheur de votre produit plus longtemps.<\/p>\n<h2>Caract\u00e9ristiques du produit<\/h2>\n<ol>\n<li><strong>\u00c9l\u00e9gante texture verticale :<\/strong>De d\u00e9licates rainures ornent visuellement les pots et offrent \u00e9galement une prise en main agr\u00e9able et pratique pour vos pots de yaourt en verre.<\/li>\n<li><strong>Conception du joint de s\u00e9curit\u00e9 :<\/strong>Nos couvercles \u00e0 visser garantissent une excellente \u00e9tanch\u00e9it\u00e9, pr\u00e9servant ainsi la fra\u00eecheur de votre yaourt et rendant les pots de yaourt en verre, vendus en gros, parfaitement \u00e9tanches.<\/li>\n<li><strong>Clart\u00e9 cristalline :<\/strong>Le verre transparent de haute qualit\u00e9 est le moyen id\u00e9al pour mettre instantan\u00e9ment en valeur les couleurs \u00e9clatantes de votre yaourt ; plus la fra\u00eecheur est au rendez-vous, plus les clients en ach\u00e8teront.<\/li>\n<li><strong>Tailles polyvalentes\u00a0:<\/strong>Nos pots de yaourt en verre en gros ont une contenance allant de 150 ml \u00e0 380 ml, r\u00e9pondant ainsi \u00e0 tous les besoins en mati\u00e8re de produits laitiers et d&#039;emballage.<\/li>\n<\/ol>\n<h2>Caract\u00e9ristiques principales<\/h2>\n<table style=\"border-collapse: collapse; width: 80%; margin-left: auto; margin-right: auto;\" border=\"0\" width=\"288\" cellspacing=\"0\" cellpadding=\"0\">\n<tbody>\n<tr style=\"height: 13.50pt;\">\n<td style=\"height: 13.5pt; width: 54pt; text-align: center;\" width=\"72\" height=\"18\">Capacit\u00e9 (ml)<\/td>\n<td style=\"width: 54pt; text-align: center;\" width=\"72\">Dimensions (cm)<\/td>\n<td style=\"width: 54pt; text-align: center;\" width=\"72\">Forme<\/td>\n<td style=\"width: 54pt; text-align: center;\" width=\"72\">Mat\u00e9riel<\/td>\n<\/tr>\n<tr style=\"height: 13.50pt;\">\n<td style=\"height: 13.5pt; text-align: center;\" align=\"right\" height=\"18\">150<\/td>\n<td style=\"text-align: center;\">7.3*6.9<\/td>\n<td class=\"et2\" style=\"text-align: center;\" rowspan=\"4\">Rond<\/td>\n<td class=\"et2\" style=\"text-align: center;\" rowspan=\"4\">Verre<\/td>\n<\/tr>\n<tr style=\"height: 13.50pt;\">\n<td style=\"height: 13.5pt; text-align: center;\" align=\"right\" height=\"18\">200<\/td>\n<td style=\"text-align: center;\">8.1*7.5<\/td>\n<\/tr>\n<tr style=\"height: 13.50pt;\">\n<td style=\"height: 13.5pt; text-align: center;\" align=\"right\" height=\"18\">280<\/td>\n<td style=\"text-align: center;\">8.9*8.0<\/td>\n<\/tr>\n<tr style=\"height: 13.50pt;\">\n<td style=\"height: 13.5pt; text-align: center;\" align=\"right\" height=\"18\">380<\/td>\n<td style=\"text-align: center;\">9.7*9.0<\/td>\n<\/tr>\n<\/tbody>\n<\/table>\n<h2>Cas de r\u00e9ussite<\/h2>\n<p>Une entreprise fran\u00e7aise de desserts a collabor\u00e9 avec nous pour concevoir des pots de yaourt ronds en verre c\u00f4tel\u00e9, disponibles en gros. Chaque pot est fabriqu\u00e9 en verre \u00e9pais et tr\u00e8s transparent, orn\u00e9 de d\u00e9licates lignes verticales qui cr\u00e9ent des reflets lumineux et mettent ainsi en valeur la texture de leurs cr\u00e8mes desserts et yaourts aux fruits artisanaux. Afin de pr\u00e9server la fra\u00eecheur des produits lors du transport r\u00e9frig\u00e9r\u00e9, la marque utilise des joints herm\u00e9tiques de qualit\u00e9 alimentaire. Nous avons \u00e9galement ajout\u00e9 un logo en relief et une \u00e9tiquette transparente enveloppante pour r\u00e9v\u00e9ler pleinement les couleurs naturelles du yaourt et de ses ingr\u00e9dients.<\/p>\n<p>La gamme de produits a \u00e9t\u00e9 un moteur important de notori\u00e9t\u00e9 de la marque en seulement trois mois apr\u00e8s son lancement, la marque recevant plus de 45 % des demandes de renseignements de vente en gros.<\/p>\n<h2>Vos conseils de personnalisation<\/h2>\n<p>Ne laissez pas vos pots de yaourt ronds en verre c\u00f4tel\u00e9 dans l&#039;ombre\u00a0: ils m\u00e9ritent une pr\u00e9sentation \u00e9l\u00e9gante. Partagez votre id\u00e9e, comme \u00ab\u00a0Cr\u00e8me au miel dor\u00e9\u00a0\u00bb ou \u00ab\u00a0Festin de fruits rouges\u00a0\u00bb, et nous serons le support id\u00e9al pour communiquer l&#039;histoire gustative de votre marque gr\u00e2ce \u00e0 un logo en relief, un couvercle en m\u00e9tal ou un vitrail.<\/p>\n<p>Vous pouvez choisir un volume de 200 ml ou de 280 ml, ainsi que le type de fermeture et l&#039;emballage adapt\u00e9s \u00e0 la vente au d\u00e9tail ou \u00e0 la vente en caf\u00e9. Pour une commande rapide, nous proposons une offre de pots de yaourt en verre en gros. Nous pouvons ainsi transformer vos pots de yaourt, de simples contenants, en un \u00e9crin vintage refl\u00e9tant le savoir-faire artisanal de votre marque.<\/p>","protected":false},"excerpt":{"rendered":"<p>D\u00e9couvrez nos pots \u00e0 yaourt en verre c\u00f4tel\u00e9 avec couvercles m\u00e9talliques. Id\u00e9aux pour les marques de desserts \u00e0 la recherche de pots \u00e0 yaourt en verre personnalisables en gros\u00a0: \u00e9l\u00e9gants, herm\u00e9tiques et r\u00e9utilisables.<\/p>","protected":false},"featured_media":2251,"template":"","meta":{"postBodyCss":"","postBodyMargin":[],"postBodyPadding":[],"postBodyBackground":{"backgroundType":"classic","gradient":""}},"product_brand":[],"product_cat":[15,16,46],"product_tag":[65,64],"class_list":{"0":"post-2250","1":"product","2":"type-product","3":"status-publish","4":"has-post-thumbnail","6":"product_cat-glass-containers","7":"product_cat-glass-bottles","8":"product_cat-glass-milk-bottles","9":"product_tag-glass-jam-jars","10":"product_tag-glass-yogurt-jars","12":"first","13":"instock","14":"shipping-taxable","15":"product-type-simple"},"jetpack_sharing_enabled":true,"_links":{"self":[{"href":"https:\/\/minghanggroup.com\/fr\/wp-json\/wp\/v2\/product\/2250","targetHints":{"allow":["GET"]}}],"collection":[{"href":"https:\/\/minghanggroup.com\/fr\/wp-json\/wp\/v2\/product"}],"about":[{"href":"https:\/\/minghanggroup.com\/fr\/wp-json\/wp\/v2\/types\/product"}],"wp:featuredmedia":[{"embeddable":true,"href":"https:\/\/minghanggroup.com\/fr\/wp-json\/wp\/v2\/media\/2251"}],"wp:attachment":[{"href":"https:\/\/minghanggroup.com\/fr\/wp-json\/wp\/v2\/media?parent=2250"}],"wp:term":[{"taxonomy":"product_brand","embeddable":true,"href":"https:\/\/minghanggroup.com\/fr\/wp-json\/wp\/v2\/product_brand?post=2250"},{"taxonomy":"product_cat","embeddable":true,"href":"https:\/\/minghanggroup.com\/fr\/wp-json\/wp\/v2\/product_cat?post=2250"},{"taxonomy":"product_tag","embeddable":true,"href":"https:\/\/minghanggroup.com\/fr\/wp-json\/wp\/v2\/product_tag?post=2250"}],"curies":[{"name":"wp","href":"https:\/\/api.w.org\/{rel}","templated":true}]}}