{"id":2249,"date":"2025-10-30T13:02:24","date_gmt":"2025-10-30T05:02:24","guid":{"rendered":"https:\/\/minghanggroup.com\/?post_type=product&#038;p=2249"},"modified":"2025-10-30T17:39:15","modified_gmt":"2025-10-30T09:39:15","slug":"wholesale-waist-shaped-small-jam-bottles","status":"publish","type":"product","link":"https:\/\/minghanggroup.com\/fr\/produit\/wholesale-waist-shaped-small-jam-bottles\/","title":{"rendered":"Petits pots \u00e0 confiture de 75 ml en forme de taille, vendus en gros"},"content":{"rendered":"<p>Ces petits pots \u00e0 confiture sont dot\u00e9s d&#039;un \u00e9l\u00e9gant corps en verre transparent \u00e0 la forme resserr\u00e9e et de couvercles en m\u00e9tal brillant. Ainsi, le d\u00e9licieux miel est mis en valeur, tandis que le pot conserve une apparence attrayante et t\u00e9moigne d&#039;une grande qualit\u00e9.<\/p>\n<h2>Caract\u00e9ristiques du produit<\/h2>\n<ul>\n<li><strong>Mat\u00e9riau : verre transparent<\/strong> L&#039;utilisation de verre transparent permet de visualiser la couleur et la consistance du miel, rendant ainsi l&#039;identification et le contr\u00f4le du produit infaillibles.<\/li>\n<li><strong>Conception \u00e0 taille cintr\u00e9e\u00a0:<\/strong> Les courbes douces et modernes de la silhouette fusel\u00e9e embellissent non seulement le produit, mais contribuent \u00e9galement \u00e0 faire conna\u00eetre la marque.<\/li>\n<li><strong>Apparence \u00e9l\u00e9gante :<\/strong> Le design minimaliste de la bouteille, associ\u00e9 \u00e0 son bouchon dor\u00e9, produit une impression visuelle \u00e9l\u00e9gante et rare, ce qui contribue \u00e0 une valeur per\u00e7ue plus \u00e9lev\u00e9e du produit.<\/li>\n<\/ul>\n<h2 style=\"text-align: left;\">Caract\u00e9ristiques principales<\/h2>\n<table class=\"aligncenter\" style=\"border-collapse: collapse; width: 352.52pt;\" border=\"0\" width=\"470\" cellspacing=\"0\" cellpadding=\"0\">\n<tbody>\n<tr style=\"height: 13.50pt;\">\n<td style=\"height: 13.50pt; width: 122.25pt;\" width=\"163\" height=\"18\">Fonctionnalit\u00e9<\/td>\n<td style=\"width: 230.25pt;\" width=\"307\">D\u00e9tail<\/td>\n<\/tr>\n<tr style=\"height: 13.50pt;\">\n<td style=\"height: 13.50pt;\" height=\"18\">Capacit\u00e9<\/td>\n<td>75 ml<\/td>\n<\/tr>\n<tr style=\"height: 13.50pt;\">\n<td style=\"height: 13.50pt;\" height=\"18\">Hauteur<\/td>\n<td>11,2 cm<\/td>\n<\/tr>\n<tr style=\"height: 13.50pt;\">\n<td style=\"height: 13.50pt;\" height=\"18\">Diam\u00e8tre<\/td>\n<td>4,5 cm<\/td>\n<\/tr>\n<tr style=\"height: 13.50pt;\">\n<td style=\"height: 13.50pt;\" height=\"18\">Largeur de la bouche int\u00e9rieure<\/td>\n<td>2,85 cm<\/td>\n<\/tr>\n<tr style=\"height: 13.50pt;\">\n<td style=\"height: 13.50pt;\" height=\"18\">Mat\u00e9riel<\/td>\n<td>Verre clair<\/td>\n<\/tr>\n<tr style=\"height: 13.50pt;\">\n<td style=\"height: 13.50pt;\" height=\"18\">Type de couvercle<\/td>\n<td>Couvercle en m\u00e9tal dor\u00e9 (personnalisable)<\/td>\n<\/tr>\n<tr style=\"height: 13.50pt;\">\n<td style=\"height: 13.50pt;\" height=\"18\">Id\u00e9al pour<\/td>\n<td>Miel, confiture, sauces, lait<\/td>\n<\/tr>\n<tr style=\"height: 13.50pt;\">\n<td style=\"height: 13.50pt;\" height=\"18\">Cas d&#039;utilisation optimal<\/td>\n<td>Petits pots de confiture, petits pots de miel<\/td>\n<\/tr>\n<\/tbody>\n<\/table>\n<h2>\u00c9tude de cas : De la conception de la bouteille \u00e0 la notori\u00e9t\u00e9 de la marque<\/h2>\n<p>Une jeune entreprise sp\u00e9cialis\u00e9e dans les produits alimentaires a lanc\u00e9 une gamme de miels aromatis\u00e9s. Cependant, sur un march\u00e9 tr\u00e8s concurrentiel, l&#039;utilisation de contenants en plastique bon march\u00e9, sans emballage soign\u00e9, a sem\u00e9 la confusion chez ses clients. L&#039;entreprise a donc d\u00e9cid\u00e9 de reconditionner tous ses produits dans nos pots \u00e0 confiture ergonomiques. Les r\u00e9sultats ont \u00e9t\u00e9 imm\u00e9diats\u00a0: la forme ergonomique, associ\u00e9e au bouchon dor\u00e9, a permis d&#039;augmenter les ventes de coffrets cadeaux de 65\u00a0%, et la robustesse des pots en verre, contrairement aux anciens contenants en plastique, a r\u00e9duit de 52\u00a0% le taux de casse pendant le transport. Cette jeune entreprise commande d\u00e9sormais r\u00e9guli\u00e8rement 300\u00a0000\u00a0pots et utilise exclusivement ce mod\u00e8le pour l&#039;ensemble de ses produits.<\/p>\n<h2>Suggestions pour modifier votre emballage en verre<\/h2>\n<ul>\n<li><strong>Choix de la couleur du bouchon :<\/strong> Choisissez parmi nos couleurs de bouchons disponibles : or, argent, rose ou noir, qui s&#039;harmoniseront parfaitement avec la palette de couleurs de votre marque.<\/li>\n<li><strong>Teintage de vitres de marque\u00a0:<\/strong> Choisissez une teinte de verre ambr\u00e9e ou bleue claire, non seulement pour cr\u00e9er un style distinctif, mais aussi pour servir de protection contre les UV.<\/li>\n<li><strong>Incrustation de taille pour bouteille :<\/strong> Personnalisez le col incurv\u00e9 de la bouteille avec un motif incrust\u00e9 discret ou le logo de votre entreprise pour une sensation de luxe.<\/li>\n<li><strong>Fond \u00e9paissi :<\/strong> Pour donner \u00e0 la bouteille plus de poids et de soutien, nous pouvons l\u00e9g\u00e8rement \u00e9paissir le verre au fond, ce qui rend la bouteille plus stable.<\/li>\n<\/ul>","protected":false},"excerpt":{"rendered":"<p>Petits pots \u00e0 confiture en verre transparent, \u00e0 la forme \u00e9l\u00e9gante et au couvercle dor\u00e9. Id\u00e9aux pour le miel ou les conserves. Livraison rapide, \u00e9chantillons gratuits et remises sur les commandes en gros\u00a0!<\/p>","protected":false},"featured_media":2255,"template":"","meta":{"postBodyCss":"","postBodyMargin":[],"postBodyPadding":[],"postBodyBackground":{"backgroundType":"classic","gradient":""}},"product_brand":[],"product_cat":[15,17,52],"product_tag":[],"class_list":{"0":"post-2249","1":"product","2":"type-product","3":"status-publish","4":"has-post-thumbnail","6":"product_cat-glass-containers","7":"product_cat-glass-jars","8":"product_cat-glass-honey-jars","10":"first","11":"instock","12":"shipping-taxable","13":"product-type-simple"},"jetpack_sharing_enabled":true,"_links":{"self":[{"href":"https:\/\/minghanggroup.com\/fr\/wp-json\/wp\/v2\/product\/2249","targetHints":{"allow":["GET"]}}],"collection":[{"href":"https:\/\/minghanggroup.com\/fr\/wp-json\/wp\/v2\/product"}],"about":[{"href":"https:\/\/minghanggroup.com\/fr\/wp-json\/wp\/v2\/types\/product"}],"wp:featuredmedia":[{"embeddable":true,"href":"https:\/\/minghanggroup.com\/fr\/wp-json\/wp\/v2\/media\/2255"}],"wp:attachment":[{"href":"https:\/\/minghanggroup.com\/fr\/wp-json\/wp\/v2\/media?parent=2249"}],"wp:term":[{"taxonomy":"product_brand","embeddable":true,"href":"https:\/\/minghanggroup.com\/fr\/wp-json\/wp\/v2\/product_brand?post=2249"},{"taxonomy":"product_cat","embeddable":true,"href":"https:\/\/minghanggroup.com\/fr\/wp-json\/wp\/v2\/product_cat?post=2249"},{"taxonomy":"product_tag","embeddable":true,"href":"https:\/\/minghanggroup.com\/fr\/wp-json\/wp\/v2\/product_tag?post=2249"}],"curies":[{"name":"wp","href":"https:\/\/api.w.org\/{rel}","templated":true}]}}