{"id":2195,"date":"2025-10-29T16:01:53","date_gmt":"2025-10-29T08:01:53","guid":{"rendered":"https:\/\/minghanggroup.com\/?post_type=product&#038;p=2195"},"modified":"2025-10-29T17:47:43","modified_gmt":"2025-10-29T09:47:43","slug":"bulk-small-empty-jam-jars-for-canning-with-ribbing","status":"publish","type":"product","link":"https:\/\/minghanggroup.com\/fr\/produit\/bulk-small-empty-jam-jars-for-canning-with-ribbing\/","title":{"rendered":"Lot de petits pots \u00e0 confiture vides avec nervures, 75 ml et 100 ml."},"content":{"rendered":"<p>Ces pots \u00e0 confiture, parfaits pour la mise en conserve, sont en verre transparent orn\u00e9 de nervures verticales et de formes arrondies, et surmont\u00e9s de couvercles rouges. Disponibles en diff\u00e9rentes tailles, ils arborent un design simple et \u00e9l\u00e9gant qui met parfaitement en valeur la saveur du miel.<\/p>\n<h2>Caract\u00e9ristiques du produit<\/h2>\n<ul>\n<li><strong>Corps \u00e0 nervures verticales :<\/strong> Gr\u00e2ce \u00e0 leur motif \u00e0 c\u00f4tes verticales, les pots pr\u00e9sentent une texture uniforme, ce qui rehausse l&#039;aspect du produit et la notori\u00e9t\u00e9 de la marque.<\/li>\n<li><strong>Durable:<\/strong> Nos bocaux en verre, fabriqu\u00e9s avec un grand souci du d\u00e9tail, sont extr\u00eamement r\u00e9sistants et peuvent donc facilement supporter les phases de remplissage, de transport et de stockage sans s&#039;ab\u00eemer.<\/li>\n<li><strong>Conception simple\u00a0:<\/strong> L&#039;association du corps arrondi du pot et du couvercle rouge leur conf\u00e8re un effet simple mais visuellement sophistiqu\u00e9, ce qui en fait l&#039;accessoire parfait pour tous les styles.<\/li>\n<\/ul>\n<h2 style=\"text-align: left;\">Caract\u00e9ristiques principales<\/h2>\n<table class=\"aligncenter\" style=\"border-collapse: collapse; width: 356.27pt;\" border=\"0\" width=\"475\" cellspacing=\"0\" cellpadding=\"0\">\n<tbody>\n<tr style=\"height: 13.50pt;\">\n<td style=\"height: 13.50pt; width: 96.00pt;\" width=\"128\" height=\"18\">Fonctionnalit\u00e9<\/td>\n<td style=\"width: 260.25pt;\" width=\"347\">Sp\u00e9cification<\/td>\n<\/tr>\n<tr style=\"height: 13.50pt;\">\n<td style=\"height: 13.50pt;\" height=\"18\">Capacit\u00e9<\/td>\n<td>75 ml, 100 ml<\/td>\n<\/tr>\n<tr style=\"height: 13.50pt;\">\n<td style=\"height: 13.50pt;\" height=\"18\">Forme<\/td>\n<td>Ronde avec des c\u00f4tes verticales<\/td>\n<\/tr>\n<tr style=\"height: 13.50pt;\">\n<td style=\"height: 13.50pt;\" height=\"18\">Dimensions<\/td>\n<td>6,5 \u00d7 4,6 cm, 6,9 \u00d7 5,2 cm<\/td>\n<\/tr>\n<tr style=\"height: 13.50pt;\">\n<td style=\"height: 13.50pt;\" height=\"18\">Mat\u00e9riel<\/td>\n<td>Verre transparent, couvercle \u00e0 vis en m\u00e9tal<\/td>\n<\/tr>\n<tr style=\"height: 13.50pt;\">\n<td style=\"height: 13.50pt;\" height=\"18\">Options de couvercle<\/td>\n<td>Rouge, or, argent, noir (personnalisable)<\/td>\n<\/tr>\n<tr style=\"height: 13.50pt;\">\n<td style=\"height: 13.50pt;\" height=\"18\">Id\u00e9al pour<\/td>\n<td>\u00c9chantillons de miel, confitures, fruits confits<\/td>\n<\/tr>\n<tr style=\"height: 13.50pt;\">\n<td style=\"height: 13.50pt;\" height=\"18\">Utilisation id\u00e9ale<\/td>\n<td>Bocaux \u00e0 confiture pour la mise en conserve, petits pots \u00e0 miel<\/td>\n<\/tr>\n<\/tbody>\n<\/table>\n<h2>T\u00e9moignage de r\u00e9ussite\u00a0: Comment un pot de miel de qualit\u00e9 g\u00e9n\u00e8re davantage de ventes r\u00e9p\u00e9t\u00e9es<\/h2>\n<p>Une coop\u00e9rative apicole de taille moyenne souhaitait am\u00e9liorer son image de marque et mieux refl\u00e9ter ses valeurs. Bien qu&#039;elle ait toujours mis l&#039;accent sur l&#039;emballage, celui-ci manquait d&#039;originalit\u00e9. Elle a donc choisi de lancer une nouvelle gamme de produits haut de gamme en utilisant nos petits pots de confiture vides de 100 ml, \u00e0 bords c\u00f4tel\u00e9s, en commandant initialement 2\u00a0000 unit\u00e9s. Les r\u00e9sultats\u00a0? Tout d&#039;abord, le design c\u00f4tel\u00e9 et la forme arrondie ont stimul\u00e9 le d\u00e9sir d&#039;achat des consommateurs, entra\u00eenant une augmentation des ventes de 43\u00a0%. Ensuite, la robustesse des pots en verre a r\u00e9duit le taux de casse d&#039;environ 60\u00a0%. Tr\u00e8s satisfaite de l&#039;accueil du march\u00e9, la coop\u00e9rative a ensuite d\u00e9cid\u00e9 de commander 300\u00a0000 pots de miel, faisant de ce format un \u00e9l\u00e9ment essentiel de son activit\u00e9.<\/p>\n<h2>Suggestions de personnalisation d&#039;emballages en verre<\/h2>\n<ul>\n<li><strong>S\u00e9lection de la couleur du verre\u00a0:<\/strong> Outre le verre transparent, qui est le plus couramment utilis\u00e9, vous pouvez \u00e9galement choisir du verre ambr\u00e9 ou vert pour prot\u00e9ger le produit du soleil et lui donner un aspect unique sur l&#039;\u00e9tag\u00e8re.<\/li>\n<li><strong>D\u00e9cor\u00e9 de texture givr\u00e9e :<\/strong> Les textures verticales obtenues par une finition givr\u00e9e rendaient le contraste entre la partie tactile et la bouteille transparente non seulement visuellement, mais aussi tactilement, plus saisissant.<\/li>\n<li><strong>Verre plus \u00e9pais\u00a0:<\/strong> Si le verre est plus \u00e9pais, il sera moins probable qu&#039;il se casse.<\/li>\n<li><strong>Logo imprim\u00e9 en s\u00e9rigraphie :<\/strong> Gravez ou imprimez votre logo directement sur la face du bocal en verre pour une identit\u00e9 de marque haut de gamme et durable.<\/li>\n<\/ul>","protected":false},"excerpt":{"rendered":"<p>Petits pots \u00e0 confiture vides, \u00e0 texture c\u00f4tel\u00e9e verticale, parfaits pour la mise en conserve, les cadeaux ou le stockage de la confiture. Disponibles en gros et sur mesure.<\/p>","protected":false},"featured_media":2200,"template":"","meta":{"postBodyCss":"","postBodyMargin":[],"postBodyPadding":[],"postBodyBackground":{"backgroundType":"classic","gradient":""}},"product_brand":[],"product_cat":[15,17,52],"product_tag":[],"class_list":{"0":"post-2195","1":"product","2":"type-product","3":"status-publish","4":"has-post-thumbnail","6":"product_cat-glass-containers","7":"product_cat-glass-jars","8":"product_cat-glass-honey-jars","10":"first","11":"instock","12":"shipping-taxable","13":"product-type-simple"},"jetpack_sharing_enabled":true,"_links":{"self":[{"href":"https:\/\/minghanggroup.com\/fr\/wp-json\/wp\/v2\/product\/2195","targetHints":{"allow":["GET"]}}],"collection":[{"href":"https:\/\/minghanggroup.com\/fr\/wp-json\/wp\/v2\/product"}],"about":[{"href":"https:\/\/minghanggroup.com\/fr\/wp-json\/wp\/v2\/types\/product"}],"wp:featuredmedia":[{"embeddable":true,"href":"https:\/\/minghanggroup.com\/fr\/wp-json\/wp\/v2\/media\/2200"}],"wp:attachment":[{"href":"https:\/\/minghanggroup.com\/fr\/wp-json\/wp\/v2\/media?parent=2195"}],"wp:term":[{"taxonomy":"product_brand","embeddable":true,"href":"https:\/\/minghanggroup.com\/fr\/wp-json\/wp\/v2\/product_brand?post=2195"},{"taxonomy":"product_cat","embeddable":true,"href":"https:\/\/minghanggroup.com\/fr\/wp-json\/wp\/v2\/product_cat?post=2195"},{"taxonomy":"product_tag","embeddable":true,"href":"https:\/\/minghanggroup.com\/fr\/wp-json\/wp\/v2\/product_tag?post=2195"}],"curies":[{"name":"wp","href":"https:\/\/api.w.org\/{rel}","templated":true}]}}