{"id":2190,"date":"2025-10-29T16:59:56","date_gmt":"2025-10-29T08:59:56","guid":{"rendered":"https:\/\/minghanggroup.com\/?post_type=product&#038;p=2190"},"modified":"2026-01-20T13:42:39","modified_gmt":"2026-01-20T05:42:39","slug":"cute-eggshell-yogurt-glass-jars-with-lids-wholesale","status":"publish","type":"product","link":"https:\/\/minghanggroup.com\/fr\/produit\/cute-eggshell-yogurt-glass-jars-with-lids-wholesale\/","title":{"rendered":"Jolis pots \u00e0 yaourt en verre couleur coquille d&#039;\u0153uf avec couvercles \u2013 R\u00e9cipients pour desserts et puddings"},"content":{"rendered":"<p>N&#039;utilisez plus d&#039;emballages ternes qui font dispara\u00eetre vos yaourts parmi les autres produits. Nous cr\u00e9ons des pots \u00e0 yaourt personnalis\u00e9s et attrayants avec couvercles, qui transforment vos produits laitiers en articles tendance. Bien plus que de simples contenants, ce sont les nouveaux atouts de votre marque pour un packaging moderne et attrayant. Fabricant de confiance d&#039;emballages en verre, nous utilisons des mat\u00e9riaux de premi\u00e8re qualit\u00e9 pour pr\u00e9server la fra\u00eecheur de vos yaourts plus longtemps.<\/p>\n<h2>Caract\u00e9ristiques du produit<\/h2>\n<ul>\n<li><strong>\u00c9l\u00e9gance coquille d&#039;\u0153uf :<\/strong>Le motif artistique en coquille d&#039;\u0153uf de nos pots de yaourt en verre avec couvercles les rend tr\u00e8s attrayants et les clients seront ravis de les utiliser comme d\u00e9coration.<\/li>\n<li><strong>Ouverture en forme de vague :<\/strong>Tout est simplifi\u00e9 ; verser, servir et nettoyer une ouverture en forme de vague est confortable et id\u00e9al pour vos produits laitiers.<\/li>\n<\/ul>\n<h2>Caract\u00e9ristiques principales<\/h2>\n<table style=\"border-collapse: collapse; width: 80%; margin-left: auto; margin-right: auto;\" border=\"0\" width=\"288\" cellspacing=\"0\" cellpadding=\"0\">\n<tbody>\n<tr style=\"height: 13.50pt;\">\n<td style=\"height: 13.5pt; width: 54pt; text-align: center;\" width=\"72\" height=\"18\">Capacit\u00e9<\/td>\n<td style=\"width: 54pt; text-align: center;\" width=\"72\">Dimensions<\/td>\n<td style=\"width: 54pt; text-align: center;\" width=\"72\">Forme<\/td>\n<td style=\"width: 54pt; text-align: center;\" width=\"72\">Mat\u00e9riel<\/td>\n<\/tr>\n<tr style=\"height: 13.50pt;\">\n<td style=\"height: 13.5pt; text-align: center;\" height=\"18\">225 g<\/td>\n<td style=\"text-align: center;\">6,2 x 8,2 cm<\/td>\n<td style=\"text-align: center;\">Coquille d&#039;\u0153uf<\/td>\n<td style=\"text-align: center;\">Verre<\/td>\n<\/tr>\n<\/tbody>\n<\/table>\n<h2>Cas de r\u00e9ussite<\/h2>\n<p>Une cha\u00eene de caf\u00e9s japonaise sp\u00e9cialis\u00e9e dans les desserts a collabor\u00e9 avec nous pour cr\u00e9er d&#039;adorables pots de yaourt en verre en forme d&#039;\u0153uf, avec couvercles, destin\u00e9s \u00e0 sa gamme de parfaits au yaourt. Le verre borosilicate de haute qualit\u00e9, aux bords lisses et ondul\u00e9s \u00e9voquant la cr\u00e8me fouett\u00e9e, est utilis\u00e9 pour ces jolis pots, leur conf\u00e9rant un aspect \u00e0 la fois ludique et \u00e9l\u00e9gant. Nous avons personnalis\u00e9 les pots avec le logo minimaliste de la marque et une \u00e9tiquette d\u00e9polie, pour un effet artisanal.<\/p>\n<p>Les adorables pots de yaourt sont devenus un outil efficace de notori\u00e9t\u00e9 de marque au moment du lancement et les ventes de desserts \u00e0 emporter ont augment\u00e9 de 55 % en seulement deux mois.<\/p>\n<h2>Vos conseils de personnalisation<\/h2>\n<p>Ces adorables petits yaourts pr\u00e9sent\u00e9s dans des pots fa\u00e7on coquille d&#039;\u0153uf sont la preuve que votre calligraphie dessert est r\u00e9ussie. Indiquez-nous simplement le nom de la saveur \u2013 comme \u00ab Lever de soleil aux fraises \u00bb ou \u00ab Nid de mangue \u00bb \u2013 et choisissez entre des couvercles en verre teint\u00e9, en verre d\u00e9poli ou des joints en silicone pastel. Vous pouvez \u00e9galement faire imprimer le logo de votre marque sur le pot ou opter pour des \u00e9tiquettes minimalistes afin de laisser toute la place aux courbes originales du pot. En effet, le simple fait de voir le pot suffit \u00e0 faire reconna\u00eetre le yaourt, le pudding ou la mousse faits main comme une \u0153uvre d&#039;art unique. Pourquoi ne pas cr\u00e9er un emballage aussi mignon que vos desserts ?<\/p>","protected":false},"excerpt":{"rendered":"<p>Adorables pots \u00e0 yaourt en verre avec couvercles, parfaits pour les desserts et les cr\u00e8mes dessert. Leur design en forme de coquille d&#039;\u0153uf les rend id\u00e9aux pour les caf\u00e9s ou les gourmandises maison.<\/p>","protected":false},"featured_media":2196,"template":"","meta":{"postBodyCss":"","postBodyMargin":[],"postBodyPadding":[],"postBodyBackground":{"backgroundType":"classic","gradient":""}},"product_brand":[],"product_cat":[15,16,46],"product_tag":[65,64],"class_list":{"0":"post-2190","1":"product","2":"type-product","3":"status-publish","4":"has-post-thumbnail","6":"product_cat-glass-containers","7":"product_cat-glass-bottles","8":"product_cat-glass-milk-bottles","9":"product_tag-glass-jam-jars","10":"product_tag-glass-yogurt-jars","12":"first","13":"instock","14":"shipping-taxable","15":"product-type-simple"},"jetpack_sharing_enabled":true,"_links":{"self":[{"href":"https:\/\/minghanggroup.com\/fr\/wp-json\/wp\/v2\/product\/2190","targetHints":{"allow":["GET"]}}],"collection":[{"href":"https:\/\/minghanggroup.com\/fr\/wp-json\/wp\/v2\/product"}],"about":[{"href":"https:\/\/minghanggroup.com\/fr\/wp-json\/wp\/v2\/types\/product"}],"wp:featuredmedia":[{"embeddable":true,"href":"https:\/\/minghanggroup.com\/fr\/wp-json\/wp\/v2\/media\/2196"}],"wp:attachment":[{"href":"https:\/\/minghanggroup.com\/fr\/wp-json\/wp\/v2\/media?parent=2190"}],"wp:term":[{"taxonomy":"product_brand","embeddable":true,"href":"https:\/\/minghanggroup.com\/fr\/wp-json\/wp\/v2\/product_brand?post=2190"},{"taxonomy":"product_cat","embeddable":true,"href":"https:\/\/minghanggroup.com\/fr\/wp-json\/wp\/v2\/product_cat?post=2190"},{"taxonomy":"product_tag","embeddable":true,"href":"https:\/\/minghanggroup.com\/fr\/wp-json\/wp\/v2\/product_tag?post=2190"}],"curies":[{"name":"wp","href":"https:\/\/api.w.org\/{rel}","templated":true}]}}