{"id":2184,"date":"2025-10-29T15:53:47","date_gmt":"2025-10-29T07:53:47","guid":{"rendered":"https:\/\/minghanggroup.com\/?post_type=product&#038;p=2184"},"modified":"2026-01-20T13:42:50","modified_gmt":"2026-01-20T05:42:50","slug":"wholesale-glass-yogurt-jars-with-lids-for-packaging","status":"publish","type":"product","link":"https:\/\/minghanggroup.com\/fr\/produit\/wholesale-glass-yogurt-jars-with-lids-for-packaging\/","title":{"rendered":"Pots de yaourt en verre en gros avec couvercles pour emballage 40-500 ml"},"content":{"rendered":"<p>N&#039;utilisez plus d&#039;emballages ternes qui donnent \u00e0 votre yaourt un aspect banal. Nous cr\u00e9ons des pots de yaourt en verre sur mesure, avec couvercles, qui transforment chaque cuiller\u00e9e en un pur d\u00e9lice. Bien plus que de simples contenants, ils constituent le nouvel atout charme de votre marque pour un emballage laitier chic et tendance. En tant que fabricant privil\u00e9gi\u00e9 d&#039;emballages en verre, nous s\u00e9lectionnons les mat\u00e9riaux les plus frais pour pr\u00e9server la fra\u00eecheur de votre produit plus longtemps.<\/p>\n<h2>Caract\u00e9ristiques du produit<\/h2>\n<ol>\n<li><strong>Clart\u00e9 cristalline :<\/strong>Le verre haute transparence permet aux clients d&#039;admirer instantan\u00e9ment les diff\u00e9rentes couches de votre yaourt ; ils peuvent ainsi constater sa fra\u00eecheur avant m\u00eame l&#039;achat.<\/li>\n<li><strong>Conception g\u00e9om\u00e9trique :<\/strong>Le verre \u00e9pais l\u00e9g\u00e8rement orn\u00e9 d&#039;un motif sur le fond d\u00e9core non seulement le produit visuellement, mais renforce \u00e9galement sa stabilit\u00e9 sur les \u00e9tag\u00e8res.<\/li>\n<li><strong>Syst\u00e8me de couvercle s\u00e9curis\u00e9\u00a0:<\/strong>Les bouchons en m\u00e9tal ou en plastique assurent une \u00e9tanch\u00e9it\u00e9 parfaite entre le pot et le couvercle \u2013 aucune fuite de vos pots de yaourt avec couvercle.<\/li>\n<li><strong>Tailles polyvalentes\u00a0:<\/strong>Nos pots \u00e0 yaourt en verre avec couvercles allant de 40 ml \u00e0 500 ml peuvent convenir \u00e0 tous les produits laitiers ou exigences d&#039;emballage.<\/li>\n<\/ol>\n<h2>Caract\u00e9ristiques principales<\/h2>\n<table style=\"border-collapse: collapse; width: 80%; margin-left: auto; margin-right: auto;\" border=\"0\" width=\"288\" cellspacing=\"0\" cellpadding=\"0\">\n<tbody>\n<tr style=\"height: 13.50pt;\">\n<td style=\"height: 13.5pt; width: 54pt; text-align: center;\" width=\"72\" height=\"18\">Capacit\u00e9 (ml)<\/td>\n<td style=\"width: 54pt; text-align: center;\" width=\"72\">Dimensions (cm)<\/td>\n<td style=\"width: 54pt; text-align: center;\" width=\"72\">Convient pour<\/td>\n<td style=\"width: 54pt; text-align: center;\" width=\"72\">Options personnalis\u00e9es<\/td>\n<\/tr>\n<tr style=\"height: 13.50pt;\">\n<td style=\"height: 13.5pt; text-align: center;\" align=\"right\" height=\"18\">40<\/td>\n<td style=\"text-align: center;\">4.9&#215;4.9<\/td>\n<td class=\"et2\" style=\"text-align: center;\" rowspan=\"7\">Pouding, yaourt, dessert, miel, confiture<\/td>\n<td class=\"et2\" style=\"text-align: center;\" rowspan=\"7\">Logos, \u00e9tiquettes, capsules de bouteilles, etc.<\/td>\n<\/tr>\n<tr style=\"height: 13.50pt;\">\n<td style=\"height: 13.5pt; text-align: center;\" align=\"right\" height=\"18\">75<\/td>\n<td style=\"text-align: center;\">5.5&#215;5.9<\/td>\n<\/tr>\n<tr style=\"height: 13.50pt;\">\n<td style=\"height: 13.5pt; text-align: center;\" align=\"right\" height=\"18\">100<\/td>\n<td style=\"text-align: center;\">6.3&#215;6.9<\/td>\n<\/tr>\n<tr style=\"height: 13.50pt;\">\n<td style=\"height: 13.5pt; text-align: center;\" align=\"right\" height=\"18\">200<\/td>\n<td style=\"text-align: center;\">7.5&#215;7.6<\/td>\n<\/tr>\n<tr style=\"height: 13.50pt;\">\n<td style=\"height: 13.5pt; text-align: center;\" align=\"right\" height=\"18\">280<\/td>\n<td style=\"text-align: center;\">8.7&#215;8.4<\/td>\n<\/tr>\n<tr style=\"height: 13.50pt;\">\n<td style=\"height: 13.5pt; text-align: center;\" align=\"right\" height=\"18\">380<\/td>\n<td style=\"text-align: center;\">9.3&#215;9.3<\/td>\n<\/tr>\n<tr style=\"height: 13.50pt;\">\n<td style=\"height: 13.5pt; text-align: center;\" align=\"right\" height=\"18\">500<\/td>\n<td style=\"text-align: center;\">9.8&#215;10.5<\/td>\n<\/tr>\n<\/tbody>\n<\/table>\n<h2>Cas de r\u00e9ussite<\/h2>\n<p>Nous avons collabor\u00e9 avec une marque de yaourts de luxe sud-cor\u00e9enne pour cr\u00e9er des pots en verre exclusifs pour sa gamme de desserts. Chaque pot est en verre \u00e9pais et transparent, orn\u00e9 d&#039;un motif g\u00e9om\u00e9trique en relief sur le fond, mettant ainsi en valeur les fruits et le yaourt. En harmonie avec les saveurs de la gamme, la marque a opt\u00e9 pour des couvercles en aluminium aux teintes pastel, munis de joints en silicone alimentaire pour pr\u00e9server la fra\u00eecheur du produit et \u00e9viter les fuites pendant le transport. Nous avons appos\u00e9 le logo sur les pots et utilis\u00e9 des \u00e9tiquettes transparentes pour la mise en valeur de la marque, laissant ainsi appara\u00eetre les ingr\u00e9dients color\u00e9s.<\/p>\n<p>La marque a enregistr\u00e9 une augmentation de 40 % de ses ventes mensuelles suite au lancement du nouveau produit et, par cons\u00e9quent, les caf\u00e9s et les p\u00e2tisseries o\u00f9 la marque est distribu\u00e9e ont \u00e9galement constat\u00e9 un doublement du taux de fid\u00e9lisation de la client\u00e8le.<\/p>\n<h2>Vos conseils de personnalisation<\/h2>\n<p>Personnalisez vos pots de yaourt avec une touche qui vous est propre. Partagez votre id\u00e9e (par exemple\u00a0: \u00ab\u00a0M\u00e9lange de mangue fra\u00eeche du producteur\u00a0\u00bb) et nous ajouterons un gaufrage, une finition d\u00e9polie ou un couvercle en m\u00e9tal pour s\u2019harmoniser avec votre style. Vous souhaitez une version plus petite de 200\u00a0ml pour des d\u00e9gustations de desserts\u00a0? Ces pots de yaourt en verre sont bien plus qu\u2019un simple support pour votre marque. Ensemble, cr\u00e9ons des produits uniques et m\u00e9morables.<\/p>","protected":false},"excerpt":{"rendered":"<p>D\u00e9couvrez nos pots \u00e0 yaourt en verre haut de gamme avec couvercles\u00a0: r\u00e9sistants, \u00e9l\u00e9gants et personnalisables. Parfaits pour les desserts, les cr\u00e8mes dessert et les gourmandises maison.<\/p>","protected":false},"featured_media":2185,"template":"","meta":{"postBodyCss":"","postBodyMargin":[],"postBodyPadding":[],"postBodyBackground":{"backgroundType":"classic","gradient":""}},"product_brand":[],"product_cat":[15,16,46],"product_tag":[65,64],"class_list":{"0":"post-2184","1":"product","2":"type-product","3":"status-publish","4":"has-post-thumbnail","6":"product_cat-glass-containers","7":"product_cat-glass-bottles","8":"product_cat-glass-milk-bottles","9":"product_tag-glass-jam-jars","10":"product_tag-glass-yogurt-jars","12":"first","13":"instock","14":"shipping-taxable","15":"product-type-simple"},"jetpack_sharing_enabled":true,"_links":{"self":[{"href":"https:\/\/minghanggroup.com\/fr\/wp-json\/wp\/v2\/product\/2184","targetHints":{"allow":["GET"]}}],"collection":[{"href":"https:\/\/minghanggroup.com\/fr\/wp-json\/wp\/v2\/product"}],"about":[{"href":"https:\/\/minghanggroup.com\/fr\/wp-json\/wp\/v2\/types\/product"}],"wp:featuredmedia":[{"embeddable":true,"href":"https:\/\/minghanggroup.com\/fr\/wp-json\/wp\/v2\/media\/2185"}],"wp:attachment":[{"href":"https:\/\/minghanggroup.com\/fr\/wp-json\/wp\/v2\/media?parent=2184"}],"wp:term":[{"taxonomy":"product_brand","embeddable":true,"href":"https:\/\/minghanggroup.com\/fr\/wp-json\/wp\/v2\/product_brand?post=2184"},{"taxonomy":"product_cat","embeddable":true,"href":"https:\/\/minghanggroup.com\/fr\/wp-json\/wp\/v2\/product_cat?post=2184"},{"taxonomy":"product_tag","embeddable":true,"href":"https:\/\/minghanggroup.com\/fr\/wp-json\/wp\/v2\/product_tag?post=2184"}],"curies":[{"name":"wp","href":"https:\/\/api.w.org\/{rel}","templated":true}]}}