{"id":2183,"date":"2025-10-29T15:01:14","date_gmt":"2025-10-29T07:01:14","guid":{"rendered":"https:\/\/minghanggroup.com\/?post_type=product&#038;p=2183"},"modified":"2025-10-29T16:01:49","modified_gmt":"2025-10-29T08:01:49","slug":"bulk-small-glass-jam-jars-with-embossed-bottom-edges","status":"publish","type":"product","link":"https:\/\/minghanggroup.com\/fr\/produit\/bulk-small-glass-jam-jars-with-embossed-bottom-edges\/","title":{"rendered":"Petits pots \u00e0 confiture en verre (lot de 50 ml, 75 ml et 100 ml) avec fond gaufr\u00e9"},"content":{"rendered":"<p>Ces petits pots \u00e0 confiture en verre transparent offrent une esth\u00e9tique raffin\u00e9e. G\u00e9om\u00e9triques, pr\u00e9cis et \u00e9l\u00e9gamment d\u00e9cor\u00e9s, ils allient charme et praticit\u00e9 avec raffinement. Leur aspect textur\u00e9 et \u00e9l\u00e9gant cr\u00e9e un parfait \u00e9quilibre entre beaut\u00e9 et fonctionnalit\u00e9.<\/p>\n<h2>Caract\u00e9ristiques du produit<\/h2>\n<ul>\n<li><strong>Produit sophistiqu\u00e9 :<\/strong> Les pots \u00e0 miel ont une apparence tr\u00e8s \u00e9pur\u00e9e et, en m\u00eame temps, ils pr\u00e9sentent des \u00e9l\u00e9ments g\u00e9om\u00e9triques en relief qui leur conf\u00e8rent un style tr\u00e8s chic et qui font de ce produit un produit unique et de luxe haut de gamme sur le march\u00e9.<\/li>\n<li><strong>Mat\u00e9riau des jarres :<\/strong> Le verre transparent ne g\u00eane pas le consommateur qui souhaite voir le miel qu&#039;il a achet\u00e9. Au contraire, il met en valeur le fait que le motif en relief se trouve au fond du pot en le d\u00e9voilant enti\u00e8rement, alliant ainsi fonctionnalit\u00e9 et esth\u00e9tique.<\/li>\n<li><strong>Le choix de la taille\u00a0:<\/strong> Les sp\u00e9cifications des pots de miel en termes de dimensions sont suffisamment flexibles pour prendre en compte et r\u00e9pondre aux exigences de la distribution du miel et de l&#039;emballage cadeau.<\/li>\n<\/ul>\n<h2 style=\"text-align: left;\">Caract\u00e9ristiques principales<\/h2>\n<table class=\"aligncenter\" style=\"border-collapse: collapse; width: 415.52pt;\" border=\"0\" width=\"554\" cellspacing=\"0\" cellpadding=\"0\">\n<tbody>\n<tr style=\"height: 13.50pt;\">\n<td style=\"height: 13.50pt; width: 96.00pt;\" width=\"128\" height=\"18\">Fonctionnalit\u00e9<\/td>\n<td style=\"width: 319.50pt;\" width=\"426\">Sp\u00e9cification<\/td>\n<\/tr>\n<tr style=\"height: 13.50pt;\">\n<td style=\"height: 13.50pt;\" height=\"18\">Capacit\u00e9<\/td>\n<td>50 ml, 75 ml, 100 ml<\/td>\n<\/tr>\n<tr style=\"height: 13.50pt;\">\n<td style=\"height: 13.50pt;\" height=\"18\">Forme<\/td>\n<td>Cylindrique \u00e0 base textur\u00e9e<\/td>\n<\/tr>\n<tr style=\"height: 13.50pt;\">\n<td style=\"height: 13.50pt;\" height=\"18\">Dimensions<\/td>\n<td>4,6 \u00d7 6,2 cm \u00e0 5,7 \u00d7 7,9 cm<\/td>\n<\/tr>\n<tr style=\"height: 13.50pt;\">\n<td style=\"height: 13.50pt;\" height=\"18\">Mat\u00e9riel<\/td>\n<td>Verre transparent, couvercle \u00e0 vis en m\u00e9tal<\/td>\n<\/tr>\n<tr style=\"height: 13.50pt;\">\n<td style=\"height: 13.50pt;\" height=\"18\">Options de couvercle<\/td>\n<td>Rouge, or, argent, noir (couleurs personnalis\u00e9es disponibles)<\/td>\n<\/tr>\n<tr style=\"height: 13.50pt;\">\n<td style=\"height: 13.50pt;\" height=\"18\">Id\u00e9al pour<\/td>\n<td>\u00c9chantillons de miel, confitures, emballages de voyage<\/td>\n<\/tr>\n<tr style=\"height: 13.50pt;\">\n<td style=\"height: 13.50pt;\" height=\"18\">Utilisation id\u00e9ale<\/td>\n<td>Petits pots \u00e0 confiture, petits pots \u00e0 miel<\/td>\n<\/tr>\n<\/tbody>\n<\/table>\n<h2>T\u00e9moignage de r\u00e9ussite\u00a0: Comment les \u00e9chantillons en pot stimulent la croissance rapide des entreprises<\/h2>\n<p>Une jeune entreprise apicole, souhaitant se sp\u00e9cialiser dans le miel brut d&#039;origine unique, ciblait le march\u00e9 agricole haut de gamme. Pour y p\u00e9n\u00e9trer, elle a command\u00e9 1\u00a0000 petits pots de confiture en verre de 50 ml \u00e0 titre d&#039;\u00e9chantillons. Le succ\u00e8s fut retentissant. La couleur du fond et du couvercle suffit \u00e0 valoriser le produit\u00a0: une marque artisanale a ainsi constat\u00e9 un quasi-doublement (46\u00a0%) de ses ventes de coffrets cadeaux, tandis qu&#039;un apiculteur proposant des \u00e9chantillons de miel en pots de 50 ml sur un march\u00e9 de producteurs a vu ses ventes de pots de miel de grande contenance augmenter de 39\u00a0%. Forte de ce succ\u00e8s, l&#039;entreprise a commenc\u00e9 \u00e0 s&#039;approvisionner r\u00e9guli\u00e8rement en grands pots de miel, passant commande tous les trimestres, et a \u00e9galement lanc\u00e9 sa gamme principale avec le format 75 ml.<\/p>\n<h2>Suggestions de personnalisation pour les pots \u00e0 miel en verre<\/h2>\n<ul>\n<li><strong>Couleur du couvercle personnalis\u00e9e\u00a0:<\/strong> Nous proposons des couvercles rouges standard et un large choix de couleurs vous permet de choisir celle qui correspond le mieux \u00e0 votre marque.<\/li>\n<li><strong>Fond gaufr\u00e9 personnalis\u00e9 :<\/strong> Vous pouvez modifier ou remplacer le motif g\u00e9om\u00e9trique en relief situ\u00e9 en bas par le logo de votre marque ou un design unique qui permettra de cr\u00e9er une reconnaissance de marque.<\/li>\n<li><strong>Teintage du verre\u00a0:<\/strong> Vous pouvez opter pour un verre ambr\u00e9 ou vert tendre afin d&#039;obtenir une meilleure protection contre les UV pour votre produit, notamment si celui-ci est photosensible, comme par exemple un miel de tr\u00e8s haute qualit\u00e9.<\/li>\n<li><strong>Options de fermeture du couvercle int\u00e9rieur\u00a0:<\/strong> Vous pouvez choisir diff\u00e9rents mat\u00e9riaux de remplissage pour le rev\u00eatement afin que le joint soit \u00e9tanche et que la viscosit\u00e9 de votre produit corresponde parfaitement \u2013 \u200b\u200bdu miel fluide \u00e0 la cr\u00e8me \u00e9paisse.<\/li>\n<\/ul>","protected":false},"excerpt":{"rendered":"<p>\u00c9l\u00e9gants petits pots \u00e0 confiture en verre, orn\u00e9s d&#039;un fond g\u00e9om\u00e9trique en relief et de couvercles rouges. Excellente \u00e9tanch\u00e9it\u00e9, parfaits pour conserver le miel et la confiture. \u00c9chantillons gratuits disponibles.<\/p>","protected":false},"featured_media":2192,"template":"","meta":{"postBodyCss":"","postBodyMargin":[],"postBodyPadding":[],"postBodyBackground":{"backgroundType":"classic","gradient":""}},"product_brand":[],"product_cat":[15,17,52],"product_tag":[],"class_list":{"0":"post-2183","1":"product","2":"type-product","3":"status-publish","4":"has-post-thumbnail","6":"product_cat-glass-containers","7":"product_cat-glass-jars","8":"product_cat-glass-honey-jars","10":"first","11":"instock","12":"shipping-taxable","13":"product-type-simple"},"jetpack_sharing_enabled":true,"_links":{"self":[{"href":"https:\/\/minghanggroup.com\/fr\/wp-json\/wp\/v2\/product\/2183","targetHints":{"allow":["GET"]}}],"collection":[{"href":"https:\/\/minghanggroup.com\/fr\/wp-json\/wp\/v2\/product"}],"about":[{"href":"https:\/\/minghanggroup.com\/fr\/wp-json\/wp\/v2\/types\/product"}],"wp:featuredmedia":[{"embeddable":true,"href":"https:\/\/minghanggroup.com\/fr\/wp-json\/wp\/v2\/media\/2192"}],"wp:attachment":[{"href":"https:\/\/minghanggroup.com\/fr\/wp-json\/wp\/v2\/media?parent=2183"}],"wp:term":[{"taxonomy":"product_brand","embeddable":true,"href":"https:\/\/minghanggroup.com\/fr\/wp-json\/wp\/v2\/product_brand?post=2183"},{"taxonomy":"product_cat","embeddable":true,"href":"https:\/\/minghanggroup.com\/fr\/wp-json\/wp\/v2\/product_cat?post=2183"},{"taxonomy":"product_tag","embeddable":true,"href":"https:\/\/minghanggroup.com\/fr\/wp-json\/wp\/v2\/product_tag?post=2183"}],"curies":[{"name":"wp","href":"https:\/\/api.w.org\/{rel}","templated":true}]}}