{"id":2160,"date":"2025-10-28T17:55:09","date_gmt":"2025-10-28T09:55:09","guid":{"rendered":"https:\/\/minghanggroup.com\/?post_type=product&#038;p=2160"},"modified":"2025-10-29T17:32:26","modified_gmt":"2025-10-29T09:32:26","slug":"bulk-square-jam-canning-jars-with-embossed-fruit-pattern","status":"publish","type":"product","link":"https:\/\/minghanggroup.com\/fr\/produit\/bulk-square-jam-canning-jars-with-embossed-fruit-pattern\/","title":{"rendered":"Bocaux de confiture carr\u00e9s en vrac avec motif de fruits en relief 250 ml 500 ml 750 ml"},"content":{"rendered":"<p>Ces pots \u00e0 confiture sont fabriqu\u00e9s en verre transparent de forme carr\u00e9e, orn\u00e9 de charmants motifs de fruits en relief et de quelques inscriptions. Les couvercles, disponibles en or et en argent, existent en diff\u00e9rentes tailles et t\u00e9moignent d&#039;un travail cr\u00e9atif remarquable, alliant \u00e0 la perfection fonctionnalit\u00e9 et esth\u00e9tique.<\/p>\n<h2>Caract\u00e9ristiques du produit<\/h2>\n<ul>\n<li><strong>Mat\u00e9riau en verre transparent\u00a0:<\/strong> L&#039;utilisation d&#039;un verre transparent permet de voir tr\u00e8s clairement le miel contenu dans le pot et, en m\u00eame temps, d&#039;appr\u00e9cier les d\u00e9tails en relief, alliant ainsi deux aspects : l&#039;utilit\u00e9 et l&#039;esth\u00e9tique.<\/li>\n<li><strong>Corps avec motif carr\u00e9 en relief :<\/strong> Le corps carr\u00e9, orn\u00e9 de fruits et de textes en relief, illustre un style minimaliste mais aussi cr\u00e9atif, mettant ainsi davantage en valeur le produit et am\u00e9liorant l&#039;aspect g\u00e9n\u00e9ral de la gamme.<\/li>\n<li><strong>Diff\u00e9rentes tailles sont disponibles :<\/strong> Ils sont propos\u00e9s en diff\u00e9rentes tailles afin de r\u00e9pondre pleinement aux diff\u00e9rents besoins qui peuvent se pr\u00e9senter, qu&#039;il s&#039;agisse de conservation du miel, d&#039;emballage cadeau ou pour toute autre occasion.<\/li>\n<\/ul>\n<h2 style=\"text-align: left;\">Caract\u00e9ristiques principales<\/h2>\n<table class=\"aligncenter\" style=\"border-collapse: collapse; width: 405.02pt;\" border=\"0\" width=\"540\" cellspacing=\"0\" cellpadding=\"0\">\n<tbody>\n<tr style=\"height: 13.50pt;\">\n<td style=\"height: 13.50pt; width: 96.00pt;\" width=\"128\" height=\"18\">Fonctionnalit\u00e9<\/td>\n<td style=\"width: 309.00pt;\" width=\"412\">Sp\u00e9cification<\/td>\n<\/tr>\n<tr style=\"height: 13.50pt;\">\n<td style=\"height: 13.50pt;\" height=\"18\">Capacit\u00e9<\/td>\n<td>250 ml, 500 ml, 750 ml<\/td>\n<\/tr>\n<tr style=\"height: 13.50pt;\">\n<td style=\"height: 13.50pt;\" height=\"18\">Forme<\/td>\n<td>Carr\u00e9 \u00e0 motif de fruits en relief<\/td>\n<\/tr>\n<tr style=\"height: 13.50pt;\">\n<td style=\"height: 13.50pt;\" height=\"18\">Dimensions<\/td>\n<td>8\u00d78,3 cm \u00e0 10\u00d713,3 cm<\/td>\n<\/tr>\n<tr style=\"height: 13.50pt;\">\n<td style=\"height: 13.50pt;\" height=\"18\">Mat\u00e9riel<\/td>\n<td>Verre transparent, couvercle \u00e0 vis en m\u00e9tal<\/td>\n<\/tr>\n<tr style=\"height: 13.50pt;\">\n<td style=\"height: 13.50pt;\" height=\"18\">Options de couvercle<\/td>\n<td>Or, argent, noir (couleurs personnalis\u00e9es disponibles)<\/td>\n<\/tr>\n<tr style=\"height: 13.50pt;\">\n<td style=\"height: 13.50pt;\" height=\"18\">Id\u00e9al pour<\/td>\n<td>Miel, confitures, conserves, coffrets cadeaux, emballages pour la vente au d\u00e9tail<\/td>\n<\/tr>\n<tr style=\"height: 13.50pt;\">\n<td style=\"height: 13.50pt;\" height=\"18\">Utilisation id\u00e9ale<\/td>\n<td>pots \u00e0 confiture, pots \u00e0 miel<\/td>\n<\/tr>\n<\/tbody>\n<\/table>\n<h2>Succ\u00e8s\u00a0: Valoriser les marques locales de miel<\/h2>\n<p>L&#039;un de nos clients, une entreprise apicole en pleine expansion qui approvisionne le march\u00e9 local, \u00e9tait depuis longtemps lass\u00e9 des pots \u00e0 miel classiques. Pour sa gamme de produits haut de gamme, il a donc opt\u00e9 pour nos pots \u00e0 confiture de 500 ml, dot\u00e9s de couvercles et de motifs en relief. R\u00e9sultat\u00a0? Le motif fruit\u00e9 en relief a imm\u00e9diatement contribu\u00e9 \u00e0 une hausse de 52\u00a0% des ventes, les clients qualifiant les pots de v\u00e9ritables \u0153uvres d&#039;art. R\u00e9sultat\u00a0: une augmentation de 63\u00a0% du nombre de clients fid\u00e8les. Enthousiasm\u00e9 par ces retours, l&#039;entreprise a pass\u00e9 trois nouvelles commandes, chacune deux fois plus importante que la pr\u00e9c\u00e9dente (100\u00a0000 unit\u00e9s). Aujourd&#039;hui, ce pot est devenu l&#039;emballage standard de toute sa gamme de produits.<\/p>\n<h2>Id\u00e9es de modification pour conserver le miel en verre<\/h2>\n<ul>\n<li><strong>Diff\u00e9rentes couleurs de casquettes :<\/strong> Outre nos bouchons actuels en or, argent, noir ou blanc, vous pouvez \u00e9galement choisir une couleur Pantone personnalis\u00e9e qui correspondra parfaitement \u00e0 votre marque.<\/li>\n<li><strong>Gaufrage personnalis\u00e9\u00a0:<\/strong> Diff\u00e9rents motifs de fruits peuvent \u00eatre grav\u00e9s en relief sur le bocal, et votre logo ou un motif unique peut \u00eatre r\u00e9alis\u00e9 directement sur les bocaux en verre.<\/li>\n<li><strong>Teintage :<\/strong> Le verre peut \u00eatre l\u00e9g\u00e8rement teint\u00e9 si vous souhaitez de tr\u00e8s l\u00e9g\u00e8res nuances, par exemple d&#039;ambre ou de vert, pour une protection contre les rayons UV ou simplement pour une apparence de marque diff\u00e9rente, bien que le verre soit enti\u00e8rement transparent.<\/li>\n<\/ul>\n<p>Vous recherchez des emballages en verre parfaitement adapt\u00e9s \u00e0 votre activit\u00e9\u00a0? D\u00e9couvrez notre gamme compl\u00e8te de contenants pour miel et contactez-nous pour obtenir un devis de vente en gros.<\/p>","protected":false},"excerpt":{"rendered":"<p>Bocaux de confiture haut de gamme orn\u00e9s de motifs de fruits en relief. Id\u00e9aux pour les artisans confituriers et l&#039;emballage alimentaire. Personnalisables, \u00e9chantillons gratuits disponibles.<\/p>","protected":false},"featured_media":2179,"template":"","meta":{"postBodyCss":"","postBodyMargin":[],"postBodyPadding":[],"postBodyBackground":{"backgroundType":"classic","gradient":""}},"product_brand":[],"product_cat":[15,17,52],"product_tag":[],"class_list":{"0":"post-2160","1":"product","2":"type-product","3":"status-publish","4":"has-post-thumbnail","6":"product_cat-glass-containers","7":"product_cat-glass-jars","8":"product_cat-glass-honey-jars","10":"first","11":"instock","12":"shipping-taxable","13":"product-type-simple"},"jetpack_sharing_enabled":true,"_links":{"self":[{"href":"https:\/\/minghanggroup.com\/fr\/wp-json\/wp\/v2\/product\/2160","targetHints":{"allow":["GET"]}}],"collection":[{"href":"https:\/\/minghanggroup.com\/fr\/wp-json\/wp\/v2\/product"}],"about":[{"href":"https:\/\/minghanggroup.com\/fr\/wp-json\/wp\/v2\/types\/product"}],"wp:featuredmedia":[{"embeddable":true,"href":"https:\/\/minghanggroup.com\/fr\/wp-json\/wp\/v2\/media\/2179"}],"wp:attachment":[{"href":"https:\/\/minghanggroup.com\/fr\/wp-json\/wp\/v2\/media?parent=2160"}],"wp:term":[{"taxonomy":"product_brand","embeddable":true,"href":"https:\/\/minghanggroup.com\/fr\/wp-json\/wp\/v2\/product_brand?post=2160"},{"taxonomy":"product_cat","embeddable":true,"href":"https:\/\/minghanggroup.com\/fr\/wp-json\/wp\/v2\/product_cat?post=2160"},{"taxonomy":"product_tag","embeddable":true,"href":"https:\/\/minghanggroup.com\/fr\/wp-json\/wp\/v2\/product_tag?post=2160"}],"curies":[{"name":"wp","href":"https:\/\/api.w.org\/{rel}","templated":true}]}}