{"id":2137,"date":"2025-10-28T15:03:04","date_gmt":"2025-10-28T07:03:04","guid":{"rendered":"https:\/\/minghanggroup.com\/?post_type=product&#038;p=2137"},"modified":"2026-01-20T13:43:03","modified_gmt":"2026-01-20T05:43:03","slug":"glass-milk-bottle-with-handle-for-yogurt","status":"publish","type":"product","link":"https:\/\/minghanggroup.com\/fr\/produit\/glass-milk-bottle-with-handle-for-yogurt\/","title":{"rendered":"Bouteille de lait en verre c\u00f4tel\u00e9 de 120 ml avec poign\u00e9e pour cr\u00e8me dessert et yaourt"},"content":{"rendered":"<p>Nous avons jou\u00e9 un r\u00f4le d\u00e9terminant dans la transformation des emballages de nombreuses marques laiti\u00e8res, passant d&#039;un packaging terne \u00e0 un packaging attrayant. Notre bouteille de lait en verre innovante avec poign\u00e9e n&#039;est pas qu&#039;un simple contenant\u00a0: c&#039;est un v\u00e9ritable atout pour votre gamme de yaourts en pot. Imaginez vos clients d\u00e9couvrant les couleurs \u00e9clatantes de votre yaourt \u00e0 travers un verre parfaitement transparent, prenant en main le produit gr\u00e2ce \u00e0 sa poign\u00e9e pratique et reconnaissant imm\u00e9diatement sa qualit\u00e9 sup\u00e9rieure. C&#039;est tout l&#039;int\u00e9r\u00eat d&#039;un emballage en verre adapt\u00e9.<\/p>\n<h2>Caract\u00e9ristiques du produit<\/h2>\n<ul>\n<li><strong>\u00c9l\u00e9gance textur\u00e9e vintage :<\/strong>Les nervures ou les rainures verticales de votre bouteille en verre opalin lui conf\u00e8rent un aspect inalt\u00e9rable et permettent ainsi \u00e0 votre pot de yaourt de se d\u00e9marquer \u00e9l\u00e9gamment sur les \u00e9tag\u00e8res.<\/li>\n<li><strong>Confort ergonomique :<\/strong>La poign\u00e9e, de forme id\u00e9ale, \u00e9pouse parfaitement la forme de votre main, facilitant ainsi le versement et le transport de votre produit laitier.<\/li>\n<\/ul>\n<h2>Caract\u00e9ristiques principales<\/h2>\n<table style=\"border-collapse: collapse; width: 80%; margin-right: auto; margin-left: auto;\" border=\"0\" width=\"360\" cellspacing=\"0\" cellpadding=\"0\">\n<tbody>\n<tr style=\"height: 13.50pt;\">\n<td style=\"height: 13.5pt; width: 54pt; text-align: center;\" width=\"72\" height=\"18\">Mod\u00e8le<\/td>\n<td style=\"width: 54pt; text-align: center;\" width=\"72\">Capacit\u00e9<\/td>\n<td style=\"width: 54pt; text-align: center;\" width=\"72\">Dimensions<\/td>\n<td style=\"width: 54pt; text-align: center;\" width=\"72\">Accessoire<\/td>\n<td style=\"width: 54pt; text-align: center;\" width=\"72\">Texture<\/td>\n<\/tr>\n<tr style=\"height: 13.50pt;\">\n<td style=\"height: 13.5pt; text-align: center;\" align=\"right\" height=\"18\">64012047<\/td>\n<td style=\"text-align: center;\">120 ml<\/td>\n<td style=\"text-align: center;\">9,36,87,3 cm<\/td>\n<td style=\"text-align: center;\">Poign\u00e9e<\/td>\n<td style=\"text-align: center;\">rainures verticales<\/td>\n<\/tr>\n<\/tbody>\n<\/table>\n<h2>Cas de r\u00e9ussite<\/h2>\n<p>Une marque laiti\u00e8re s&#039;est associ\u00e9e \u00e0 nous pour cr\u00e9er une bouteille en verre c\u00f4tel\u00e9 personnalis\u00e9e avec une poign\u00e9e pour sa nouvelle gamme de yaourts artisanaux et de laits aromatis\u00e9s. Chaque pot de yaourt de 120 ml pr\u00e9sente des rainures verticales qui facilitent la prise en main et lui conf\u00e8rent un charme r\u00e9tro. De plus, la marque a opt\u00e9 pour un bouchon \u00e0 vis argent\u00e9 mat avec un joint en silicone pour une fermeture herm\u00e9tique et une r\u00e9utilisation pratique.<\/p>\n<p>La gamme de produits a rapidement rencontr\u00e9 un vif succ\u00e8s dans les caf\u00e9s locaux, et la marque laiti\u00e8re a pu constater une augmentation de 30 % des commandes.<\/p>\n<h2>Id\u00e9es de personnalisation pour votre marque<\/h2>\n<p>Transformez votre emballage en une exp\u00e9rience m\u00e9morable. Choisissez simplement votre saveur phare \u2013 qu&#039;il s&#039;agisse de \u00ab\u00a0Lait d&#039;avoine infus\u00e9 \u00e0 froid\u00a0\u00bb ou de \u00ab\u00a0Yaourt \u00e0 l&#039;\u00e9rable et \u00e0 la cannelle\u00a0\u00bb \u2013 et nous nous chargeons de la cr\u00e9ation d&#039;un design unique\u00a0: rainures verticales profondes, finition mate douce et bouchon personnalis\u00e9 en m\u00e9tal ou en bois. Ajoutez un \u00e9l\u00e9gant opercule de s\u00e9curit\u00e9 pour pr\u00e9server la fra\u00eecheur du produit et personnalisez votre logo ou une image gr\u00e2ce \u00e0 un marquage \u00e0 chaud ou un verre d\u00e9poli. Faites de votre pot de yaourt l&#039;embl\u00e8me de votre marque.<\/p>","protected":false},"excerpt":{"rendered":"<p>\u00c9l\u00e9gante bouteille \u00e0 lait en verre avec anse, utilisable aussi comme pot \u00e0 yaourt\u00a0: id\u00e9ale pour les produits laitiers, les desserts ou les boissons. Personnalisez-la avec des couvercles, des couleurs et des impressions de logo \u00e0 l\u2019image de votre marque.<\/p>","protected":false},"featured_media":2138,"template":"","meta":{"postBodyCss":"","postBodyMargin":[],"postBodyPadding":[],"postBodyBackground":{"backgroundType":"classic","gradient":""}},"product_brand":[],"product_cat":[15,16,46],"product_tag":[65,64],"class_list":{"0":"post-2137","1":"product","2":"type-product","3":"status-publish","4":"has-post-thumbnail","6":"product_cat-glass-containers","7":"product_cat-glass-bottles","8":"product_cat-glass-milk-bottles","9":"product_tag-glass-jam-jars","10":"product_tag-glass-yogurt-jars","12":"first","13":"instock","14":"shipping-taxable","15":"product-type-simple"},"jetpack_sharing_enabled":true,"_links":{"self":[{"href":"https:\/\/minghanggroup.com\/fr\/wp-json\/wp\/v2\/product\/2137","targetHints":{"allow":["GET"]}}],"collection":[{"href":"https:\/\/minghanggroup.com\/fr\/wp-json\/wp\/v2\/product"}],"about":[{"href":"https:\/\/minghanggroup.com\/fr\/wp-json\/wp\/v2\/types\/product"}],"wp:featuredmedia":[{"embeddable":true,"href":"https:\/\/minghanggroup.com\/fr\/wp-json\/wp\/v2\/media\/2138"}],"wp:attachment":[{"href":"https:\/\/minghanggroup.com\/fr\/wp-json\/wp\/v2\/media?parent=2137"}],"wp:term":[{"taxonomy":"product_brand","embeddable":true,"href":"https:\/\/minghanggroup.com\/fr\/wp-json\/wp\/v2\/product_brand?post=2137"},{"taxonomy":"product_cat","embeddable":true,"href":"https:\/\/minghanggroup.com\/fr\/wp-json\/wp\/v2\/product_cat?post=2137"},{"taxonomy":"product_tag","embeddable":true,"href":"https:\/\/minghanggroup.com\/fr\/wp-json\/wp\/v2\/product_tag?post=2137"}],"curies":[{"name":"wp","href":"https:\/\/api.w.org\/{rel}","templated":true}]}}