{"id":2132,"date":"2025-10-28T14:07:28","date_gmt":"2025-10-28T06:07:28","guid":{"rendered":"https:\/\/minghanggroup.com\/?post_type=product&#038;p=2132"},"modified":"2026-01-20T13:43:18","modified_gmt":"2026-01-20T05:43:18","slug":"100ml-200ml-round-planet-yogurt-glass-jars-for-yogurt-milk","status":"publish","type":"product","link":"https:\/\/minghanggroup.com\/fr\/produit\/100ml-200ml-round-planet-yogurt-glass-jars-for-yogurt-milk\/","title":{"rendered":"Pots en verre ronds Planet pour yaourt et lait, 100 ml et 200 ml"},"content":{"rendered":"<p>Oubliez les emballages ternes qui rendent vos produits laitiers insignifiants. Nous cr\u00e9ons des pots \u00e0 yaourt en verre personnalis\u00e9s en forme de plan\u00e8te qui transforment votre lait, vos yaourts et vos jus en objets de conversation. Bien plus que de simples contenants, ce sont les nouveaux atouts de votre marque pour un emballage laitier moderne et \u00e9l\u00e9gant. En tant que fabricant de r\u00e9f\u00e9rence d&#039;emballages en verre, nous s\u00e9lectionnons les mat\u00e9riaux les plus frais pour pr\u00e9server la fra\u00eecheur de vos produits plus longtemps.<\/p>\n<h2>Caract\u00e9ristiques du produit<\/h2>\n<ol>\n<li><strong>Cr\u00e9ations cosmiques :<\/strong>Les pots \u00e0 yaourt en verre Planets sont parfaits pour mettre en valeur vos produits laitiers en rayon \u2013 les clients voudront sans aucun doute conserver ces bouteilles de lait en verre r\u00e9utilisables comme \u00e9l\u00e9ment de d\u00e9coration chez eux.<\/li>\n<li><strong>Grande ouverture pour plus de commodit\u00e9 :<\/strong>Tr\u00e8s faciles \u00e0 remplir, \u00e0 servir et \u00e0 nettoyer, ces bouteilles \u00e0 couvercle \u00e9vitent les d\u00e9g\u00e2ts. Id\u00e9ales pour la mise en bouteille de produits laitiers et pour un usage domestique.<\/li>\n<li><strong>R\u00e9utilisation \u00e9cologique :<\/strong>Le verre est de bonne qualit\u00e9, \u00e9pais et r\u00e9sistant, et r\u00e9utilisable au quotidien, r\u00e9duisant ainsi les d\u00e9chets et renfor\u00e7ant votre image \u00e9coresponsable. Ces pots \u00e0 yaourt en verre ne sont pas de simples contenants, ce sont de v\u00e9ritables ambassadeurs de la marque.<\/li>\n<\/ol>\n<h2>Caract\u00e9ristiques principales<\/h2>\n<table style=\"border-collapse: collapse; width: 80%; margin-left: auto; margin-right: auto;\" border=\"0\" width=\"288\" cellspacing=\"0\" cellpadding=\"0\">\n<tbody>\n<tr style=\"height: 13.50pt;\">\n<td style=\"height: 13.5pt; width: 54pt; text-align: center;\" width=\"72\" height=\"18\">Mod\u00e8le<\/td>\n<td style=\"width: 54pt; text-align: center;\" width=\"72\">Capacit\u00e9 (ml)<\/td>\n<td style=\"width: 54pt; text-align: center;\" width=\"72\">Dimensions (cm)<\/td>\n<td style=\"width: 54pt; text-align: center;\" width=\"72\">Forme<\/td>\n<\/tr>\n<tr style=\"height: 13.50pt;\">\n<td style=\"height: 13.5pt; text-align: center;\" align=\"right\" height=\"18\">64010045<\/td>\n<td style=\"text-align: center;\" align=\"right\">100<\/td>\n<td style=\"text-align: center;\">6.9&#215;6.2<\/td>\n<td class=\"et2\" style=\"text-align: center;\" rowspan=\"2\">Plan\u00e8te ronde<\/td>\n<\/tr>\n<tr style=\"height: 13.50pt;\">\n<td style=\"height: 13.5pt; text-align: center;\" align=\"right\" height=\"18\">64020046<\/td>\n<td style=\"text-align: center;\" align=\"right\">200<\/td>\n<td style=\"text-align: center;\">7.9&#215;7.3<\/td>\n<\/tr>\n<\/tbody>\n<\/table>\n<h2>Cas de r\u00e9ussite<\/h2>\n<p>Une marque de desserts haut de gamme s&#039;est associ\u00e9e \u00e0 nous pour cr\u00e9er un pot \u00e0 pudding en verre sur mesure, en forme de plan\u00e8te, pour sa collection de mousses et de yaourts. Ce pot de 200 ml, \u00e0 la forme sph\u00e9rique et lisse, \u00e9voque une petite plan\u00e8te\u00a0: une mani\u00e8re \u00e0 la fois ludique et \u00e9l\u00e9gante de repr\u00e9senter la cr\u00e9ativit\u00e9 et la joie de vivre de la marque.<\/p>\n<p>Afin d&#039;allier esth\u00e9tique et fonctionnalit\u00e9, la marque a opt\u00e9 pour des couvercles \u00e0 visser argent mat avec des joints en silicone de qualit\u00e9 alimentaire pour une fra\u00eecheur optimale et une fermeture facile du produit lors du transport r\u00e9frig\u00e9r\u00e9.<\/p>\n<p>Le pot arborait un aspect \u00e9l\u00e9gant et contemporain gr\u00e2ce \u00e0 un givrage subtil et \u00e0 un logo blanc minimaliste, ce qui le faisait ressortir sur les \u00e9tag\u00e8res des caf\u00e9s et sur les plateformes en ligne de la marque.<\/p>\n<p>D\u00e8s le lancement de la nouvelle gamme, les pots \u00ab\u00a0pudding plan\u00e8te\u00a0\u00bb se sont r\u00e9v\u00e9l\u00e9s \u00eatre l&#039;emballage le plus populaire aupr\u00e8s des clients, dont beaucoup ont appr\u00e9ci\u00e9 leur aspect luxueux et collector. La marque a ainsi enregistr\u00e9, au cours du premier trimestre, une augmentation de 28\u00a0% des achats r\u00e9p\u00e9t\u00e9s. Ce simple pot \u00e0 dessert est donc devenu un \u00e9l\u00e9ment embl\u00e9matique de son identit\u00e9 visuelle.<\/p>\n<h2>Vos conseils de personnalisation<\/h2>\n<p>Le bocal en verre personnalis\u00e9 id\u00e9al en forme de plan\u00e8te mettra en valeur sa forme ronde et \u00e9l\u00e9gante. Vous pouvez opter pour des finitions d\u00e9polies ou d\u00e9grad\u00e9es pour une ambiance onirique et c\u00e9leste, ou choisir un logo en relief pour un rendu luxueux et tactile. Associez-le \u00e0 des couvercles \u00e0 vis en m\u00e9tal dor\u00e9 mat, rose ou argent\u00e9 pour une touche tendance, ou choisissez des couvercles en bois herm\u00e9tiques si vous \u00eates sensible \u00e0 l&#039;\u00e9cologie. De plus, vous avez toute libert\u00e9 pour concevoir vos \u00e9tiquettes et votre s\u00e9rigraphie en accord avec l&#039;image de marque de votre dessert ou yaourt\u00a0: minimaliste, ludique ou luxueuse.<\/p>","protected":false},"excerpt":{"rendered":"<p>D\u00e9couvrez nos pots \u00e0 yaourt en verre en forme de plan\u00e8te\u00a0: un design \u00e9l\u00e9gant, id\u00e9al pour les desserts et les cr\u00e8mes dessert. Personnalisables avec couvercles, logos et finitions.<\/p>","protected":false},"featured_media":2133,"template":"","meta":{"postBodyCss":"","postBodyMargin":[],"postBodyPadding":[],"postBodyBackground":{"backgroundType":"classic","gradient":""}},"product_brand":[],"product_cat":[15,16,46],"product_tag":[65,64],"class_list":{"0":"post-2132","1":"product","2":"type-product","3":"status-publish","4":"has-post-thumbnail","6":"product_cat-glass-containers","7":"product_cat-glass-bottles","8":"product_cat-glass-milk-bottles","9":"product_tag-glass-jam-jars","10":"product_tag-glass-yogurt-jars","12":"first","13":"instock","14":"shipping-taxable","15":"product-type-simple"},"jetpack_sharing_enabled":true,"_links":{"self":[{"href":"https:\/\/minghanggroup.com\/fr\/wp-json\/wp\/v2\/product\/2132","targetHints":{"allow":["GET"]}}],"collection":[{"href":"https:\/\/minghanggroup.com\/fr\/wp-json\/wp\/v2\/product"}],"about":[{"href":"https:\/\/minghanggroup.com\/fr\/wp-json\/wp\/v2\/types\/product"}],"wp:featuredmedia":[{"embeddable":true,"href":"https:\/\/minghanggroup.com\/fr\/wp-json\/wp\/v2\/media\/2133"}],"wp:attachment":[{"href":"https:\/\/minghanggroup.com\/fr\/wp-json\/wp\/v2\/media?parent=2132"}],"wp:term":[{"taxonomy":"product_brand","embeddable":true,"href":"https:\/\/minghanggroup.com\/fr\/wp-json\/wp\/v2\/product_brand?post=2132"},{"taxonomy":"product_cat","embeddable":true,"href":"https:\/\/minghanggroup.com\/fr\/wp-json\/wp\/v2\/product_cat?post=2132"},{"taxonomy":"product_tag","embeddable":true,"href":"https:\/\/minghanggroup.com\/fr\/wp-json\/wp\/v2\/product_tag?post=2132"}],"curies":[{"name":"wp","href":"https:\/\/api.w.org\/{rel}","templated":true}]}}